{"id":27578,"date":"2026-05-14T10:22:34","date_gmt":"2026-05-14T08:22:34","guid":{"rendered":"https:\/\/dinaturez.com\/?post_type=product&#038;p=27578"},"modified":"2026-05-14T10:36:27","modified_gmt":"2026-05-14T08:36:27","slug":"accesorio-clip-on-rusan-adaptador","status":"publish","type":"product","link":"https:\/\/dinaturez.com\/pt\/product\/accesorio-clip-on-rusan-adaptador\/","title":{"rendered":"Acess\u00f3rio Clip-On Rusan"},"content":{"rendered":"<div class=\"qMYqUG_convSearchResultHighlightRoot\">\n<div class=\"\" data-turn-id-container=\"bae3d7a3-ad59-49af-95c7-575b76cb58c9\" data-is-intersecting=\"true\">\n<div class=\"relative w-full overflow-visible\">\n<section class=\"text-token-text-primary w-full focus:outline-none has-data-writing-block:pointer-events-none [&amp;:has([data-writing-block])&gt;*]:pointer-events-auto R6Vx5W_threadScrollVars scroll-mb-[calc(var(--scroll-root-safe-area-inset-bottom,0px)+var(--thread-response-height))] scroll-mt-(--header-height)\" dir=\"auto\" data-turn-id=\"bae3d7a3-ad59-49af-95c7-575b76cb58c9\" data-turn-id-container=\"bae3d7a3-ad59-49af-95c7-575b76cb58c9\" data-testid=\"conversation-turn-9\" data-scroll-anchor=\"false\" data-turn=\"user\" data-rm-block-id=\"block-1\"><\/section>\n<h4 class=\"contents\" data-rm-block-id=\"block-2\">O Rusan Clip-On \u00e9 um adaptador de montagem r\u00e1pida concebido para fixar dispositivos de vis\u00e3o t\u00e9rmica ou nocturna de forma segura e precisa \u00e0 frente da mira diurna. Fabricado em alum\u00ednio de alta qualidade, apresenta uma constru\u00e7\u00e3o forte e leve e um excelente ajuste.<\/h4>\n<\/div>\n<\/div>\n<div class=\"\" data-turn-id-container=\"request-WEB:c70c09bf-02a2-4aa5-9f28-59f175385b3b-4\" data-is-intersecting=\"true\">\n<div class=\"relative w-full overflow-visible\">\n<section class=\"text-token-text-primary w-full focus:outline-none has-data-writing-block:pointer-events-none [&amp;:has([data-writing-block])&gt;*]:pointer-events-auto R6Vx5W_threadScrollVars scroll-mb-[calc(var(--scroll-root-safe-area-inset-bottom,0px)+var(--thread-response-height))] scroll-mt-[calc(var(--header-height)+min(200px,max(70px,20svh)))]\" dir=\"auto\" data-turn-id=\"request-WEB:c70c09bf-02a2-4aa5-9f28-59f175385b3b-4\" data-turn-id-container=\"request-WEB:c70c09bf-02a2-4aa5-9f28-59f175385b3b-4\" data-testid=\"conversation-turn-10\" data-scroll-anchor=\"false\" data-turn=\"assistant\">\n<div class=\"text-base my-auto mx-auto pb-10 [--thread-content-margin:var(--thread-content-margin-xs,calc(var(--spacing)*4))] @w-sm\/main:[--thread-content-margin:var(--thread-content-margin-sm,calc(var(--spacing)*6))] @w-lg\/main:[--thread-content-margin:var(--thread-content-margin-lg,calc(var(--spacing)*16))] px-(--thread-content-margin)\">\n<div class=\"[--thread-content-max-width:40rem] @w-lg\/main:[--thread-content-max-width:48rem] mx-auto max-w-(--thread-content-max-width) flex-1 group\/turn-messages focus-visible:outline-hidden relative flex w-full min-w-0 flex-col agent-turn\">\n<div class=\"flex max-w-full flex-col gap-4 grow\">\n<div class=\"min-h-8 text-message relative flex w-full flex-col items-end gap-2 text-start break-words whitespace-normal outline-none keyboard-focused:focus-ring [.text-message+&amp;]:mt-1\" dir=\"auto\" tabindex=\"0\" data-message-author-role=\"assistant\" data-message-id=\"b7b3ef8e-8a95-42c1-a625-84245f0cc94e\" data-message-model-slug=\"gpt-5-5\" data-turn-start-message=\"true\">\n<div class=\"flex w-full flex-col gap-1 empty:hidden\">\n<div class=\"markdown prose dark:prose-invert wrap-break-word w-full light markdown-new-styling\">\n<p data-start=\"274\" data-end=\"579\" data-is-last-node=\"\" data-is-only-node=\"\" data-rm-block-id=\"block-3\">O seu sistema Quick Release permite instalar e retirar o dispositivo em segundos sem perda de precis\u00e3o, enquanto o interior protegido evita danos na mira e melhora a fixa\u00e7\u00e3o. Dispon\u00edvel em diferentes di\u00e2metros, \u00e9 compat\u00edvel com a maioria das miras telesc\u00f3picas e marcas t\u00e9rmicas como HIKMICRO, Pulsar ou Pard.<\/p>\n<\/div>\n<\/div>\n<\/div>\n<\/div>\n<div class=\"z-0 flex min-h-[46px] justify-start\" data-rm-block-id=\"block-4\"><\/div>\n<\/div>\n<\/div>\n<\/section>\n<div class=\"contents\" data-rm-block-id=\"block-5\"><\/div>\n<\/div>\n<\/div>\n<\/div>\n<div class=\"pointer-events-none -mt-px h-px translate-y-[calc(var(--scroll-root-safe-area-inset-bottom)-14*var(--spacing))]\" aria-hidden=\"true\" data-rm-block-id=\"block-6\"><\/div>","protected":false},"excerpt":{"rendered":"<div class=\"\" data-turn-id-container=\"bae3d7a3-ad59-49af-95c7-575b76cb58c9\" data-is-intersecting=\"true\">\n<div class=\"relative w-full overflow-visible\">\n<h4 class=\"contents\">O Rusan Clip-On \u00e9 um adaptador de montagem r\u00e1pida concebido para fixar dispositivos de vis\u00e3o t\u00e9rmica ou nocturna de forma segura e precisa \u00e0 frente da mira diurna. Fabricado em alum\u00ednio de alta qualidade, apresenta uma constru\u00e7\u00e3o forte e leve e um excelente ajuste.<\/h4>\n<\/div>\n<\/div>","protected":false},"featured_media":27579,"template":"","meta":[],"product_brand":[],"product_cat":[105,149],"product_tag":[],"class_list":{"0":"post-27578","1":"product","2":"type-product","3":"status-publish","4":"has-post-thumbnail","6":"product_cat-accesorios","7":"product_cat-acoples-clip-on","9":"first","10":"instock","11":"taxable","12":"shipping-taxable","13":"purchasable","14":"product-type-variable","15":"add-to-wishlist-after_add_to_cart"},"_links":{"self":[{"href":"https:\/\/dinaturez.com\/pt\/wp-json\/wp\/v2\/product\/27578","targetHints":{"allow":["GET"]}}],"collection":[{"href":"https:\/\/dinaturez.com\/pt\/wp-json\/wp\/v2\/product"}],"about":[{"href":"https:\/\/dinaturez.com\/pt\/wp-json\/wp\/v2\/types\/product"}],"wp:featuredmedia":[{"embeddable":true,"href":"https:\/\/dinaturez.com\/pt\/wp-json\/wp\/v2\/media\/27579"}],"wp:attachment":[{"href":"https:\/\/dinaturez.com\/pt\/wp-json\/wp\/v2\/media?parent=27578"}],"wp:term":[{"taxonomy":"product_brand","embeddable":true,"href":"https:\/\/dinaturez.com\/pt\/wp-json\/wp\/v2\/product_brand?post=27578"},{"taxonomy":"product_cat","embeddable":true,"href":"https:\/\/dinaturez.com\/pt\/wp-json\/wp\/v2\/product_cat?post=27578"},{"taxonomy":"product_tag","embeddable":true,"href":"https:\/\/dinaturez.com\/pt\/wp-json\/wp\/v2\/product_tag?post=27578"}],"curies":[{"name":"wp","href":"https:\/\/api.w.org\/{rel}","templated":true}]}}