{"id":27566,"date":"2026-05-13T13:58:17","date_gmt":"2026-05-13T11:58:17","guid":{"rendered":"https:\/\/dinaturez.com\/?post_type=product&#038;p=27566"},"modified":"2026-05-13T14:06:03","modified_gmt":"2026-05-13T12:06:03","slug":"ocular-magnetico-conotech-avata","status":"publish","type":"product","link":"https:\/\/dinaturez.com\/pt\/product\/ocular-magnetico-conotech-avata\/","title":{"rendered":"Oculares magn\u00e9ticas da s\u00e9rie CONOTECH AVATA"},"content":{"rendered":"<div class=\"qMYqUG_convSearchResultHighlightRoot\">\n<div class=\"\" data-turn-id-container=\"request-WEB:e2ddc313-00f4-490a-b42b-62eda7f7df68-1\" data-is-intersecting=\"true\">\n<div class=\"relative w-full overflow-visible\">\n<section class=\"text-token-text-primary w-full focus:outline-none [--shadow-height:45px] has-data-writing-block:pointer-events-none has-data-writing-block:-mt-(--shadow-height) has-data-writing-block:pt-(--shadow-height) [&amp;:has([data-writing-block])&gt;*]:pointer-events-auto R6Vx5W_threadScrollVars scroll-mb-[calc(var(--scroll-root-safe-area-inset-bottom,0px)+var(--thread-response-height))] scroll-mt-[calc(var(--header-height)+min(200px,max(70px,20svh)))]\" dir=\"auto\" data-turn-id=\"request-WEB:e2ddc313-00f4-490a-b42b-62eda7f7df68-1\" data-turn-id-container=\"request-WEB:e2ddc313-00f4-490a-b42b-62eda7f7df68-1\" data-testid=\"conversation-turn-4\" data-scroll-anchor=\"false\" data-turn=\"assistant\">\n<div class=\"text-base my-auto mx-auto pb-10 [--thread-content-margin:var(--thread-content-margin-xs,calc(var(--spacing)*4))] @w-sm\/main:[--thread-content-margin:var(--thread-content-margin-sm,calc(var(--spacing)*6))] @w-lg\/main:[--thread-content-margin:var(--thread-content-margin-lg,calc(var(--spacing)*16))] px-(--thread-content-margin)\">\n<div class=\"[--thread-content-max-width:40rem] @w-lg\/main:[--thread-content-max-width:48rem] mx-auto max-w-(--thread-content-max-width) flex-1 group\/turn-messages focus-visible:outline-hidden relative flex w-full min-w-0 flex-col agent-turn\">\n<div class=\"flex max-w-full flex-col gap-4 grow\">\n<div class=\"min-h-8 text-message relative flex w-full flex-col items-end gap-2 text-start break-words whitespace-normal outline-none keyboard-focused:focus-ring [.text-message+&amp;]:mt-1\" dir=\"auto\" tabindex=\"0\" data-message-author-role=\"assistant\" data-message-id=\"68574d53-1984-4ea7-99fe-8f57bc64164d\" data-message-model-slug=\"gpt-5-5\" data-turn-start-message=\"true\">\n<div class=\"flex w-full flex-col gap-1 empty:hidden\">\n<div class=\"markdown prose dark:prose-invert wrap-break-word w-full light markdown-new-styling\">\n<h4 data-start=\"0\" data-end=\"277\" data-rm-block-id=\"block-1\">A ocular magn\u00e9tica para a s\u00e9rie Avata da Conotech \u00e9 um acess\u00f3rio pr\u00e1tico e leve que permite fixar o aparelho de forma r\u00e1pida e segura gra\u00e7as ao seu sistema magn\u00e9tico. O seu design facilita a montagem sem ferramentas e melhora o conforto de utiliza\u00e7\u00e3o durante a observa\u00e7\u00e3o.<\/h4>\n<p data-start=\"279\" data-end=\"469\" data-is-last-node=\"\" data-is-only-node=\"\" data-rm-block-id=\"block-2\">Compat\u00edvel com toda a s\u00e9rie Avata, oferece um ecr\u00e3 mais c\u00f3modo e est\u00e1vel, sendo o complemento ideal para tirar o m\u00e1ximo partido do equipamento t\u00e9rmico da Conotech.<\/p>\n<\/div>\n<\/div>\n<\/div>\n<\/div>\n<div class=\"z-0 flex min-h-[46px] justify-start\">\n<p data-start=\"0\" data-end=\"95\" data-rm-block-id=\"block-3\"><strong>Caracter\u00edsticas:<\/strong><\/p>\n<ul data-start=\"97\" data-end=\"583\">\n<li data-section-id=\"g2038b\" data-start=\"97\" data-end=\"145\" data-rm-block-id=\"block-4\">Sistema de acoplamento magn\u00e9tico r\u00e1pido e seguro.<\/li>\n<li data-section-id=\"1vxyvp7\" data-start=\"146\" data-end=\"197\" data-rm-block-id=\"block-5\">Compat\u00edvel com todos os modelos Avata Clip-On.<\/li>\n<li data-section-id=\"b4mgc4\" data-start=\"198\" data-end=\"239\" data-rm-block-id=\"block-6\">Design compacto, leve e robusto.<\/li>\n<li data-section-id=\"xddbnx\" data-start=\"240\" data-end=\"296\" data-rm-block-id=\"block-7\">Melhora o conforto e a estabilidade na observa\u00e7\u00e3o.<\/li>\n<li data-section-id=\"zv39oq\" data-start=\"297\" data-end=\"363\" data-rm-block-id=\"block-8\">Permite que o dispositivo seja utilizado como mon\u00f3culo de observa\u00e7\u00e3o.<\/li>\n<li data-section-id=\"1n4etbg\" data-start=\"364\" data-end=\"422\" data-rm-block-id=\"block-9\">Amplia\u00e7\u00e3o \u00f3tica x1,5 para uma visualiza\u00e7\u00e3o confort\u00e1vel.<\/li>\n<li data-section-id=\"1csk26o\" data-start=\"423\" data-end=\"476\" data-rm-block-id=\"block-10\">Instala\u00e7\u00e3o sem ferramentas e remo\u00e7\u00e3o r\u00e1pida.<\/li>\n<li data-section-id=\"1xwa1xx\" data-start=\"477\" data-end=\"583\" data-rm-block-id=\"block-11\">Ideal para utiliza\u00e7\u00e3o na ca\u00e7a, observa\u00e7\u00e3o nocturna e vigil\u00e2ncia t\u00e9rmica.<\/li>\n<\/ul>\n<\/div>\n<\/div>\n<\/div>\n<\/section>\n<div class=\"contents\" data-rm-block-id=\"block-12\"><\/div>\n<\/div>\n<\/div>\n<\/div>\n<div class=\"pointer-events-none -mt-px h-px translate-y-[calc(var(--scroll-root-safe-area-inset-bottom)-14*var(--spacing))]\" aria-hidden=\"true\" data-rm-block-id=\"block-13\"><\/div>","protected":false},"excerpt":{"rendered":"<h4 data-start=\"0\" data-end=\"277\" data-rm-block-id=\"block-1\">A ocular magn\u00e9tica para a s\u00e9rie Avata da Conotech \u00e9 um acess\u00f3rio pr\u00e1tico e leve que permite fixar o aparelho de forma r\u00e1pida e segura gra\u00e7as ao seu sistema magn\u00e9tico. O seu design facilita a montagem sem ferramentas e melhora o conforto de utiliza\u00e7\u00e3o durante a observa\u00e7\u00e3o.<\/h4>","protected":false},"featured_media":27567,"template":"","meta":[],"product_brand":[],"product_cat":[105,149,197],"product_tag":[],"class_list":{"0":"post-27566","1":"product","2":"type-product","3":"status-publish","4":"has-post-thumbnail","6":"product_cat-accesorios","7":"product_cat-acoples-clip-on","8":"product_cat-conotech","10":"first","11":"instock","12":"taxable","13":"shipping-taxable","14":"purchasable","15":"product-type-simple","16":"add-to-wishlist-after_add_to_cart"},"_links":{"self":[{"href":"https:\/\/dinaturez.com\/pt\/wp-json\/wp\/v2\/product\/27566","targetHints":{"allow":["GET"]}}],"collection":[{"href":"https:\/\/dinaturez.com\/pt\/wp-json\/wp\/v2\/product"}],"about":[{"href":"https:\/\/dinaturez.com\/pt\/wp-json\/wp\/v2\/types\/product"}],"wp:featuredmedia":[{"embeddable":true,"href":"https:\/\/dinaturez.com\/pt\/wp-json\/wp\/v2\/media\/27567"}],"wp:attachment":[{"href":"https:\/\/dinaturez.com\/pt\/wp-json\/wp\/v2\/media?parent=27566"}],"wp:term":[{"taxonomy":"product_brand","embeddable":true,"href":"https:\/\/dinaturez.com\/pt\/wp-json\/wp\/v2\/product_brand?post=27566"},{"taxonomy":"product_cat","embeddable":true,"href":"https:\/\/dinaturez.com\/pt\/wp-json\/wp\/v2\/product_cat?post=27566"},{"taxonomy":"product_tag","embeddable":true,"href":"https:\/\/dinaturez.com\/pt\/wp-json\/wp\/v2\/product_tag?post=27566"}],"curies":[{"name":"wp","href":"https:\/\/api.w.org\/{rel}","templated":true}]}}