{"id":27559,"date":"2026-05-12T10:42:55","date_gmt":"2026-05-12T08:42:55","guid":{"rendered":"https:\/\/dinaturez.com\/?post_type=product&#038;p=27559"},"modified":"2026-05-12T10:42:56","modified_gmt":"2026-05-12T08:42:56","slug":"prismaticos-ventus635-lrf-thermtec","status":"publish","type":"product","link":"https:\/\/dinaturez.com\/pt\/product\/prismaticos-ventus635-lrf-thermtec\/","title":{"rendered":"BIN\u00d3CULOS VENTUS635-LRF THERMTEC"},"content":{"rendered":"<h4 data-start=\"0\" data-end=\"424\">O ThermTec Ventus 635-LRF \u00e9 um bin\u00f3culo t\u00e9rmico multiespectral concebido para proporcionar uma observa\u00e7\u00e3o precisa e detalhada tanto de dia como de noite. Incorpora um sensor t\u00e9rmico 640\u00d7512 com NETD &lt;15 mK, vis\u00e3o digital de alta resolu\u00e7\u00e3o e tel\u00e9metro laser integrado at\u00e9 1.000 metros, proporcionando imagens n\u00edtidas e medi\u00e7\u00f5es precisas mesmo em condi\u00e7\u00f5es climat\u00e9ricas adversas.<\/h4>\n<p data-start=\"426\" data-end=\"849\">Com uma lente t\u00e9rmica de 35 mm, um ecr\u00e3 AMOLED de 1600\u00d71200 e um alcance de dete\u00e7\u00e3o de at\u00e9 1800 metros, o Ventus 635-LRF combina desempenho, ergonomia e tecnologia avan\u00e7ada numa unidade compacta e robusta com classifica\u00e7\u00e3o IP67. Inclui tamb\u00e9m grava\u00e7\u00e3o de v\u00eddeo e \u00e1udio, conetividade WiFi, 64 GB de mem\u00f3ria interna e baterias substitu\u00edveis para longos dias de observa\u00e7\u00e3o.<\/p>\n<p data-start=\"426\" data-end=\"849\">\n<ul class=\"article_list\">\n<li>espetro<\/li>\n<li>Sensor t\u00e9rmico 640\u00d7512<\/li>\n<li>NETD \u226415mK<\/li>\n<li>Tamanho do pixel 12\u00b5m<\/li>\n<li>Lente t\u00e9rmica 35mm F0.9<\/li>\n<li>Amplia\u00e7\u00e3o t\u00e9rmica de 2,6X-10,4X(4X)<\/li>\n<li>Dist\u00e2ncia de dete\u00e7\u00e3o t\u00e9rmica 1.800m<\/li>\n<li>Paleta 6 cores<\/li>\n<li>Sensor digital CMOS 4K UHD<\/li>\n<li>IR 850 \/ 940 nm<\/li>\n<li>Alcance de dete\u00e7\u00e3o de IR 850nm: 400m \/ 940nm:350m<\/li>\n<li>Zoom do sensor digital 4X-16X(4X)<\/li>\n<li>Mem\u00f3ria interna 64GB<\/li>\n<li>Medi\u00e7\u00e3o LRF 1.000m<\/li>\n<li>EIS (Estabilizador eletr\u00f3nico de imagem)<\/li>\n<li>GPS<\/li>\n<li>Ecr\u00e3 AMOLED<\/li>\n<li>Captura de imagens e grava\u00e7\u00e3o de v\u00eddeo<\/li>\n<li>WiFi<\/li>\n<li>APP Smartphone<\/li>\n<li>Baterias amov\u00edveis e recarreg\u00e1veis (x2) at\u00e9 6h de autonomia<\/li>\n<li>Conector USB tipo C<\/li>\n<li>Prote\u00e7\u00e3o IP67<\/li>\n<\/ul>\n<p><a href=\"https:\/\/dinaturez.com\/wp-content\/uploads\/2026\/05\/VENTUS635-LRF_ES.pdf\">VENTUS635-LRF_PT<\/a><\/p>","protected":false},"excerpt":{"rendered":"<h4 data-start=\"0\" data-end=\"424\">O ThermTec Ventus 635-LRF \u00e9 um bin\u00f3culo t\u00e9rmico multiespectral concebido para proporcionar uma observa\u00e7\u00e3o precisa e detalhada tanto de dia como de noite. Incorpora um sensor t\u00e9rmico 640\u00d7512 com NETD &lt;15 mK, vis\u00e3o digital de alta resolu\u00e7\u00e3o e tel\u00e9metro laser integrado at\u00e9 1.000 metros, proporcionando imagens n\u00edtidas e medi\u00e7\u00f5es precisas mesmo em condi\u00e7\u00f5es climat\u00e9ricas adversas.<\/h4>","protected":false},"featured_media":27561,"template":"","meta":[],"product_brand":[],"product_cat":[192,142,131],"product_tag":[],"class_list":{"0":"post-27559","1":"product","2":"type-product","3":"status-publish","4":"has-post-thumbnail","6":"product_cat-binoculares-termicos","7":"product_cat-prismaticos","8":"product_cat-thermtec","10":"first","11":"instock","12":"taxable","13":"shipping-taxable","14":"purchasable","15":"product-type-simple","16":"add-to-wishlist-after_add_to_cart"},"_links":{"self":[{"href":"https:\/\/dinaturez.com\/pt\/wp-json\/wp\/v2\/product\/27559","targetHints":{"allow":["GET"]}}],"collection":[{"href":"https:\/\/dinaturez.com\/pt\/wp-json\/wp\/v2\/product"}],"about":[{"href":"https:\/\/dinaturez.com\/pt\/wp-json\/wp\/v2\/types\/product"}],"wp:featuredmedia":[{"embeddable":true,"href":"https:\/\/dinaturez.com\/pt\/wp-json\/wp\/v2\/media\/27561"}],"wp:attachment":[{"href":"https:\/\/dinaturez.com\/pt\/wp-json\/wp\/v2\/media?parent=27559"}],"wp:term":[{"taxonomy":"product_brand","embeddable":true,"href":"https:\/\/dinaturez.com\/pt\/wp-json\/wp\/v2\/product_brand?post=27559"},{"taxonomy":"product_cat","embeddable":true,"href":"https:\/\/dinaturez.com\/pt\/wp-json\/wp\/v2\/product_cat?post=27559"},{"taxonomy":"product_tag","embeddable":true,"href":"https:\/\/dinaturez.com\/pt\/wp-json\/wp\/v2\/product_tag?post=27559"}],"curies":[{"name":"wp","href":"https:\/\/api.w.org\/{rel}","templated":true}]}}