{"id":27552,"date":"2026-05-12T10:32:23","date_gmt":"2026-05-12T08:32:23","guid":{"rendered":"https:\/\/dinaturez.com\/?post_type=product&#038;p=27552"},"modified":"2026-05-12T10:32:24","modified_gmt":"2026-05-12T08:32:24","slug":"prismaticos-ventus650-lrf-thermtec","status":"publish","type":"product","link":"https:\/\/dinaturez.com\/pt\/product\/prismaticos-ventus650-lrf-thermtec\/","title":{"rendered":"BIN\u00d3CULOS VENTUS650-LRF THERMTEC"},"content":{"rendered":"<h4 data-start=\"0\" data-end=\"385\" data-rm-block-id=\"block-1\">O ThermTec Ventus 650-LRF \u00e9 um bin\u00f3culo t\u00e9rmico multiespectral de \u00faltima gera\u00e7\u00e3o que combina um sensor t\u00e9rmico de 640\u00d7512, vis\u00e3o digital de alta defini\u00e7\u00e3o e um tel\u00e9metro laser integrado at\u00e9 1.000 metros. Gra\u00e7as \u00e0 sua objetiva de 50 mm e \u00e0 elevada sensibilidade t\u00e9rmica NETD &lt;15 mK, proporciona imagens n\u00edtidas e detalhadas mesmo na escurid\u00e3o total ou em condi\u00e7\u00f5es meteorol\u00f3gicas adversas.<\/h4>\n<p data-start=\"387\" data-end=\"693\" data-is-last-node=\"\" data-is-only-node=\"\" data-rm-block-id=\"block-2\">Concebida para utilizadores exigentes, possui um ecr\u00e3 AMOLED de 1600\u00d71200, grava\u00e7\u00e3o de v\u00eddeo e \u00e1udio, conetividade WiFi, 64 GB de mem\u00f3ria interna e resist\u00eancia IP67. O seu alcance de dete\u00e7\u00e3o de at\u00e9 2600 metros torna-o uma ferramenta ideal para a observa\u00e7\u00e3o de alto n\u00edvel, a vigil\u00e2ncia e a ca\u00e7a nocturna.<\/p>\n<p data-start=\"387\" data-end=\"693\" data-is-last-node=\"\" data-is-only-node=\"\" data-rm-block-id=\"block-3\">\n<ul class=\"article_list\">\n<li data-rm-block-id=\"block-4\">ThermTec<\/li>\n<li data-rm-block-id=\"block-5\">Bin\u00f3culo Multi-espetro<\/li>\n<li data-rm-block-id=\"block-6\">Sensor t\u00e9rmico 640\u00d7512<\/li>\n<li data-rm-block-id=\"block-7\">NETD \u226415mK<\/li>\n<li data-rm-block-id=\"block-8\">Tamanho do pixel 12\u00b5m<\/li>\n<li data-rm-block-id=\"block-9\">Objetiva 50mm F1.0<\/li>\n<li data-rm-block-id=\"block-10\">Amplia\u00e7\u00e3o t\u00e9rmica de 3,7X-14,8X(4X)<\/li>\n<li data-rm-block-id=\"block-11\">Dist\u00e2ncia de dete\u00e7\u00e3o t\u00e9rmica 2.600m<\/li>\n<li data-rm-block-id=\"block-12\">Paleta 6 cores<\/li>\n<li data-rm-block-id=\"block-13\">Sensor digital CMOS 4K UHD<\/li>\n<li data-rm-block-id=\"block-14\">IR 850 \/ 940 nm<\/li>\n<li data-rm-block-id=\"block-15\">Alcance de dete\u00e7\u00e3o de IR 850nm: 400m \/ 940nm:350m<\/li>\n<li data-rm-block-id=\"block-16\">Zoom \u00f3tico 4X-16X(4X)<\/li>\n<li data-rm-block-id=\"block-17\">Mem\u00f3ria interna 64GB<\/li>\n<li data-rm-block-id=\"block-18\">Medi\u00e7\u00e3o LRF 1.000m<\/li>\n<li data-rm-block-id=\"block-19\">EIS (Estabilizador eletr\u00f3nico de imagem)<\/li>\n<li data-rm-block-id=\"block-20\">GPS<\/li>\n<li data-rm-block-id=\"block-21\">Ecr\u00e3 AMOLED<\/li>\n<li data-rm-block-id=\"block-22\">Captura de imagens e grava\u00e7\u00e3o de v\u00eddeo<\/li>\n<li data-rm-block-id=\"block-23\">WiFi<\/li>\n<li data-rm-block-id=\"block-24\">APP Smartphone<\/li>\n<li data-rm-block-id=\"block-25\">Baterias amov\u00edveis e recarreg\u00e1veis (x2) para uma autonomia de at\u00e9 6h<\/li>\n<li data-rm-block-id=\"block-26\">Conector USB tipo C<\/li>\n<li data-rm-block-id=\"block-27\">Prote\u00e7\u00e3o IP67<\/li>\n<\/ul>\n<p data-rm-block-id=\"block-28\"><a href=\"https:\/\/dinaturez.com\/wp-content\/uploads\/2026\/05\/VENTUS650-LRF_ES.pdf\">VENTUS650-LRF_PT<\/a><\/p>\n<p data-rm-block-id=\"block-29\">","protected":false},"excerpt":{"rendered":"<h4 data-start=\"0\" data-end=\"385\" data-rm-block-id=\"block-1\">O ThermTec Ventus 650-LRF \u00e9 um bin\u00f3culo t\u00e9rmico multiespectral de \u00faltima gera\u00e7\u00e3o que combina um sensor t\u00e9rmico de 640\u00d7512, vis\u00e3o digital de alta defini\u00e7\u00e3o e um tel\u00e9metro laser integrado at\u00e9 1.000 metros. Gra\u00e7as \u00e0 sua objetiva de 50 mm e \u00e0 elevada sensibilidade t\u00e9rmica NETD &lt;15 mK, proporciona imagens n\u00edtidas e detalhadas mesmo na escurid\u00e3o total ou em condi\u00e7\u00f5es meteorol\u00f3gicas adversas.<\/h4>","protected":false},"featured_media":27553,"template":"","meta":[],"product_brand":[],"product_cat":[192,142,131],"product_tag":[],"class_list":{"0":"post-27552","1":"product","2":"type-product","3":"status-publish","4":"has-post-thumbnail","6":"product_cat-binoculares-termicos","7":"product_cat-prismaticos","8":"product_cat-thermtec","10":"first","11":"instock","12":"taxable","13":"shipping-taxable","14":"purchasable","15":"product-type-simple","16":"add-to-wishlist-after_add_to_cart"},"_links":{"self":[{"href":"https:\/\/dinaturez.com\/pt\/wp-json\/wp\/v2\/product\/27552","targetHints":{"allow":["GET"]}}],"collection":[{"href":"https:\/\/dinaturez.com\/pt\/wp-json\/wp\/v2\/product"}],"about":[{"href":"https:\/\/dinaturez.com\/pt\/wp-json\/wp\/v2\/types\/product"}],"wp:featuredmedia":[{"embeddable":true,"href":"https:\/\/dinaturez.com\/pt\/wp-json\/wp\/v2\/media\/27553"}],"wp:attachment":[{"href":"https:\/\/dinaturez.com\/pt\/wp-json\/wp\/v2\/media?parent=27552"}],"wp:term":[{"taxonomy":"product_brand","embeddable":true,"href":"https:\/\/dinaturez.com\/pt\/wp-json\/wp\/v2\/product_brand?post=27552"},{"taxonomy":"product_cat","embeddable":true,"href":"https:\/\/dinaturez.com\/pt\/wp-json\/wp\/v2\/product_cat?post=27552"},{"taxonomy":"product_tag","embeddable":true,"href":"https:\/\/dinaturez.com\/pt\/wp-json\/wp\/v2\/product_tag?post=27552"}],"curies":[{"name":"wp","href":"https:\/\/api.w.org\/{rel}","templated":true}]}}