{"id":27527,"date":"2026-05-05T08:59:34","date_gmt":"2026-05-05T06:59:34","guid":{"rendered":"https:\/\/dinaturez.com\/?post_type=product&#038;p=27527"},"modified":"2026-05-05T09:33:37","modified_gmt":"2026-05-05T07:33:37","slug":"cyclops-se-335-lrf-thermtec","status":"publish","type":"product","link":"https:\/\/dinaturez.com\/pt\/product\/cyclops-se-335-lrf-thermtec\/","title":{"rendered":"CYCLOPS-335-SE LRF THERMTEC"},"content":{"rendered":"<h4 data-start=\"62\" data-end=\"409\" data-rm-block-id=\"block-1\">O <strong data-start=\"65\" data-end=\"114\">Monocular t\u00e9rmico ThermTec Cyclops 335-SE LRF<\/strong> combina tecnologia avan\u00e7ada e precis\u00e3o para proporcionar uma dete\u00e7\u00e3o fi\u00e1vel em qualquer ambiente, de dia ou de noite. Incorpora um tel\u00e9metro laser (LRF), permitindo medi\u00e7\u00f5es de dist\u00e2ncia precisas, tornando-o uma ferramenta ideal para ca\u00e7a, vigil\u00e2ncia e observa\u00e7\u00e3o profissional.<\/h4>\n<p data-start=\"411\" data-end=\"512\" data-rm-block-id=\"block-2\">O seu design ergon\u00f3mico e robusto garante uma utiliza\u00e7\u00e3o confort\u00e1vel e duradoura, mesmo em condi\u00e7\u00f5es exigentes.<\/p>\n<p data-start=\"514\" data-end=\"536\" data-rm-block-id=\"block-3\"><strong data-start=\"514\" data-end=\"536\">Destaques:<\/strong><\/p>\n<ul data-start=\"537\" data-end=\"718\">\n<li data-section-id=\"t82zsd\" data-start=\"537\" data-end=\"576\" data-rm-block-id=\"block-4\">Sensor t\u00e9rmico de elevada sensibilidade<\/li>\n<li data-section-id=\"1j4eh38\" data-start=\"577\" data-end=\"612\" data-rm-block-id=\"block-5\">Tel\u00e9metro laser integrado (LRF)<\/li>\n<li data-section-id=\"1hcwqjd\" data-start=\"613\" data-end=\"647\" data-rm-block-id=\"block-6\">Medi\u00e7\u00e3o exacta da dist\u00e2ncia<\/li>\n<li data-section-id=\"vv1lr4\" data-start=\"648\" data-end=\"688\" data-rm-block-id=\"block-7\">Imagem n\u00edtida em condi\u00e7\u00f5es adversas<\/li>\n<li data-section-id=\"6w3we6\" data-start=\"689\" data-end=\"718\" data-rm-block-id=\"block-8\">Design compacto e robusto<\/li>\n<li data-rm-block-id=\"block-9\">ThermTec<\/li>\n<li data-rm-block-id=\"block-10\">Monocular t\u00e9rmico<\/li>\n<li data-rm-block-id=\"block-11\">Sensor 384\u00d7288<\/li>\n<li data-rm-block-id=\"block-12\">NETD \u226420mK<\/li>\n<li data-rm-block-id=\"block-13\">Tamanho do pixel 12\u00b5m<\/li>\n<li data-rm-block-id=\"block-14\">Lente de 35 mm<\/li>\n<li data-rm-block-id=\"block-15\">Amplia\u00e7\u00e3o de 3,3X<\/li>\n<li data-rm-block-id=\"block-16\">PIP<\/li>\n<li data-rm-block-id=\"block-17\">Mem\u00f3ria interna 64GB<\/li>\n<li data-rm-block-id=\"block-18\">Estimativa de dist\u00e2ncia AI<\/li>\n<li data-rm-block-id=\"block-19\">EIS (Estabilizador eletr\u00f3nico de imagem)<\/li>\n<li data-rm-block-id=\"block-20\">Ecr\u00e3 AMOLED<\/li>\n<li data-rm-block-id=\"block-21\">Captura de imagens e grava\u00e7\u00e3o de v\u00eddeo<\/li>\n<li data-rm-block-id=\"block-22\">APP Smartphone<\/li>\n<li data-rm-block-id=\"block-23\">Bateria incorporada com autonomia de 16 horas<\/li>\n<li data-rm-block-id=\"block-24\">Conector USB tipo C<\/li>\n<li data-rm-block-id=\"block-25\">Prote\u00e7\u00e3o IP67<\/li>\n<\/ul>\n<p data-start=\"720\" data-end=\"821\">Uma solu\u00e7\u00e3o completa para quem procura desempenho, precis\u00e3o e fiabilidade num \u00fanico dispositivo.<\/p>","protected":false},"excerpt":{"rendered":"<h4 data-start=\"62\" data-end=\"409\" data-rm-block-id=\"block-1\">O <strong data-start=\"65\" data-end=\"114\">Monocular t\u00e9rmico ThermTec Cyclops 335-SE LRF<\/strong> combina tecnologia avan\u00e7ada e precis\u00e3o para proporcionar uma dete\u00e7\u00e3o fi\u00e1vel em qualquer ambiente, de dia ou de noite. Incorpora um tel\u00e9metro laser (LRF), permitindo medi\u00e7\u00f5es de dist\u00e2ncia precisas, tornando-o uma ferramenta ideal para ca\u00e7a, vigil\u00e2ncia e observa\u00e7\u00e3o profissional.<\/h4>","protected":false},"featured_media":27528,"template":"","meta":[],"product_brand":[],"product_cat":[152,147,131,144],"product_tag":[],"class_list":{"0":"post-27527","1":"product","2":"type-product","3":"status-publish","4":"has-post-thumbnail","6":"product_cat-monoculares-cyclops","7":"product_cat-monoculares-termicos","8":"product_cat-thermtec","9":"product_cat-vision-termica","11":"first","12":"instock","13":"taxable","14":"shipping-taxable","15":"purchasable","16":"product-type-simple","17":"add-to-wishlist-after_add_to_cart"},"_links":{"self":[{"href":"https:\/\/dinaturez.com\/pt\/wp-json\/wp\/v2\/product\/27527","targetHints":{"allow":["GET"]}}],"collection":[{"href":"https:\/\/dinaturez.com\/pt\/wp-json\/wp\/v2\/product"}],"about":[{"href":"https:\/\/dinaturez.com\/pt\/wp-json\/wp\/v2\/types\/product"}],"wp:featuredmedia":[{"embeddable":true,"href":"https:\/\/dinaturez.com\/pt\/wp-json\/wp\/v2\/media\/27528"}],"wp:attachment":[{"href":"https:\/\/dinaturez.com\/pt\/wp-json\/wp\/v2\/media?parent=27527"}],"wp:term":[{"taxonomy":"product_brand","embeddable":true,"href":"https:\/\/dinaturez.com\/pt\/wp-json\/wp\/v2\/product_brand?post=27527"},{"taxonomy":"product_cat","embeddable":true,"href":"https:\/\/dinaturez.com\/pt\/wp-json\/wp\/v2\/product_cat?post=27527"},{"taxonomy":"product_tag","embeddable":true,"href":"https:\/\/dinaturez.com\/pt\/wp-json\/wp\/v2\/product_tag?post=27527"}],"curies":[{"name":"wp","href":"https:\/\/api.w.org\/{rel}","templated":true}]}}