{"id":27519,"date":"2026-05-05T08:32:55","date_gmt":"2026-05-05T06:32:55","guid":{"rendered":"https:\/\/dinaturez.com\/?post_type=product&#038;p=27519"},"modified":"2026-05-05T08:44:58","modified_gmt":"2026-05-05T06:44:58","slug":"cyclone-625-thermtec","status":"publish","type":"product","link":"https:\/\/dinaturez.com\/pt\/product\/cyclone-625-thermtec\/","title":{"rendered":"CICLONE 625 THERMTEC"},"content":{"rendered":"<h4 data-start=\"78\" data-end=\"442\" data-rm-block-id=\"block-1\">O <strong data-start=\"81\" data-end=\"115\">mon\u00f3culo t\u00e9rmico ThermTec 625<\/strong> \u00e9 uma ferramenta de alta precis\u00e3o concebida para aqueles que necessitam de uma vis\u00e3o clara mesmo nas condi\u00e7\u00f5es mais exigentes. Equipado com um sensor t\u00e9rmico de \u00faltima gera\u00e7\u00e3o, este dispositivo permite-lhe detetar fontes de calor com grande clareza, tanto de dia como de noite, em ambientes com nevoeiro, fumo ou vegeta\u00e7\u00e3o densa.<\/h4>\n<p data-start=\"444\" data-end=\"794\" data-rm-block-id=\"block-2\">O seu design compacto e ergon\u00f3mico facilita a opera\u00e7\u00e3o com uma s\u00f3 m\u00e3o, tornando-o o aliado perfeito para actividades como a ca\u00e7a, a vigil\u00e2ncia, o salvamento ou a observa\u00e7\u00e3o da vida selvagem. Oferece tamb\u00e9m uma excelente dura\u00e7\u00e3o da bateria e m\u00faltiplas op\u00e7\u00f5es de personaliza\u00e7\u00e3o da imagem, adaptando-se \u00e0s prefer\u00eancias do utilizador em tempo real.<\/p>\n<ul>\n<li data-section-id=\"1clblpz\" data-start=\"372\" data-end=\"406\" data-rm-block-id=\"block-3\">Elevada qualidade de imagem t\u00e9rmica<\/li>\n<li data-section-id=\"j1jum0\" data-start=\"407\" data-end=\"461\" data-rm-block-id=\"block-4\">Dete\u00e7\u00e3o eficiente na escurid\u00e3o, nevoeiro ou vegeta\u00e7\u00e3o<\/li>\n<li data-section-id=\"4chfpe\" data-start=\"462\" data-end=\"500\" data-rm-block-id=\"block-5\">Design compacto e f\u00e1cil de manusear<\/li>\n<li data-section-id=\"5mzzry\" data-start=\"501\" data-end=\"537\" data-rm-block-id=\"block-6\">Resposta r\u00e1pida e utiliza\u00e7\u00e3o intuitiva<\/li>\n<li data-section-id=\"h9iuon\" data-start=\"538\" data-end=\"568\" data-rm-block-id=\"block-7\">Boa autonomia da bateria<\/li>\n<\/ul>\n<ul class=\"article_list\">\n<li>ThermTec<\/li>\n<li>Monocular t\u00e9rmico<\/li>\n<li>Sensor 640\u00d7512<\/li>\n<li>NETD \u226420mK<\/li>\n<li>Tamanho do pixel 12\u00b5m<\/li>\n<li>Lente 25mm<\/li>\n<li>Amplia\u00e7\u00e3o de 1,4X<\/li>\n<li>Mem\u00f3ria interna 32GB<\/li>\n<li>Estimativa da dist\u00e2ncia IA<\/li>\n<li>PIP- Ecr\u00e3 AMOLED<\/li>\n<li>Captura de imagens e grava\u00e7\u00e3o de v\u00eddeo<\/li>\n<li>APP Smartphone<\/li>\n<li>HotSpot<\/li>\n<li>Bateria amov\u00edvel com 8h de autonomia (2X)<\/li>\n<li>Conector USB tipo C<\/li>\n<li>Prote\u00e7\u00e3o IP67<\/li>\n<\/ul>\n<p>Uma escolha fi\u00e1vel para quem procura uma tecnologia t\u00e9rmica eficiente e vers\u00e1til.<\/p>","protected":false},"excerpt":{"rendered":"<p>O <strong data-start=\"81\" data-end=\"115\">mon\u00f3culo t\u00e9rmico ThermTec 625<\/strong> \u00e9 uma ferramenta de alta precis\u00e3o concebida para aqueles que necessitam de uma vis\u00e3o clara mesmo nas condi\u00e7\u00f5es mais exigentes. Equipado com um sensor t\u00e9rmico de \u00faltima gera\u00e7\u00e3o, este dispositivo permite-lhe detetar fontes de calor com grande clareza, tanto de dia como de noite, em ambientes com nevoeiro, fumo ou vegeta\u00e7\u00e3o densa.<\/p>","protected":false},"featured_media":27520,"template":"","meta":[],"product_brand":[],"product_cat":[131,152,147,144],"product_tag":[],"class_list":{"0":"post-27519","1":"product","2":"type-product","3":"status-publish","4":"has-post-thumbnail","6":"product_cat-thermtec","7":"product_cat-monoculares-cyclops","8":"product_cat-monoculares-termicos","9":"product_cat-vision-termica","11":"first","12":"instock","13":"taxable","14":"shipping-taxable","15":"purchasable","16":"product-type-simple","17":"add-to-wishlist-after_add_to_cart"},"_links":{"self":[{"href":"https:\/\/dinaturez.com\/pt\/wp-json\/wp\/v2\/product\/27519","targetHints":{"allow":["GET"]}}],"collection":[{"href":"https:\/\/dinaturez.com\/pt\/wp-json\/wp\/v2\/product"}],"about":[{"href":"https:\/\/dinaturez.com\/pt\/wp-json\/wp\/v2\/types\/product"}],"wp:featuredmedia":[{"embeddable":true,"href":"https:\/\/dinaturez.com\/pt\/wp-json\/wp\/v2\/media\/27520"}],"wp:attachment":[{"href":"https:\/\/dinaturez.com\/pt\/wp-json\/wp\/v2\/media?parent=27519"}],"wp:term":[{"taxonomy":"product_brand","embeddable":true,"href":"https:\/\/dinaturez.com\/pt\/wp-json\/wp\/v2\/product_brand?post=27519"},{"taxonomy":"product_cat","embeddable":true,"href":"https:\/\/dinaturez.com\/pt\/wp-json\/wp\/v2\/product_cat?post=27519"},{"taxonomy":"product_tag","embeddable":true,"href":"https:\/\/dinaturez.com\/pt\/wp-json\/wp\/v2\/product_tag?post=27519"}],"curies":[{"name":"wp","href":"https:\/\/api.w.org\/{rel}","templated":true}]}}