{"id":27392,"date":"2026-03-26T23:42:48","date_gmt":"2026-03-26T22:42:48","guid":{"rendered":"https:\/\/dinaturez.com\/?post_type=product&#038;p=27392"},"modified":"2026-03-26T23:50:03","modified_gmt":"2026-03-26T22:50:03","slug":"visor-termico-night-arrow-335-pro-conotech","status":"publish","type":"product","link":"https:\/\/dinaturez.com\/pt\/product\/visor-termico-night-arrow-335-pro-conotech\/","title":{"rendered":"Viseira t\u00e9rmica CONOTECH NIGHT ARROW 335 PRO"},"content":{"rendered":"<h4 data-start=\"130\" data-end=\"409\"><strong data-start=\"133\" data-end=\"165\">Viseira t\u00e9rmica Conotech Night Arrow 335 PRO,<\/strong>\u00a0\u00e9 uma mira de espingarda t\u00e9rmica profissional concebida para m\u00e1xima precis\u00e3o em todas as condi\u00e7\u00f5es. Proporciona imagens n\u00edtidas e de elevado contraste mesmo com nevoeiro, chuva ou escurid\u00e3o total.<\/h4>\n<h4>Utiliza um sensor de imagem t\u00e9rmica de 12 \u03bcm com menos de 15 mk NETD, suporta uma bateria externa amov\u00edvel para aumentar a dura\u00e7\u00e3o da bateria para mais de 12 horas. Tamb\u00e9m suporta o carregamento r\u00e1pido em 3 horas.<\/h4>\n<h4 data-start=\"411\" data-end=\"707\">A sua tecnologia avan\u00e7ada inclui <strong data-start=\"442\" data-end=\"536\">calculadora bal\u00edstica, grava\u00e7\u00e3o de v\u00eddeo com acionamento por recuo e conetividade WiFi<\/strong>, A sua conce\u00e7\u00e3o robusta \u00e9 certificada pela Uni\u00e3o Europeia. O seu design robusto com certifica\u00e7\u00e3o <strong data-start=\"654\" data-end=\"662\">IP67<\/strong> garante a resist\u00eancia em ambientes exigentes.<\/h4>\n<h4 data-start=\"709\" data-end=\"814\">Com at\u00e9 <strong data-start=\"719\" data-end=\"744\">12 horas de autonomia<\/strong> e carregamento r\u00e1pido por USB-C, \u00e9 uma ferramenta fi\u00e1vel para dias longos.<\/h4>\n<h4 data-section-id=\"oz1y7s\" data-start=\"821\" data-end=\"846\"><\/h4>\n<h4 data-section-id=\"oz1y7s\" data-start=\"821\" data-end=\"846\">Carater\u00edsticas<\/h4>\n<ul data-start=\"848\" data-end=\"1106\">\n<li data-section-id=\"14yctdq\" data-start=\"848\" data-end=\"882\">Sensor t\u00e9rmico 384\u00d7288 \/ 12 \u03bcm<\/li>\n<li data-section-id=\"1xafqd1\" data-start=\"883\" data-end=\"923\">NETD &lt;20 mK para m\u00e1xima sensibilidade<\/li>\n<li data-section-id=\"2lhm0r\" data-start=\"924\" data-end=\"954\">Lente de 35 mm | Amplia\u00e7\u00e3o 3,3x<\/li>\n<li data-section-id=\"4ir3ec\" data-start=\"955\" data-end=\"984\">Grava\u00e7\u00e3o de v\u00eddeo e WiFi<\/li>\n<li data-section-id=\"10mgcrw\" data-start=\"985\" data-end=\"1020\">Calculadora bal\u00edstica integrada<\/li>\n<li data-section-id=\"qvyi8j\" data-start=\"1021\" data-end=\"1061\">At\u00e9 12 horas de autonomia da bateria + carregamento r\u00e1pido<\/li>\n<li data-section-id=\"119svce\" data-start=\"1062\" data-end=\"1106\">\u00c0 prova de \u00e1gua e retardador de chama (IP67)<\/li>\n<\/ul>","protected":false},"excerpt":{"rendered":"<h4 data-start=\"130\" data-end=\"409\">O <strong data-start=\"133\" data-end=\"165\">Conotech Night Arrow 335 PRO<\/strong> es un visor t\u00e9rmico profesional dise\u00f1ado para ofrecer m\u00e1xima precisi\u00f3n en cualquier condici\u00f3n. Incorpora un sensor VOx de <strong data-start=\"288\" data-end=\"310\">384\u00d7288 px y 12 \u03bcm<\/strong>, que proporciona im\u00e1genes n\u00edtidas y de alto contraste incluso en niebla, lluvia o total oscuridad.<\/h4>","protected":false},"featured_media":27396,"template":"","meta":[],"product_brand":[],"product_cat":[197,144,146],"product_tag":[],"class_list":{"0":"post-27392","1":"product","2":"type-product","3":"status-publish","4":"has-post-thumbnail","6":"product_cat-conotech","7":"product_cat-vision-termica","8":"product_cat-visores-termicos","10":"first","11":"instock","12":"sale","13":"taxable","14":"shipping-taxable","15":"purchasable","16":"product-type-simple","17":"add-to-wishlist-after_add_to_cart"},"_links":{"self":[{"href":"https:\/\/dinaturez.com\/pt\/wp-json\/wp\/v2\/product\/27392","targetHints":{"allow":["GET"]}}],"collection":[{"href":"https:\/\/dinaturez.com\/pt\/wp-json\/wp\/v2\/product"}],"about":[{"href":"https:\/\/dinaturez.com\/pt\/wp-json\/wp\/v2\/types\/product"}],"wp:featuredmedia":[{"embeddable":true,"href":"https:\/\/dinaturez.com\/pt\/wp-json\/wp\/v2\/media\/27396"}],"wp:attachment":[{"href":"https:\/\/dinaturez.com\/pt\/wp-json\/wp\/v2\/media?parent=27392"}],"wp:term":[{"taxonomy":"product_brand","embeddable":true,"href":"https:\/\/dinaturez.com\/pt\/wp-json\/wp\/v2\/product_brand?post=27392"},{"taxonomy":"product_cat","embeddable":true,"href":"https:\/\/dinaturez.com\/pt\/wp-json\/wp\/v2\/product_cat?post=27392"},{"taxonomy":"product_tag","embeddable":true,"href":"https:\/\/dinaturez.com\/pt\/wp-json\/wp\/v2\/product_tag?post=27392"}],"curies":[{"name":"wp","href":"https:\/\/api.w.org\/{rel}","templated":true}]}}