{"id":27363,"date":"2026-03-12T12:03:50","date_gmt":"2026-03-12T11:03:50","guid":{"rendered":"https:\/\/dinaturez.com\/?post_type=product&#038;p=27363"},"modified":"2026-03-12T12:03:51","modified_gmt":"2026-03-12T11:03:51","slug":"prismaticos-chisos-10x42-ed-pxa","status":"publish","type":"product","link":"https:\/\/dinaturez.com\/pt\/product\/prismaticos-chisos-10x42-ed-pxa\/","title":{"rendered":"Bin\u00f3culos CHISOS 10\u00d742 ED com revestimento PXA ALPEN OPTICS"},"content":{"rendered":"<h4 data-start=\"166\" data-end=\"577\">O <strong data-start=\"170\" data-end=\"204\">\u00d3tica Alpen 8\u00d742 ED plana<\/strong> s\u00e3o bin\u00f3culos vers\u00e1teis concebidos para fornecer <strong data-start=\"260\" data-end=\"321\">imagens brilhantes e n\u00edtidas com elevada fidelidade de cor<\/strong> em observa\u00e7\u00f5es da natureza e actividades ao ar livre. Incorporam <strong data-start=\"393\" data-end=\"430\">Vidro ED (dispers\u00e3o extra-baixa)<\/strong> que reduz as aberra\u00e7\u00f5es crom\u00e1ticas e melhora a defini\u00e7\u00e3o dos pormenores mesmo a longas dist\u00e2ncias.<\/h4>\n<p data-start=\"579\" data-end=\"819\">O seu sistema \u00f3tico utiliza <strong data-start=\"605\" data-end=\"686\">Prismas BaK-4 com revestimento de fase PXA e lentes totalmente revestidas<\/strong>, Isto optimiza a transmiss\u00e3o da luz e proporciona um elevado contraste e nitidez de imagem.<\/p>\n<p data-start=\"821\" data-end=\"1176\">Com <strong data-start=\"825\" data-end=\"860\">Amplia\u00e7\u00e3o de 8x e lente de 42 mm<\/strong>, O amplo campo de vis\u00e3o e a elevada luminosidade da luz s\u00e3o ideais para <strong data-start=\"933\" data-end=\"977\">observa\u00e7\u00e3o de aves, caminhadas ou viagens<\/strong>. Para al\u00e9m disso, a sua <strong data-start=\"990\" data-end=\"1049\">caixa de magn\u00e9sio \u00e0 prova de \u00e1gua e cheia de nitrog\u00e9nio<\/strong>, O novo interior, repelente de \u00e1gua, protege o interior da \u00e1gua e evita o embaciamento durante as mudan\u00e7as de temperatura.<\/p>","protected":false},"excerpt":{"rendered":"<h4 data-start=\"166\" data-end=\"577\">O <strong data-start=\"170\" data-end=\"204\">\u00d3tica Alpen 8\u00d742 ED plana<\/strong> s\u00e3o bin\u00f3culos vers\u00e1teis concebidos para fornecer <strong data-start=\"260\" data-end=\"321\">imagens brilhantes e n\u00edtidas com elevada fidelidade de cor<\/strong> em observa\u00e7\u00f5es da natureza e actividades ao ar livre. Incorporam <strong data-start=\"393\" data-end=\"430\">Vidro ED (dispers\u00e3o extra-baixa)<\/strong> que reduz as aberra\u00e7\u00f5es crom\u00e1ticas e melhora a defini\u00e7\u00e3o dos pormenores mesmo a longas dist\u00e2ncias.<\/h4>","protected":false},"featured_media":27366,"template":"","meta":[],"product_brand":[],"product_cat":[136,142],"product_tag":[],"class_list":{"0":"post-27363","1":"product","2":"type-product","3":"status-publish","4":"has-post-thumbnail","6":"product_cat-alpen","7":"product_cat-prismaticos","9":"first","10":"instock","11":"taxable","12":"shipping-taxable","13":"purchasable","14":"product-type-simple","15":"add-to-wishlist-after_add_to_cart"},"_links":{"self":[{"href":"https:\/\/dinaturez.com\/pt\/wp-json\/wp\/v2\/product\/27363","targetHints":{"allow":["GET"]}}],"collection":[{"href":"https:\/\/dinaturez.com\/pt\/wp-json\/wp\/v2\/product"}],"about":[{"href":"https:\/\/dinaturez.com\/pt\/wp-json\/wp\/v2\/types\/product"}],"wp:featuredmedia":[{"embeddable":true,"href":"https:\/\/dinaturez.com\/pt\/wp-json\/wp\/v2\/media\/27366"}],"wp:attachment":[{"href":"https:\/\/dinaturez.com\/pt\/wp-json\/wp\/v2\/media?parent=27363"}],"wp:term":[{"taxonomy":"product_brand","embeddable":true,"href":"https:\/\/dinaturez.com\/pt\/wp-json\/wp\/v2\/product_brand?post=27363"},{"taxonomy":"product_cat","embeddable":true,"href":"https:\/\/dinaturez.com\/pt\/wp-json\/wp\/v2\/product_cat?post=27363"},{"taxonomy":"product_tag","embeddable":true,"href":"https:\/\/dinaturez.com\/pt\/wp-json\/wp\/v2\/product_tag?post=27363"}],"curies":[{"name":"wp","href":"https:\/\/api.w.org\/{rel}","templated":true}]}}