{"id":27357,"date":"2026-03-12T10:13:55","date_gmt":"2026-03-12T09:13:55","guid":{"rendered":"https:\/\/dinaturez.com\/?post_type=product&#038;p=27357"},"modified":"2026-03-12T12:04:47","modified_gmt":"2026-03-12T11:04:47","slug":"chisos-8x42-ed-prismaticos-pxa-alpen-optics","status":"publish","type":"product","link":"https:\/\/dinaturez.com\/pt\/product\/chisos-8x42-ed-prismaticos-pxa-alpen-optics\/","title":{"rendered":"Bin\u00f3culos CHISOS 8\u00d742 ED com revestimento de fase PXA ALPEN OPTICS"},"content":{"rendered":"<h4 data-start=\"147\" data-end=\"506\" data-rm-block-id=\"block-1\">O <strong data-start=\"151\" data-end=\"185\">\u00d3tica Alpen 8\u00d742 ED plana<\/strong> s\u00e3o bin\u00f3culos concebidos para oferecer <strong data-start=\"230\" data-end=\"300\">elevada luminosidade, nitidez e conforto para observa\u00e7\u00f5es prolongadas<\/strong>. Gra\u00e7as \u00e0 sua <strong data-start=\"316\" data-end=\"352\">Lentes ED (dispers\u00e3o extra-baixa)<\/strong>, Reduzem as aberra\u00e7\u00f5es crom\u00e1ticas e proporcionam imagens muito n\u00edtidas com cores naturais e elevado contraste.<\/h4>\n<p data-start=\"508\" data-end=\"769\" data-rm-block-id=\"block-2\">O seu sistema \u00f3tico incorpora <strong data-start=\"536\" data-end=\"620\">Prismas BaK-4 com revestimento de fase PXA e lentes totalmente revestidas<\/strong>, Isto melhora a transmiss\u00e3o da luz e garante imagens n\u00edtidas mesmo em condi\u00e7\u00f5es de pouca luz.<\/p>\n<p data-start=\"771\" data-end=\"1135\" data-rm-block-id=\"block-3\">Com <strong data-start=\"775\" data-end=\"810\">Amplia\u00e7\u00e3o de 8x e lente de 42 mm<\/strong>, O campo de vis\u00e3o amplo e luminoso \u00e9 ideal para <strong data-start=\"869\" data-end=\"944\">observa\u00e7\u00e3o de aves, natureza, caminhadas ou actividades ao ar livre<\/strong>. Para al\u00e9m disso, a sua <strong data-start=\"957\" data-end=\"1016\">caixa de magn\u00e9sio \u00e0 prova de \u00e1gua e cheia de nitrog\u00e9nio<\/strong>, protege o sistema \u00f3tico contra a \u00e1gua, o p\u00f3 e o embaciamento interno.<\/p>\n<p data-start=\"1137\" data-end=\"1295\" data-rm-block-id=\"block-4\">O seu design ergon\u00f3mico com <strong data-start=\"1162\" data-end=\"1217\">oculares rotativas e focagem central precisa<\/strong> garante uma observa\u00e7\u00e3o confort\u00e1vel mesmo durante longas sess\u00f5es no terreno.<\/p>","protected":false},"excerpt":{"rendered":"<h4 data-start=\"147\" data-end=\"506\">O <strong data-start=\"151\" data-end=\"185\">\u00d3tica Alpen 8\u00d742 ED plana<\/strong> s\u00e3o bin\u00f3culos concebidos para oferecer <strong data-start=\"230\" data-end=\"300\">elevada luminosidade, nitidez e conforto para observa\u00e7\u00f5es prolongadas<\/strong>. Gra\u00e7as \u00e0 sua <strong data-start=\"316\" data-end=\"352\">Lentes ED (dispers\u00e3o extra-baixa)<\/strong>, Reduzem as aberra\u00e7\u00f5es crom\u00e1ticas e proporcionam imagens muito n\u00edtidas com cores naturais e elevado contraste.<\/h4>","protected":false},"featured_media":27358,"template":"","meta":[],"product_brand":[],"product_cat":[136,142],"product_tag":[],"class_list":{"0":"post-27357","1":"product","2":"type-product","3":"status-publish","4":"has-post-thumbnail","6":"product_cat-alpen","7":"product_cat-prismaticos","9":"first","10":"instock","11":"taxable","12":"shipping-taxable","13":"purchasable","14":"product-type-simple","15":"add-to-wishlist-after_add_to_cart"},"_links":{"self":[{"href":"https:\/\/dinaturez.com\/pt\/wp-json\/wp\/v2\/product\/27357","targetHints":{"allow":["GET"]}}],"collection":[{"href":"https:\/\/dinaturez.com\/pt\/wp-json\/wp\/v2\/product"}],"about":[{"href":"https:\/\/dinaturez.com\/pt\/wp-json\/wp\/v2\/types\/product"}],"wp:featuredmedia":[{"embeddable":true,"href":"https:\/\/dinaturez.com\/pt\/wp-json\/wp\/v2\/media\/27358"}],"wp:attachment":[{"href":"https:\/\/dinaturez.com\/pt\/wp-json\/wp\/v2\/media?parent=27357"}],"wp:term":[{"taxonomy":"product_brand","embeddable":true,"href":"https:\/\/dinaturez.com\/pt\/wp-json\/wp\/v2\/product_brand?post=27357"},{"taxonomy":"product_cat","embeddable":true,"href":"https:\/\/dinaturez.com\/pt\/wp-json\/wp\/v2\/product_cat?post=27357"},{"taxonomy":"product_tag","embeddable":true,"href":"https:\/\/dinaturez.com\/pt\/wp-json\/wp\/v2\/product_tag?post=27357"}],"curies":[{"name":"wp","href":"https:\/\/api.w.org\/{rel}","templated":true}]}}