{"id":27351,"date":"2026-03-12T10:02:04","date_gmt":"2026-03-12T09:02:04","guid":{"rendered":"https:\/\/dinaturez.com\/?post_type=product&#038;p=27351"},"modified":"2026-03-12T12:05:42","modified_gmt":"2026-03-12T11:05:42","slug":"alpen-optics-chisos-10x25-prismaticos-ed-a","status":"publish","type":"product","link":"https:\/\/dinaturez.com\/pt\/product\/alpen-optics-chisos-10x25-prismaticos-ed-a\/","title":{"rendered":"Bin\u00f3culos CHISOS 10\u00d725 ED com revestimento PXA ALPEN OPTICS"},"content":{"rendered":"<h4 data-start=\"105\" data-end=\"468\" data-rm-block-id=\"block-1\">O <strong data-start=\"109\" data-end=\"144\">\u00d3tica Alpen 10\u00d725 ED plana<\/strong> Os bin\u00f3culos s\u00e3o bin\u00f3culos compactos concebidos para fornecer <strong data-start=\"199\" data-end=\"258\">elevado desempenho \u00f3tico num formato leve e port\u00e1til<\/strong>. Equipado com <strong data-start=\"274\" data-end=\"311\">Vidro ED (dispers\u00e3o extra-baixa)<\/strong>, A nova lente foi concebida para reduzir as aberra\u00e7\u00f5es crom\u00e1ticas e proporcionar imagens n\u00edtidas com cores naturais e elevados n\u00edveis de pormenor.<\/h4>\n<p data-start=\"470\" data-end=\"732\" data-rm-block-id=\"block-2\">Incorporar <strong data-start=\"481\" data-end=\"562\">Prismas BaK-4 com revestimento de fase PXA e lentes totalmente revestidas<\/strong>, Isto melhora o contraste e a transmiss\u00e3o de luz para obter imagens n\u00edtidas mesmo em condi\u00e7\u00f5es de ilumina\u00e7\u00e3o dif\u00edceis.<\/p>\n<p data-start=\"734\" data-end=\"1093\" data-rm-block-id=\"block-3\">Gra\u00e7as \u00e0 sua <strong data-start=\"747\" data-end=\"826\">design compacto, peso leve de aprox. 265 g e caixa estanque<\/strong>, O seu novo design, pr\u00e1tico e pr\u00e1tico, torna-os ideais para levar consigo em viagens, excurs\u00f5es, caminhadas ou observa\u00e7\u00e3o da natureza. Al\u00e9m disso, as suas <strong data-start=\"944\" data-end=\"995\">oculares rotativas e regula\u00e7\u00e3o da dioptria<\/strong> garantem uma utiliza\u00e7\u00e3o confort\u00e1vel mesmo para utilizadores de \u00f3culos.<\/p>\n<ul>\n<li data-section-id=\"1g53spd\" data-start=\"224\" data-end=\"245\">\n<p data-start=\"226\" data-end=\"245\" data-rm-block-id=\"block-5\"><strong data-start=\"226\" data-end=\"239\">Aumenta:<\/strong> 10x<\/p>\n<\/li>\n<li data-section-id=\"1nkvimr\" data-start=\"246\" data-end=\"282\">\n<p data-start=\"248\" data-end=\"282\" data-rm-block-id=\"block-6\"><strong data-start=\"248\" data-end=\"274\">Di\u00e2metro da lente:<\/strong> 25 mm<\/p>\n<\/li>\n<li data-section-id=\"6ulb5x\" data-start=\"283\" data-end=\"319\">\n<p data-start=\"285\" data-end=\"319\" data-rm-block-id=\"block-7\"><strong data-start=\"285\" data-end=\"304\">Tipo de prisma:<\/strong> Telhado<\/p>\n<\/li>\n<li data-section-id=\"1qnsc1d\" data-start=\"320\" data-end=\"354\">\n<p data-start=\"322\" data-end=\"354\" data-rm-block-id=\"block-8\"><strong data-start=\"322\" data-end=\"346\">Material do prisma:<\/strong> BaK-4<\/p>\n<\/li>\n<li data-section-id=\"l5rlt\" data-start=\"355\" data-end=\"397\">\n<p data-start=\"357\" data-end=\"397\" data-rm-block-id=\"block-9\"><strong data-start=\"357\" data-end=\"369\">Vidro:<\/strong> ED (dispers\u00e3o extra-baixa)<\/p>\n<\/li>\n<li data-section-id=\"h8kd5i\" data-start=\"398\" data-end=\"445\">\n<p data-start=\"400\" data-end=\"445\" data-rm-block-id=\"block-10\"><strong data-start=\"400\" data-end=\"419\">Revestimentos:<\/strong> Revestimento de fase PXA + UBX<\/p>\n<\/li>\n<li data-section-id=\"6pfd4n\" data-start=\"446\" data-end=\"510\">\n<p data-start=\"448\" data-end=\"510\" data-rm-block-id=\"block-11\"><strong data-start=\"448\" data-end=\"459\">Lentes:<\/strong> Totalmente multi-revestido<\/p>\n<\/li>\n<li data-section-id=\"dx6jhr\" data-start=\"511\" data-end=\"550\">\n<p data-start=\"513\" data-end=\"550\" data-rm-block-id=\"block-12\"><strong data-start=\"513\" data-end=\"533\">Campo de vis\u00e3o:<\/strong> 114 m a 1000 m<\/p>\n<\/li>\n<li data-section-id=\"19v65c6\" data-start=\"551\" data-end=\"588\">\n<p data-start=\"553\" data-end=\"588\" data-rm-block-id=\"block-13\"><strong data-start=\"553\" data-end=\"581\">Campo de vis\u00e3o angular:<\/strong> 6,5\u00b0<\/p>\n<\/li>\n<li data-section-id=\"uh3jnx\" data-start=\"589\" data-end=\"629\">\n<p data-start=\"591\" data-end=\"629\" data-rm-block-id=\"block-14\"><strong data-start=\"591\" data-end=\"623\">Dist\u00e2ncia m\u00ednima de focagem:<\/strong> 5 m<\/p>\n<\/li>\n<li data-section-id=\"1ek83w5\" data-start=\"630\" data-end=\"664\">\n<p data-start=\"632\" data-end=\"664\" data-rm-block-id=\"block-15\"><strong data-start=\"632\" data-end=\"656\">Intensidade luminosa:<\/strong> 27,56<\/p>\n<\/li>\n<li data-section-id=\"f4oh8s\" data-start=\"665\" data-end=\"736\">\n<p data-start=\"667\" data-end=\"736\" data-rm-block-id=\"block-16\"><strong data-start=\"667\" data-end=\"690\">Fator crepuscular:<\/strong> 18,33<\/p>\n<\/li>\n<\/ul>","protected":false},"excerpt":{"rendered":"<h4 data-start=\"105\" data-end=\"468\">O <strong data-start=\"109\" data-end=\"144\">\u00d3tica Alpen 10\u00d725 ED plana<\/strong> Os bin\u00f3culos s\u00e3o bin\u00f3culos compactos concebidos para fornecer <strong data-start=\"199\" data-end=\"258\">elevado desempenho \u00f3tico num formato leve e port\u00e1til<\/strong>. Equipado com <strong data-start=\"274\" data-end=\"311\">Vidro ED (dispers\u00e3o extra-baixa)<\/strong>, A nova lente foi concebida para reduzir as aberra\u00e7\u00f5es crom\u00e1ticas e proporcionar imagens n\u00edtidas com cores naturais e elevados n\u00edveis de pormenor.<\/h4>","protected":false},"featured_media":27352,"template":"","meta":[],"product_brand":[],"product_cat":[142,136],"product_tag":[],"class_list":{"0":"post-27351","1":"product","2":"type-product","3":"status-publish","4":"has-post-thumbnail","6":"product_cat-prismaticos","7":"product_cat-alpen","9":"first","10":"instock","11":"taxable","12":"shipping-taxable","13":"purchasable","14":"product-type-simple","15":"add-to-wishlist-after_add_to_cart"},"_links":{"self":[{"href":"https:\/\/dinaturez.com\/pt\/wp-json\/wp\/v2\/product\/27351","targetHints":{"allow":["GET"]}}],"collection":[{"href":"https:\/\/dinaturez.com\/pt\/wp-json\/wp\/v2\/product"}],"about":[{"href":"https:\/\/dinaturez.com\/pt\/wp-json\/wp\/v2\/types\/product"}],"wp:featuredmedia":[{"embeddable":true,"href":"https:\/\/dinaturez.com\/pt\/wp-json\/wp\/v2\/media\/27352"}],"wp:attachment":[{"href":"https:\/\/dinaturez.com\/pt\/wp-json\/wp\/v2\/media?parent=27351"}],"wp:term":[{"taxonomy":"product_brand","embeddable":true,"href":"https:\/\/dinaturez.com\/pt\/wp-json\/wp\/v2\/product_brand?post=27351"},{"taxonomy":"product_cat","embeddable":true,"href":"https:\/\/dinaturez.com\/pt\/wp-json\/wp\/v2\/product_cat?post=27351"},{"taxonomy":"product_tag","embeddable":true,"href":"https:\/\/dinaturez.com\/pt\/wp-json\/wp\/v2\/product_tag?post=27351"}],"curies":[{"name":"wp","href":"https:\/\/api.w.org\/{rel}","templated":true}]}}