{"id":27334,"date":"2026-03-05T08:17:21","date_gmt":"2026-03-05T07:17:21","guid":{"rendered":"https:\/\/dinaturez.com\/?post_type=product&#038;p=27334"},"modified":"2026-03-11T09:59:17","modified_gmt":"2026-03-11T08:59:17","slug":"monocular-termico-lipot-635-lrf-conotech","status":"publish","type":"product","link":"https:\/\/dinaturez.com\/pt\/product\/monocular-termico-lipot-635-lrf-conotech\/","title":{"rendered":"Monocular t\u00e9rmico LIPOT 635 LRF CONOTECH"},"content":{"rendered":"<h4 data-start=\"67\" data-end=\"506\" data-rm-block-id=\"block-1\">O <strong data-start=\"70\" data-end=\"96\">Conotech Lipot 635 LRF<\/strong>\u00a0\u00e9 um mon\u00f3culo t\u00e9rmico de elevado desempenho concebido para quem procura <strong data-start=\"170\" data-end=\"226\">qualidade de imagem mais elevada e grande alcance de dete\u00e7\u00e3o<\/strong> em qualquer ambiente. Gra\u00e7as ao seu sensor t\u00e9rmico de <strong data-start=\"280\" data-end=\"312\">alta resolu\u00e7\u00e3o 640 \u00d7 512 px<\/strong> e a sua sensibilidade t\u00e9rmica avan\u00e7ada, pode detetar e observar alvos com um elevado n\u00edvel de pormenor, mesmo em condi\u00e7\u00f5es dif\u00edceis, como a escurid\u00e3o total, o nevoeiro, a chuva ou a vegeta\u00e7\u00e3o densa.<\/h4>\n<h4 data-start=\"508\" data-end=\"834\" data-rm-block-id=\"block-2\">Equipado com <strong data-start=\"521\" data-end=\"542\">Objetiva de 35 mm<\/strong> e o sistema inteligente <strong data-start=\"568\" data-end=\"580\">Foco na IA<\/strong>, O dispositivo ajusta automaticamente a focagem para fornecer imagens n\u00edtidas e precisas durante a observa\u00e7\u00e3o. Al\u00e9m disso, incorpora <strong data-start=\"714\" data-end=\"764\">tel\u00e9metro laser integrado at\u00e9 1000 metros<\/strong>, A dist\u00e2ncia at\u00e9 ao alvo pode ser medida de forma r\u00e1pida e fi\u00e1vel.<\/h4>\n<h4 data-start=\"836\" data-end=\"1129\" data-rm-block-id=\"block-3\">O seu <strong data-start=\"839\" data-end=\"864\">Ecr\u00e3 OLED Full HD<\/strong>, O design compacto, leve e robusto garante uma experi\u00eancia de utiliza\u00e7\u00e3o confort\u00e1vel durante longos dias no terreno. Tamb\u00e9m possui <strong data-start=\"1013\" data-end=\"1077\">grava\u00e7\u00e3o de fotografias e v\u00eddeos, liga\u00e7\u00e3o Wi-Fi e mem\u00f3ria interna<\/strong>, O novo sistema facilita a grava\u00e7\u00e3o e a partilha de observa\u00e7\u00f5es.<\/h4>\n<h4 data-start=\"1131\" data-end=\"1162\" data-rm-block-id=\"block-6\">Principais carater\u00edsticas<\/h4>\n<ul data-start=\"1164\" data-end=\"1601\">\n<li data-start=\"1164\" data-end=\"1221\">\n<p data-start=\"1166\" data-end=\"1221\" data-rm-block-id=\"block-7\">Sensor t\u00e9rmico <strong data-start=\"1181\" data-end=\"1219\">640 \u00d7 512 px \/ 12 \u03bcm \/ NETD \u226415 mK<\/strong><\/p>\n<\/li>\n<li data-start=\"1222\" data-end=\"1241\">\n<p data-start=\"1224\" data-end=\"1241\" data-rm-block-id=\"block-8\">Lente <strong data-start=\"1230\" data-end=\"1239\">35 mm<\/strong><\/p>\n<\/li>\n<li data-start=\"1242\" data-end=\"1266\">\n<p data-start=\"1244\" data-end=\"1266\" data-rm-block-id=\"block-9\">Aumento <strong data-start=\"1252\" data-end=\"1264\">2x - 16x<\/strong><\/p>\n<\/li>\n<li data-start=\"1267\" data-end=\"1313\">\n<p data-start=\"1269\" data-end=\"1313\" data-rm-block-id=\"block-10\"><strong data-start=\"1269\" data-end=\"1311\">Tel\u00e9metro laser integrado at\u00e9 1000 m<\/strong><\/p>\n<\/li>\n<li data-start=\"1314\" data-end=\"1357\">\n<p data-start=\"1316\" data-end=\"1357\" data-rm-block-id=\"block-11\">Dist\u00e2ncia de dete\u00e7\u00e3o at\u00e9 <strong data-start=\"1345\" data-end=\"1355\">1800 m<\/strong><\/p>\n<\/li>\n<li data-start=\"1358\" data-end=\"1391\">\n<p data-start=\"1360\" data-end=\"1391\" data-rm-block-id=\"block-12\">Ecr\u00e3 <strong data-start=\"1369\" data-end=\"1389\">OLED 1920 \u00d7 1080<\/strong><\/p>\n<\/li>\n<li data-start=\"1392\" data-end=\"1441\">\n<p data-start=\"1394\" data-end=\"1441\" data-rm-block-id=\"block-13\"><strong data-start=\"1394\" data-end=\"1406\">Foco na IA<\/strong> (focagem autom\u00e1tica inteligente)<\/p>\n<\/li>\n<li data-start=\"1442\" data-end=\"1475\">\n<p data-start=\"1444\" data-end=\"1475\" data-rm-block-id=\"block-14\"><strong data-start=\"1444\" data-end=\"1473\">Grava\u00e7\u00e3o de fotografias e v\u00eddeos<\/strong><\/p>\n<\/li>\n<li data-start=\"1476\" data-end=\"1513\">\n<p data-start=\"1478\" data-end=\"1513\" data-rm-block-id=\"block-15\"><strong data-start=\"1478\" data-end=\"1511\">Wi-Fi e 64 GB de mem\u00f3ria interna<\/strong><\/p>\n<\/li>\n<li data-start=\"1514\" data-end=\"1548\">\n<p data-start=\"1516\" data-end=\"1548\" data-rm-block-id=\"block-16\"><strong data-start=\"1516\" data-end=\"1546\">Bateria 18650 substitu\u00edvel<\/strong><\/p>\n<\/li>\n<li data-start=\"1549\" data-end=\"1572\">\n<p data-start=\"1551\" data-end=\"1572\" data-rm-block-id=\"block-17\">Prote\u00e7\u00e3o <strong data-start=\"1562\" data-end=\"1570\">IP67<\/strong><\/p>\n<\/li>\n<li data-start=\"1573\" data-end=\"1601\">\n<p data-start=\"1575\" data-end=\"1601\" data-rm-block-id=\"block-18\">Peso aproximado <strong data-start=\"1591\" data-end=\"1601\">&lt;300 g<\/strong><\/p>\n<\/li>\n<\/ul>","protected":false},"excerpt":{"rendered":"<h3 data-start=\"67\" data-end=\"506\" data-rm-block-id=\"block-1\">O <strong data-start=\"70\" data-end=\"96\">Lipot 635 LRF <\/strong>\u00e9 um mon\u00f3culo t\u00e9rmico de elevado desempenho concebido para quem procura <strong data-start=\"170\" data-end=\"226\">qualidade de imagem mais elevada e grande alcance de dete\u00e7\u00e3o<\/strong> em qualquer ambiente. Gra\u00e7as ao seu sensor t\u00e9rmico de <strong data-start=\"280\" data-end=\"312\">alta resolu\u00e7\u00e3o 640 \u00d7 512 px<\/strong> e a sua sensibilidade t\u00e9rmica avan\u00e7ada, pode detetar e observar alvos com um elevado n\u00edvel de pormenor, mesmo em condi\u00e7\u00f5es dif\u00edceis, como a escurid\u00e3o total, o nevoeiro, a chuva ou a vegeta\u00e7\u00e3o densa.<\/h3>","protected":false},"featured_media":27335,"template":"","meta":[],"product_brand":[],"product_cat":[197,147],"product_tag":[],"class_list":{"0":"post-27334","1":"product","2":"type-product","3":"status-publish","4":"has-post-thumbnail","6":"product_cat-conotech","7":"product_cat-monoculares-termicos","9":"first","10":"instock","11":"taxable","12":"shipping-taxable","13":"purchasable","14":"product-type-simple","15":"add-to-wishlist-after_add_to_cart"},"_links":{"self":[{"href":"https:\/\/dinaturez.com\/pt\/wp-json\/wp\/v2\/product\/27334","targetHints":{"allow":["GET"]}}],"collection":[{"href":"https:\/\/dinaturez.com\/pt\/wp-json\/wp\/v2\/product"}],"about":[{"href":"https:\/\/dinaturez.com\/pt\/wp-json\/wp\/v2\/types\/product"}],"wp:featuredmedia":[{"embeddable":true,"href":"https:\/\/dinaturez.com\/pt\/wp-json\/wp\/v2\/media\/27335"}],"wp:attachment":[{"href":"https:\/\/dinaturez.com\/pt\/wp-json\/wp\/v2\/media?parent=27334"}],"wp:term":[{"taxonomy":"product_brand","embeddable":true,"href":"https:\/\/dinaturez.com\/pt\/wp-json\/wp\/v2\/product_brand?post=27334"},{"taxonomy":"product_cat","embeddable":true,"href":"https:\/\/dinaturez.com\/pt\/wp-json\/wp\/v2\/product_cat?post=27334"},{"taxonomy":"product_tag","embeddable":true,"href":"https:\/\/dinaturez.com\/pt\/wp-json\/wp\/v2\/product_tag?post=27334"}],"curies":[{"name":"wp","href":"https:\/\/api.w.org\/{rel}","templated":true}]}}