{"id":27327,"date":"2026-03-05T08:05:45","date_gmt":"2026-03-05T07:05:45","guid":{"rendered":"https:\/\/dinaturez.com\/?post_type=product&#038;p=27327"},"modified":"2026-03-11T09:59:40","modified_gmt":"2026-03-11T08:59:40","slug":"monocular-termico-lipot-335-lrf-conotech","status":"publish","type":"product","link":"https:\/\/dinaturez.com\/pt\/product\/monocular-termico-lipot-335-lrf-conotech\/","title":{"rendered":"Monocular t\u00e9rmico LIPOT 335 LRF CONOTECH"},"content":{"rendered":"<h4 data-start=\"67\" data-end=\"467\">O <strong data-start=\"70\" data-end=\"99\">Conotech Lipot 335 LRF<\/strong> \u00e9 um monocular t\u00e9rmico compacto e potente concebido para fornecer <strong data-start=\"165\" data-end=\"231\">longo alcance de dete\u00e7\u00e3o e uma imagem t\u00e9rmica clara e precisa<\/strong> em todas as condi\u00e7\u00f5es. Gra\u00e7as ao seu sensor t\u00e9rmico altamente sens\u00edvel e ao sistema de focagem inteligente <strong data-start=\"341\" data-end=\"353\">Foco na IA<\/strong>, O novo e n\u00edtido sistema de dete\u00e7\u00e3o e observa\u00e7\u00e3o de alvos, mesmo na escurid\u00e3o total, nevoeiro ou vegeta\u00e7\u00e3o densa, permite-lhe detetar e observar alvos com grande clareza.<\/h4>\n<h4 data-start=\"469\" data-end=\"752\">Equipado com <strong data-start=\"482\" data-end=\"503\">Objetiva de 35 mm<\/strong>, Este modelo proporciona uma maior amplia\u00e7\u00e3o e um maior alcance, tornando-o ideal para observa\u00e7\u00f5es a m\u00e9dia e longa dist\u00e2ncia. Al\u00e9m disso, incorpora <strong data-start=\"631\" data-end=\"681\">tel\u00e9metro laser integrado at\u00e9 1000 metros<\/strong>, A dist\u00e2ncia at\u00e9 ao alvo pode ser medida com rapidez e precis\u00e3o.<\/h4>\n<h4 data-start=\"754\" data-end=\"1007\">O seu <strong data-start=\"757\" data-end=\"782\">Ecr\u00e3 OLED Full HD<\/strong>, O design leve e robusto oferece uma experi\u00eancia de utiliza\u00e7\u00e3o confort\u00e1vel no terreno. Inclui tamb\u00e9m <strong data-start=\"891\" data-end=\"955\">grava\u00e7\u00e3o de fotografias e v\u00eddeos, liga\u00e7\u00e3o Wi-Fi e mem\u00f3ria interna<\/strong>, O novo sistema facilita a grava\u00e7\u00e3o e a partilha de observa\u00e7\u00f5es.<\/h4>\n<h4><\/h4>\n<h4><\/h4>\n<h4 data-start=\"1009\" data-end=\"1040\">Principais carater\u00edsticas<\/h4>\n<ul data-start=\"1042\" data-end=\"1481\">\n<li data-start=\"1042\" data-end=\"1099\">\n<p data-start=\"1044\" data-end=\"1099\">Sensor t\u00e9rmico <strong data-start=\"1059\" data-end=\"1097\">384 \u00d7 288 px \/ 12 \u03bcm \/ NETD \u226415 mK<\/strong><\/p>\n<\/li>\n<li data-start=\"1100\" data-end=\"1119\">\n<p data-start=\"1102\" data-end=\"1119\">Lente <strong data-start=\"1108\" data-end=\"1117\">35 mm<\/strong><\/p>\n<\/li>\n<li data-start=\"1120\" data-end=\"1146\">\n<p data-start=\"1122\" data-end=\"1146\">Aumento <strong data-start=\"1130\" data-end=\"1144\">3,5x - 14x<\/strong><\/p>\n<\/li>\n<li data-start=\"1147\" data-end=\"1193\">\n<p data-start=\"1149\" data-end=\"1193\"><strong data-start=\"1149\" data-end=\"1191\">Tel\u00e9metro laser integrado at\u00e9 1000 m<\/strong><\/p>\n<\/li>\n<li data-start=\"1194\" data-end=\"1237\">\n<p data-start=\"1196\" data-end=\"1237\">Dist\u00e2ncia de dete\u00e7\u00e3o at\u00e9 <strong data-start=\"1225\" data-end=\"1235\">1800 m<\/strong><\/p>\n<\/li>\n<li data-start=\"1238\" data-end=\"1271\">\n<p data-start=\"1240\" data-end=\"1271\">Ecr\u00e3 <strong data-start=\"1249\" data-end=\"1269\">OLED 1920 \u00d7 1080<\/strong><\/p>\n<\/li>\n<li data-start=\"1272\" data-end=\"1321\">\n<p data-start=\"1274\" data-end=\"1321\"><strong data-start=\"1274\" data-end=\"1286\">Foco na IA<\/strong> (focagem autom\u00e1tica inteligente)<\/p>\n<\/li>\n<li data-start=\"1322\" data-end=\"1355\">\n<p data-start=\"1324\" data-end=\"1355\"><strong data-start=\"1324\" data-end=\"1353\">Grava\u00e7\u00e3o de fotografias e v\u00eddeos<\/strong><\/p>\n<\/li>\n<li data-start=\"1356\" data-end=\"1393\">\n<p data-start=\"1358\" data-end=\"1393\"><strong data-start=\"1358\" data-end=\"1391\">Wi-Fi e 64 GB de mem\u00f3ria interna<\/strong><\/p>\n<\/li>\n<li data-start=\"1394\" data-end=\"1428\">\n<p data-start=\"1396\" data-end=\"1428\"><strong data-start=\"1396\" data-end=\"1426\">Bateria 18650 substitu\u00edvel<\/strong><\/p>\n<\/li>\n<li data-start=\"1429\" data-end=\"1452\">\n<p data-start=\"1431\" data-end=\"1452\">Prote\u00e7\u00e3o <strong data-start=\"1442\" data-end=\"1450\">IP67<\/strong><\/p>\n<\/li>\n<li data-start=\"1453\" data-end=\"1481\">\n<p data-start=\"1455\" data-end=\"1481\">Peso aproximado <strong data-start=\"1471\" data-end=\"1481\">&lt;300 g<\/strong><\/p>\n<\/li>\n<\/ul>","protected":false},"excerpt":{"rendered":"<h3 data-start=\"67\" data-end=\"467\">O <strong data-start=\"70\" data-end=\"99\">Conotech Lipot 335 LRF<\/strong> \u00e9 um monocular t\u00e9rmico compacto e potente concebido para fornecer <strong data-start=\"165\" data-end=\"231\">longo alcance de dete\u00e7\u00e3o e uma imagem t\u00e9rmica clara e precisa<\/strong> em todas as condi\u00e7\u00f5es. Gra\u00e7as ao seu sensor t\u00e9rmico altamente sens\u00edvel e ao sistema de focagem inteligente <strong data-start=\"341\" data-end=\"353\">Foco na IA<\/strong>, O novo e n\u00edtido sistema de dete\u00e7\u00e3o e observa\u00e7\u00e3o de alvos, mesmo na escurid\u00e3o total, nevoeiro ou vegeta\u00e7\u00e3o densa, permite-lhe detetar e observar alvos com grande clareza.<\/h3>","protected":false},"featured_media":27328,"template":"","meta":[],"product_brand":[],"product_cat":[197,147],"product_tag":[],"class_list":{"0":"post-27327","1":"product","2":"type-product","3":"status-publish","4":"has-post-thumbnail","6":"product_cat-conotech","7":"product_cat-monoculares-termicos","9":"first","10":"instock","11":"taxable","12":"shipping-taxable","13":"purchasable","14":"product-type-simple","15":"add-to-wishlist-after_add_to_cart"},"_links":{"self":[{"href":"https:\/\/dinaturez.com\/pt\/wp-json\/wp\/v2\/product\/27327","targetHints":{"allow":["GET"]}}],"collection":[{"href":"https:\/\/dinaturez.com\/pt\/wp-json\/wp\/v2\/product"}],"about":[{"href":"https:\/\/dinaturez.com\/pt\/wp-json\/wp\/v2\/types\/product"}],"wp:featuredmedia":[{"embeddable":true,"href":"https:\/\/dinaturez.com\/pt\/wp-json\/wp\/v2\/media\/27328"}],"wp:attachment":[{"href":"https:\/\/dinaturez.com\/pt\/wp-json\/wp\/v2\/media?parent=27327"}],"wp:term":[{"taxonomy":"product_brand","embeddable":true,"href":"https:\/\/dinaturez.com\/pt\/wp-json\/wp\/v2\/product_brand?post=27327"},{"taxonomy":"product_cat","embeddable":true,"href":"https:\/\/dinaturez.com\/pt\/wp-json\/wp\/v2\/product_cat?post=27327"},{"taxonomy":"product_tag","embeddable":true,"href":"https:\/\/dinaturez.com\/pt\/wp-json\/wp\/v2\/product_tag?post=27327"}],"curies":[{"name":"wp","href":"https:\/\/api.w.org\/{rel}","templated":true}]}}