{"id":27318,"date":"2026-03-05T07:50:16","date_gmt":"2026-03-05T06:50:16","guid":{"rendered":"https:\/\/dinaturez.com\/?post_type=product&#038;p=27318"},"modified":"2026-03-11T10:00:06","modified_gmt":"2026-03-11T09:00:06","slug":"monocular-termico-lipot-325-lrf-conotech","status":"publish","type":"product","link":"https:\/\/dinaturez.com\/pt\/product\/monocular-termico-lipot-325-lrf-conotech\/","title":{"rendered":"Monocular t\u00e9rmico LIPOT 325 LRF CONOTECH"},"content":{"rendered":"<h4 data-start=\"176\" data-end=\"546\" data-rm-block-id=\"block-1\">O <strong data-start=\"179\" data-end=\"208\">Conotech Lipot 325 LRF<\/strong> \u00e9 um monocular t\u00e9rmico compacto e de elevado desempenho concebido para fornecer <strong data-start=\"286\" data-end=\"344\">dete\u00e7\u00e3o precisa e imagem t\u00e9rmica de alta qualidade<\/strong> em todas as condi\u00e7\u00f5es. Gra\u00e7as ao seu sensor de alta sensibilidade e ao sistema de focagem inteligente <strong data-start=\"446\" data-end=\"458\">Foco na IA<\/strong>, As imagens novas e n\u00edtidas s\u00e3o transmitidas mesmo na escurid\u00e3o total, nevoeiro ou vegeta\u00e7\u00e3o densa.<\/h4>\n<h4 data-start=\"548\" data-end=\"871\" data-rm-block-id=\"block-2\">Incorpora <strong data-start=\"558\" data-end=\"608\">tel\u00e9metro laser integrado at\u00e9 1000 metros<\/strong>, Permite medir dist\u00e2ncias com grande precis\u00e3o, o que o torna um instrumento ideal para a ca\u00e7a, a observa\u00e7\u00e3o e a vigil\u00e2ncia. O seu visor <strong data-start=\"751\" data-end=\"767\">OLED Full HD<\/strong>, O design leve e robusto garante uma experi\u00eancia de utiliza\u00e7\u00e3o confort\u00e1vel e fi\u00e1vel no terreno.<\/h4>\n<h4 data-start=\"873\" data-end=\"1018\" data-rm-block-id=\"block-3\">Tem tamb\u00e9m <strong data-start=\"892\" data-end=\"955\">grava\u00e7\u00e3o de fotografias e v\u00eddeos, liga\u00e7\u00e3o Wi-Fi e mem\u00f3ria interna<\/strong>, As observa\u00e7\u00f5es podem ser facilmente guardadas e partilhadas.<\/h4>\n<h4><\/h4>\n<p>&nbsp;<\/p>\n<h4 data-start=\"1020\" data-end=\"1051\" data-rm-block-id=\"block-5\">Principais carater\u00edsticas<\/h4>\n<ul data-start=\"1053\" data-end=\"1492\">\n<li data-start=\"1053\" data-end=\"1110\">\n<p data-start=\"1055\" data-end=\"1110\" data-rm-block-id=\"block-6\">Sensor t\u00e9rmico <strong data-start=\"1070\" data-end=\"1108\">384 \u00d7 288 px \/ 12 \u03bcm \/ NETD \u226415 mK<\/strong><\/p>\n<\/li>\n<li data-start=\"1111\" data-end=\"1130\">\n<p data-start=\"1113\" data-end=\"1130\" data-rm-block-id=\"block-7\">Lente <strong data-start=\"1119\" data-end=\"1128\">25 mm<\/strong><\/p>\n<\/li>\n<li data-start=\"1131\" data-end=\"1157\">\n<p data-start=\"1133\" data-end=\"1157\" data-rm-block-id=\"block-8\">Aumento <strong data-start=\"1141\" data-end=\"1155\">2,5x - 10x<\/strong><\/p>\n<\/li>\n<li data-start=\"1158\" data-end=\"1204\">\n<p data-start=\"1160\" data-end=\"1204\" data-rm-block-id=\"block-9\"><strong data-start=\"1160\" data-end=\"1202\">Tel\u00e9metro laser integrado at\u00e9 1000 m<\/strong><\/p>\n<\/li>\n<li data-start=\"1205\" data-end=\"1248\">\n<p data-start=\"1207\" data-end=\"1248\" data-rm-block-id=\"block-10\">Dist\u00e2ncia de dete\u00e7\u00e3o at\u00e9 <strong data-start=\"1236\" data-end=\"1246\">1300 m<\/strong><\/p>\n<\/li>\n<li data-start=\"1249\" data-end=\"1282\">\n<p data-start=\"1251\" data-end=\"1282\" data-rm-block-id=\"block-11\">Ecr\u00e3 <strong data-start=\"1260\" data-end=\"1280\">OLED 1920 \u00d7 1080<\/strong><\/p>\n<\/li>\n<li data-start=\"1283\" data-end=\"1332\">\n<p data-start=\"1285\" data-end=\"1332\" data-rm-block-id=\"block-12\"><strong data-start=\"1285\" data-end=\"1297\">Foco na IA<\/strong> (focagem autom\u00e1tica inteligente)<\/p>\n<\/li>\n<li data-start=\"1333\" data-end=\"1366\">\n<p data-start=\"1335\" data-end=\"1366\" data-rm-block-id=\"block-13\"><strong data-start=\"1335\" data-end=\"1364\">Grava\u00e7\u00e3o de fotografias e v\u00eddeos<\/strong><\/p>\n<\/li>\n<li data-start=\"1367\" data-end=\"1404\">\n<p data-start=\"1369\" data-end=\"1404\" data-rm-block-id=\"block-14\"><strong data-start=\"1369\" data-end=\"1402\">Wi-Fi e 64 GB de mem\u00f3ria interna<\/strong><\/p>\n<\/li>\n<li data-start=\"1405\" data-end=\"1439\">\n<p data-start=\"1407\" data-end=\"1439\" data-rm-block-id=\"block-15\"><strong data-start=\"1407\" data-end=\"1437\">Bateria 18650 substitu\u00edvel<\/strong><\/p>\n<\/li>\n<li data-start=\"1440\" data-end=\"1463\">\n<p data-start=\"1442\" data-end=\"1463\" data-rm-block-id=\"block-16\">Prote\u00e7\u00e3o <strong data-start=\"1453\" data-end=\"1461\">IP67<\/strong><\/p>\n<\/li>\n<li data-start=\"1464\" data-end=\"1492\">\n<p data-start=\"1466\" data-end=\"1492\" data-rm-block-id=\"block-17\">Peso aproximado <strong data-start=\"1482\" data-end=\"1492\">&lt;300 g<\/strong><\/p>\n<\/li>\n<\/ul>","protected":false},"excerpt":{"rendered":"<h3 data-start=\"176\" data-end=\"546\" data-rm-block-id=\"block-1\">O <strong data-start=\"179\" data-end=\"208\">Conotech Lipot 325 LRF<\/strong> \u00e9 um monocular t\u00e9rmico compacto e de elevado desempenho concebido para fornecer <strong data-start=\"286\" data-end=\"344\">dete\u00e7\u00e3o precisa e imagem t\u00e9rmica de alta qualidade<\/strong> em todas as condi\u00e7\u00f5es. Gra\u00e7as ao seu sensor de alta sensibilidade e ao sistema de focagem inteligente <strong data-start=\"446\" data-end=\"458\">Foco na IA<\/strong>, As imagens novas e n\u00edtidas s\u00e3o transmitidas mesmo na escurid\u00e3o total, nevoeiro ou vegeta\u00e7\u00e3o densa.<\/h3>","protected":false},"featured_media":27319,"template":"","meta":[],"product_brand":[],"product_cat":[147,197],"product_tag":[],"class_list":{"0":"post-27318","1":"product","2":"type-product","3":"status-publish","4":"has-post-thumbnail","6":"product_cat-monoculares-termicos","7":"product_cat-conotech","9":"first","10":"instock","11":"taxable","12":"shipping-taxable","13":"purchasable","14":"product-type-simple","15":"add-to-wishlist-after_add_to_cart"},"_links":{"self":[{"href":"https:\/\/dinaturez.com\/pt\/wp-json\/wp\/v2\/product\/27318","targetHints":{"allow":["GET"]}}],"collection":[{"href":"https:\/\/dinaturez.com\/pt\/wp-json\/wp\/v2\/product"}],"about":[{"href":"https:\/\/dinaturez.com\/pt\/wp-json\/wp\/v2\/types\/product"}],"wp:featuredmedia":[{"embeddable":true,"href":"https:\/\/dinaturez.com\/pt\/wp-json\/wp\/v2\/media\/27319"}],"wp:attachment":[{"href":"https:\/\/dinaturez.com\/pt\/wp-json\/wp\/v2\/media?parent=27318"}],"wp:term":[{"taxonomy":"product_brand","embeddable":true,"href":"https:\/\/dinaturez.com\/pt\/wp-json\/wp\/v2\/product_brand?post=27318"},{"taxonomy":"product_cat","embeddable":true,"href":"https:\/\/dinaturez.com\/pt\/wp-json\/wp\/v2\/product_cat?post=27318"},{"taxonomy":"product_tag","embeddable":true,"href":"https:\/\/dinaturez.com\/pt\/wp-json\/wp\/v2\/product_tag?post=27318"}],"curies":[{"name":"wp","href":"https:\/\/api.w.org\/{rel}","templated":true}]}}