{"id":27291,"date":"2026-02-21T08:49:41","date_gmt":"2026-02-21T07:49:41","guid":{"rendered":"https:\/\/dinaturez.com\/?post_type=product&#038;p=27291"},"modified":"2026-03-11T10:03:16","modified_gmt":"2026-03-11T09:03:16","slug":"tarjeta-sim-finetwork-para-camaras","status":"publish","type":"product","link":"https:\/\/dinaturez.com\/pt\/product\/tarjeta-sim-finetwork-para-camaras\/","title":{"rendered":"Cart\u00e3o SIM FINETWORK para c\u00e2maras fotogr\u00e1ficas 4G"},"content":{"rendered":"<div id=\":p1\" class=\"ii gt\">\n<div id=\":p0\" class=\"a3s aiL\">\n<div id=\"avWBGd-17\">\n<h4 data-rm-block-id=\"block-1\">Cart\u00e3o SIM Finetwork para c\u00e2maras de armadilhagem fotogr\u00e1fica 4G, ativado com 1 ano de servi\u00e7o inclu\u00eddo. \u00c9 a solu\u00e7\u00e3o ideal para receber fotos e v\u00eddeos diretamente no seu telem\u00f3vel a partir de qualquer quinta ou terreno de ca\u00e7a.<\/h4>\n<div data-rm-block-id=\"block-2\"><\/div>\n<div data-rm-block-id=\"block-3\">Concebida para c\u00e2maras 4G LTE de instala\u00e7\u00e3o livre:<\/div>\n<div data-rm-block-id=\"block-3\"><\/div>\n<div data-rm-block-id=\"block-3\">Inclui 1 ano de servi\u00e7o ativo<\/div>\n<div data-rm-block-id=\"block-3\">SIM ativado<\/div>\n<div data-rm-block-id=\"block-3\">Op\u00e7\u00e3o de renova\u00e7\u00e3o no final do per\u00edodo<\/div>\n<div data-rm-block-id=\"block-3\">Enviado com c\u00f3digo PIN desativado (evita erros de configura\u00e7\u00e3o)<\/div>\n<div data-rm-block-id=\"block-3\">Cobertura em 99% do territ\u00f3rio nacional<\/div>\n<div data-rm-block-id=\"block-3\">Compat\u00edvel com c\u00e2maras 4G gratuitas<\/div>\n<div data-rm-block-id=\"block-3\">\u00c9 f\u00e1cil de utilizar. Ligue-o \u00e0 sua c\u00e2mara e comece a receber imagens.<\/div>\n<div data-rm-block-id=\"block-3\">C\u00e2maras fotogr\u00e1ficas 4G para javalis, veados e cor\u00e7os<\/div>\n<div data-rm-block-id=\"block-3\">Vigil\u00e2ncia das explora\u00e7\u00f5es agr\u00edcolas e das explora\u00e7\u00f5es agr\u00edcolas<\/div>\n<div data-rm-block-id=\"block-3\">Controlo de acesso nas zonas rurais<\/div>\n<div data-rm-block-id=\"block-3\">Monitoriza\u00e7\u00e3o da vida selvagem no terreno<\/div>\n<div data-rm-block-id=\"block-3\">Apoio t\u00e9cnico especializado em Dinaturez<\/div>\n<\/div>\n<\/div>\n<\/div>\n<div id=\":p1\" class=\"ii gt\">\n<div id=\":p0\" class=\"a3s aiL\">\n<div id=\"avWBGd-17\">\n<div data-rm-block-id=\"block-17\"><\/div>\n<div data-rm-block-id=\"block-18\"><\/div>\n<div data-rm-block-id=\"block-19\"><\/div>\n<div data-rm-block-id=\"block-19\"><span style=\"color: #ff0000;\">Porqu\u00ea compr\u00e1-lo \u00e0 Dinaturez?<\/span><\/div>\n<div data-rm-block-id=\"block-20\">Na Dinaturez, preparamos tudo para que tudo funcione corretamente nas armadilhas fotogr\u00e1ficas 4G.<\/div>\n<div data-rm-block-id=\"block-21\">\u00a0Enviamos com o PIN desativado<\/div>\n<div data-rm-block-id=\"block-22\">\u00a0Aconselhamento t\u00e9cnico especializado<\/div>\n<div data-rm-block-id=\"block-23\">\u00a0Aten\u00e7\u00e3o direta pelo WhatsApp<\/div>\n<div data-rm-block-id=\"block-24\">\u00a0Entrega r\u00e1pida 24\/48h<\/div>\n<div data-rm-block-id=\"block-25\">\u00a0Apoio real em Espanha<\/div>\n<div class=\"yj6qo\" data-rm-block-id=\"block-26\"><\/div>\n<div class=\"adL\" data-rm-block-id=\"block-27\"><\/div>\n<\/div>\n<\/div>\n<\/div>\n<div id=\":pc\" class=\"hq gt\" data-rm-block-id=\"block-28\"><\/div>","protected":false},"excerpt":{"rendered":"<h3 data-rm-block-id=\"block-1\">Cart\u00e3o SIM Finetwork para c\u00e2maras de armadilhagem fotogr\u00e1fica 4G, ativado com 1 ano de servi\u00e7o inclu\u00eddo. \u00c9 a solu\u00e7\u00e3o ideal para receber fotos e v\u00eddeos diretamente no seu telem\u00f3vel a partir de qualquer quinta ou terreno de ca\u00e7a.<\/h3>\n<div data-rm-block-id=\"block-2\"><\/div>","protected":false},"featured_media":27292,"template":"","meta":[],"product_brand":[],"product_cat":[105,139],"product_tag":[],"class_list":{"0":"post-27291","1":"product","2":"type-product","3":"status-publish","4":"has-post-thumbnail","6":"product_cat-accesorios","7":"product_cat-camara-con-envio-al-movil","9":"first","10":"instock","11":"taxable","12":"shipping-taxable","13":"purchasable","14":"product-type-simple","15":"add-to-wishlist-after_add_to_cart"},"_links":{"self":[{"href":"https:\/\/dinaturez.com\/pt\/wp-json\/wp\/v2\/product\/27291","targetHints":{"allow":["GET"]}}],"collection":[{"href":"https:\/\/dinaturez.com\/pt\/wp-json\/wp\/v2\/product"}],"about":[{"href":"https:\/\/dinaturez.com\/pt\/wp-json\/wp\/v2\/types\/product"}],"wp:featuredmedia":[{"embeddable":true,"href":"https:\/\/dinaturez.com\/pt\/wp-json\/wp\/v2\/media\/27292"}],"wp:attachment":[{"href":"https:\/\/dinaturez.com\/pt\/wp-json\/wp\/v2\/media?parent=27291"}],"wp:term":[{"taxonomy":"product_brand","embeddable":true,"href":"https:\/\/dinaturez.com\/pt\/wp-json\/wp\/v2\/product_brand?post=27291"},{"taxonomy":"product_cat","embeddable":true,"href":"https:\/\/dinaturez.com\/pt\/wp-json\/wp\/v2\/product_cat?post=27291"},{"taxonomy":"product_tag","embeddable":true,"href":"https:\/\/dinaturez.com\/pt\/wp-json\/wp\/v2\/product_tag?post=27291"}],"curies":[{"name":"wp","href":"https:\/\/api.w.org\/{rel}","templated":true}]}}