{"id":27271,"date":"2026-02-06T11:09:41","date_gmt":"2026-02-06T10:09:41","guid":{"rendered":"https:\/\/dinaturez.com\/?post_type=product&#038;p=27271"},"modified":"2026-03-11T11:28:29","modified_gmt":"2026-03-11T10:28:29","slug":"binocular-termico-quest-s50r-nocpix","status":"publish","type":"product","link":"https:\/\/dinaturez.com\/pt\/product\/binocular-termico-quest-s50r-nocpix\/","title":{"rendered":"Bin\u00f3culo T\u00e9rmico QUEST S50R NOCPIX QUEST S50R NOCPIX"},"content":{"rendered":"<h4><span style=\"font-size: 16px;\">O bin\u00f3culo t\u00e9rmico QUEST est\u00e1 equipado com um potente sensor de 1280\u00d71024 (NETD \u226415 mK, 60 Hz) que assegura uma nitidez de imagem excecional, uma excelente sensibilidade t\u00e9rmica e um desempenho fi\u00e1vel mesmo em condi\u00e7\u00f5es exigentes. Com um peso de apenas 750 gramas, a nova Quest oferece um elevado n\u00edvel de conforto para todas as actividades ao ar livre. Com um alcance de dete\u00e7\u00e3o de at\u00e9 2.600 metros, o QUEST S50R oferece o m\u00e1ximo desempenho em longas dist\u00e2ncias.<\/span><\/h4>\n<h4><span style=\"font-size: 16px;\"> O tel\u00e9metro laser integrado determina dist\u00e2ncias precisas at\u00e9 1.000 metros. Isto permite medi\u00e7\u00f5es de dist\u00e2ncia exactas e suporta c\u00e1lculos e dados bal\u00edsticos para uma experi\u00eancia de ca\u00e7a ainda mais intensa e segura. Concebidos para uma utiliza\u00e7\u00e3o prolongada, os bin\u00f3culos de imagem t\u00e9rmica possuem um revestimento robusto de borracha s\u00f3lida e prote\u00e7\u00e3o de classe IP67, que oferece uma prote\u00e7\u00e3o fi\u00e1vel contra a \u00e1gua e o p\u00f3 e garante uma elevada durabilidade.<\/span><\/h4>\n<div class=\"pMultistage_item pMultistage_2\">\n<dl>\n<dt>Grande campo de vis\u00e3o de 30\u00d724 m<\/dt>\n<\/dl>\n<\/div>\n<p>Sensor superior para uma nitidez excecional<\/p>\n<p>Amplo campo de vis\u00e3o<\/p>\n<p>Experi\u00eancia de conforto visual<\/p>\n<p>Poderosas capacidades de dete\u00e7\u00e3o<\/p>\n<p>Funcionamento com uma s\u00f3 m\u00e3o<\/p>\n<p>Leve e port\u00e1til<\/p>\n<p>bateria dupla com uma bateria 18650 incorporada e substitu\u00edvel<\/p>\n<p>Revestimento de borracha refinado, resistente \u00e0 \u00e1gua e ao p\u00f3<\/p>\n<p>&nbsp;<\/p>\n<p><iframe title=\"Bin\u00f3culos T\u00e9rmicos Profissionais para Ca\u00e7adores | S\u00e9rie Quest da Nocpix : Quest H50R &amp; H35R &amp; L35R\" width=\"500\" height=\"281\" src=\"https:\/\/www.youtube.com\/embed\/XPZceXkutZE?feature=oembed\" frameborder=\"0\" allow=\"accelerometer; autoplay; clipboard-write; encrypted-media; gyroscope; picture-in-picture; web-share\" referrerpolicy=\"strict-origin-when-cross-origin\" allowfullscreen><\/iframe><\/p>\n<p data-rm-block-id=\"block-20\">A NOCPIX oferece uma garantia de dez anos para o sensor, dois anos para a bateria e tr\u00eas anos para o instrumento e m\u00e3o de obra. A garantia n\u00e3o cobre perdas ou danos causados por abuso, utiliza\u00e7\u00e3o incorrecta, acidente, neglig\u00eancia ou desmontagem.<\/p>\n<p data-rm-block-id=\"block-22\"><strong><a href=\"https:\/\/www.nocpix.com\/es\/quest-series\/\" target=\"_blank\" rel=\"noopener\">Bin\u00f3culos t\u00e9rmicos Quest\u00a0<\/a><\/strong>S\u00e3o mais do que simples ferramentas - s\u00e3o uma extens\u00e3o dos seus sentidos, permitindo-lhe ver para al\u00e9m do vis\u00edvel para a ca\u00e7a nocturna e a explora\u00e7\u00e3o ao ar livre. Desde o design ergon\u00f3mico \u00e0 tecnologia de imagem de ponta, todos os detalhes s\u00e3o meticulosamente concebidos para aumentar o conforto e a efici\u00eancia. Quer seja um ca\u00e7ador profissional ou um entusiasta de actividades ao ar livre, estes bin\u00f3culos ser\u00e3o o seu companheiro de confian\u00e7a no escuro.<\/p>","protected":false},"excerpt":{"rendered":"<h3><span style=\"font-size: 16px;\">El Binocular t\u00e9rmico QUEST est\u00e1 equipado con un potente sensor de 1280&#215;1024 (NETD \u226415 mK, 60 Hz) que garantiza una claridad de imagen excepcional, una excelente sensibilidad t\u00e9rmica y un rendimiento fiable incluso en condiciones exigentes.<\/span><\/h3>","protected":false},"featured_media":27272,"template":"","meta":[],"product_brand":[],"product_cat":[192,193,191,142,146],"product_tag":[],"class_list":{"0":"post-27271","1":"product","2":"type-product","3":"status-publish","4":"has-post-thumbnail","6":"product_cat-binoculares-termicos","7":"product_cat-binoculares-termicos-nocpix","8":"product_cat-nocpix","9":"product_cat-prismaticos","10":"product_cat-visores-termicos","12":"first","13":"instock","14":"taxable","15":"shipping-taxable","16":"purchasable","17":"product-type-simple","18":"add-to-wishlist-after_add_to_cart"},"_links":{"self":[{"href":"https:\/\/dinaturez.com\/pt\/wp-json\/wp\/v2\/product\/27271","targetHints":{"allow":["GET"]}}],"collection":[{"href":"https:\/\/dinaturez.com\/pt\/wp-json\/wp\/v2\/product"}],"about":[{"href":"https:\/\/dinaturez.com\/pt\/wp-json\/wp\/v2\/types\/product"}],"wp:featuredmedia":[{"embeddable":true,"href":"https:\/\/dinaturez.com\/pt\/wp-json\/wp\/v2\/media\/27272"}],"wp:attachment":[{"href":"https:\/\/dinaturez.com\/pt\/wp-json\/wp\/v2\/media?parent=27271"}],"wp:term":[{"taxonomy":"product_brand","embeddable":true,"href":"https:\/\/dinaturez.com\/pt\/wp-json\/wp\/v2\/product_brand?post=27271"},{"taxonomy":"product_cat","embeddable":true,"href":"https:\/\/dinaturez.com\/pt\/wp-json\/wp\/v2\/product_cat?post=27271"},{"taxonomy":"product_tag","embeddable":true,"href":"https:\/\/dinaturez.com\/pt\/wp-json\/wp\/v2\/product_tag?post=27271"}],"curies":[{"name":"wp","href":"https:\/\/api.w.org\/{rel}","templated":true}]}}