{"id":27263,"date":"2026-02-03T11:06:53","date_gmt":"2026-02-03T10:06:53","guid":{"rendered":"https:\/\/dinaturez.com\/?post_type=product&#038;p=27263"},"modified":"2026-03-11T11:29:09","modified_gmt":"2026-03-11T10:29:09","slug":"tarjeta-sd-64-gb-de-gardepro","status":"publish","type":"product","link":"https:\/\/dinaturez.com\/pt\/product\/tarjeta-sd-64-gb-de-gardepro\/","title":{"rendered":"CART\u00c3O SD GARDEPRO 64GB"},"content":{"rendered":"<h4 data-rm-block-id=\"block-1\"><strong data-start=\"76\" data-end=\"104\">Cart\u00e3o SD GardePro 64GB<\/strong><\/h4>\n<h4 data-rm-block-id=\"block-2\"><br data-start=\"104\" data-end=\"107\" \/>O cart\u00e3o de 64 GB oferece um amplo espa\u00e7o de armazenamento para fotografias e v\u00eddeos de alta defini\u00e7\u00e3o, ideal para c\u00e2maras de ca\u00e7a, c\u00e2maras de seguran\u00e7a e outros dispositivos compat\u00edveis. Proporciona velocidades de leitura e escrita est\u00e1veis que garantem um desempenho suave e fi\u00e1vel. Concebido para resistir a condi\u00e7\u00f5es exigentes, \u00e9 robusto e duradouro, perfeito para uma utiliza\u00e7\u00e3o prolongada no exterior.<\/h4>\n<h4><\/h4>\n<ul>\n<li data-start=\"137\" data-end=\"232\">\n<p data-start=\"139\" data-end=\"232\">Capacidade de 64 GB, ideal para armazenar grandes quantidades de fotografias e v\u00eddeos de alta defini\u00e7\u00e3o.<\/p>\n<\/li>\n<li data-start=\"233\" data-end=\"322\">\n<p data-start=\"235\" data-end=\"322\">Compat\u00edvel com as c\u00e2maras de ca\u00e7a GardePro e outros dispositivos que utilizam cart\u00f5es SD.<\/p>\n<\/li>\n<li data-start=\"323\" data-end=\"398\">\n<p data-start=\"325\" data-end=\"398\">Velocidade de leitura e escrita est\u00e1vel para um desempenho fi\u00e1vel.<\/p>\n<\/li>\n<li data-start=\"399\" data-end=\"478\">\n<p data-start=\"401\" data-end=\"478\">Design robusto, adequado para utiliza\u00e7\u00e3o no exterior e em condi\u00e7\u00f5es exigentes.<\/p>\n<\/li>\n<li data-start=\"479\" data-end=\"552\">\n<p data-start=\"481\" data-end=\"552\">Ideal para c\u00e2maras de vigil\u00e2ncia, c\u00e2maras de trilho e grava\u00e7\u00e3o cont\u00ednua.<\/p>\n<\/li>\n<li data-start=\"553\" data-end=\"620\">\n<p data-start=\"555\" data-end=\"620\">F\u00e1cil de instalar e utilizar, pronto a funcionar imediatamente.<\/p>\n<\/li>\n<\/ul>","protected":false},"excerpt":{"rendered":"<h3>Cart\u00e3o de mem\u00f3ria de alta capacidade ideal para c\u00e2maras de ca\u00e7a e dispositivos de grava\u00e7\u00e3o. Oferece armazenamento fi\u00e1vel, boa velocidade de leitura\/escrita e desempenho est\u00e1vel para fotografias e v\u00eddeos de alta defini\u00e7\u00e3o. Robusto e dur\u00e1vel, perfeito para utiliza\u00e7\u00e3o no exterior.<\/h3>","protected":false},"featured_media":27264,"template":"","meta":[],"product_brand":[],"product_cat":[105,139,138,129],"product_tag":[],"class_list":{"0":"post-27263","1":"product","2":"type-product","3":"status-publish","4":"has-post-thumbnail","6":"product_cat-accesorios","7":"product_cat-camara-con-envio-al-movil","8":"product_cat-camaras-basicas","9":"product_cat-gardepro","11":"first","12":"instock","13":"taxable","14":"shipping-taxable","15":"purchasable","16":"product-type-simple","17":"add-to-wishlist-after_add_to_cart"},"_links":{"self":[{"href":"https:\/\/dinaturez.com\/pt\/wp-json\/wp\/v2\/product\/27263","targetHints":{"allow":["GET"]}}],"collection":[{"href":"https:\/\/dinaturez.com\/pt\/wp-json\/wp\/v2\/product"}],"about":[{"href":"https:\/\/dinaturez.com\/pt\/wp-json\/wp\/v2\/types\/product"}],"wp:featuredmedia":[{"embeddable":true,"href":"https:\/\/dinaturez.com\/pt\/wp-json\/wp\/v2\/media\/27264"}],"wp:attachment":[{"href":"https:\/\/dinaturez.com\/pt\/wp-json\/wp\/v2\/media?parent=27263"}],"wp:term":[{"taxonomy":"product_brand","embeddable":true,"href":"https:\/\/dinaturez.com\/pt\/wp-json\/wp\/v2\/product_brand?post=27263"},{"taxonomy":"product_cat","embeddable":true,"href":"https:\/\/dinaturez.com\/pt\/wp-json\/wp\/v2\/product_cat?post=27263"},{"taxonomy":"product_tag","embeddable":true,"href":"https:\/\/dinaturez.com\/pt\/wp-json\/wp\/v2\/product_tag?post=27263"}],"curies":[{"name":"wp","href":"https:\/\/api.w.org\/{rel}","templated":true}]}}