{"id":27259,"date":"2026-02-02T20:17:19","date_gmt":"2026-02-02T19:17:19","guid":{"rendered":"https:\/\/dinaturez.com\/?post_type=product&#038;p=27259"},"modified":"2026-03-11T11:29:37","modified_gmt":"2026-03-11T10:29:37","slug":"gardepro-a5wf-panel-solar-sp350-pack","status":"publish","type":"product","link":"https:\/\/dinaturez.com\/pt\/product\/gardepro-a5wf-panel-solar-sp350-pack\/","title":{"rendered":"Pack GardePro A5WF + Painel Solar SP350"},"content":{"rendered":"<h4 data-start=\"162\" data-end=\"414\" data-rm-block-id=\"block-1\">Aproveite esta vantagem <span style=\"color: #ff0000;\">embalagem <strong data-start=\"177\" data-end=\"196\">especial<\/strong><\/span> e equipar a sua c\u00e2mara com tudo o que precisa desde o primeiro dia. O <strong data-start=\"262\" data-end=\"277\">GardePro A5WF<\/strong> oferece imagens de alta qualidade. Os seus <strong data-start=\"924\" data-end=\"944\">flash LED branco<\/strong> ilumina a cena mesmo na escurid\u00e3o total, permitindo a obten\u00e7\u00e3o de imagens nocturnas em <strong data-start=\"1036\" data-end=\"1050\">cor verdadeira<\/strong> com um alcance de at\u00e9 <strong data-start=\"1075\" data-end=\"1083\">30 m<\/strong>, ideal para identificar animais ou acontecimentos com grande precis\u00e3o. Equipado com <strong data-start=\"1234\" data-end=\"1252\">3 sensores PIR<\/strong> e um \u00e2ngulo de dete\u00e7\u00e3o de <strong data-start=\"1281\" data-end=\"1289\">120\u00b0<\/strong>, O A5WF reage aos movimentos em apenas alguns segundos. <strong data-start=\"1337\" data-end=\"1346\">0.1 s<\/strong>, garantindo que nenhum momento importante seja perdido.<\/h4>\n<h4 data-start=\"416\" data-end=\"657\" data-rm-block-id=\"block-2\">Quando compra o pacote, este inclui <strong data-start=\"450\" data-end=\"480\">Painel solar GardePro SP350<\/strong>, que prev\u00ea <strong data-start=\"498\" data-end=\"531\">energia cont\u00ednua e sustent\u00e1vel<\/strong>, Isto aumenta a autonomia da c\u00e2mara e reduz a utiliza\u00e7\u00e3o de pilhas, mesmo em instala\u00e7\u00f5es exteriores de longa dura\u00e7\u00e3o.<\/h4>\n<h4 data-start=\"659\" data-end=\"749\" data-rm-block-id=\"block-3\"><strong data-start=\"661\" data-end=\"749\">Mais autonomia, menos manuten\u00e7\u00e3o e melhor pre\u00e7o na compra conjunta dos dois produtos.<\/strong><\/h4>\n<h4 data-start=\"731\" data-end=\"814\" data-rm-block-id=\"block-4\"><strong data-start=\"734\" data-end=\"814\">A combina\u00e7\u00e3o perfeita para um funcionamento cont\u00ednuo e sem manuten\u00e7\u00e3o.<\/strong><\/h4>\n<ul>\n<li data-start=\"134\" data-end=\"471\">\n<p data-rm-block-id=\"block-5\">O <strong data-start=\"137\" data-end=\"152\">A5WF <\/strong>A GardePro A5WF \u00e9 uma c\u00e2mara de armadilhagem fotogr\u00e1fica avan\u00e7ada concebida tanto para a monitoriza\u00e7\u00e3o da vida selvagem como para a seguran\u00e7a no exterior, combinando tecnologia de imagem de \u00faltima gera\u00e7\u00e3o com uma constru\u00e7\u00e3o robusta para utiliza\u00e7\u00e3o no exterior.<\/p>\n<\/li>\n<li data-start=\"473\" data-end=\"729\">\n<p data-rm-block-id=\"block-6\">O <strong data-start=\"476\" data-end=\"506\">painel solar SP350<\/strong> garante uma <strong data-start=\"521\" data-end=\"545\">autonomia prolongada<\/strong>, Funciona a pilhas, minimizando o uso de baterias. Incorpora <strong data-start=\"595\" data-end=\"627\">bateria recarreg\u00e1vel integrada<\/strong>, \u00e9 resistente \u00e0s intemp\u00e9ries e foi concebido para funcionar de forma fi\u00e1vel em ambientes exteriores.<\/p>\n<\/li>\n<\/ul>\n<h3 data-start=\"731\" data-end=\"814\" data-rm-block-id=\"block-7\"><\/h3>","protected":false},"excerpt":{"rendered":"<h3 data-start=\"416\" data-end=\"657\" data-rm-block-id=\"block-2\">Fabuloso pack, se incluye c\u00e1mara GardePro A5WF y el <strong data-start=\"450\" data-end=\"480\">painel solar SP350<\/strong>, que prev\u00ea <strong data-start=\"498\" data-end=\"531\">energia cont\u00ednua e sustent\u00e1vel<\/strong>, Isto aumenta a autonomia da c\u00e2mara e reduz a utiliza\u00e7\u00e3o de pilhas, mesmo em instala\u00e7\u00f5es exteriores de longa dura\u00e7\u00e3o.<\/h3>","protected":false},"featured_media":27256,"template":"","meta":[],"product_brand":[],"product_cat":[102,138,129,109],"product_tag":[],"class_list":{"0":"post-27259","1":"product","2":"type-product","3":"status-publish","4":"has-post-thumbnail","6":"product_cat-camaras","7":"product_cat-camaras-basicas","8":"product_cat-gardepro","9":"product_cat-ofertas","11":"first","12":"instock","13":"taxable","14":"shipping-taxable","15":"purchasable","16":"product-type-simple","17":"add-to-wishlist-after_add_to_cart"},"_links":{"self":[{"href":"https:\/\/dinaturez.com\/pt\/wp-json\/wp\/v2\/product\/27259","targetHints":{"allow":["GET"]}}],"collection":[{"href":"https:\/\/dinaturez.com\/pt\/wp-json\/wp\/v2\/product"}],"about":[{"href":"https:\/\/dinaturez.com\/pt\/wp-json\/wp\/v2\/types\/product"}],"wp:featuredmedia":[{"embeddable":true,"href":"https:\/\/dinaturez.com\/pt\/wp-json\/wp\/v2\/media\/27256"}],"wp:attachment":[{"href":"https:\/\/dinaturez.com\/pt\/wp-json\/wp\/v2\/media?parent=27259"}],"wp:term":[{"taxonomy":"product_brand","embeddable":true,"href":"https:\/\/dinaturez.com\/pt\/wp-json\/wp\/v2\/product_brand?post=27259"},{"taxonomy":"product_cat","embeddable":true,"href":"https:\/\/dinaturez.com\/pt\/wp-json\/wp\/v2\/product_cat?post=27259"},{"taxonomy":"product_tag","embeddable":true,"href":"https:\/\/dinaturez.com\/pt\/wp-json\/wp\/v2\/product_tag?post=27259"}],"curies":[{"name":"wp","href":"https:\/\/api.w.org\/{rel}","templated":true}]}}