{"id":27160,"date":"2026-01-05T13:25:08","date_gmt":"2026-01-05T12:25:08","guid":{"rendered":"https:\/\/dinaturez.com\/?post_type=product&#038;p=27160"},"modified":"2026-03-11T11:31:20","modified_gmt":"2026-03-11T10:31:20","slug":"telemetro-paragon-scrf-20-vector-optics","status":"publish","type":"product","link":"https:\/\/dinaturez.com\/pt\/product\/telemetro-paragon-scrf-20-vector-optics\/","title":{"rendered":"Tel\u00e9metro Paragon 6\u00d725 GenII Ref: SCRF-20 VECTOR OPTICS"},"content":{"rendered":"<h4 data-rm-block-id=\"block-1\">O <strong data-start=\"331\" data-end=\"363\">Tel\u00eametro Paragon 6\u00d725 GenII<\/strong> da Vetor Optics \u00e9 um tel\u00e9metro laser compacto, potente e vers\u00e1til, ideal para <strong data-start=\"444\" data-end=\"505\">ca\u00e7a, golfe, tiro desportivo e observa\u00e7\u00e3o da natureza<\/strong>. Combina um desempenho avan\u00e7ado, um funcionamento intuitivo e uma constru\u00e7\u00e3o leve, tornando-a numa ferramenta indispens\u00e1vel para qualquer aventureiro ou atirador exigente.<\/h4>\n<p>&nbsp;<\/p>\n<ul>\n<li data-start=\"759\" data-end=\"900\">\n<p data-start=\"761\" data-end=\"900\" data-rm-block-id=\"block-2\"><strong data-start=\"761\" data-end=\"778\">Amplia\u00e7\u00e3o de 6x<\/strong> que proporciona uma vis\u00e3o clara e pormenorizada do alvo, mesmo a longas dist\u00e2ncias.<\/p>\n<\/li>\n<li data-start=\"901\" data-end=\"1095\">\n<p data-start=\"903\" data-end=\"1095\" data-rm-block-id=\"block-3\"><strong data-start=\"903\" data-end=\"958\">Alcance de medi\u00e7\u00e3o at\u00e9 2000 jardas \/ 1850 metros<\/strong>, com capacidades espec\u00edficas para diferentes alvos, como veados, \u00e1rvores ou bandeiras de golfe.<\/p>\n<\/li>\n<li data-start=\"1096\" data-end=\"1240\">\n<p data-start=\"1098\" data-end=\"1240\" data-rm-block-id=\"block-4\"><strong data-start=\"1098\" data-end=\"1126\">Modo de digitaliza\u00e7\u00e3o<\/strong> para adquirir rapidamente v\u00e1rios alvos no campo de vis\u00e3o.<\/p>\n<\/li>\n<li data-start=\"1241\" data-end=\"1435\">\n<p data-start=\"1243\" data-end=\"1435\" data-rm-block-id=\"block-5\"><strong data-start=\"1243\" data-end=\"1275\">Medi\u00e7\u00e3o de \u00e2ngulos integrada<\/strong>, que permite o c\u00e1lculo da dist\u00e2ncia horizontal efectiva, da altura e da dist\u00e2ncia da linha de vista em terrenos inclinados.<\/p>\n<\/li>\n<li data-start=\"1436\" data-end=\"1575\">\n<p data-start=\"1438\" data-end=\"1575\" data-rm-block-id=\"block-6\"><strong data-start=\"1438\" data-end=\"1473\">Resposta ultra-r\u00e1pida (0,25 s)<\/strong> para leituras instant\u00e2neas com uma precis\u00e3o de \u00b11 jarda\/metro.<\/p>\n<\/li>\n<li data-start=\"1576\" data-end=\"1734\">\n<p data-start=\"1578\" data-end=\"1734\" data-rm-block-id=\"block-7\"><strong data-start=\"1578\" data-end=\"1609\">\u00d3tica totalmente multi-revestida<\/strong> com LCD de alta transmiss\u00e3o que garante uma excelente qualidade de imagem e contraste.<\/p>\n<\/li>\n<li data-start=\"1735\" data-end=\"1918\">\n<p data-start=\"1737\" data-end=\"1918\" data-rm-block-id=\"block-8\"><strong data-start=\"1737\" data-end=\"1765\">Design leve e port\u00e1til<\/strong> (\u2248180 g) com caixa refor\u00e7ada a borracha, f\u00e1cil de transportar e simples de utilizar com bot\u00f5es dedicados de alcance e modo.<\/p>\n<\/li>\n<li data-start=\"1919\" data-end=\"2052\">\n<p data-start=\"1921\" data-end=\"2052\" data-rm-block-id=\"block-9\"><strong data-start=\"1921\" data-end=\"1949\">Resist\u00eancia \u00e0 \u00e1gua IPX4<\/strong>, Isto permite-lhe ser utilizado em condi\u00e7\u00f5es ambientais moderadas.<\/p>\n<\/li>\n<li data-start=\"2053\" data-end=\"2152\">\n<p data-start=\"2055\" data-end=\"2152\" data-rm-block-id=\"block-10\"><strong data-start=\"2055\" data-end=\"2077\">Encerramento autom\u00e1tico<\/strong> para conservar a pilha (CR2).<\/p>\n<\/li>\n<\/ul>\n<table>\n<tbody>\n<tr>\n<td class=\"t1\" data-rm-block-id=\"block-12\">Amplia\u00e7\u00e3o<\/td>\n<td class=\"t2\" data-rm-block-id=\"block-13\">6x<\/td>\n<\/tr>\n<tr>\n<td class=\"t1\" data-rm-block-id=\"block-14\">Dia da lente objetiva<\/td>\n<td class=\"t2\" data-rm-block-id=\"block-15\">25 mm<\/td>\n<\/tr>\n<tr>\n<td class=\"t1\" data-rm-block-id=\"block-16\">Sa\u00edda do aluno<\/td>\n<td class=\"t2\" data-rm-block-id=\"block-17\">4,17 mm<\/td>\n<\/tr>\n<tr>\n<td class=\"t1\" data-rm-block-id=\"block-18\">Revestimento da lente<\/td>\n<td class=\"t2\" data-rm-block-id=\"block-19\">Totalmente multi-revestido<\/td>\n<\/tr>\n<tr>\n<td class=\"t1\" data-rm-block-id=\"block-20\">Campo de vis\u00e3o a 1.000 jardas \/ 1.000 m<\/td>\n<td class=\"t2\" data-rm-block-id=\"block-21\">N\/A<\/td>\n<\/tr>\n<tr>\n<td class=\"t1\" data-rm-block-id=\"block-22\">Campo de vis\u00e3o angular<\/td>\n<td class=\"t2\" data-rm-block-id=\"block-23\">7\u00b0<\/td>\n<\/tr>\n<tr>\n<td class=\"t1\" data-rm-block-id=\"block-24\">Compensa\u00e7\u00e3o de dioptrias<\/td>\n<td class=\"t2\" data-rm-block-id=\"block-25\">N\/A<\/td>\n<\/tr>\n<\/tbody>\n<\/table>","protected":false},"excerpt":{"rendered":"<h3 data-rm-block-id=\"block-1\">O <strong data-start=\"331\" data-end=\"363\">Tel\u00e9metro scrf-20<\/strong>\u00a0es un tel\u00e9metro l\u00e1ser compacto, potente y vers\u00e1til, ideal para <strong data-start=\"444\" data-end=\"505\">ca\u00e7a, golfe, tiro desportivo e observa\u00e7\u00e3o da natureza<\/strong>. Combina um desempenho avan\u00e7ado, um funcionamento intuitivo e uma constru\u00e7\u00e3o leve, tornando-a numa ferramenta indispens\u00e1vel para qualquer aventureiro ou atirador exigente.<\/h3>","protected":false},"featured_media":27161,"template":"","meta":[],"product_brand":[],"product_cat":[133,105,142],"product_tag":[],"class_list":{"0":"post-27160","1":"product","2":"type-product","3":"status-publish","4":"has-post-thumbnail","6":"product_cat-vector-optic","7":"product_cat-accesorios","8":"product_cat-prismaticos","10":"first","11":"instock","12":"taxable","13":"shipping-taxable","14":"purchasable","15":"product-type-simple","16":"add-to-wishlist-after_add_to_cart"},"_links":{"self":[{"href":"https:\/\/dinaturez.com\/pt\/wp-json\/wp\/v2\/product\/27160","targetHints":{"allow":["GET"]}}],"collection":[{"href":"https:\/\/dinaturez.com\/pt\/wp-json\/wp\/v2\/product"}],"about":[{"href":"https:\/\/dinaturez.com\/pt\/wp-json\/wp\/v2\/types\/product"}],"wp:featuredmedia":[{"embeddable":true,"href":"https:\/\/dinaturez.com\/pt\/wp-json\/wp\/v2\/media\/27161"}],"wp:attachment":[{"href":"https:\/\/dinaturez.com\/pt\/wp-json\/wp\/v2\/media?parent=27160"}],"wp:term":[{"taxonomy":"product_brand","embeddable":true,"href":"https:\/\/dinaturez.com\/pt\/wp-json\/wp\/v2\/product_brand?post=27160"},{"taxonomy":"product_cat","embeddable":true,"href":"https:\/\/dinaturez.com\/pt\/wp-json\/wp\/v2\/product_cat?post=27160"},{"taxonomy":"product_tag","embeddable":true,"href":"https:\/\/dinaturez.com\/pt\/wp-json\/wp\/v2\/product_tag?post=27160"}],"curies":[{"name":"wp","href":"https:\/\/api.w.org\/{rel}","templated":true}]}}