{"id":27145,"date":"2026-01-03T10:45:51","date_gmt":"2026-01-03T09:45:51","guid":{"rendered":"https:\/\/dinaturez.com\/?post_type=product&#038;p=27145"},"modified":"2026-03-11T11:39:28","modified_gmt":"2026-03-11T10:39:28","slug":"telemetro-scrf-s20-vector-optics","status":"publish","type":"product","link":"https:\/\/dinaturez.com\/pt\/product\/telemetro-scrf-s20-vector-optics\/","title":{"rendered":"Tel\u00e9metro Paragon 6\u00d721 GENIII BDC Ref: SCRF-S20 VECTOR OPTICS"},"content":{"rendered":"<h4 data-rm-block-id=\"block-1\">O <strong data-start=\"332\" data-end=\"359\">Paragon 6\u00d721 GENIII FOC<\/strong> \u00e9 um <strong data-start=\"366\" data-end=\"412\">tel\u00e9metro laser bal\u00edstico digital compacto<\/strong> Concebido para medir com precis\u00e3o a dist\u00e2ncia em actividades como <strong data-start=\"478\" data-end=\"535\">ca\u00e7a, tiro desportivo e observa\u00e7\u00e3o a longa dist\u00e2ncia<\/strong>. Oferece um equil\u00edbrio entre funcionalidades avan\u00e7adas e um tamanho leve, ideal para transportar no terreno sem adicionar peso desnecess\u00e1rio.<\/h4>\n<h4 data-rm-block-id=\"block-2\">Um tel\u00e9metro <strong data-start=\"3272\" data-end=\"3293\">leve e vers\u00e1til<\/strong>, O design compacto, a resposta r\u00e1pida e a integra\u00e7\u00e3o de aplica\u00e7\u00f5es m\u00f3veis tornam-no uma op\u00e7\u00e3o interessante se estiver \u00e0 procura de um tel\u00e9metro com todas as funcionalidades sem ser demasiado sofisticado. O seu design compacto, a resposta r\u00e1pida e a integra\u00e7\u00e3o de aplica\u00e7\u00f5es m\u00f3veis tornam-no uma op\u00e7\u00e3o interessante se procura um tel\u00e9metro com todas as funcionalidades sem ser demasiado sofisticado.<\/h4>\n<ul>\n<li data-start=\"1315\" data-end=\"1419\">\n<p data-start=\"1317\" data-end=\"1419\" data-rm-block-id=\"block-3\"><strong data-start=\"1320\" data-end=\"1332\">Aumentar:<\/strong> 6\u00d7 para uma vis\u00e3o clara da lente.<\/p>\n<\/li>\n<li data-start=\"1420\" data-end=\"1512\">\n<p data-start=\"1422\" data-end=\"1512\" data-rm-block-id=\"block-4\"><strong data-start=\"1425\" data-end=\"1444\">Alcance efetivo:<\/strong> 5 - 1.850 m \/ 5 - 2.000 yd.<\/p>\n<\/li>\n<li data-start=\"1513\" data-end=\"1704\">\n<p data-start=\"1515\" data-end=\"1704\" data-rm-block-id=\"block-5\"><strong data-start=\"1518\" data-end=\"1540\">Modos de medi\u00e7\u00e3o:<\/strong> Inclui o modo de varrimento e modos especializados, tais como PinLock e medi\u00e7\u00e3o de \u00e2ngulos para o c\u00e1lculo de dist\u00e2ncias reais em declives.<\/p>\n<\/li>\n<li data-start=\"1705\" data-end=\"1831\">\n<p data-start=\"1707\" data-end=\"1831\" data-rm-block-id=\"block-6\"><strong data-start=\"1710\" data-end=\"1735\">\u00c2mbito de aplica\u00e7\u00e3o espec\u00edfico:<\/strong> at\u00e9 ~825 m para o stag e ~460 m para a bandeira de golfe.<\/p>\n<\/li>\n<li data-start=\"1832\" data-end=\"1932\">\n<p data-start=\"1834\" data-end=\"1932\" data-rm-block-id=\"block-7\"><strong data-start=\"1838\" data-end=\"1852\">Exatid\u00e3o:<\/strong> \u00b11 m\/jarda com medi\u00e7\u00e3o r\u00e1pida e fi\u00e1vel.<\/p>\n<\/li>\n<li data-start=\"1933\" data-end=\"2101\">\n<p data-start=\"1935\" data-end=\"2101\" data-rm-block-id=\"block-8\"><strong data-start=\"1939\" data-end=\"1967\">Constru\u00e7\u00e3o robusta:<\/strong> Caixa revestida a borracha, resist\u00eancia \u00e0 \u00e1gua IPX4 e design compacto (105\u00d776\u00d742 mm).<\/p>\n<\/li>\n<li data-start=\"2102\" data-end=\"2250\">\n<p data-start=\"2104\" data-end=\"2250\" data-rm-block-id=\"block-9\"><strong data-start=\"2107\" data-end=\"2119\">Bateria:<\/strong> \u00c9 alimentado por um CR2 (n\u00e3o inclu\u00eddo) e tem uma fun\u00e7\u00e3o de desligamento autom\u00e1tico para poupar energia.<\/p>\n<\/li>\n<li data-start=\"2251\" data-end=\"2393\">\n<p data-start=\"2253\" data-end=\"2393\" data-rm-block-id=\"block-10\"><strong data-start=\"2256\" data-end=\"2275\">Compat\u00edvel com aplica\u00e7\u00f5es:<\/strong> Integra\u00e7\u00e3o com a aplica\u00e7\u00e3o gratuita AB Synapse-SORD\u00ae com base de dados bal\u00edsticos.<\/p>\n<\/li>\n<\/ul>\n<div class=\"tab\">\n<table>\n<tbody>\n<tr>\n<td class=\"t1\" data-rm-block-id=\"block-12\">Amplia\u00e7\u00e3o<\/td>\n<td class=\"t2\" data-rm-block-id=\"block-13\">6x<\/td>\n<\/tr>\n<tr>\n<td class=\"t1\" data-rm-block-id=\"block-14\">Dia da lente objetiva<\/td>\n<td class=\"t2\" data-rm-block-id=\"block-15\">21 mm<\/td>\n<\/tr>\n<tr>\n<td class=\"t1\" data-rm-block-id=\"block-16\">Sa\u00edda do aluno<\/td>\n<td class=\"t2\" data-rm-block-id=\"block-17\">4,17 mm<\/td>\n<\/tr>\n<tr>\n<td class=\"t1\" data-rm-block-id=\"block-18\">Revestimento da lente<\/td>\n<td class=\"t2\" data-rm-block-id=\"block-19\">Totalmente multi-revestido<\/td>\n<\/tr>\n<tr>\n<td class=\"t1\" data-rm-block-id=\"block-20\">Campo de vis\u00e3o a 1.000 jardas \/ 1.000 m<\/td>\n<td class=\"t2\" data-rm-block-id=\"block-21\">N\/A<\/td>\n<\/tr>\n<tr>\n<td class=\"t1\" data-rm-block-id=\"block-22\">Campo de vis\u00e3o angular<\/td>\n<td class=\"t2\" data-rm-block-id=\"block-23\">7\u00b0<\/td>\n<\/tr>\n<tr>\n<td class=\"t1\" data-rm-block-id=\"block-24\">Compensa\u00e7\u00e3o de dioptrias<\/td>\n<td class=\"t2\" data-rm-block-id=\"block-25\">N\/A<\/td>\n<\/tr>\n<\/tbody>\n<\/table>\n<\/div>","protected":false},"excerpt":{"rendered":"<h3 data-rm-block-id=\"block-1\">O <strong data-start=\"332\" data-end=\"359\">Paragon 6\u00d721 GENIII FOC<\/strong> \u00e9 um <strong data-start=\"366\" data-end=\"412\">tel\u00e9metro laser bal\u00edstico digital compacto<\/strong> Concebido para medir com precis\u00e3o a dist\u00e2ncia em actividades como <strong data-start=\"478\" data-end=\"535\">ca\u00e7a, tiro desportivo e observa\u00e7\u00e3o a longa dist\u00e2ncia<\/strong>. Oferece um equil\u00edbrio entre funcionalidades avan\u00e7adas e um tamanho leve, ideal para transportar no terreno sem adicionar peso desnecess\u00e1rio.<\/h3>","protected":false},"featured_media":27146,"template":"","meta":[],"product_brand":[],"product_cat":[105,142,133],"product_tag":[],"class_list":{"0":"post-27145","1":"product","2":"type-product","3":"status-publish","4":"has-post-thumbnail","6":"product_cat-accesorios","7":"product_cat-prismaticos","8":"product_cat-vector-optic","10":"first","11":"instock","12":"taxable","13":"shipping-taxable","14":"purchasable","15":"product-type-simple","16":"add-to-wishlist-after_add_to_cart"},"_links":{"self":[{"href":"https:\/\/dinaturez.com\/pt\/wp-json\/wp\/v2\/product\/27145","targetHints":{"allow":["GET"]}}],"collection":[{"href":"https:\/\/dinaturez.com\/pt\/wp-json\/wp\/v2\/product"}],"about":[{"href":"https:\/\/dinaturez.com\/pt\/wp-json\/wp\/v2\/types\/product"}],"wp:featuredmedia":[{"embeddable":true,"href":"https:\/\/dinaturez.com\/pt\/wp-json\/wp\/v2\/media\/27146"}],"wp:attachment":[{"href":"https:\/\/dinaturez.com\/pt\/wp-json\/wp\/v2\/media?parent=27145"}],"wp:term":[{"taxonomy":"product_brand","embeddable":true,"href":"https:\/\/dinaturez.com\/pt\/wp-json\/wp\/v2\/product_brand?post=27145"},{"taxonomy":"product_cat","embeddable":true,"href":"https:\/\/dinaturez.com\/pt\/wp-json\/wp\/v2\/product_cat?post=27145"},{"taxonomy":"product_tag","embeddable":true,"href":"https:\/\/dinaturez.com\/pt\/wp-json\/wp\/v2\/product_tag?post=27145"}],"curies":[{"name":"wp","href":"https:\/\/api.w.org\/{rel}","templated":true}]}}