{"id":27128,"date":"2025-12-31T12:11:33","date_gmt":"2025-12-31T11:11:33","guid":{"rendered":"https:\/\/dinaturez.com\/?post_type=product&#038;p=27128"},"modified":"2026-03-11T11:40:53","modified_gmt":"2026-03-11T10:40:53","slug":"telescopio-continental-scss-03-vector-optics","status":"publish","type":"product","link":"https:\/\/dinaturez.com\/pt\/product\/telescopio-continental-scss-03-vector-optics\/","title":{"rendered":"Telesc\u00f3pio terrestre Continental Pro 20-60\u00d780 ED Ref: SCSS-03 VECTOR OPTICS"},"content":{"rendered":"<h4>O <strong data-start=\"232\" data-end=\"280\">Telesc\u00f3pio terrestre Bresser Travel 20-60\u00d780<\/strong> \u00e9 uma <strong data-start=\"288\" data-end=\"323\">vis\u00e3o de longo alcance vers\u00e1til e port\u00e1til<\/strong>, Concebido para os utilizadores que pretendem explorar a natureza, observar aves ou pormenores distantes com nitidez a partir de qualquer lugar. Com um design compacto e uma vasta gama de amplia\u00e7\u00e3o, este modelo oferece <strong data-start=\"520\" data-end=\"577\">observa\u00e7\u00f5es n\u00edtidas e brilhantes em terreno aberto<\/strong> e em excurs\u00f5es ao ar livre.<\/h4>\n<h4>O seu equil\u00edbrio entre o poder de amplia\u00e7\u00e3o, a abertura e a portabilidade fazem dela uma ferramenta excecional para <strong data-start=\"2243\" data-end=\"2294\">utilizadores entusiastas e observadores ocasionais<\/strong> que procuram uma experi\u00eancia \u00f3tica completa sem complica\u00e7\u00f5es.<\/h4>\n<h4><\/h4>\n<ul>\n<li data-start=\"686\" data-end=\"854\">\n<p data-start=\"688\" data-end=\"854\"><strong data-start=\"688\" data-end=\"724\">Amplia\u00e7\u00e3o vari\u00e1vel de 20\u00d7 a 60\u00d7<\/strong>Aumente facilmente o zoom para aproximar objectos distantes e revelar detalhes com precis\u00e3o.<\/p>\n<\/li>\n<li data-start=\"855\" data-end=\"1038\">\n<p data-start=\"857\" data-end=\"1038\"><strong data-start=\"857\" data-end=\"878\">Objetiva de 80 mm<\/strong>: uma grande abertura que <strong data-start=\"898\" data-end=\"917\">capta mais luz<\/strong> para obter imagens n\u00edtidas mesmo com pouca luz ou ao anoitecer.<\/p>\n<\/li>\n<li data-start=\"1039\" data-end=\"1212\">\n<p data-start=\"1041\" data-end=\"1212\"><strong data-start=\"1041\" data-end=\"1090\">\u00d3tica totalmente multi-revestida<\/strong> y <strong data-start=\"1093\" data-end=\"1109\">prismas BK-7<\/strong> que fornecem um <strong data-start=\"1131\" data-end=\"1171\">imagem brilhante com bom contraste<\/strong>.<\/p>\n<\/li>\n<li data-start=\"1213\" data-end=\"1368\">\n<p data-start=\"1215\" data-end=\"1368\"><strong data-start=\"1215\" data-end=\"1236\">Oculares de tor\u00e7\u00e3o<\/strong> que se adaptam facilmente \u00e0 utiliza\u00e7\u00e3o com ou sem \u00f3culos, oferecendo um conforto visual duradouro.<\/p>\n<\/li>\n<li data-start=\"1369\" data-end=\"1520\">\n<p data-start=\"1371\" data-end=\"1520\"><strong data-start=\"1371\" data-end=\"1405\">Desenho com vista inclinada de 45\u00b0<\/strong> para uma observa\u00e7\u00e3o confort\u00e1vel durante sess\u00f5es prolongadas em campo aberto.<\/p>\n<\/li>\n<li data-start=\"1521\" data-end=\"1700\">\n<p data-start=\"1523\" data-end=\"1700\"><strong data-start=\"1523\" data-end=\"1572\">Inclui trip\u00e9 de mesa e saco de transporte<\/strong> com trela, o que faz dele um equipamento <strong data-start=\"1618\" data-end=\"1659\">pronto a usar em qualquer aventura<\/strong>.<\/p>\n<\/li>\n<li data-start=\"1701\" data-end=\"1861\">\n<p data-start=\"1703\" data-end=\"1861\"><strong data-start=\"1703\" data-end=\"1747\">Tampas de prote\u00e7\u00e3o para a lente e a ocular<\/strong> inclu\u00eddo para proteger a \u00f3tica durante o transporte e o armazenamento.<\/p>\n<\/li>\n<\/ul>\n<p>&nbsp;<\/p>\n<table>\n<tbody>\n<tr>\n<td class=\"t1\">Amplia\u00e7\u00e3o<\/td>\n<td class=\"t2\">20-60x<\/td>\n<\/tr>\n<tr>\n<td class=\"t1\">Dia da lente objetiva<\/td>\n<td class=\"t2\">80 mm \/ 3,15 in<\/td>\n<\/tr>\n<tr>\n<td class=\"t1\">Sa\u00edda do aluno<\/td>\n<td class=\"t2\">4,0-1,3 mm<\/td>\n<\/tr>\n<tr>\n<td class=\"t1\">Al\u00edvio ocular<\/td>\n<td class=\"t2\">30 mm<\/td>\n<\/tr>\n<tr>\n<td class=\"t1\">Oculares<\/td>\n<td class=\"t2\">Torcido<\/td>\n<\/tr>\n<tr>\n<td class=\"t1\">Ajuste da dioptria<\/td>\n<td class=\"t2\">N\/A<\/td>\n<\/tr>\n<tr>\n<td class=\"t1\">Vidro de prisma<\/td>\n<td class=\"t2\">N\/A<\/td>\n<\/tr>\n<tr>\n<td class=\"t1\">Dist\u00e2ncia focal m\u00ednima<\/td>\n<td class=\"t2\">N\/A<\/td>\n<\/tr>\n<tr>\n<td class=\"t1\">Revestimento da lente<\/td>\n<td class=\"t2\">Totalmente multi-revestido<\/td>\n<\/tr>\n<tr>\n<td class=\"t1\">Campo de vis\u00e3o linear<\/td>\n<td class=\"t2\">4-1,4 m @ 100 m<\/td>\n<\/tr>\n<tr>\n<td class=\"t1\">Campo de vis\u00e3o angular<\/td>\n<td class=\"t2\">2.3-0.8 \u00b0<\/td>\n<\/tr>\n<tr>\n<td class=\"t1\">Ajuste da focagem<\/td>\n<td class=\"t2\">-5 a +5 dioptrias<\/td>\n<\/tr>\n<\/tbody>\n<\/table>","protected":false},"excerpt":{"rendered":"<h3>O <strong data-start=\"232\" data-end=\"280\">Telesc\u00f3pio terrestre Bresser Travel 20-60\u00d780<\/strong> \u00e9 uma <strong data-start=\"288\" data-end=\"323\">vis\u00e3o de longo alcance vers\u00e1til e port\u00e1til<\/strong>, Concebido para os utilizadores que pretendem explorar a natureza, observar aves ou pormenores distantes com nitidez a partir de qualquer lugar. Com um design compacto e uma vasta gama de amplia\u00e7\u00e3o, este modelo oferece <strong data-start=\"520\" data-end=\"577\">observa\u00e7\u00f5es n\u00edtidas e brilhantes em terreno aberto<\/strong> e em excurs\u00f5es ao ar livre.<\/h3>","protected":false},"featured_media":27130,"template":"","meta":[],"product_brand":[],"product_cat":[133,142,126],"product_tag":[],"class_list":{"0":"post-27128","1":"product","2":"type-product","3":"status-publish","4":"has-post-thumbnail","6":"product_cat-vector-optic","7":"product_cat-prismaticos","8":"product_cat-vision-diurna","10":"first","11":"instock","12":"taxable","13":"shipping-taxable","14":"purchasable","15":"product-type-simple","16":"add-to-wishlist-after_add_to_cart"},"_links":{"self":[{"href":"https:\/\/dinaturez.com\/pt\/wp-json\/wp\/v2\/product\/27128","targetHints":{"allow":["GET"]}}],"collection":[{"href":"https:\/\/dinaturez.com\/pt\/wp-json\/wp\/v2\/product"}],"about":[{"href":"https:\/\/dinaturez.com\/pt\/wp-json\/wp\/v2\/types\/product"}],"wp:featuredmedia":[{"embeddable":true,"href":"https:\/\/dinaturez.com\/pt\/wp-json\/wp\/v2\/media\/27130"}],"wp:attachment":[{"href":"https:\/\/dinaturez.com\/pt\/wp-json\/wp\/v2\/media?parent=27128"}],"wp:term":[{"taxonomy":"product_brand","embeddable":true,"href":"https:\/\/dinaturez.com\/pt\/wp-json\/wp\/v2\/product_brand?post=27128"},{"taxonomy":"product_cat","embeddable":true,"href":"https:\/\/dinaturez.com\/pt\/wp-json\/wp\/v2\/product_cat?post=27128"},{"taxonomy":"product_tag","embeddable":true,"href":"https:\/\/dinaturez.com\/pt\/wp-json\/wp\/v2\/product_tag?post=27128"}],"curies":[{"name":"wp","href":"https:\/\/api.w.org\/{rel}","templated":true}]}}