{"id":27122,"date":"2025-12-31T12:07:54","date_gmt":"2025-12-31T11:07:54","guid":{"rendered":"https:\/\/dinaturez.com\/?post_type=product&#038;p=27122"},"modified":"2026-03-11T11:41:24","modified_gmt":"2026-03-11T10:41:24","slug":"telescopio-paragon-scss-11-vector-optics","status":"publish","type":"product","link":"https:\/\/dinaturez.com\/pt\/product\/telescopio-paragon-scss-11-vector-optics\/","title":{"rendered":"Telesc\u00f3pio Paragon 9-27\u00d756 ED Curto Ref: SCSS-11 VECTOR OPTICS"},"content":{"rendered":"<h4>O <strong data-start=\"216\" data-end=\"255\">Telesc\u00f3pio curto Paragon 9-27\u00d756 ED<\/strong> de <strong data-start=\"259\" data-end=\"276\">\u00d3PTICA DE VECTORES<\/strong> \u00e9 uma <strong data-start=\"284\" data-end=\"329\">vis\u00e3o terrestre de longo alcance compacta e vers\u00e1til<\/strong>, ideal para a observa\u00e7\u00e3o da natureza, tiro ao alvo, observa\u00e7\u00e3o de aves e seguimento da vida selvagem. Com um design <strong data-start=\"439\" data-end=\"463\">ultra curto e leve<\/strong>, combina pot\u00eancia \u00f3tica e portabilidade sem comprometer a qualidade de imagem.<\/h4>\n<h4>Este modelo oferece <strong data-start=\"2312\" data-end=\"2349\">excelente rela\u00e7\u00e3o qualidade\/pre\u00e7o<\/strong> gra\u00e7as \u00e0 sua combina\u00e7\u00e3o de \u00f3pticas avan\u00e7adas (lentes ED e multi-revestidas), <strong data-start=\"2419\" data-end=\"2447\">ampla gama de amplia\u00e7\u00e3o<\/strong> e um design compacto e robusto. \u00c9 perfeito tanto para observadores casuais como para utilizadores exigentes que procuram clareza, versatilidade e comodidade num \u00fanico dispositivo.<\/h4>\n<p>&nbsp;<\/p>\n<ul>\n<li data-start=\"618\" data-end=\"780\">\n<p data-start=\"620\" data-end=\"780\"><strong data-start=\"620\" data-end=\"649\">Amplia\u00e7\u00e3o vari\u00e1vel 9-27\u00d7<\/strong> que proporciona flexibilidade para observar tanto pormenores pr\u00f3ximos como alvos distantes.<\/p>\n<\/li>\n<li data-start=\"781\" data-end=\"962\">\n<p data-start=\"783\" data-end=\"962\"><strong data-start=\"783\" data-end=\"810\">Lente objetiva de 56 mm<\/strong> com vidro ED (dispers\u00e3o extra baixa) que melhora a nitidez e o contraste, reduzindo as aberra\u00e7\u00f5es crom\u00e1ticas.<\/p>\n<\/li>\n<li data-start=\"963\" data-end=\"1141\">\n<p data-start=\"965\" data-end=\"1141\"><strong data-start=\"965\" data-end=\"1003\">Revestimento totalmente multi-camadas<\/strong> para maximizar a transmiss\u00e3o de luz e proporcionar imagens claras e brilhantes, mesmo com pouca luz.<\/p>\n<\/li>\n<li data-start=\"1142\" data-end=\"1312\">\n<p data-start=\"1144\" data-end=\"1312\"><strong data-start=\"1144\" data-end=\"1189\">Ocular com zoom de 7 elementos \/ 4 grupos<\/strong> e sistema de focagem de prisma de telhado, assegurando uma focagem r\u00e1pida e precisa.<\/p>\n<\/li>\n<li data-start=\"1313\" data-end=\"1455\">\n<p data-start=\"1315\" data-end=\"1455\"><strong data-start=\"1315\" data-end=\"1344\">Corpo revestido a borracha<\/strong> que protege contra choques e arranh\u00f5es, ideal para utiliza\u00e7\u00e3o em campo aberto.<\/p>\n<\/li>\n<li data-start=\"1456\" data-end=\"1580\">\n<p data-start=\"1458\" data-end=\"1580\"><strong data-start=\"1458\" data-end=\"1492\">Anti-embaciamento com azoto<\/strong> que impede a forma\u00e7\u00e3o de condensa\u00e7\u00e3o interna.<\/p>\n<\/li>\n<li data-start=\"1581\" data-end=\"1722\">\n<p data-start=\"1583\" data-end=\"1722\"><strong data-start=\"1583\" data-end=\"1607\">Peso leve (~729 g)<\/strong> e formato ultra-curto, f\u00e1cil de transportar e montar no trip\u00e9 inclu\u00eddo.<\/p>\n<\/li>\n<\/ul>\n<p>&nbsp;<\/p>\n<table>\n<tbody>\n<tr>\n<td class=\"t1\">Amplia\u00e7\u00e3o<\/td>\n<td class=\"t2\">9-27x<\/td>\n<\/tr>\n<tr>\n<td class=\"t1\">Dia da lente objetiva<\/td>\n<td class=\"t2\">56 mm \/ 2,2 in<\/td>\n<\/tr>\n<tr>\n<td class=\"t1\">Sa\u00edda do aluno<\/td>\n<td class=\"t2\">6,2-2,1 mm<\/td>\n<\/tr>\n<tr>\n<td class=\"t1\">Al\u00edvio ocular<\/td>\n<td class=\"t2\">20-16,7 mm<\/td>\n<\/tr>\n<tr>\n<td class=\"t1\">Oculares<\/td>\n<td class=\"t2\">Torcido<\/td>\n<\/tr>\n<tr>\n<td class=\"t1\">Compensa\u00e7\u00e3o de dioptrias<\/td>\n<td class=\"t2\">N\/A<\/td>\n<\/tr>\n<tr>\n<td class=\"t1\">Vidro de prisma<\/td>\n<td class=\"t2\">N\/A<\/td>\n<\/tr>\n<tr>\n<td class=\"t1\">Dist\u00e2ncia focal m\u00ednima<\/td>\n<td class=\"t2\">7,26 p\u00e9s \/ 2,2 m<\/td>\n<\/tr>\n<tr>\n<td class=\"t1\">Revestimento da lente<\/td>\n<td class=\"t2\">Totalmente multi-revestido<\/td>\n<\/tr>\n<tr>\n<td class=\"t1\">Campo de vis\u00e3o linear<\/td>\n<td class=\"t2\">8-4 m @ 100 m<\/td>\n<\/tr>\n<tr>\n<td class=\"t1\">Campo de vis\u00e3o angular<\/td>\n<td class=\"t2\">4.6-2.3 \u00b0<\/td>\n<\/tr>\n<tr>\n<td class=\"t1\">Ajuste da focagem<\/td>\n<td class=\"t2\">-5 a +5 dioptrias<\/td>\n<\/tr>\n<\/tbody>\n<\/table>","protected":false},"excerpt":{"rendered":"<h3>O <strong data-start=\"216\" data-end=\"255\">Telesc\u00f3pio curto Paragon 9-27\u00d756 ED<\/strong> de <strong data-start=\"259\" data-end=\"276\">\u00d3PTICA DE VECTORES<\/strong> \u00e9 uma <strong data-start=\"284\" data-end=\"329\">vis\u00e3o terrestre de longo alcance compacta e vers\u00e1til<\/strong>, ideal para a observa\u00e7\u00e3o da natureza, tiro ao alvo, observa\u00e7\u00e3o de aves e seguimento da vida selvagem. Com um design <strong data-start=\"439\" data-end=\"463\">ultra curto e leve<\/strong>, combina pot\u00eancia \u00f3tica e portabilidade sem comprometer a qualidade de imagem.<\/h3>","protected":false},"featured_media":27123,"template":"","meta":[],"product_brand":[],"product_cat":[133,142,126],"product_tag":[],"class_list":{"0":"post-27122","1":"product","2":"type-product","3":"status-publish","4":"has-post-thumbnail","6":"product_cat-vector-optic","7":"product_cat-prismaticos","8":"product_cat-vision-diurna","10":"first","11":"instock","12":"taxable","13":"shipping-taxable","14":"purchasable","15":"product-type-simple","16":"add-to-wishlist-after_add_to_cart"},"_links":{"self":[{"href":"https:\/\/dinaturez.com\/pt\/wp-json\/wp\/v2\/product\/27122","targetHints":{"allow":["GET"]}}],"collection":[{"href":"https:\/\/dinaturez.com\/pt\/wp-json\/wp\/v2\/product"}],"about":[{"href":"https:\/\/dinaturez.com\/pt\/wp-json\/wp\/v2\/types\/product"}],"wp:featuredmedia":[{"embeddable":true,"href":"https:\/\/dinaturez.com\/pt\/wp-json\/wp\/v2\/media\/27123"}],"wp:attachment":[{"href":"https:\/\/dinaturez.com\/pt\/wp-json\/wp\/v2\/media?parent=27122"}],"wp:term":[{"taxonomy":"product_brand","embeddable":true,"href":"https:\/\/dinaturez.com\/pt\/wp-json\/wp\/v2\/product_brand?post=27122"},{"taxonomy":"product_cat","embeddable":true,"href":"https:\/\/dinaturez.com\/pt\/wp-json\/wp\/v2\/product_cat?post=27122"},{"taxonomy":"product_tag","embeddable":true,"href":"https:\/\/dinaturez.com\/pt\/wp-json\/wp\/v2\/product_tag?post=27122"}],"curies":[{"name":"wp","href":"https:\/\/api.w.org\/{rel}","templated":true}]}}