{"id":27112,"date":"2025-12-30T14:32:29","date_gmt":"2025-12-30T13:32:29","guid":{"rendered":"https:\/\/dinaturez.com\/?post_type=product&#038;p=27112"},"modified":"2026-03-11T11:41:51","modified_gmt":"2026-03-11T10:41:51","slug":"telescopio-paragon-scss-10-vector-optics","status":"publish","type":"product","link":"https:\/\/dinaturez.com\/pt\/product\/telescopio-paragon-scss-10-vector-optics\/","title":{"rendered":"Telesc\u00f3pio Paragon 8-24\u00d750 ED Curto Ref: SCSS-10 VECTOR OPTICS"},"content":{"rendered":"<h4 data-start=\"176\" data-end=\"412\">O <strong data-start=\"179\" data-end=\"235\">Telesc\u00f3pio curto Vetor Optics Paragon 8-24\u00d750 ED<\/strong> oferece um equil\u00edbrio perfeito entre <strong data-start=\"272\" data-end=\"315\">portabilidade, pot\u00eancia e qualidade \u00f3tica<\/strong>, e \u00e9 uma escolha ideal para <strong data-start=\"346\" data-end=\"411\">ca\u00e7a, tiro desportivo, observa\u00e7\u00e3o da natureza e utiliza\u00e7\u00e3o t\u00e1tica<\/strong>.<\/h4>\n<h4 data-start=\"414\" data-end=\"734\">Tem um <strong data-start=\"428\" data-end=\"464\">zoom vari\u00e1vel de 8 a 24x<\/strong> e um <strong data-start=\"470\" data-end=\"491\">Lente de 50 mm<\/strong>, Proporcionam imagens brilhantes e n\u00edtidas num formato compacto. Os seus <strong data-start=\"566\" data-end=\"602\">Lentes ED (dispers\u00e3o extra-baixa)<\/strong> reduzem efetivamente a aberra\u00e7\u00e3o crom\u00e1tica, melhorando a nitidez, o contraste e a fidelidade das cores, mesmo com amplia\u00e7\u00f5es mais elevadas.<\/h4>\n<h4 data-start=\"736\" data-end=\"1004\">A sua conce\u00e7\u00e3o <strong data-start=\"746\" data-end=\"764\">curto e leve<\/strong> Torna-o f\u00e1cil de transportar e utilizar em espa\u00e7os reduzidos, sem sacrificar o desempenho \u00f3tico de alto n\u00edvel. Al\u00e9m disso, a sua constru\u00e7\u00e3o <strong data-start=\"897\" data-end=\"932\">robusto, imperme\u00e1vel e anti-embaciamento<\/strong> garante um funcionamento fi\u00e1vel em condi\u00e7\u00f5es clim\u00e1ticas exigentes.<\/h4>\n<h4><\/h4>\n<ul>\n<li data-start=\"1038\" data-end=\"1059\">\n<p data-start=\"1040\" data-end=\"1059\">Aumenta: <strong data-start=\"1050\" data-end=\"1059\">8-24x<\/strong><\/p>\n<\/li>\n<li data-start=\"1060\" data-end=\"1094\">\n<p data-start=\"1062\" data-end=\"1094\">Di\u00e2metro da lente: <strong data-start=\"1085\" data-end=\"1094\">50 mm<\/strong><\/p>\n<\/li>\n<li data-start=\"1095\" data-end=\"1146\">\n<p data-start=\"1097\" data-end=\"1146\">Lentes <strong data-start=\"1104\" data-end=\"1110\">ED<\/strong> para nitidez e cores reais<\/p>\n<\/li>\n<li data-start=\"1147\" data-end=\"1177\">\n<p data-start=\"1149\" data-end=\"1177\">Conce\u00e7\u00e3o <strong data-start=\"1156\" data-end=\"1177\">compacto e leve<\/strong><\/p>\n<\/li>\n<li data-start=\"1178\" data-end=\"1200\">\n<p data-start=\"1180\" data-end=\"1200\">Zoom suave e preciso<\/p>\n<\/li>\n<li data-start=\"1201\" data-end=\"1260\">\n<p data-start=\"1203\" data-end=\"1260\">Constru\u00e7\u00e3o <strong data-start=\"1216\" data-end=\"1260\">\u00e0 prova de \u00e1gua e de nevoeiro<\/strong><\/p>\n<\/li>\n<li data-start=\"1261\" data-end=\"1312\">\n<p data-start=\"1263\" data-end=\"1312\">Ideal para <strong data-start=\"1274\" data-end=\"1312\">ca\u00e7a, tiro e observa\u00e7\u00e3o<\/strong><\/p>\n<\/li>\n<\/ul>\n<p>&nbsp;<\/p>\n<table>\n<tbody>\n<tr>\n<td class=\"t1\">Amplia\u00e7\u00e3o<\/td>\n<td class=\"t2\">8-24x<\/td>\n<\/tr>\n<tr>\n<td class=\"t1\">Dia da lente objetiva<\/td>\n<td class=\"t2\">50 mm \/ 2 in<\/td>\n<\/tr>\n<tr>\n<td class=\"t1\">Sa\u00edda do aluno<\/td>\n<td class=\"t2\">6,2-2,1 mm<\/td>\n<\/tr>\n<tr>\n<td class=\"t1\">Al\u00edvio ocular<\/td>\n<td class=\"t2\">20-16,7 mm<\/td>\n<\/tr>\n<tr>\n<td class=\"t1\">Oculares<\/td>\n<td class=\"t2\">Torcido<\/td>\n<\/tr>\n<tr>\n<td class=\"t1\">Compensa\u00e7\u00e3o de dioptrias<\/td>\n<td class=\"t2\">N\/A<\/td>\n<\/tr>\n<tr>\n<td class=\"t1\">Vidro de prisma<\/td>\n<td class=\"t2\">N\/A<\/td>\n<\/tr>\n<tr>\n<td class=\"t1\">Dist\u00e2ncia focal m\u00ednima<\/td>\n<td class=\"t2\">7,26 p\u00e9s \/ 2,2 m<\/td>\n<\/tr>\n<tr>\n<td class=\"t1\">Revestimento da lente<\/td>\n<td class=\"t2\">Totalmente multi-revestido<\/td>\n<\/tr>\n<tr>\n<td class=\"t1\">Campo de vis\u00e3o linear<\/td>\n<td class=\"t2\">8,6-4,4 m @ 100 m<\/td>\n<\/tr>\n<tr>\n<td class=\"t1\">Campo de vis\u00e3o angular<\/td>\n<td class=\"t2\">5.0-2.5 \u00b0<\/td>\n<\/tr>\n<tr>\n<td class=\"t1\">Ajuste da focagem<\/td>\n<td class=\"t2\">-5 a +5 dioptrias<\/td>\n<\/tr>\n<\/tbody>\n<\/table>","protected":false},"excerpt":{"rendered":"<h3 data-start=\"176\" data-end=\"412\">O <strong data-start=\"179\" data-end=\"235\">Telesc\u00f3pio curto Vetor Optics Paragon 8-24\u00d750 ED<\/strong> oferece um equil\u00edbrio perfeito entre <strong data-start=\"272\" data-end=\"315\">portabilidade, pot\u00eancia e qualidade \u00f3tica<\/strong>, e \u00e9 uma escolha ideal para <strong data-start=\"346\" data-end=\"411\">ca\u00e7a, tiro desportivo, observa\u00e7\u00e3o da natureza e utiliza\u00e7\u00e3o t\u00e1tica<\/strong>.<\/h3>","protected":false},"featured_media":27113,"template":"","meta":[],"product_brand":[],"product_cat":[133,142,126],"product_tag":[],"class_list":{"0":"post-27112","1":"product","2":"type-product","3":"status-publish","4":"has-post-thumbnail","6":"product_cat-vector-optic","7":"product_cat-prismaticos","8":"product_cat-vision-diurna","10":"first","11":"instock","12":"taxable","13":"shipping-taxable","14":"purchasable","15":"product-type-simple","16":"add-to-wishlist-after_add_to_cart"},"_links":{"self":[{"href":"https:\/\/dinaturez.com\/pt\/wp-json\/wp\/v2\/product\/27112","targetHints":{"allow":["GET"]}}],"collection":[{"href":"https:\/\/dinaturez.com\/pt\/wp-json\/wp\/v2\/product"}],"about":[{"href":"https:\/\/dinaturez.com\/pt\/wp-json\/wp\/v2\/types\/product"}],"wp:featuredmedia":[{"embeddable":true,"href":"https:\/\/dinaturez.com\/pt\/wp-json\/wp\/v2\/media\/27113"}],"wp:attachment":[{"href":"https:\/\/dinaturez.com\/pt\/wp-json\/wp\/v2\/media?parent=27112"}],"wp:term":[{"taxonomy":"product_brand","embeddable":true,"href":"https:\/\/dinaturez.com\/pt\/wp-json\/wp\/v2\/product_brand?post=27112"},{"taxonomy":"product_cat","embeddable":true,"href":"https:\/\/dinaturez.com\/pt\/wp-json\/wp\/v2\/product_cat?post=27112"},{"taxonomy":"product_tag","embeddable":true,"href":"https:\/\/dinaturez.com\/pt\/wp-json\/wp\/v2\/product_tag?post=27112"}],"curies":[{"name":"wp","href":"https:\/\/api.w.org\/{rel}","templated":true}]}}