{"id":27098,"date":"2025-12-30T13:51:46","date_gmt":"2025-12-30T12:51:46","guid":{"rendered":"https:\/\/dinaturez.com\/?post_type=product&#038;p=27098"},"modified":"2026-03-11T11:46:30","modified_gmt":"2026-03-11T10:46:30","slug":"prismaticos-continental-vector-optics-4","status":"publish","type":"product","link":"https:\/\/dinaturez.com\/pt\/product\/prismaticos-continental-vector-optics-4\/","title":{"rendered":"Bin\u00f3culos Continental 15\u00d756 ED Ref: SCBO-09 VECTOR OPTICS"},"content":{"rendered":"<h4 data-start=\"173\" data-end=\"505\">O <strong data-start=\"177\" data-end=\"230\">Bin\u00f3culos Vetor Optics Continental 15\u00d756 ED<\/strong> foram concebidos para utilizadores exigentes que necessitam de <strong data-start=\"285\" data-end=\"320\">grande amplia\u00e7\u00e3o e m\u00e1xima precis\u00e3o<\/strong> em observa\u00e7\u00f5es a longa dist\u00e2ncia. Com um potente <strong data-start=\"372\" data-end=\"387\">Amplia\u00e7\u00e3o de 15x<\/strong> y <strong data-start=\"390\" data-end=\"412\">Lentes de 56 mm<\/strong>, A nova imagem, brilhante, detalhada e est\u00e1vel, mesmo em condi\u00e7\u00f5es de ilumina\u00e7\u00e3o dif\u00edceis.<\/h4>\n<h4 data-start=\"507\" data-end=\"833\">Gra\u00e7as \u00e0 sua <strong data-start=\"521\" data-end=\"557\">Lentes ED (dispers\u00e3o extra-baixa)<\/strong>, Estes bin\u00f3culos minimizam a aberra\u00e7\u00e3o crom\u00e1tica e proporcionam cores mais naturais, um maior contraste e uma nitidez excecional em todo o campo de vis\u00e3o. S\u00e3o ideais para <strong data-start=\"736\" data-end=\"832\">observa\u00e7\u00e3o da natureza, vigil\u00e2ncia, tiro desportivo, ca\u00e7a e observa\u00e7\u00f5es de longo alcance<\/strong>.<\/h4>\n<h4 data-start=\"835\" data-end=\"1185\">A sua constru\u00e7\u00e3o \u00e9 <strong data-start=\"854\" data-end=\"907\">robusto, imperme\u00e1vel e resistente ao embaciamento<\/strong>, O design ergon\u00f3mico com revestimento antiderrapante garante um manuseamento confort\u00e1vel e seguro, mesmo durante uma utiliza\u00e7\u00e3o prolongada. O design ergon\u00f3mico com revestimento antiderrapante garante um manuseamento confort\u00e1vel e seguro, mesmo durante uma utiliza\u00e7\u00e3o prolongada. Para maior estabilidade durante observa\u00e7\u00f5es longas, s\u00e3o compat\u00edveis com trip\u00e9s.<\/h4>\n<p>&nbsp;<\/p>\n<ul>\n<li data-start=\"1219\" data-end=\"1237\">\n<p data-start=\"1221\" data-end=\"1237\">Aumentar: <strong data-start=\"1230\" data-end=\"1237\">15x<\/strong><\/p>\n<\/li>\n<li data-start=\"1238\" data-end=\"1272\">\n<p data-start=\"1240\" data-end=\"1272\">Di\u00e2metro da lente: <strong data-start=\"1263\" data-end=\"1272\">56 mm<\/strong><\/p>\n<\/li>\n<li data-start=\"1273\" data-end=\"1330\">\n<p data-start=\"1275\" data-end=\"1330\">Lentes <strong data-start=\"1282\" data-end=\"1288\">ED<\/strong> para m\u00e1xima nitidez e fidelidade de cores<\/p>\n<\/li>\n<li data-start=\"1331\" data-end=\"1394\">\n<p data-start=\"1333\" data-end=\"1394\">Excelente desempenho em <strong data-start=\"1358\" data-end=\"1394\">observa\u00e7\u00f5es a longa dist\u00e2ncia<\/strong><\/p>\n<\/li>\n<li data-start=\"1395\" data-end=\"1430\">\n<p data-start=\"1397\" data-end=\"1430\">Corpo <strong data-start=\"1404\" data-end=\"1430\">imperme\u00e1vel e anti-embaciamento<\/strong><\/p>\n<\/li>\n<li data-start=\"1431\" data-end=\"1469\">\n<p data-start=\"1433\" data-end=\"1469\">Constru\u00e7\u00e3o robusta e ergon\u00f3mica<\/p>\n<\/li>\n<li data-start=\"1470\" data-end=\"1498\">\n<p data-start=\"1472\" data-end=\"1498\">Compat\u00edvel com <strong data-start=\"1487\" data-end=\"1498\">trip\u00e9<\/strong><\/p>\n<\/li>\n<\/ul>\n<p>&nbsp;<\/p>\n<table>\n<tbody>\n<tr>\n<td class=\"t1\">Amplia\u00e7\u00e3o<\/td>\n<td class=\"t2\">15x<\/td>\n<\/tr>\n<tr>\n<td class=\"t1\">Dia da lente objetiva<\/td>\n<td class=\"t2\">56 mm<\/td>\n<\/tr>\n<tr>\n<td class=\"t1\">Sa\u00edda do aluno<\/td>\n<td class=\"t2\">N\/A<\/td>\n<\/tr>\n<tr>\n<td class=\"t1\">Al\u00edvio ocular<\/td>\n<td class=\"t2\">13,9 mm \/ 0,55 in<\/td>\n<\/tr>\n<tr>\n<td class=\"t1\">Dist\u00e2ncia focal m\u00ednima<\/td>\n<td class=\"t2\">3.7 m<\/td>\n<\/tr>\n<tr>\n<td class=\"t1\">Revestimento da lente<\/td>\n<td class=\"t2\">Totalmente multi-revestido<\/td>\n<\/tr>\n<tr>\n<td class=\"t1\">Vidro de prisma<\/td>\n<td class=\"t2\">Abbe-Koenig<\/td>\n<\/tr>\n<tr>\n<td class=\"t1\">Revestimento do prisma<\/td>\n<td class=\"t2\">Revestimento Dielectrico, Revestimento de Corre\u00e7\u00e3o de Fase<\/td>\n<\/tr>\n<tr>\n<td class=\"t1\">Sistema de focagem<\/td>\n<td class=\"t2\">Central<\/td>\n<\/tr>\n<tr>\n<td class=\"t1\">Campo de vis\u00e3o linear<\/td>\n<td class=\"t2\">210 p\u00e9s a 1000 jardas<\/td>\n<\/tr>\n<tr>\n<td class=\"t1\">Campo de vis\u00e3o linear<\/td>\n<td class=\"t2\">70 m @ 1000 m<\/td>\n<\/tr>\n<tr>\n<td class=\"t1\">Campo de vis\u00e3o angular<\/td>\n<td class=\"t2\">4.0 \u00b0<\/td>\n<\/tr>\n<tr>\n<td class=\"t1\">Pupila do olho ajust\u00e1vel<\/td>\n<td class=\"t2\">56-76 mm<\/td>\n<\/tr>\n<tr>\n<td class=\"t1\">Ajuste da focagem<\/td>\n<td class=\"t2\">-4 a +8<\/td>\n<\/tr>\n<\/tbody>\n<\/table>\n<p>&nbsp;<\/p>","protected":false},"excerpt":{"rendered":"<h3 data-start=\"173\" data-end=\"505\">O <strong data-start=\"177\" data-end=\"230\">Bin\u00f3culos Vetor Optics Continental 15\u00d756 ED<\/strong> foram concebidos para utilizadores exigentes que necessitam de <strong data-start=\"285\" data-end=\"320\">grande amplia\u00e7\u00e3o e m\u00e1xima precis\u00e3o<\/strong> em observa\u00e7\u00f5es a longa dist\u00e2ncia. Com um potente <strong data-start=\"372\" data-end=\"387\">Amplia\u00e7\u00e3o de 15x<\/strong> y <strong data-start=\"390\" data-end=\"412\">Lentes de 56 mm<\/strong>, A nova imagem, brilhante, detalhada e est\u00e1vel, mesmo em condi\u00e7\u00f5es de ilumina\u00e7\u00e3o dif\u00edceis.<\/h3>\n<h3 data-start=\"507\" data-end=\"833\"><\/h3>","protected":false},"featured_media":27099,"template":"","meta":[],"product_brand":[],"product_cat":[133,142],"product_tag":[],"class_list":{"0":"post-27098","1":"product","2":"type-product","3":"status-publish","4":"has-post-thumbnail","6":"product_cat-vector-optic","7":"product_cat-prismaticos","9":"first","10":"instock","11":"taxable","12":"shipping-taxable","13":"purchasable","14":"product-type-simple","15":"add-to-wishlist-after_add_to_cart"},"_links":{"self":[{"href":"https:\/\/dinaturez.com\/pt\/wp-json\/wp\/v2\/product\/27098","targetHints":{"allow":["GET"]}}],"collection":[{"href":"https:\/\/dinaturez.com\/pt\/wp-json\/wp\/v2\/product"}],"about":[{"href":"https:\/\/dinaturez.com\/pt\/wp-json\/wp\/v2\/types\/product"}],"wp:featuredmedia":[{"embeddable":true,"href":"https:\/\/dinaturez.com\/pt\/wp-json\/wp\/v2\/media\/27099"}],"wp:attachment":[{"href":"https:\/\/dinaturez.com\/pt\/wp-json\/wp\/v2\/media?parent=27098"}],"wp:term":[{"taxonomy":"product_brand","embeddable":true,"href":"https:\/\/dinaturez.com\/pt\/wp-json\/wp\/v2\/product_brand?post=27098"},{"taxonomy":"product_cat","embeddable":true,"href":"https:\/\/dinaturez.com\/pt\/wp-json\/wp\/v2\/product_cat?post=27098"},{"taxonomy":"product_tag","embeddable":true,"href":"https:\/\/dinaturez.com\/pt\/wp-json\/wp\/v2\/product_tag?post=27098"}],"curies":[{"name":"wp","href":"https:\/\/api.w.org\/{rel}","templated":true}]}}