{"id":27077,"date":"2025-12-29T12:12:53","date_gmt":"2025-12-29T11:12:53","guid":{"rendered":"https:\/\/dinaturez.com\/?post_type=product&#038;p=27077"},"modified":"2026-03-11T11:48:12","modified_gmt":"2026-03-11T10:48:12","slug":"prismaticos-continental-vector-optics","status":"publish","type":"product","link":"https:\/\/dinaturez.com\/pt\/product\/prismaticos-continental-vector-optics\/","title":{"rendered":"Bin\u00f3culos Continental 8\u00d742 ES OD GREEN Ref: SCBO-14 VECTOR OPTICS"},"content":{"rendered":"<h4 data-rm-block-id=\"block-1\">O <strong data-start=\"249\" data-end=\"293\">Bin\u00f3culos Continental 8\u00d742 ED OD Green<\/strong> s\u00e3o concebidos para oferecer um <strong data-start=\"348\" data-end=\"424\">vis\u00e3o clara, brilhante e pormenorizada em qualquer aventura ao ar livre<\/strong>. Com uma combina\u00e7\u00e3o de \u00f3tica avan\u00e7ada, constru\u00e7\u00e3o robusta e ergonomia concebida para longos dias de observa\u00e7\u00e3o, s\u00e3o uma excelente escolha tanto para amadores como para utilizadores exigentes.<\/h4>\n<ul>\n<li data-start=\"698\" data-end=\"844\">\n<p data-start=\"700\" data-end=\"844\" data-rm-block-id=\"block-2\"><strong data-start=\"700\" data-end=\"715\">Amplia\u00e7\u00e3o de 8\u00d7<\/strong> com o objetivo de <strong data-start=\"732\" data-end=\"741\">42 mm<\/strong>Equil\u00edbrio ideal entre pormenor, estabilidade e entrada de luz.<\/p>\n<\/li>\n<li data-start=\"845\" data-end=\"1057\">\n<p data-start=\"847\" data-end=\"1057\" data-rm-block-id=\"block-3\"><strong data-start=\"847\" data-end=\"883\">Lentes ED (dispers\u00e3o extra-baixa)<\/strong> + <strong data-start=\"886\" data-end=\"913\">Prismas de telhado BaK-4<\/strong>A nova objetiva: reduz as aberra\u00e7\u00f5es crom\u00e1ticas e proporciona imagens claras e n\u00edtidas com uma excelente fidelidade de cores.<\/p>\n<\/li>\n<li data-start=\"1058\" data-end=\"1256\">\n<p data-start=\"1060\" data-end=\"1256\" data-rm-block-id=\"block-4\"><strong data-start=\"1060\" data-end=\"1104\">Revestimento totalmente multicamada (FMC)<\/strong> e revestimento diel\u00e9trico com transmiss\u00e3o de luz at\u00e9 <strong data-start=\"1165\" data-end=\"1172\">88%<\/strong> para vistas brilhantes mesmo com pouca luz.<\/p>\n<\/li>\n<li data-start=\"1257\" data-end=\"1404\">\n<p data-start=\"1259\" data-end=\"1404\" data-rm-block-id=\"block-5\"><strong data-start=\"1259\" data-end=\"1286\">Corpo robusto e leve<\/strong> com armadura antiderrapante em verde OD, ideal para ambientes naturais.<\/p>\n<\/li>\n<li data-start=\"1405\" data-end=\"1554\">\n<p data-start=\"1407\" data-end=\"1554\" data-rm-block-id=\"block-6\"><strong data-start=\"1407\" data-end=\"1452\">\u00c0 prova de \u00e1gua e resistente \u00e0 \u00e1gua (IPX7)<\/strong>pode suportar chuva forte e condi\u00e7\u00f5es de humidade sem embaciar.<\/p>\n<\/li>\n<li data-start=\"1555\" data-end=\"1711\">\n<p data-start=\"1557\" data-end=\"1711\" data-rm-block-id=\"block-7\"><strong data-start=\"1557\" data-end=\"1589\">Mecanismo de focagem central<\/strong> y <strong data-start=\"1592\" data-end=\"1643\">regula\u00e7\u00e3o das dioptrias no \u00f3culo direito (-4 a +4)<\/strong> para se adaptar \u00e0 sua vis\u00e3o.<\/p>\n<\/li>\n<li data-start=\"1712\" data-end=\"1825\">\n<p data-start=\"1714\" data-end=\"1825\" data-rm-block-id=\"block-8\"><strong data-start=\"1714\" data-end=\"1735\">Oculares de tor\u00e7\u00e3o<\/strong> e al\u00edvio ocular confort\u00e1vel para utiliza\u00e7\u00e3o com ou sem \u00f3culos.<\/p>\n<\/li>\n<li data-start=\"1826\" data-end=\"2004\">\n<p data-start=\"1828\" data-end=\"2004\" data-rm-block-id=\"block-9\"><strong data-start=\"1828\" data-end=\"1854\">Amplo campo de vis\u00e3o<\/strong> de aproximadamente <strong data-start=\"1874\" data-end=\"1900\">14,2 m a 1000 m (8,1\u00b0)<\/strong>, perfeito para passeios tur\u00edsticos, observa\u00e7\u00e3o da vida selvagem e actividades desportivas.<\/p>\n<\/li>\n<\/ul>\n<p data-rm-block-id=\"block-10\"><strong data-start=\"2138\" data-end=\"2157\">Ideal para:<\/strong> observa\u00e7\u00e3o de aves e da vida selvagem, caminhadas, ca\u00e7a, viagens, desportos ao ar livre e qualquer atividade em que a qualidade \u00f3tica, a durabilidade e o conforto sejam essenciais.<\/p>\n<table>\n<tbody>\n<tr>\n<td class=\"t1\" data-rm-block-id=\"block-12\">Aumento<\/td>\n<td class=\"t2\" data-rm-block-id=\"block-13\">8x<\/td>\n<\/tr>\n<tr>\n<td class=\"t1\" data-rm-block-id=\"block-14\">Di\u00e2metro da lente objetiva<\/td>\n<td class=\"t2\" data-rm-block-id=\"block-15\">42 mm \/ 1,6 in<\/td>\n<\/tr>\n<tr>\n<td class=\"t1\" data-rm-block-id=\"block-16\">Sair da pupila<\/td>\n<td class=\"t2\" data-rm-block-id=\"block-17\">5,25 mm<\/td>\n<\/tr>\n<tr>\n<td class=\"t1\" data-rm-block-id=\"block-18\">Al\u00edvio dos olhos<\/td>\n<td class=\"t2\" data-rm-block-id=\"block-19\">19,5 mm<\/td>\n<\/tr>\n<tr>\n<td class=\"t1\" data-rm-block-id=\"block-20\">Dist\u00e2ncia focal m\u00ednima<\/td>\n<td class=\"t2\" data-rm-block-id=\"block-21\">N\/A<\/td>\n<\/tr>\n<tr>\n<td class=\"t1\" data-rm-block-id=\"block-22\">Revestimento da lente<\/td>\n<td class=\"t2\" data-rm-block-id=\"block-23\">Totalmente multi-revestido<\/td>\n<\/tr>\n<tr>\n<td class=\"t1\" data-rm-block-id=\"block-24\">Vidro prism\u00e1tico<\/td>\n<td class=\"t2\" data-rm-block-id=\"block-25\">BaK-4, prisma de telhado<\/td>\n<\/tr>\n<tr>\n<td class=\"t1\" data-rm-block-id=\"block-26\">Revestimento prism\u00e1tico<\/td>\n<td class=\"t2\" data-rm-block-id=\"block-27\">N\/A<\/td>\n<\/tr>\n<tr>\n<td class=\"t1\" data-rm-block-id=\"block-28\">Sistema de focagem<\/td>\n<td class=\"t2\" data-rm-block-id=\"block-29\">Central<\/td>\n<\/tr>\n<tr>\n<td class=\"t1\" data-rm-block-id=\"block-30\">Campo de vis\u00e3o linear<\/td>\n<td class=\"t2\" data-rm-block-id=\"block-31\">426 p\u00e9s a 1000 jardas<\/td>\n<\/tr>\n<tr>\n<td class=\"t1\" data-rm-block-id=\"block-32\">Campo de vis\u00e3o linear<\/td>\n<td class=\"t2\" data-rm-block-id=\"block-33\">142 m @ 1000 m<\/td>\n<\/tr>\n<tr>\n<td class=\"t1\" data-rm-block-id=\"block-34\">Campo de vis\u00e3o angular<\/td>\n<td class=\"t2\" data-rm-block-id=\"block-35\">8.1 \u00b0<\/td>\n<\/tr>\n<\/tbody>\n<\/table>\n<p data-rm-block-id=\"block-36\">","protected":false},"excerpt":{"rendered":"<h3>O <strong data-start=\"249\" data-end=\"293\">Bin\u00f3culos Continental 8\u00d742 ED OD Green<\/strong> s\u00e3o concebidos para oferecer um <strong data-start=\"348\" data-end=\"424\">vis\u00e3o clara, brilhante e pormenorizada em qualquer aventura ao ar livre<\/strong>. Com uma combina\u00e7\u00e3o de \u00f3tica avan\u00e7ada, constru\u00e7\u00e3o robusta e ergonomia concebida para longos dias de observa\u00e7\u00e3o, s\u00e3o uma excelente escolha tanto para amadores como para utilizadores exigentes.<\/h3>","protected":false},"featured_media":27078,"template":"","meta":[],"product_brand":[],"product_cat":[142,133],"product_tag":[],"class_list":{"0":"post-27077","1":"product","2":"type-product","3":"status-publish","4":"has-post-thumbnail","6":"product_cat-prismaticos","7":"product_cat-vector-optic","9":"first","10":"instock","11":"taxable","12":"shipping-taxable","13":"purchasable","14":"product-type-simple","15":"add-to-wishlist-after_add_to_cart"},"_links":{"self":[{"href":"https:\/\/dinaturez.com\/pt\/wp-json\/wp\/v2\/product\/27077","targetHints":{"allow":["GET"]}}],"collection":[{"href":"https:\/\/dinaturez.com\/pt\/wp-json\/wp\/v2\/product"}],"about":[{"href":"https:\/\/dinaturez.com\/pt\/wp-json\/wp\/v2\/types\/product"}],"wp:featuredmedia":[{"embeddable":true,"href":"https:\/\/dinaturez.com\/pt\/wp-json\/wp\/v2\/media\/27078"}],"wp:attachment":[{"href":"https:\/\/dinaturez.com\/pt\/wp-json\/wp\/v2\/media?parent=27077"}],"wp:term":[{"taxonomy":"product_brand","embeddable":true,"href":"https:\/\/dinaturez.com\/pt\/wp-json\/wp\/v2\/product_brand?post=27077"},{"taxonomy":"product_cat","embeddable":true,"href":"https:\/\/dinaturez.com\/pt\/wp-json\/wp\/v2\/product_cat?post=27077"},{"taxonomy":"product_tag","embeddable":true,"href":"https:\/\/dinaturez.com\/pt\/wp-json\/wp\/v2\/product_tag?post=27077"}],"curies":[{"name":"wp","href":"https:\/\/api.w.org\/{rel}","templated":true}]}}