{"id":26556,"date":"2025-12-12T12:11:49","date_gmt":"2025-12-12T11:11:49","guid":{"rendered":"https:\/\/dinaturez.com\/?post_type=product&#038;p=26556"},"modified":"2026-03-23T13:11:36","modified_gmt":"2026-03-23T12:11:36","slug":"hunt-650-lrf-thermtec","status":"publish","type":"product","link":"https:\/\/dinaturez.com\/pt\/product\/hunt-650-lrf-thermtec\/","title":{"rendered":"Visor t\u00e9rmico HUNT 650-LRF THERMTEC"},"content":{"rendered":"<h4>O<strong data-start=\"330\" data-end=\"360\"> Hunt 650L Pro LRF da Thermtec<\/strong>\u00a0\u00e9 um dispositivo de imagem t\u00e9rmica de \u00faltima gera\u00e7\u00e3o concebido para ca\u00e7adores exigentes que procuram <strong data-start=\"471\" data-end=\"511\">precis\u00e3o, fiabilidade e versatilidade<\/strong> em condi\u00e7\u00f5es de baixa visibilidade.<\/h4>\n<h4>Gra\u00e7as \u00e0 sua <strong data-start=\"561\" data-end=\"613\">telemetro laser integrado (LRF) at\u00e9 1 000 m<\/strong> com medi\u00e7\u00e3o precisa e seu <strong data-start=\"640\" data-end=\"681\">sistema avan\u00e7ado de c\u00e1lculo bal\u00edstico<\/strong>, poder\u00e1 estimar dist\u00e2ncias e ajustar o seu ponto de disparo com total confian\u00e7a, mesmo em longas dist\u00e2ncias.<\/h4>\n<h4>O seu sensor t\u00e9rmico de alta sensibilidade combinado com uma lente de <strong data-start=\"894\" data-end=\"908\">50 mm F1.0<\/strong> e um <strong data-start=\"914\" data-end=\"964\">ecr\u00e3 OLED de alta resolu\u00e7\u00e3o (1920\u00d71080 px)<\/strong> proporciona imagens n\u00edtidas e com alto contraste em qualquer situa\u00e7\u00e3o, desde a ca\u00e7a noturna at\u00e9 a observa\u00e7\u00e3o ao amanhecer ou ao entardecer.<\/h4>\n<p>&nbsp;<\/p>\n<div class=\"newtableleftgs\">\n<div class=\"newtabletitlecont\"><\/div>\n<\/div>\n<div class=\"newtablerightgs\">\n<div class=\"newtabletitlecont\">\n<p><iframe title=\"ThermTec Hunt LRF\uff5cUnboxing\uff5cClip-on t\u00e9rmico\" width=\"500\" height=\"281\" src=\"https:\/\/www.youtube.com\/embed\/LI0fnKg5URo?feature=oembed\" frameborder=\"0\" allow=\"accelerometer; autoplay; clipboard-write; encrypted-media; gyroscope; picture-in-picture; web-share\" referrerpolicy=\"strict-origin-when-cross-origin\" allowfullscreen><\/iframe><\/p>\n<\/div>\n<\/div>","protected":false},"excerpt":{"rendered":"<h3>O<strong data-start=\"330\" data-end=\"360\"> Hunt 650L Pro LRF da Thermtec<\/strong> es un dispositivo de imagen t\u00e9rmica de \u00faltima generaci\u00f3n dise\u00f1ado para cazadores exigentes que buscan <strong data-start=\"471\" data-end=\"511\">precis\u00e3o, fiabilidade e versatilidade<\/strong> em condi\u00e7\u00f5es de baixa visibilidade.<\/h3>","protected":false},"featured_media":26558,"template":"","meta":[],"product_brand":[],"product_cat":[131,144,146],"product_tag":[],"class_list":{"0":"post-26556","1":"product","2":"type-product","3":"status-publish","4":"has-post-thumbnail","6":"product_cat-thermtec","7":"product_cat-vision-termica","8":"product_cat-visores-termicos","10":"first","11":"instock","12":"taxable","13":"shipping-taxable","14":"purchasable","15":"product-type-simple","16":"add-to-wishlist-after_add_to_cart"},"_links":{"self":[{"href":"https:\/\/dinaturez.com\/pt\/wp-json\/wp\/v2\/product\/26556","targetHints":{"allow":["GET"]}}],"collection":[{"href":"https:\/\/dinaturez.com\/pt\/wp-json\/wp\/v2\/product"}],"about":[{"href":"https:\/\/dinaturez.com\/pt\/wp-json\/wp\/v2\/types\/product"}],"wp:featuredmedia":[{"embeddable":true,"href":"https:\/\/dinaturez.com\/pt\/wp-json\/wp\/v2\/media\/26558"}],"wp:attachment":[{"href":"https:\/\/dinaturez.com\/pt\/wp-json\/wp\/v2\/media?parent=26556"}],"wp:term":[{"taxonomy":"product_brand","embeddable":true,"href":"https:\/\/dinaturez.com\/pt\/wp-json\/wp\/v2\/product_brand?post=26556"},{"taxonomy":"product_cat","embeddable":true,"href":"https:\/\/dinaturez.com\/pt\/wp-json\/wp\/v2\/product_cat?post=26556"},{"taxonomy":"product_tag","embeddable":true,"href":"https:\/\/dinaturez.com\/pt\/wp-json\/wp\/v2\/product_tag?post=26556"}],"curies":[{"name":"wp","href":"https:\/\/api.w.org\/{rel}","templated":true}]}}