{"id":26479,"date":"2025-12-01T20:24:30","date_gmt":"2025-12-01T19:24:30","guid":{"rendered":"https:\/\/dinaturez.com\/?post_type=product&#038;p=26479"},"modified":"2026-04-21T14:56:43","modified_gmt":"2026-04-21T12:56:43","slug":"camara-x60p-dos-baterias-gardepro","status":"publish","type":"product","link":"https:\/\/dinaturez.com\/pt\/product\/camara-x60p-dos-baterias-gardepro\/","title":{"rendered":"C\u00e2mara armadilha fotogr\u00e1fica X60P + duas baterias de l\u00edtio L800D GARDEPRO"},"content":{"rendered":"<h3 data-rm-block-id=\"block-1\"><span style=\"font-size: 16px;\">Este pacote inclui o <\/span><strong style=\"font-size: 16px;\" data-start=\"404\" data-end=\"419\">c\u00e2mara X60P<\/strong><span style=\"font-size: 16px;\"> em conjunto com <\/span><strong style=\"font-size: 16px;\" data-start=\"430\" data-end=\"467\">duas baterias de l\u00edtio de 8000 mAh<\/strong><span style=\"font-size: 16px;\">, concebidas para oferecer a m\u00e1xima autonomia em exteriores. Ideais para quem precisa de uma c\u00e2mara de vigil\u00e2ncia ou fototrampa capaz de funcionar durante longos per\u00edodos sem manuten\u00e7\u00e3o, mesmo em zonas remotas sem acesso a eletricidade.<\/span><\/h3>\n<h4 data-start=\"725\" data-end=\"986\" data-rm-block-id=\"block-2\">Destaca-se pelo seu <strong data-start=\"748\" data-end=\"774\">alta qualidade de imagem<\/strong>, vis\u00e3o noturna avan\u00e7ada e dete\u00e7\u00e3o de movimento r\u00e1pida e precisa. Gra\u00e7as \u00e0s suas duas baterias de longa dura\u00e7\u00e3o, poder\u00e1 altern\u00e1-las ou manter uma como reserva para garantir meses de funcionamento cont\u00ednuo.<\/h4>\n<h4 data-start=\"1040\" data-end=\"1082\" data-rm-block-id=\"block-3\"><span style=\"color: #0000ff;\"><strong data-start=\"1047\" data-end=\"1082\">Bateria dupla de l\u00edtio de 8000 mAh<\/strong><\/span><\/h4>\n<ul data-start=\"1083\" data-end=\"1322\">\n<li data-start=\"1083\" data-end=\"1172\">\n<p data-start=\"1085\" data-end=\"1172\" data-rm-block-id=\"block-4\">Inclui <strong data-start=\"1093\" data-end=\"1131\">2 baterias recarreg\u00e1veis de 8000 mAh<\/strong>, especialmente concebidas para o X60P.<\/p>\n<\/li>\n<li data-start=\"1173\" data-end=\"1250\">\n<p data-start=\"1175\" data-end=\"1250\" data-rm-block-id=\"block-5\">Permite <strong data-start=\"1183\" data-end=\"1207\">autonomia prolongada<\/strong>, ideal para instala\u00e7\u00f5es de longo prazo.<\/p>\n<\/li>\n<li data-start=\"1251\" data-end=\"1322\">\n<p data-start=\"1253\" data-end=\"1322\" data-rm-block-id=\"block-6\">Maior fiabilidade em compara\u00e7\u00e3o com as pilhas convencionais e menor manuten\u00e7\u00e3o.<\/p>\n<\/li>\n<\/ul>\n<h4 data-start=\"1324\" data-end=\"1360\" data-rm-block-id=\"block-7\"><span style=\"color: #0000ff;\"><strong data-start=\"1331\" data-end=\"1360\">Qualidade de imagem e v\u00eddeo<\/strong><\/span><\/h4>\n<ul data-start=\"1361\" data-end=\"1483\">\n<li data-start=\"1361\" data-end=\"1426\">\n<p data-start=\"1363\" data-end=\"1426\" data-rm-block-id=\"block-8\">Fotos de alta resolu\u00e7\u00e3o para capturar detalhes com clareza.<\/p>\n<\/li>\n<li data-start=\"1427\" data-end=\"1483\">\n<p data-start=\"1429\" data-end=\"1483\" data-rm-block-id=\"block-9\">V\u00eddeos n\u00edtidos com som, tanto de dia como de noite.<\/p>\n<\/li>\n<\/ul>\n<h4 data-start=\"1485\" data-end=\"1520\" data-rm-block-id=\"block-10\"><span style=\"color: #0000ff;\"><strong data-start=\"1492\" data-end=\"1520\">Vis\u00e3o noturna avan\u00e7ada<\/strong><\/span><\/h4>\n<ul data-start=\"1521\" data-end=\"1647\">\n<li data-start=\"1521\" data-end=\"1600\">\n<p data-start=\"1523\" data-end=\"1600\" data-rm-block-id=\"block-11\">Tecnologia infravermelha invis\u00edvel que n\u00e3o assusta animais nem alerta intrusos.<\/p>\n<\/li>\n<li data-start=\"1601\" data-end=\"1647\">\n<p data-start=\"1603\" data-end=\"1647\" data-rm-block-id=\"block-12\">Excelente desempenho na escurid\u00e3o total.<\/p>\n<\/li>\n<\/ul>\n<h4 data-start=\"1649\" data-end=\"1691\" data-rm-block-id=\"block-13\"><span style=\"color: #0000ff;\"><strong data-start=\"1656\" data-end=\"1691\">Detec\u00e7\u00e3o precisa de movimento<\/strong><\/span><\/h4>\n<ul data-start=\"1692\" data-end=\"1828\">\n<li data-start=\"1692\" data-end=\"1759\">\n<p data-start=\"1694\" data-end=\"1759\" data-rm-block-id=\"block-14\">Sensores PIR de \u00e2ngulo amplo para captar qualquer movimento.<\/p>\n<\/li>\n<li data-start=\"1760\" data-end=\"1828\">\n<p data-start=\"1762\" data-end=\"1828\" data-rm-block-id=\"block-15\">Ativa\u00e7\u00e3o r\u00e1pida que garante que voc\u00ea n\u00e3o perca nenhuma cena importante.<\/p>\n<\/li>\n<\/ul>\n<h4 data-start=\"1830\" data-end=\"1865\" data-rm-block-id=\"block-16\"><span style=\"color: #0000ff;\"><strong data-start=\"1837\" data-end=\"1865\">Concebido para exteriores<\/strong><\/span><\/h4>\n<ul data-start=\"1866\" data-end=\"2004\">\n<li data-start=\"1866\" data-end=\"1925\">\n<p data-start=\"1868\" data-end=\"1925\" data-rm-block-id=\"block-17\">Caixa robusta e resistente \u00e0 chuva, humidade e poeira.<\/p>\n<\/li>\n<li data-start=\"1926\" data-end=\"2004\">\n<p data-start=\"1928\" data-end=\"2004\" data-rm-block-id=\"block-18\">Perfeito para quintas, reservas, montanhas, api\u00e1rios ou qualquer ambiente natural.<\/p>\n<\/li>\n<\/ul>","protected":false},"excerpt":{"rendered":"<h3 data-rm-block-id=\"block-1\"><span style=\"font-size: 16px;\">Este pacote inclui o <\/span><strong style=\"font-size: 16px;\" data-start=\"404\" data-end=\"419\">c\u00e2mara X60P<\/strong><span style=\"font-size: 16px;\"> em conjunto com <\/span><strong style=\"font-size: 16px;\" data-start=\"430\" data-end=\"467\">duas baterias de l\u00edtio de 8000 mAh<\/strong><span style=\"font-size: 16px;\">, concebidas para oferecer a m\u00e1xima autonomia em exteriores. \u00c9 a solu\u00e7\u00e3o ideal para quem precisa de uma c\u00e2mara de vigil\u00e2ncia ou fototrampa capaz de funcionar durante longos per\u00edodos sem manuten\u00e7\u00e3o, mesmo em zonas remotas sem acesso a eletricidade.<\/span><\/h3>","protected":false},"featured_media":26484,"template":"","meta":[],"product_brand":[],"product_cat":[139,102,129,109],"product_tag":[],"class_list":{"0":"post-26479","1":"product","2":"type-product","3":"status-publish","4":"has-post-thumbnail","6":"product_cat-camara-con-envio-al-movil","7":"product_cat-camaras","8":"product_cat-gardepro","9":"product_cat-ofertas","11":"first","12":"instock","13":"sale","14":"taxable","15":"shipping-taxable","16":"purchasable","17":"product-type-simple","18":"add-to-wishlist-after_add_to_cart"},"_links":{"self":[{"href":"https:\/\/dinaturez.com\/pt\/wp-json\/wp\/v2\/product\/26479","targetHints":{"allow":["GET"]}}],"collection":[{"href":"https:\/\/dinaturez.com\/pt\/wp-json\/wp\/v2\/product"}],"about":[{"href":"https:\/\/dinaturez.com\/pt\/wp-json\/wp\/v2\/types\/product"}],"wp:featuredmedia":[{"embeddable":true,"href":"https:\/\/dinaturez.com\/pt\/wp-json\/wp\/v2\/media\/26484"}],"wp:attachment":[{"href":"https:\/\/dinaturez.com\/pt\/wp-json\/wp\/v2\/media?parent=26479"}],"wp:term":[{"taxonomy":"product_brand","embeddable":true,"href":"https:\/\/dinaturez.com\/pt\/wp-json\/wp\/v2\/product_brand?post=26479"},{"taxonomy":"product_cat","embeddable":true,"href":"https:\/\/dinaturez.com\/pt\/wp-json\/wp\/v2\/product_cat?post=26479"},{"taxonomy":"product_tag","embeddable":true,"href":"https:\/\/dinaturez.com\/pt\/wp-json\/wp\/v2\/product_tag?post=26479"}],"curies":[{"name":"wp","href":"https:\/\/api.w.org\/{rel}","templated":true}]}}