{"id":26441,"date":"2025-11-25T16:52:11","date_gmt":"2025-11-25T15:52:11","guid":{"rendered":"https:\/\/dinaturez.com\/?post_type=product&#038;p=26441"},"modified":"2025-11-25T17:15:25","modified_gmt":"2025-11-25T16:15:25","slug":"monocular-scmo03-vector-optics","status":"publish","type":"product","link":"https:\/\/dinaturez.com\/pt\/product\/monocular-scmo03-vector-optics\/","title":{"rendered":"Monocular Forester 8\u00d732 Ref: SCMO:03 VECTOR OPTICS"},"content":{"rendered":"<h3 data-start=\"265\" data-end=\"648\">O <strong data-start=\"268\" data-end=\"309\"><span class=\"entity-underline hover:entity-accent inline cursor-pointer align-baseline\"><span class=\"whitespace-normal\">Vetor Optics Forester 8\u00d732<\/span><\/span><\/strong> \u00e9 um monocular compacto concebido para oferecer uma op\u00e7\u00e3o leve, port\u00e1til e robusta para observa\u00e7\u00e3o natural, caminhadas, viagens e actividades ao ar livre. A sua ergonomia permite uma utiliza\u00e7\u00e3o confort\u00e1vel com uma s\u00f3 m\u00e3o, o que o torna especialmente \u00fatil quando \u00e9 necess\u00e1rio rapidez e mobilidade sem sacrificar o bom desempenho \u00f3tico.<\/h3>\n<h3>Ultra compacto e leve, o tamanho de bolso torna-o perfeito para ser utilizado com uma s\u00f3 m\u00e3oLente totalmente revestida, elevada nitidez e resolu\u00e7\u00e3o de imagemImperme\u00e1vel IP67, 1 m de profundidade de \u00e1gua durante 30 minutos, permite a observa\u00e7\u00e3o em todas as condi\u00e7\u00f5es climat\u00e9ricas.<\/h3>\n<p>&nbsp;<\/p>\n<h4 data-start=\"2726\" data-end=\"2750\"><span style=\"color: #0000ff;\">Conce\u00e7\u00e3o e constru\u00e7\u00e3o<\/span><\/h4>\n<ul data-start=\"2752\" data-end=\"3396\">\n<li data-start=\"2752\" data-end=\"2943\">\n<p data-start=\"2754\" data-end=\"2943\">O corpo do mon\u00f3culo \u00e9 revestido por uma borracha \u201cblindada\u201d ou refor\u00e7ada, que proporciona uma prote\u00e7\u00e3o extra contra choques, quedas ou abras\u00f5es.<\/p>\n<\/li>\n<li data-start=\"2944\" data-end=\"3171\">\n<p data-start=\"2946\" data-end=\"3171\">Tem uma forma muito ergon\u00f3mica, suficientemente pequena para caber num bolso, o que facilita a sua utiliza\u00e7\u00e3o r\u00e1pida em trilhos de caminhadas ou durante passeios na natureza.<\/p>\n<\/li>\n<li data-start=\"3172\" data-end=\"3396\">\n<p data-start=\"3174\" data-end=\"3396\">Tem um ponto de fixa\u00e7\u00e3o para cord\u00e3o ou anel de cord\u00e3o, \u00fatil para o transportar no pulso ou na mochila. Algumas lojas mencionam-no na embalagem de venda.<\/p>\n<\/li>\n<\/ul>\n<h4 data-start=\"3403\" data-end=\"3424\"><span style=\"color: #0000ff;\">Desempenho \u00f3tico<\/span><\/h4>\n<ul data-start=\"3426\" data-end=\"4028\">\n<li data-start=\"3426\" data-end=\"3664\">\n<p data-start=\"3428\" data-end=\"3664\">Gra\u00e7as \u00e0s suas lentes totalmente revestidas, o monocular proporciona imagens n\u00edtidas com um bom n\u00edvel de resolu\u00e7\u00e3o e contraste, o que \u00e9 importante para observar pormenores a dist\u00e2ncias moderadas.<\/p>\n<\/li>\n<li data-start=\"3665\" data-end=\"3842\">\n<p data-start=\"3667\" data-end=\"3842\">O prisma do tipo BK-7, embora n\u00e3o seja um vidro de primeira qualidade como o BK-4, oferece uma boa qualidade para um dispositivo compacto nesta gama de pre\u00e7os, equilibrando a qualidade e o custo.<\/p>\n<\/li>\n<li data-start=\"3843\" data-end=\"4028\">\n<p data-start=\"3845\" data-end=\"4028\">A focagem central (roda de focagem) permite um ajuste r\u00e1pido para diferentes lentes e a corre\u00e7\u00e3o das dioptrias ajuda a compensar as pequenas varia\u00e7\u00f5es \u00f3pticas entre utilizadores.<\/p>\n<\/li>\n<\/ul>\n<h4 data-start=\"4035\" data-end=\"4069\"><span style=\"color: #0000ff;\">Resist\u00eancia e utiliza\u00e7\u00e3o no exterior<\/span><\/h4>\n<ul data-start=\"4071\" data-end=\"4636\">\n<li data-start=\"4071\" data-end=\"4325\">\n<p data-start=\"4073\" data-end=\"4325\">A sua certifica\u00e7\u00e3o <strong data-start=\"4090\" data-end=\"4098\">IP67<\/strong> significa que \u00e9 \u00e0 prova de \u00e1gua: pode tolerar a imers\u00e3o em \u00e1gua at\u00e9 1 m durante cerca de 30 minutos, o que o torna \u00fatil \u00e0 chuva, em ambientes h\u00famidos ou em caso de salpicos.<\/p>\n<\/li>\n<li data-start=\"4326\" data-end=\"4490\">\n<p data-start=\"4328\" data-end=\"4490\">Al\u00e9m disso, o enchimento de azoto evita o embaciamento devido a mudan\u00e7as bruscas de temperatura, o que \u00e9 fundamental para observa\u00e7\u00f5es em montanhas, florestas ou zonas frias.<\/p>\n<\/li>\n<li data-start=\"4491\" data-end=\"4636\">\n<p data-start=\"4493\" data-end=\"4636\">O revestimento de borracha n\u00e3o s\u00f3 protege contra impactos, como tamb\u00e9m proporciona uma ader\u00eancia segura, mesmo com as m\u00e3os ou luvas molhadas.<\/p>\n<\/li>\n<\/ul>\n<h4 data-start=\"4643\" data-end=\"4677\"><span style=\"color: #0000ff;\">Pontos fortes e pontos altos<\/span><\/h4>\n<ol data-start=\"4679\" data-end=\"5316\">\n<li data-start=\"4679\" data-end=\"4818\">\n<p data-start=\"4682\" data-end=\"4818\"><strong data-start=\"4682\" data-end=\"4698\">Portabilidade<\/strong>O tamanho compacto e o peso reduzido tornam-no ideal para transportar num bolso ou numa mochila sem acrescentar uma carga significativa.<\/p>\n<\/li>\n<li data-start=\"4819\" data-end=\"4927\">\n<p data-start=\"4822\" data-end=\"4927\"><strong data-start=\"4822\" data-end=\"4834\">Robustez<\/strong>Com o seu revestimento de borracha e resist\u00eancia \u00e0 \u00e1gua, est\u00e1 preparado para ambientes exigentes.<\/p>\n<\/li>\n<li data-start=\"4928\" data-end=\"5114\">\n<p data-start=\"4931\" data-end=\"5114\"><strong data-start=\"4931\" data-end=\"4952\">Imagem de qualidade<\/strong>As lentes multicamadas + o prisma adequado para um mon\u00f3culo desta categoria proporcionam uma vis\u00e3o n\u00edtida e suficientemente brilhante para muitas situa\u00e7\u00f5es.<\/p>\n<\/li>\n<li data-start=\"5115\" data-end=\"5316\">\n<p data-start=\"5118\" data-end=\"5316\"><strong data-start=\"5118\" data-end=\"5141\">Versatilidade de utiliza\u00e7\u00e3o<\/strong>Perfeito para observa\u00e7\u00e3o da vida selvagem, caminhadas, viagens, passeios tur\u00edsticos e qualquer atividade ao ar livre em que n\u00e3o seja necess\u00e1rio equipamento de grande amplia\u00e7\u00e3o ou bin\u00f3culos pesados.<\/p>\n<\/li>\n<\/ol>\n<p>&nbsp;<\/p>\n<table>\n<tbody>\n<tr>\n<td class=\"t1\">Amplia\u00e7\u00e3o<\/td>\n<td class=\"t2\">8x<\/td>\n<\/tr>\n<tr>\n<td class=\"t1\">Dia da lente objetiva<\/td>\n<td class=\"t2\">32 mm \/ 1,3 in<\/td>\n<\/tr>\n<tr>\n<td class=\"t1\">Di\u00e2metro da lente ocular.<\/td>\n<td class=\"t2\">21 mm \/ 0,8 in<\/td>\n<\/tr>\n<tr>\n<td class=\"t1\">Dist\u00e2ncia focal m\u00ednima<\/td>\n<td class=\"t2\">6 m<\/td>\n<\/tr>\n<tr>\n<td class=\"t1\">Revestimento da lente<\/td>\n<td class=\"t2\">Totalmente multi-revestido<\/td>\n<\/tr>\n<tr>\n<td class=\"t1\">Vidro de prisma<\/td>\n<td class=\"t2\">BK-7, prisma de telhado<\/td>\n<\/tr>\n<tr>\n<td class=\"t1\">Campo de vis\u00e3o linear<\/td>\n<td class=\"t2\">417 p\u00e9s a 1000 jardas<\/td>\n<\/tr>\n<tr>\n<td class=\"t1\">Campo de vis\u00e3o linear<\/td>\n<td class=\"t2\">139 m @ 1000 m<\/td>\n<\/tr>\n<tr>\n<td class=\"t1\">Campo de vis\u00e3o angular<\/td>\n<td class=\"t2\">8.0 \u00b0<\/td>\n<\/tr>\n<tr>\n<td class=\"t1\">Ret\u00edculo<\/td>\n<td class=\"t2\">N\/A<\/td>\n<\/tr>\n<\/tbody>\n<\/table>","protected":false},"excerpt":{"rendered":"<h3>O <strong data-start=\"268\" data-end=\"309\"><span class=\"entity-underline hover:entity-accent inline cursor-pointer align-baseline\"><span class=\"whitespace-normal\">Vetor Optics Forester 8\u00d732<\/span><\/span><\/strong> \u00e9 um monocular compacto concebido para oferecer uma op\u00e7\u00e3o leve, port\u00e1til e robusta para observa\u00e7\u00e3o natural, caminhadas, viagens e actividades ao ar livre. A sua ergonomia permite uma utiliza\u00e7\u00e3o confort\u00e1vel com uma s\u00f3 m\u00e3o, o que o torna especialmente \u00fatil quando \u00e9 necess\u00e1rio rapidez e mobilidade sem sacrificar o bom desempenho \u00f3tico.<\/h3>","protected":false},"featured_media":26442,"template":"","meta":[],"product_brand":[],"product_cat":[133,142],"product_tag":[],"class_list":{"0":"post-26441","1":"product","2":"type-product","3":"status-publish","4":"has-post-thumbnail","6":"product_cat-vector-optic","7":"product_cat-prismaticos","9":"first","10":"instock","11":"taxable","12":"shipping-taxable","13":"purchasable","14":"product-type-simple","15":"add-to-wishlist-after_add_to_cart"},"_links":{"self":[{"href":"https:\/\/dinaturez.com\/pt\/wp-json\/wp\/v2\/product\/26441","targetHints":{"allow":["GET"]}}],"collection":[{"href":"https:\/\/dinaturez.com\/pt\/wp-json\/wp\/v2\/product"}],"about":[{"href":"https:\/\/dinaturez.com\/pt\/wp-json\/wp\/v2\/types\/product"}],"wp:featuredmedia":[{"embeddable":true,"href":"https:\/\/dinaturez.com\/pt\/wp-json\/wp\/v2\/media\/26442"}],"wp:attachment":[{"href":"https:\/\/dinaturez.com\/pt\/wp-json\/wp\/v2\/media?parent=26441"}],"wp:term":[{"taxonomy":"product_brand","embeddable":true,"href":"https:\/\/dinaturez.com\/pt\/wp-json\/wp\/v2\/product_brand?post=26441"},{"taxonomy":"product_cat","embeddable":true,"href":"https:\/\/dinaturez.com\/pt\/wp-json\/wp\/v2\/product_cat?post=26441"},{"taxonomy":"product_tag","embeddable":true,"href":"https:\/\/dinaturez.com\/pt\/wp-json\/wp\/v2\/product_tag?post=26441"}],"curies":[{"name":"wp","href":"https:\/\/api.w.org\/{rel}","templated":true}]}}