{"id":26412,"date":"2025-11-19T08:03:27","date_gmt":"2025-11-19T07:03:27","guid":{"rendered":"https:\/\/dinaturez.com\/?post_type=product&#038;p=26412"},"modified":"2026-03-23T13:11:36","modified_gmt":"2026-03-23T12:11:36","slug":"visor-termico-ibex335-lrf-thermtec","status":"publish","type":"product","link":"https:\/\/dinaturez.com\/pt\/product\/visor-termico-ibex335-lrf-thermtec\/","title":{"rendered":"Visualizador T\u00e9rmico IBEX335-LRF THERMTEC"},"content":{"rendered":"<h4 data-start=\"254\" data-end=\"650\" data-rm-block-id=\"block-1\"><span style=\"color: #0000ff;\">O <strong data-start=\"257\" data-end=\"279\">ThermTec Ibex 335 LRF<\/strong><\/span> \u00e9 um\u00a0<span style=\"color: #ff0000;\">novo<\/span> visor t\u00e9rmico de alta precis\u00e3o concebido para proporcionar uma imagem n\u00edtida, est\u00e1vel e pormenorizada, mesmo nas condi\u00e7\u00f5es mais exigentes. Gra\u00e7as ao seu sensor t\u00e9rmico de <strong data-start=\"452\" data-end=\"473\">384 \u00d7 288 pix\u00e9is<\/strong> com sensibilidade <strong data-start=\"491\" data-end=\"501\">&lt;18 mK<\/strong> e uma lente de <strong data-start=\"516\" data-end=\"525\">35 mm<\/strong>, A nova dete\u00e7\u00e3o de alvos de longo alcance, de alta resolu\u00e7\u00e3o, proporciona uma dete\u00e7\u00e3o clara de alvos a longo alcance e um excelente desempenho em ambientes de baixa visibilidade.<\/h4>\n<h4 data-start=\"652\" data-end=\"1005\" data-rm-block-id=\"block-2\">O seu ecr\u00e3 <strong data-start=\"664\" data-end=\"690\"><span style=\"color: #0000ff;\">AMOLED<\/span> 0,5 polegadas<\/strong> com resolu\u00e7\u00e3o <strong data-start=\"706\" data-end=\"724\">1600 \u00d7 1200 px<\/strong> oferece uma experi\u00eancia de visualiza\u00e7\u00e3o clara e confort\u00e1vel, permitindo alternar entre modos de visualiza\u00e7\u00e3o de acordo com a prefer\u00eancia do utilizador. A amplia\u00e7\u00e3o \u00f3tica de <strong data-start=\"874\" data-end=\"882\">3,7\u00d7<\/strong>, O novo zoom digital, combinado com o zoom digital cont\u00ednuo e a tecnologia de super-resolu\u00e7\u00e3o, permite ampliar a imagem sem sacrificar os detalhes.<\/h4>\n<h4 data-start=\"1007\" data-end=\"1518\" data-rm-block-id=\"block-3\">Incorpora um <strong data-start=\"1033\" data-end=\"1058\">tel\u00e9metro laser <span style=\"color: #0000ff;\">(LRF)<\/span><\/strong> com um alcance de at\u00e9 <strong data-start=\"1080\" data-end=\"1096\">1.000 metros<\/strong>, Trata-se de uma ferramenta indispens\u00e1vel para conhecer a dist\u00e2ncia real ao alvo e melhorar a precis\u00e3o do tiro. Inclui tamb\u00e9m fun\u00e7\u00f5es avan\u00e7adas, tais como <strong data-start=\"1244\" data-end=\"1265\">c\u00e1lculo bal\u00edstico<\/strong>, Calibra\u00e7\u00e3o autom\u00e1tica assistida por IA e a tecnologia <strong data-start=\"1322\" data-end=\"1329\">RAV<\/strong>, A mem\u00f3ria interna da c\u00e2mara, que ativa automaticamente a grava\u00e7\u00e3o de v\u00eddeo quando a arma recua, tamb\u00e9m est\u00e1 dispon\u00edvel. A sua mem\u00f3ria interna de <strong data-start=\"1429\" data-end=\"1438\">64 GB<\/strong> permite-lhe armazenar v\u00eddeos e fotografias sem necessidade de acess\u00f3rios adicionais.<\/h4>\n<p>&nbsp;<\/p>\n<table>\n<thead data-start=\"171\" data-end=\"209\">\n<tr data-start=\"171\" data-end=\"209\">\n<th data-start=\"171\" data-end=\"192\" data-col-size=\"sm\" data-rm-block-id=\"block-7\"><strong data-start=\"173\" data-end=\"191\">Carater\u00edsticas<\/strong><\/th>\n<th data-start=\"192\" data-end=\"209\" data-col-size=\"md\" data-rm-block-id=\"block-8\"><strong data-start=\"194\" data-end=\"207\">IBEX 335L<\/strong><\/th>\n<\/tr>\n<\/thead>\n<\/table>\n<div>\n<table>\n<tbody>\n<tr data-start=\"248\" data-end=\"288\">\n<td data-start=\"248\" data-end=\"259\" data-col-size=\"sm\" data-rm-block-id=\"block-9\"><strong data-start=\"250\" data-end=\"258\">Tipo<\/strong><\/td>\n<td data-col-size=\"md\" data-start=\"259\" data-end=\"288\" data-rm-block-id=\"block-10\">N\u00e3o arrefecido (N\u00e3o arrefecido)<\/td>\n<\/tr>\n<\/tbody>\n<\/table>\n<\/div>\n<div>\n<table>\n<tbody>\n<tr data-start=\"289\" data-end=\"330\">\n<td data-start=\"289\" data-end=\"319\" data-col-size=\"sm\" data-rm-block-id=\"block-11\"><strong data-start=\"291\" data-end=\"318\">Resolu\u00e7\u00e3o do detetor<\/strong><\/td>\n<td data-col-size=\"md\" data-start=\"319\" data-end=\"330\" data-rm-block-id=\"block-12\">384\u00d7288<\/td>\n<\/tr>\n<\/tbody>\n<\/table>\n<\/div>\n<div>\n<table>\n<tbody>\n<tr data-start=\"331\" data-end=\"363\">\n<td data-start=\"331\" data-end=\"354\" data-col-size=\"sm\" data-rm-block-id=\"block-13\"><strong data-start=\"333\" data-end=\"353\">Tamanho do pixel<\/strong><\/td>\n<td data-col-size=\"md\" data-start=\"354\" data-end=\"363\" data-rm-block-id=\"block-14\">12 \u03bcm<\/td>\n<\/tr>\n<\/tbody>\n<\/table>\n<\/div>\n<div>\n<table>\n<tbody>\n<tr data-start=\"364\" data-end=\"385\">\n<td data-start=\"364\" data-end=\"375\" data-col-size=\"sm\" data-rm-block-id=\"block-15\"><strong data-start=\"366\" data-end=\"374\">NETD<\/strong><\/td>\n<td data-col-size=\"md\" data-start=\"375\" data-end=\"385\" data-rm-block-id=\"block-16\">&lt;18 mK<\/td>\n<\/tr>\n<\/tbody>\n<\/table>\n<\/div>\n<div>\n<table>\n<tbody>\n<tr data-start=\"386\" data-end=\"419\">\n<td data-start=\"386\" data-end=\"408\" data-col-size=\"sm\" data-rm-block-id=\"block-17\"><strong data-start=\"388\" data-end=\"407\">Gama espetral<\/strong><\/td>\n<td data-col-size=\"md\" data-start=\"408\" data-end=\"419\" data-rm-block-id=\"block-18\">8-14 \u03bcm<\/td>\n<\/tr>\n<\/tbody>\n<\/table>\n<\/div>\n<div>\n<table>\n<tbody>\n<tr data-start=\"420\" data-end=\"457\">\n<td data-start=\"420\" data-end=\"448\" data-col-size=\"sm\" data-rm-block-id=\"block-19\"><strong data-start=\"422\" data-end=\"447\">Frequ\u00eancia de fotogramas<\/strong><\/td>\n<td data-col-size=\"md\" data-start=\"448\" data-end=\"457\" data-rm-block-id=\"block-20\">50 Hz<\/td>\n<\/tr>\n<\/tbody>\n<\/table>\n<\/div>\n<div>\n<table>\n<tbody>\n<tr data-start=\"458\" data-end=\"495\">\n<td data-start=\"458\" data-end=\"485\" data-col-size=\"sm\" data-rm-block-id=\"block-21\"><strong data-start=\"460\" data-end=\"484\">Alcance de dete\u00e7\u00e3o<\/strong><\/td>\n<td data-col-size=\"md\" data-start=\"485\" data-end=\"495\" data-rm-block-id=\"block-22\">1800 m<\/td>\n<\/tr>\n<\/tbody>\n<\/table>\n<\/div>\n<div>\n<table>\n<tbody>\n<tr data-start=\"496\" data-end=\"526\">\n<td data-start=\"496\" data-end=\"517\" data-col-size=\"sm\" data-rm-block-id=\"block-23\"><strong data-start=\"498\" data-end=\"516\">Lente objetiva<\/strong><\/td>\n<td data-col-size=\"md\" data-start=\"517\" data-end=\"526\" data-rm-block-id=\"block-24\">35 mm<\/td>\n<\/tr>\n<\/tbody>\n<\/table>\n<\/div>\n<div>\n<table>\n<tbody>\n<tr data-start=\"527\" data-end=\"564\">\n<td data-start=\"527\" data-end=\"549\" data-col-size=\"sm\" data-rm-block-id=\"block-25\"><strong data-start=\"529\" data-end=\"548\">Campo de vis\u00e3o<\/strong><\/td>\n<td data-col-size=\"md\" data-start=\"549\" data-end=\"564\" data-rm-block-id=\"block-26\">7.5\u00b0 x 5.7\u00b0<\/td>\n<\/tr>\n<\/tbody>\n<\/table>\n<\/div>\n<div>\n<table>\n<tbody>\n<tr data-start=\"565\" data-end=\"599\">\n<td data-start=\"565\" data-end=\"585\" data-col-size=\"sm\" data-rm-block-id=\"block-27\"><strong data-start=\"567\" data-end=\"584\">Campo 100 m<\/strong><\/td>\n<td data-col-size=\"md\" data-start=\"585\" data-end=\"599\" data-rm-block-id=\"block-28\">13.2 x 9.9<\/td>\n<\/tr>\n<\/tbody>\n<\/table>\n<\/div>\n<div>\n<table>\n<tbody>\n<tr data-start=\"600\" data-end=\"629\">\n<td data-start=\"600\" data-end=\"621\" data-col-size=\"sm\" data-rm-block-id=\"block-29\"><strong data-start=\"602\" data-end=\"620\">Amplia\u00e7\u00e3o \u00f3tica<\/strong><\/td>\n<td data-col-size=\"md\" data-start=\"621\" data-end=\"629\" data-rm-block-id=\"block-30\">3.7x<\/td>\n<\/tr>\n<\/tbody>\n<\/table>\n<\/div>\n<div>\n<table>\n<tbody>\n<tr data-start=\"630\" data-end=\"661\">\n<td data-start=\"630\" data-end=\"649\" data-col-size=\"sm\" data-rm-block-id=\"block-31\"><strong data-start=\"632\" data-end=\"648\">Zoom digital<\/strong><\/td>\n<td data-col-size=\"md\" data-start=\"649\" data-end=\"661\" data-rm-block-id=\"block-32\">1.0-4.0x<\/td>\n<\/tr>\n<\/tbody>\n<\/table>\n<\/div>\n<div>\n<table>\n<tbody>\n<tr data-start=\"662\" data-end=\"691\">\n<td data-start=\"662\" data-end=\"682\" data-col-size=\"sm\" data-rm-block-id=\"block-33\"><strong data-start=\"664\" data-end=\"681\">Al\u00edvio dos olhos<\/strong><\/td>\n<td data-col-size=\"md\" data-start=\"682\" data-end=\"691\" data-rm-block-id=\"block-34\">50 mm<\/td>\n<\/tr>\n<\/tbody>\n<\/table>\n<\/div>\n<div>\n<table>\n<tbody>\n<tr data-start=\"692\" data-end=\"735\">\n<td data-start=\"692\" data-end=\"727\" data-col-size=\"sm\" data-rm-block-id=\"block-35\"><strong data-start=\"694\" data-end=\"726\">Di\u00e2metro da pupila de sa\u00edda<\/strong><\/td>\n<td data-col-size=\"md\" data-start=\"727\" data-end=\"735\" data-rm-block-id=\"block-36\">6 mm<\/td>\n<\/tr>\n<\/tbody>\n<\/table>\n<\/div>\n<div>\n<table>\n<tbody>\n<tr data-start=\"736\" data-end=\"758\">\n<td data-start=\"736\" data-end=\"751\" data-col-size=\"sm\" data-rm-block-id=\"block-37\"><strong data-start=\"738\" data-end=\"750\">Dioptria<\/strong><\/td>\n<td data-col-size=\"md\" data-start=\"751\" data-end=\"758\" data-rm-block-id=\"block-38\">\u00b15D<\/td>\n<\/tr>\n<\/tbody>\n<\/table>\n<\/div>\n<div>\n<table>\n<tbody>\n<tr data-start=\"759\" data-end=\"791\">\n<td data-start=\"759\" data-end=\"782\" data-col-size=\"sm\" data-rm-block-id=\"block-39\"><strong data-start=\"761\" data-end=\"781\">Ret\u00edculo \/ Cor<\/strong><\/td>\n<td data-col-size=\"md\" data-start=\"782\" data-end=\"791\" data-rm-block-id=\"block-40\">7 \/ 6<\/td>\n<\/tr>\n<\/tbody>\n<\/table>\n<\/div>\n<div>\n<table>\n<tbody>\n<tr data-start=\"792\" data-end=\"842\">\n<td data-start=\"792\" data-end=\"807\" data-col-size=\"sm\" data-rm-block-id=\"block-41\"><strong data-start=\"794\" data-end=\"806\">Ecr\u00e3<\/strong><\/td>\n<td data-col-size=\"md\" data-start=\"807\" data-end=\"842\" data-rm-block-id=\"block-42\">AMOLED, 0,5 polegadas, 1600\u00d71200<\/td>\n<\/tr>\n<\/tbody>\n<\/table>\n<\/div>\n<div>\n<table>\n<tbody>\n<tr data-start=\"843\" data-end=\"872\">\n<td data-start=\"843\" data-end=\"867\" data-col-size=\"sm\" data-rm-block-id=\"block-43\"><strong data-start=\"845\" data-end=\"866\">Paleta de cores<\/strong><\/td>\n<td data-col-size=\"md\" data-start=\"867\" data-end=\"872\" data-rm-block-id=\"block-44\">6<\/td>\n<\/tr>\n<\/tbody>\n<\/table>\n<\/div>\n<div>\n<table>\n<tbody>\n<tr data-start=\"873\" data-end=\"918\">\n<td data-start=\"873\" data-end=\"908\" data-col-size=\"sm\" data-rm-block-id=\"block-45\"><strong data-start=\"875\" data-end=\"907\">Recuo m\u00e1ximo de uma arma estriada<\/strong><\/td>\n<td data-col-size=\"md\" data-start=\"908\" data-end=\"918\" data-rm-block-id=\"block-46\">6000 J<\/td>\n<\/tr>\n<\/tbody>\n<\/table>\n<\/div>\n<div>\n<table>\n<tbody>\n<tr data-start=\"919\" data-end=\"970\">\n<td data-start=\"919\" data-end=\"941\" data-col-size=\"sm\" data-rm-block-id=\"block-47\"><strong data-start=\"921\" data-end=\"940\">Suporte de armas<\/strong><\/td>\n<td data-col-size=\"md\" data-start=\"941\" data-end=\"970\" data-rm-block-id=\"block-48\">An\u00e9is standard de 30 mm<\/td>\n<\/tr>\n<\/tbody>\n<\/table>\n<\/div>\n<div>\n<table>\n<tbody>\n<tr data-start=\"971\" data-end=\"999\">\n<td data-start=\"971\" data-end=\"988\" data-col-size=\"sm\" data-rm-block-id=\"block-49\"><strong data-start=\"973\" data-end=\"987\">Registo de retrocesso RAV \/ TASS<\/strong><\/td>\n<td data-col-size=\"md\" data-start=\"988\" data-end=\"999\" data-rm-block-id=\"block-50\">Sim \/ Sim<\/td>\n<\/tr>\n<\/tbody>\n<\/table>\n<\/div>\n<div>\n<table>\n<tbody>\n<tr data-start=\"1000\" data-end=\"1031\">\n<td data-start=\"1000\" data-end=\"1025\" data-col-size=\"sm\" data-rm-block-id=\"block-51\"><strong data-start=\"1002\" data-end=\"1024\">Grava\u00e7\u00e3o \u00e1udio<\/strong><\/td>\n<td data-col-size=\"md\" data-start=\"1025\" data-end=\"1031\" data-rm-block-id=\"block-52\">Sim<\/td>\n<\/tr>\n<\/tbody>\n<\/table>\n<\/div>\n<div>\n<table>\n<tbody>\n<tr data-start=\"1032\" data-end=\"1092\">\n<td data-start=\"1032\" data-end=\"1077\" data-col-size=\"sm\" data-rm-block-id=\"block-53\"><strong data-start=\"1034\" data-end=\"1076\">Zero manual \/ Perfis \/ Congelar zero<\/strong><\/td>\n<td data-col-size=\"md\" data-start=\"1077\" data-end=\"1092\" data-rm-block-id=\"block-54\">Sim \/ 6 \/ Sim<\/td>\n<\/tr>\n<\/tbody>\n<\/table>\n<\/div>\n<div>\n<table>\n<tbody>\n<tr data-start=\"1093\" data-end=\"1129\">\n<td data-start=\"1093\" data-end=\"1123\" data-col-size=\"sm\" data-rm-block-id=\"block-55\"><strong data-start=\"1095\" data-end=\"1122\">Imagem dentro de uma imagem<\/strong><\/td>\n<td data-col-size=\"md\" data-start=\"1123\" data-end=\"1129\" data-rm-block-id=\"block-56\">Sim<\/td>\n<\/tr>\n<\/tbody>\n<\/table>\n<\/div>\n<div>\n<table>\n<tbody>\n<tr data-start=\"1130\" data-end=\"1150\">\n<td data-start=\"1130\" data-end=\"1140\" data-col-size=\"sm\" data-rm-block-id=\"block-57\"><strong data-start=\"1132\" data-end=\"1139\">LRF<\/strong><\/td>\n<td data-col-size=\"md\" data-start=\"1140\" data-end=\"1150\" data-rm-block-id=\"block-58\">1000 m<\/td>\n<\/tr>\n<\/tbody>\n<\/table>\n<\/div>\n<div>\n<table>\n<tbody>\n<tr data-start=\"1151\" data-end=\"1185\">\n<td data-start=\"1151\" data-end=\"1179\" data-col-size=\"sm\" data-rm-block-id=\"block-59\"><strong data-start=\"1153\" data-end=\"1178\">Calculadora bal\u00edstica<\/strong><\/td>\n<td data-col-size=\"md\" data-start=\"1179\" data-end=\"1185\" data-rm-block-id=\"block-60\">Sim<\/td>\n<\/tr>\n<\/tbody>\n<\/table>\n<\/div>\n<div>\n<table>\n<tbody>\n<tr data-start=\"1186\" data-end=\"1237\">\n<td data-start=\"1186\" data-end=\"1214\" data-col-size=\"sm\" data-rm-block-id=\"block-61\"><strong data-start=\"1188\" data-end=\"1213\">Calibra\u00e7\u00e3o de imagens<\/strong><\/td>\n<td data-col-size=\"md\" data-start=\"1214\" data-end=\"1237\" data-rm-block-id=\"block-62\">Manual \/ Autom\u00e1tico<\/td>\n<\/tr>\n<\/tbody>\n<\/table>\n<\/div>\n<div>\n<table>\n<tbody>\n<tr data-start=\"1238\" data-end=\"1274\">\n<td data-start=\"1238\" data-end=\"1268\" data-col-size=\"sm\" data-rm-block-id=\"block-63\"><strong data-start=\"1240\" data-end=\"1267\">Reprodu\u00e7\u00e3o de fotografia\/v\u00eddeo<\/strong><\/td>\n<td data-col-size=\"md\" data-start=\"1268\" data-end=\"1274\" data-rm-block-id=\"block-64\">Sim<\/td>\n<\/tr>\n<\/tbody>\n<\/table>\n<\/div>\n<div>\n<table>\n<tbody>\n<tr data-start=\"1275\" data-end=\"1310\">\n<td data-start=\"1275\" data-end=\"1301\" data-col-size=\"sm\" data-rm-block-id=\"block-65\"><strong data-start=\"1277\" data-end=\"1300\">Mem\u00f3ria incorporada<\/strong><\/td>\n<td data-col-size=\"md\" data-start=\"1301\" data-end=\"1310\" data-rm-block-id=\"block-66\">64 GB<\/td>\n<\/tr>\n<\/tbody>\n<\/table>\n<\/div>\n<div>\n<table>\n<tbody>\n<tr data-start=\"1311\" data-end=\"1376\">\n<td data-start=\"1311\" data-end=\"1331\" data-col-size=\"sm\" data-rm-block-id=\"block-67\"><strong data-start=\"1313\" data-end=\"1330\">Porta Tipo C<\/strong><\/td>\n<td data-col-size=\"md\" data-start=\"1331\" data-end=\"1376\" data-rm-block-id=\"block-68\">Transfer\u00eancia de dados e carregamento da bateria<\/td>\n<\/tr>\n<\/tbody>\n<\/table>\n<\/div>\n<div>\n<table>\n<tbody>\n<tr data-start=\"1377\" data-end=\"1414\">\n<td data-start=\"1377\" data-end=\"1408\" data-col-size=\"sm\" data-rm-block-id=\"block-69\"><strong data-start=\"1379\" data-end=\"1407\">Ponto de acesso<\/strong><\/td>\n<td data-col-size=\"md\" data-start=\"1408\" data-end=\"1414\" data-rm-block-id=\"block-70\">Sim<\/td>\n<\/tr>\n<\/tbody>\n<\/table>\n<\/div>\n<div>\n<table>\n<tbody>\n<tr data-start=\"1415\" data-end=\"1456\">\n<td data-start=\"1415\" data-end=\"1429\" data-col-size=\"sm\" data-rm-block-id=\"block-71\"><strong data-start=\"1417\" data-end=\"1428\">Bateria<\/strong><\/td>\n<td data-col-size=\"md\" data-start=\"1429\" data-end=\"1456\" data-rm-block-id=\"block-72\">Substitu\u00edvel, 1 x 18650<\/td>\n<\/tr>\n<\/tbody>\n<\/table>\n<\/div>\n<div>\n<table>\n<tbody>\n<tr data-start=\"1457\" data-end=\"1490\">\n<td data-start=\"1457\" data-end=\"1483\" data-col-size=\"sm\" data-rm-block-id=\"block-73\"><strong data-start=\"1459\" data-end=\"1482\">Dura\u00e7\u00e3o da bateria<\/strong><\/td>\n<td data-col-size=\"md\" data-start=\"1483\" data-end=\"1490\" data-rm-block-id=\"block-74\">6 h<\/td>\n<\/tr>\n<\/tbody>\n<\/table>\n<\/div>\n<div>\n<table>\n<tbody>\n<tr data-start=\"1491\" data-end=\"1543\">\n<td data-start=\"1491\" data-end=\"1527\" data-col-size=\"sm\" data-rm-block-id=\"block-75\"><strong data-start=\"1493\" data-end=\"1526\">Temperatura de funcionamento<\/strong><\/td>\n<td data-col-size=\"md\" data-start=\"1527\" data-end=\"1543\" data-rm-block-id=\"block-76\">-20 ~ +50 \u00b0C<\/td>\n<\/tr>\n<\/tbody>\n<\/table>\n<\/div>\n<div>\n<table>\n<tbody>\n<tr data-start=\"1544\" data-end=\"1575\">\n<td data-start=\"1544\" data-end=\"1567\" data-col-size=\"sm\" data-rm-block-id=\"block-77\"><strong data-start=\"1546\" data-end=\"1566\">Classifica\u00e7\u00e3o IP<\/strong><\/td>\n<td data-col-size=\"md\" data-start=\"1567\" data-end=\"1575\" data-rm-block-id=\"block-78\">IP67<\/td>\n<\/tr>\n<\/tbody>\n<\/table>\n<\/div>\n<div>\n<table>\n<tbody>\n<tr data-start=\"1576\" data-end=\"1614\">\n<td data-start=\"1576\" data-end=\"1587\" data-col-size=\"sm\" data-rm-block-id=\"block-79\"><strong data-start=\"1578\" data-end=\"1586\">Peso<\/strong><\/td>\n<td data-col-size=\"md\" data-start=\"1587\" data-end=\"1614\" data-rm-block-id=\"block-80\">770 \u00b1 5 g (sem bateria)<\/td>\n<\/tr>\n<\/tbody>\n<\/table>\n<\/div>\n<div>\n<table>\n<tbody>\n<tr data-start=\"1615\" data-end=\"1653\">\n<td data-start=\"1615\" data-end=\"1633\" data-col-size=\"sm\" data-rm-block-id=\"block-81\"><strong data-start=\"1617\" data-end=\"1632\">Dimens\u00f5es<\/strong><\/td>\n<td data-col-size=\"md\" data-start=\"1633\" data-end=\"1653\" data-rm-block-id=\"block-82\">344 \u00d7 86 \u00d7 70 mm<\/td>\n<\/tr>\n<\/tbody>\n<\/table>\n<\/div>\n<div>\n<table>\n<tbody>\n<tr data-start=\"1654\" data-end=\"1692\">\n<td data-start=\"1654\" data-end=\"1674\" data-col-size=\"sm\" data-rm-block-id=\"block-83\"><strong data-start=\"1656\" data-end=\"1673\">Cabo externo<\/strong><\/td>\n<td data-col-size=\"md\" data-start=\"1674\" data-end=\"1692\" data-rm-block-id=\"block-84\">USB para dados<\/td>\n<\/tr>\n<\/tbody>\n<\/table>\n<\/div>\n<div>\n<table>\n<tbody>\n<tr data-start=\"1693\" data-end=\"1743\">\n<td data-start=\"1693\" data-end=\"1716\" data-col-size=\"sm\" data-rm-block-id=\"block-85\"><strong data-start=\"1695\" data-end=\"1715\">Outros acess\u00f3rios<\/strong><\/td>\n<td data-col-size=\"md\" data-start=\"1716\" data-end=\"1743\" data-rm-block-id=\"block-86\">Protectores solares para os olhos e outros<\/td>\n<\/tr>\n<\/tbody>\n<\/table>\n<p data-rm-block-id=\"block-87\">\n<\/div>\n<p data-rm-block-id=\"block-88\"><a href=\"https:\/\/dinaturez.com\/wp-content\/uploads\/2025\/11\/Visor-de-imagenes-ThermTec-Ibex-Serie-L_Manual-del-usuario.pdf\">ThermTec Ibex-L-Serie L_Image Viewer_Manual do Utilizador<\/a><\/p>","protected":false},"excerpt":{"rendered":"<h3 data-start=\"254\" data-end=\"650\"><span style=\"color: #0000ff;\">O <strong data-start=\"257\" data-end=\"279\">ThermTec Ibex 335L<\/strong><\/span> \u00e9 um visor t\u00e9rmico de alta precis\u00e3o concebido para oferecer uma imagem n\u00edtida, est\u00e1vel e detalhada, mesmo nas condi\u00e7\u00f5es mais exigentes. Gra\u00e7as ao seu sensor t\u00e9rmico de <strong data-start=\"452\" data-end=\"473\">384 \u00d7 288 pix\u00e9is<\/strong> com sensibilidade <strong data-start=\"491\" data-end=\"501\">&lt;18 mK<\/strong> e uma lente de <strong data-start=\"516\" data-end=\"525\">35 mm<\/strong>, A nova dete\u00e7\u00e3o de alvos de longo alcance, de alta resolu\u00e7\u00e3o, proporciona uma dete\u00e7\u00e3o clara de alvos a longo alcance e um excelente desempenho em ambientes de baixa visibilidade.<\/h3>","protected":false},"featured_media":26414,"template":"","meta":[],"product_brand":[],"product_cat":[131,144,146,150],"product_tag":[],"class_list":{"0":"post-26412","1":"product","2":"type-product","3":"status-publish","4":"has-post-thumbnail","6":"product_cat-thermtec","7":"product_cat-vision-termica","8":"product_cat-visores-termicos","9":"product_cat-visores-thermtec","11":"first","12":"instock","13":"taxable","14":"shipping-taxable","15":"purchasable","16":"product-type-simple","17":"add-to-wishlist-after_add_to_cart"},"_links":{"self":[{"href":"https:\/\/dinaturez.com\/pt\/wp-json\/wp\/v2\/product\/26412","targetHints":{"allow":["GET"]}}],"collection":[{"href":"https:\/\/dinaturez.com\/pt\/wp-json\/wp\/v2\/product"}],"about":[{"href":"https:\/\/dinaturez.com\/pt\/wp-json\/wp\/v2\/types\/product"}],"wp:featuredmedia":[{"embeddable":true,"href":"https:\/\/dinaturez.com\/pt\/wp-json\/wp\/v2\/media\/26414"}],"wp:attachment":[{"href":"https:\/\/dinaturez.com\/pt\/wp-json\/wp\/v2\/media?parent=26412"}],"wp:term":[{"taxonomy":"product_brand","embeddable":true,"href":"https:\/\/dinaturez.com\/pt\/wp-json\/wp\/v2\/product_brand?post=26412"},{"taxonomy":"product_cat","embeddable":true,"href":"https:\/\/dinaturez.com\/pt\/wp-json\/wp\/v2\/product_cat?post=26412"},{"taxonomy":"product_tag","embeddable":true,"href":"https:\/\/dinaturez.com\/pt\/wp-json\/wp\/v2\/product_tag?post=26412"}],"curies":[{"name":"wp","href":"https:\/\/api.w.org\/{rel}","templated":true}]}}