{"id":26403,"date":"2025-11-14T17:35:29","date_gmt":"2025-11-14T16:35:29","guid":{"rendered":"https:\/\/dinaturez.com\/?post_type=product&#038;p=26403"},"modified":"2026-01-08T12:51:55","modified_gmt":"2026-01-08T11:51:55","slug":"punto-rojo-scrd-12ii-vector-optics","status":"publish","type":"product","link":"https:\/\/dinaturez.com\/pt\/product\/punto-rojo-scrd-12ii-vector-optics\/","title":{"rendered":"Red Dot Maverick-II 1\u00d722 GenII Ref: SCRD 12II VECTOR OPTICS"},"content":{"rendered":"<h3 data-start=\"130\" data-end=\"464\" data-rm-block-id=\"block-1\">A Vetor Optics Maverick-II 1\u00d722 Gen II \u00e9 uma mira compacta para espingardas de ponto vermelho concebida para desempenho, versatilidade e facilidade de utiliza\u00e7\u00e3o em aplica\u00e7\u00f5es t\u00e1cticas, desportivas ou de ca\u00e7a. Foi concebida para aqueles que pretendem uma mira de carabina de pontos vermelhos fi\u00e1vel, leve e de elevado desempenho, sem o custo da gama super-alta.<\/h3>\n<h4 data-start=\"466\" data-end=\"498\" data-rm-block-id=\"block-2\"><span style=\"color: #0000ff;\">Carater\u00edsticas principais<\/span><\/h4>\n<ul data-start=\"499\" data-end=\"1800\">\n<li data-start=\"499\" data-end=\"660\">\n<p data-start=\"501\" data-end=\"660\" data-rm-block-id=\"block-3\">Tamanho do ponto: <strong data-start=\"519\" data-end=\"528\">3 MOA<\/strong>, Isto permite uma boa combina\u00e7\u00e3o de velocidade de aquisi\u00e7\u00e3o do alvo e precis\u00e3o.<\/p>\n<\/li>\n<li data-start=\"661\" data-end=\"851\">\n<p data-start=\"663\" data-end=\"851\" data-rm-block-id=\"block-4\">Intensidade do ponto ajust\u00e1vel: <strong data-start=\"695\" data-end=\"709\">11 n\u00edveis<\/strong> (10 para a luz do dia + 1 para a vis\u00e3o nocturna) para se adaptar a diferentes condi\u00e7\u00f5es de ilumina\u00e7\u00e3o.<\/p>\n<\/li>\n<li data-start=\"852\" data-end=\"1034\">\n<p data-start=\"854\" data-end=\"1034\" data-rm-block-id=\"block-5\">Al\u00edvio de olhos ilimitado e sem paralaxe aparente (paralaxe &lt; 1 MOA) de acordo com as especifica\u00e7\u00f5es, facilitando o disparo com os dois olhos abertos.<\/p>\n<\/li>\n<li data-start=\"1035\" data-end=\"1201\">\n<p data-start=\"1037\" data-end=\"1201\" data-rm-block-id=\"block-6\">Corpo em liga de alum\u00ednio <strong data-start=\"1078\" data-end=\"1089\">6061-T6<\/strong>, O acabamento preto mate, que oferece robustez e resist\u00eancia a uma utiliza\u00e7\u00e3o exigente.<\/p>\n<\/li>\n<li data-start=\"1202\" data-end=\"1323\">\n<p data-start=\"1204\" data-end=\"1323\" data-rm-block-id=\"block-7\">Dimens\u00f5es compactas: comprimento 76 mm (aprox.), peso l\u00edquido 188 g (aprox.).<\/p>\n<\/li>\n<li data-start=\"1324\" data-end=\"1527\">\n<p data-start=\"1326\" data-end=\"1527\" data-rm-block-id=\"block-8\">Suporte vers\u00e1til: inclui suporte QD (liberta\u00e7\u00e3o r\u00e1pida) para calha Picatinny e suporte baixo, oferecendo op\u00e7\u00f5es de instala\u00e7\u00e3o em diferentes plataformas.<\/p>\n<\/li>\n<li data-start=\"1528\" data-end=\"1670\">\n<p data-start=\"1530\" data-end=\"1670\" data-rm-block-id=\"block-9\">Ajustes de eleva\u00e7\u00e3o e desvio com clique aud\u00edvel de 1 MOA, com alcance superior a 100 MOA para ambos os eixos.<\/p>\n<\/li>\n<li data-start=\"1671\" data-end=\"1800\">\n<p data-start=\"1673\" data-end=\"1800\" data-rm-block-id=\"block-10\">Alimentado por uma \u00fanica pilha CR2032, o que simplifica a manuten\u00e7\u00e3o.<\/p>\n<\/li>\n<\/ul>\n<h4 data-start=\"1802\" data-end=\"1832\" data-rm-block-id=\"block-11\"><span style=\"color: #0000ff;\">Vantagens para o utilizador<\/span><\/h4>\n<ul data-start=\"1833\" data-end=\"2602\">\n<li data-start=\"1833\" data-end=\"1980\">\n<p data-start=\"1835\" data-end=\"1980\" data-rm-block-id=\"block-12\"><strong data-start=\"1835\" data-end=\"1865\">Leve e de baixo perfil<\/strong>188 g e dimens\u00f5es compactas, n\u00e3o acrescenta peso excessivo ou compromisso volum\u00e9trico \u00e0 arma ou \u00e0 plataforma.<\/p>\n<\/li>\n<li data-start=\"1981\" data-end=\"2125\">\n<p data-start=\"1983\" data-end=\"2125\" data-rm-block-id=\"block-13\"><strong data-start=\"1983\" data-end=\"2010\">Versatilidade de montagem<\/strong>Com montagem QD e montagem baixa, pode ser facilmente montada em espingardas, ca\u00e7adeiras ou configura\u00e7\u00f5es t\u00e1cticas.<\/p>\n<\/li>\n<li data-start=\"2126\" data-end=\"2307\">\n<p data-start=\"2128\" data-end=\"2307\" data-rm-block-id=\"block-14\"><strong data-start=\"2128\" data-end=\"2148\">Facilidade de utiliza\u00e7\u00e3o<\/strong>O ponto de mira de 3 MOA e a intensidade ajust\u00e1vel permitem uma utiliza\u00e7\u00e3o imediata; o al\u00edvio ocular ilimitado e a aus\u00eancia de paralaxe percet\u00edvel tornam-no intuitivo.<\/p>\n<\/li>\n<li data-start=\"2308\" data-end=\"2434\">\n<p data-start=\"2310\" data-end=\"2434\" data-rm-block-id=\"block-15\"><strong data-start=\"2310\" data-end=\"2330\">Qualidade do material<\/strong>O alum\u00ednio 6061-T6 e o acabamento mate sugerem durabilidade e um bom acabamento para uma \u00f3tica desta gama.<\/p>\n<\/li>\n<li data-start=\"2435\" data-end=\"2602\">\n<p data-start=\"2437\" data-end=\"2602\" data-rm-block-id=\"block-16\"><strong data-start=\"2437\" data-end=\"2464\">Rela\u00e7\u00e3o qualidade\/pre\u00e7o<\/strong>Para os utilizadores que procuram um ponto vermelho competente sem gastar nos modelos ultra-premium, este modelo oferece uma excelente escolha.<\/p>\n<\/li>\n<\/ul>\n<h4 data-start=\"3430\" data-end=\"3446\" data-rm-block-id=\"block-17\"><span style=\"color: #0000ff;\">Ideal para<\/span><\/h4>\n<ul data-start=\"3447\" data-end=\"3916\">\n<li data-start=\"3447\" data-end=\"3587\">\n<p data-start=\"3449\" data-end=\"3587\" data-rm-block-id=\"block-18\">Utilizadores que necessitam de um ponto vermelho <strong data-start=\"3486\" data-end=\"3505\">r\u00e1pido e fi\u00e1vel<\/strong> para tiro din\u00e2mico, IPSC, 3-Gun, airsoft de alto n\u00edvel ou aplica\u00e7\u00f5es t\u00e1cticas.<\/p>\n<\/li>\n<li data-start=\"3588\" data-end=\"3705\">\n<p data-start=\"3590\" data-end=\"3705\" data-rm-block-id=\"block-19\">Aqueles que querem atualizar a sua arma com uma boa \u00f3tica sem optar pelos modelos mais caros do mercado.<\/p>\n<\/li>\n<li data-start=\"3706\" data-end=\"3831\">\n<p data-start=\"3708\" data-end=\"3831\" data-rm-block-id=\"block-20\">Plataformas que requerem opera\u00e7\u00f5es com os dois olhos abertos, uma vez que o al\u00edvio ilimitado dos olhos favorece esta modalidade.<\/p>\n<\/li>\n<li data-start=\"3832\" data-end=\"3916\">\n<p data-start=\"3834\" data-end=\"3916\" data-rm-block-id=\"block-21\">Configura\u00e7\u00f5es compactas onde o peso e o volume s\u00e3o factores importantes.<\/p>\n<\/li>\n<\/ul>\n<table>\n<tbody>\n<tr>\n<td class=\"t1\" data-rm-block-id=\"block-23\">Amplia\u00e7\u00e3o<\/td>\n<td class=\"t2\" data-rm-block-id=\"block-24\">N\/A<\/td>\n<\/tr>\n<tr>\n<td class=\"t1\" data-rm-block-id=\"block-25\">Dia da lente objetiva<\/td>\n<td class=\"t2\" data-rm-block-id=\"block-26\">22 mm<\/td>\n<\/tr>\n<tr>\n<td class=\"t1\" data-rm-block-id=\"block-27\">Paralaxe<\/td>\n<td class=\"t2\" data-rm-block-id=\"block-28\">1 MOA<\/td>\n<\/tr>\n<tr>\n<td class=\"t1\" data-rm-block-id=\"block-29\">Defini\u00e7\u00e3o de paralaxe<\/td>\n<td class=\"t2\" data-rm-block-id=\"block-30\">N\/A<\/td>\n<\/tr>\n<tr>\n<td class=\"t1\" data-rm-block-id=\"block-31\">Tamanho do ponto<\/td>\n<td class=\"t2\" data-rm-block-id=\"block-32\">3 MOA<\/td>\n<\/tr>\n<tr>\n<td class=\"t1\" data-rm-block-id=\"block-33\">Cor do ponto\/ret\u00edculo<\/td>\n<td class=\"t2\" data-rm-block-id=\"block-34\">Web<\/td>\n<\/tr>\n<\/tbody>\n<\/table>","protected":false},"excerpt":{"rendered":"<h3 data-start=\"130\" data-end=\"464\">A Vetor Optics Maverick-II 1\u00d722 Gen II \u00e9 uma mira compacta para espingardas de ponto vermelho concebida para desempenho, versatilidade e facilidade de utiliza\u00e7\u00e3o em aplica\u00e7\u00f5es t\u00e1cticas, desportivas ou de ca\u00e7a. Foi concebida para aqueles que pretendem uma mira de carabina de pontos vermelhos fi\u00e1vel, leve e de elevado desempenho, sem o custo da gama super-alta.<\/h3>","protected":false},"featured_media":26404,"template":"","meta":[],"product_brand":[],"product_cat":[133,126,141],"product_tag":[],"class_list":{"0":"post-26403","1":"product","2":"type-product","3":"status-publish","4":"has-post-thumbnail","6":"product_cat-vector-optic","7":"product_cat-vision-diurna","8":"product_cat-visores-diurnos","10":"first","11":"instock","12":"taxable","13":"shipping-taxable","14":"purchasable","15":"product-type-simple","16":"add-to-wishlist-after_add_to_cart"},"_links":{"self":[{"href":"https:\/\/dinaturez.com\/pt\/wp-json\/wp\/v2\/product\/26403","targetHints":{"allow":["GET"]}}],"collection":[{"href":"https:\/\/dinaturez.com\/pt\/wp-json\/wp\/v2\/product"}],"about":[{"href":"https:\/\/dinaturez.com\/pt\/wp-json\/wp\/v2\/types\/product"}],"wp:featuredmedia":[{"embeddable":true,"href":"https:\/\/dinaturez.com\/pt\/wp-json\/wp\/v2\/media\/26404"}],"wp:attachment":[{"href":"https:\/\/dinaturez.com\/pt\/wp-json\/wp\/v2\/media?parent=26403"}],"wp:term":[{"taxonomy":"product_brand","embeddable":true,"href":"https:\/\/dinaturez.com\/pt\/wp-json\/wp\/v2\/product_brand?post=26403"},{"taxonomy":"product_cat","embeddable":true,"href":"https:\/\/dinaturez.com\/pt\/wp-json\/wp\/v2\/product_cat?post=26403"},{"taxonomy":"product_tag","embeddable":true,"href":"https:\/\/dinaturez.com\/pt\/wp-json\/wp\/v2\/product_tag?post=26403"}],"curies":[{"name":"wp","href":"https:\/\/api.w.org\/{rel}","templated":true}]}}