{"id":26337,"date":"2025-11-07T07:36:31","date_gmt":"2025-11-07T06:36:31","guid":{"rendered":"https:\/\/dinaturez.com\/?post_type=product&#038;p=26337"},"modified":"2026-01-09T13:58:20","modified_gmt":"2026-01-09T12:58:20","slug":"punto-rojo-frenzy-mos-scrd-36","status":"publish","type":"product","link":"https:\/\/dinaturez.com\/pt\/product\/punto-rojo-frenzy-mos-scrd-36\/","title":{"rendered":"Red Dot Frenzy-X 1x22x26 MOS Ref: SCRD-36 \u00d3PTICAS VECTORIAIS"},"content":{"rendered":"<h3>A Frenzy-X 1\u00d722\u00d726 MOS \u00e9 uma fabulosa mira de ponto vermelho de baixo perfil concebida para utiliza\u00e7\u00e3o em pistolas, espingardas de competi\u00e7\u00e3o e sistemas \u00f3pticos onde \u00e9 necess\u00e1ria uma r\u00e1pida aquisi\u00e7\u00e3o de alvos. A sua designa\u00e7\u00e3o \u201c1\u00d722\u00d726\u201d indica que n\u00e3o tem amplia\u00e7\u00e3o (\u201c1\u00d7\u201d) e que a janela \u00f3tica tem dimens\u00f5es de 22 mm \u00d7 26 mm. O sufixo \u201cMOS\u201d refere-se \u00e0 sua pegada compat\u00edvel com MOS\/MOJ (semelhante ao que muitos conhecem como pegada RMR) e \u00e0 inclus\u00e3o de um sensor de movimento que gere o encerramento autom\u00e1tico para poupar energia.<\/h3>\n<p>&nbsp;<\/p>\n<h3 data-start=\"4264\" data-end=\"4290\">Aplica\u00e7\u00f5es ideais<\/h3>\n<ul data-start=\"4291\" data-end=\"5030\">\n<li data-start=\"4291\" data-end=\"4480\">\n<p data-start=\"4293\" data-end=\"4480\"><span style=\"color: #0000ff;\"><strong data-start=\"4293\" data-end=\"4323\">Pistolas de calibre \u201c\u00f3tico\u201d<\/strong>:<\/span> Gra\u00e7as ao seu baixo perfil e compatibilidade com a pegada, \u00e9 uma escolha adequada para pistolas de competi\u00e7\u00e3o, de defesa ou de transporte que suportam \u00f3pticas RMR.<\/p>\n<\/li>\n<li data-start=\"4481\" data-end=\"4680\">\n<p data-start=\"4483\" data-end=\"4680\"><span style=\"color: #0000ff;\"><strong data-start=\"4483\" data-end=\"4521\">Espingardas curtas \/ carabinas<\/strong>:<\/span> Apesar de a sua janela ser mais pequena do que a de algumas miras de grande ocular, pode ser utilizada em espingardas leves onde se valoriza o peso e o perfil reduzido.<\/p>\n<\/li>\n<li data-start=\"4681\" data-end=\"4828\">\n<p data-start=\"4683\" data-end=\"4828\"><span style=\"color: #0000ff;\"><strong data-start=\"4683\" data-end=\"4714\">Tiro din\u00e2mico \/ IPSC \/ IDPA<\/strong>:<\/span> A sua velocidade de aquisi\u00e7\u00e3o e a sua constru\u00e7\u00e3o robusta tornam-na adequada para disciplinas din\u00e2micas de tiro desportivo.<\/p>\n<\/li>\n<li data-start=\"4829\" data-end=\"5030\">\n<p data-start=\"4831\" data-end=\"5030\"><span style=\"color: #0000ff;\"><strong data-start=\"4831\" data-end=\"4859\">Utiliza\u00e7\u00e3o t\u00e1tica\/exterior<\/strong>:<\/span> A resist\u00eancia \u00e0 \u00e1gua, a resist\u00eancia ao recuo e a imagem sem paralaxe (de acordo com o fabricante) tornam-na adequada para ambientes exigentes.<\/p>\n<\/li>\n<\/ul>\n<p>&nbsp;<\/p>\n<h3>Funcionalidades avan\u00e7adas:<\/h3>\n<ul>\n<li data-start=\"1096\" data-end=\"1284\">\n<p data-start=\"1098\" data-end=\"1284\"><span style=\"color: #0000ff;\">Tamanho da janela:<\/span> <strong data-start=\"1120\" data-end=\"1134\">22 \u00d7 26 mm<\/strong> (aproximadamente 0,85\u2033 \u00d7 1,0\u2033), o que proporciona um campo de vis\u00e3o generoso para um ponto vermelho desta dimens\u00e3o.<\/p>\n<\/li>\n<li data-start=\"1285\" data-end=\"1486\">\n<p data-start=\"1287\" data-end=\"1486\"><span style=\"color: #0000ff;\">Tamanho do ponto:<\/span> <strong data-start=\"1305\" data-end=\"1333\">3 MOA (Minutos de \u00e2ngulo)<\/strong>. Esta dimens\u00e3o \u00e9 uma boa combina\u00e7\u00e3o de velocidade de aquisi\u00e7\u00e3o e precis\u00e3o para dist\u00e2ncias curtas e m\u00e9dias.<\/p>\n<\/li>\n<li data-start=\"1487\" data-end=\"1637\">\n<p data-start=\"1489\" data-end=\"1637\"><span style=\"color: #0000ff;\">Ilumina\u00e7\u00e3o:<\/span> tem <strong data-start=\"1513\" data-end=\"1543\">8 n\u00edveis de luminosidade diurna<\/strong> y <strong data-start=\"1546\" data-end=\"1596\">2 n\u00edveis compat\u00edveis com vis\u00e3o nocturna (NV)<\/strong>.<\/p>\n<\/li>\n<li data-start=\"1638\" data-end=\"1840\">\n<p data-start=\"1640\" data-end=\"1840\"><span style=\"color: #0000ff;\">Perfil do corpo:<\/span> extremamente discreto, com apenas <strong data-start=\"1696\" data-end=\"1718\">7 mm (aprox. 0,3\u2033)<\/strong> altura, o que facilita a montagem em pistolas sem obstruir a linha de mira.<\/p>\n<\/li>\n<li data-start=\"1841\" data-end=\"2012\">\n<p data-start=\"1843\" data-end=\"2012\"><span style=\"color: #0000ff;\">Peso l\u00edquido (sem base de montagem):<\/span> <strong data-start=\"1876\" data-end=\"1894\">30 g (\u22481,0 oz)<\/strong>. Peso muito reduzido, o que contribui para n\u00e3o acrescentar carga adicional \u00e0 arma.<\/p>\n<\/li>\n<li data-start=\"2013\" data-end=\"2147\">\n<p data-start=\"2015\" data-end=\"2147\"><span style=\"color: #0000ff;\">Material do corpo: <\/span>Constru\u00eddo em liga de alum\u00ednio 6061-T6, acabamento preto mate duradouro.<\/p>\n<\/li>\n<li data-start=\"2148\" data-end=\"2355\">\n<p data-start=\"2150\" data-end=\"2355\"><span style=\"color: #0000ff;\">Montagem\/pegada:<\/span> compat\u00edvel com a calha Weaver de 21 mm e com a pegada MOJ (e, consequentemente, com muitas placas RMR), o que facilita a integra\u00e7\u00e3o em armas com \u00f3tica pronta para corte de pontos.<\/p>\n<\/li>\n<li data-start=\"2356\" data-end=\"2617\">\n<p data-start=\"2358\" data-end=\"2617\"><span style=\"color: #0000ff;\">Resili\u00eancia:<\/span> IPX6 \u00e0 prova de \u00e1gua (resiste a chuva forte, condi\u00e7\u00f5es adversas). Para al\u00e9m disso, suporta o recuo de espingardas 9mm, .45 ACP, 12 GA, espingardas .338 Lapua Magnum, de acordo com as especifica\u00e7\u00f5es do fabricante.<\/p>\n<\/li>\n<li data-start=\"2618\" data-end=\"2769\">\n<p data-start=\"2620\" data-end=\"2769\"><span style=\"color: #0000ff;\">Defini\u00e7\u00f5es de vento e de eleva\u00e7\u00e3o:<\/span> Gama de 45 MOA para eleva\u00e7\u00e3o e desvio.<\/p>\n<\/li>\n<li data-start=\"2770\" data-end=\"2960\">\n<p data-start=\"2772\" data-end=\"2960\"><span style=\"color: #0000ff;\">Bateria:<\/span> utiliza uma pilha de l\u00edtio CR2032, com uma autonomia declarada de mais de <strong data-start=\"2844\" data-end=\"2860\">50.000 horas<\/strong> para o brilho m\u00ednimo vis\u00edvel, quando utilizado no modo baixo.<\/p>\n<\/li>\n<li data-start=\"2961\" data-end=\"3216\">\n<p data-start=\"2963\" data-end=\"3216\"><span style=\"color: #0000ff;\">Funcionamento do sensor de movimento:<\/span> a unidade desliga-se automaticamente ap\u00f3s \u22482 minutos sem movimento e, ao detetar atividade, reactiva-se, ajudando a preservar a bateria quando a arma est\u00e1 em guarda.<\/p>\n<\/li>\n<\/ul>\n<p>&nbsp;<\/p>\n<table>\n<tbody>\n<tr>\n<td class=\"t1\">Amplia\u00e7\u00e3o<\/td>\n<td class=\"t2\">N\/A<\/td>\n<\/tr>\n<tr>\n<td class=\"t1\">Tamanho da lente da janela<\/td>\n<td class=\"t2\">22\u00d726 mm<\/td>\n<\/tr>\n<tr>\n<td class=\"t1\">Paralaxe<\/td>\n<td class=\"t2\">Livre ( &lt;2MOA )<\/td>\n<\/tr>\n<tr>\n<td class=\"t1\">Defini\u00e7\u00e3o de paralaxe<\/td>\n<td class=\"t2\">N\/A<\/td>\n<\/tr>\n<tr>\n<td class=\"t1\">Tamanho do ponto\/ret\u00edculo<\/td>\n<td class=\"t2\">3 MOA<\/td>\n<\/tr>\n<tr>\n<td class=\"t1\">Cor do ponto\/ret\u00edculo<\/td>\n<td class=\"t2\">Web<\/td>\n<\/tr>\n<\/tbody>\n<\/table>\n<p>&nbsp;<\/p>","protected":false},"excerpt":{"rendered":"<h3>A Frenzy-X 1\u00d722\u00d726 MOS \u00e9 uma mira de ponto vermelho de baixo perfil concebida para utiliza\u00e7\u00e3o em pistolas, espingardas de competi\u00e7\u00e3o e sistemas \u00f3pticos em que \u00e9 necess\u00e1ria uma r\u00e1pida aquisi\u00e7\u00e3o de alvos. A sua designa\u00e7\u00e3o \u201c1\u00d722\u00d726\u201d indica que n\u00e3o tem amplia\u00e7\u00e3o (\u201c1\u00d7\u201d) e que a janela \u00f3tica tem dimens\u00f5es de 22 mm \u00d7 26 mm. O sufixo \u201cMOS\u201d refere-se \u00e0 sua pegada compat\u00edvel com MOS\/MOJ (semelhante ao que muitos conhecem como pegada RMR) e \u00e0 inclus\u00e3o de um sensor de movimento que gere o encerramento autom\u00e1tico para poupar energia.<\/h3>","protected":false},"featured_media":26338,"template":"","meta":[],"product_brand":[],"product_cat":[133,126,141],"product_tag":[],"class_list":{"0":"post-26337","1":"product","2":"type-product","3":"status-publish","4":"has-post-thumbnail","6":"product_cat-vector-optic","7":"product_cat-vision-diurna","8":"product_cat-visores-diurnos","10":"first","11":"instock","12":"taxable","13":"shipping-taxable","14":"purchasable","15":"product-type-simple","16":"add-to-wishlist-after_add_to_cart"},"_links":{"self":[{"href":"https:\/\/dinaturez.com\/pt\/wp-json\/wp\/v2\/product\/26337","targetHints":{"allow":["GET"]}}],"collection":[{"href":"https:\/\/dinaturez.com\/pt\/wp-json\/wp\/v2\/product"}],"about":[{"href":"https:\/\/dinaturez.com\/pt\/wp-json\/wp\/v2\/types\/product"}],"wp:featuredmedia":[{"embeddable":true,"href":"https:\/\/dinaturez.com\/pt\/wp-json\/wp\/v2\/media\/26338"}],"wp:attachment":[{"href":"https:\/\/dinaturez.com\/pt\/wp-json\/wp\/v2\/media?parent=26337"}],"wp:term":[{"taxonomy":"product_brand","embeddable":true,"href":"https:\/\/dinaturez.com\/pt\/wp-json\/wp\/v2\/product_brand?post=26337"},{"taxonomy":"product_cat","embeddable":true,"href":"https:\/\/dinaturez.com\/pt\/wp-json\/wp\/v2\/product_cat?post=26337"},{"taxonomy":"product_tag","embeddable":true,"href":"https:\/\/dinaturez.com\/pt\/wp-json\/wp\/v2\/product_tag?post=26337"}],"curies":[{"name":"wp","href":"https:\/\/api.w.org\/{rel}","templated":true}]}}