{"id":26332,"date":"2025-11-06T07:53:22","date_gmt":"2025-11-06T06:53:22","guid":{"rendered":"https:\/\/dinaturez.com\/?post_type=product&#038;p=26332"},"modified":"2026-01-09T14:09:42","modified_gmt":"2026-01-09T13:09:42","slug":"binocular-pixfra-draco-d635-4k-lrf","status":"publish","type":"product","link":"https:\/\/dinaturez.com\/pt\/product\/binocular-pixfra-draco-d635-4k-lrf\/","title":{"rendered":"Bin\u00f3culo PIXFRA DRACO D635 4K LRF"},"content":{"rendered":"<h3 data-start=\"259\" data-end=\"626\">O <strong data-start=\"262\" data-end=\"290\">PIXFRA Draco D635 4K LRF<\/strong> \u00e9 um bin\u00f3culo multi-sensor de \u00faltima gera\u00e7\u00e3o concebido para uma observa\u00e7\u00e3o avan\u00e7ada de dia e de noite. Combina <strong data-start=\"411\" data-end=\"454\">tecnologia t\u00e9rmica altamente sens\u00edvel<\/strong>, <strong data-start=\"456\" data-end=\"480\">Vis\u00e3o digital 4K<\/strong>, a <strong data-start=\"485\" data-end=\"514\">tel\u00e9metro laser integrado<\/strong> e conetividade avan\u00e7ada, tudo isto num design compacto, leve e robusto.<\/h3>\n<h3>Incr\u00edvel pega ergon\u00f3mica, design leve. A Draco possui um design ergon\u00f3mico e um corpo leve que pesa apenas 600 g, permitindo uma f\u00e1cil portabilidade, uma opera\u00e7\u00e3o simples com uma s\u00f3 m\u00e3o e uma vis\u00e3o clara e em tempo real do que o rodeia em qualquer altura e em qualquer lugar.<\/h3>\n<p>&nbsp;<\/p>\n<p data-start=\"628\" data-end=\"663\"><strong data-start=\"631\" data-end=\"663\">Carater\u00edsticas principais:<\/strong><\/p>\n<ul data-start=\"665\" data-end=\"1990\">\n<li data-start=\"665\" data-end=\"897\">\n<p data-start=\"667\" data-end=\"897\"><strong data-start=\"671\" data-end=\"727\">Sensor t\u00e9rmico VOx de alta resolu\u00e7\u00e3o (640 \u00d7 512 px)<\/strong> com sensibilidade NETD &lt;15 mK para detetar diferen\u00e7as de temperatura m\u00ednimas, mesmo em vegeta\u00e7\u00e3o e condi\u00e7\u00f5es dif\u00edceis.<\/p>\n<\/li>\n<li data-start=\"898\" data-end=\"1053\">\n<p data-start=\"900\" data-end=\"1053\"><strong data-start=\"903\" data-end=\"959\">Vis\u00e3o nocturna digital 4K Ultra HD (3840 \u00d7 2160)<\/strong> que proporciona imagens n\u00edtidas e detalhadas com pouca luz.<\/p>\n<\/li>\n<li data-start=\"1054\" data-end=\"1220\">\n<p data-start=\"1056\" data-end=\"1220\"><strong data-start=\"1059\" data-end=\"1097\">Tel\u00e9metro laser (LRF) at\u00e9 1000 m<\/strong>, perfeito para uma estimativa exacta da dist\u00e2ncia na ca\u00e7a, vigil\u00e2ncia ou reconhecimento.<\/p>\n<\/li>\n<li data-start=\"1221\" data-end=\"1364\">\n<p data-start=\"1223\" data-end=\"1364\"><strong data-start=\"1226\" data-end=\"1276\">Ilumina\u00e7\u00e3o por infravermelhos comut\u00e1vel (940 nm)<\/strong> para melhorar a visibilidade na escurid\u00e3o total.<\/p>\n<\/li>\n<li data-start=\"1365\" data-end=\"1515\">\n<p data-start=\"1367\" data-end=\"1515\"><strong data-start=\"1370\" data-end=\"1412\">Wi-Fi de banda dupla (2,4 GHz + 5 GHz)<\/strong> para transmitir v\u00eddeo em tempo real para o seu smartphone ou tablet.<\/p>\n<\/li>\n<li data-start=\"1516\" data-end=\"1667\">\n<p data-start=\"1518\" data-end=\"1667\"><strong data-start=\"1521\" data-end=\"1556\">64 GB de armazenamento interno<\/strong> para fotografias e v\u00eddeos, com galeria integrada e reprodu\u00e7\u00e3o instant\u00e2nea.<\/p>\n<\/li>\n<li data-start=\"1668\" data-end=\"1827\">\n<p data-start=\"1670\" data-end=\"1827\"><strong data-start=\"1673\" data-end=\"1722\">Ecr\u00e3 OLED Full HD de alta qualidade (0,49\u2033)<\/strong> com ocular de 18\u00d7 para uma visualiza\u00e7\u00e3o n\u00edtida e envolvente.<\/p>\n<\/li>\n<li data-start=\"1828\" data-end=\"1990\">\n<p data-start=\"1830\" data-end=\"1990\"><strong data-start=\"1833\" data-end=\"1913\">Tecnologias de melhoramento da imagem: PIPS 3.0 + estabiliza\u00e7\u00e3o EIS + anti-embaciamento<\/strong> para imagens mais n\u00edtidas e est\u00e1veis.<\/p>\n<\/li>\n<\/ul>\n<p>&nbsp;<\/p>\n<p data-start=\"1992\" data-end=\"2018\"><strong data-start=\"1995\" data-end=\"2018\">Conce\u00e7\u00e3o e ergonomia:<\/strong><\/p>\n<ul data-start=\"2020\" data-end=\"2613\">\n<li data-start=\"2020\" data-end=\"2171\">\n<p data-start=\"2022\" data-end=\"2171\"><strong data-start=\"2025\" data-end=\"2049\">Leve e resistente:<\/strong> ~620 g com caixa em liga de magn\u00e9sio e prote\u00e7\u00e3o IP67 contra \u00e1gua e poeiras.<\/p>\n<\/li>\n<li data-start=\"2172\" data-end=\"2322\">\n<p data-start=\"2174\" data-end=\"2322\"><strong data-start=\"2177\" data-end=\"2202\">Autonomia prolongada:<\/strong> at\u00e9 ~8-9 h de utiliza\u00e7\u00e3o com pilhas 18650 (inclui v\u00e1rias op\u00e7\u00f5es de carregamento).<\/p>\n<\/li>\n<li data-start=\"2323\" data-end=\"2489\">\n<p data-start=\"2325\" data-end=\"2489\"><strong data-start=\"2328\" data-end=\"2353\">Ergonomia optimizada:<\/strong> bot\u00f5es silenciosos, interface intuitiva, oculares rebat\u00edveis e ajuste interpupilar (60-74 mm).<\/p>\n<\/li>\n<li data-start=\"2490\" data-end=\"2613\">\n<p data-start=\"2492\" data-end=\"2613\">\u00a0Inclui <strong data-start=\"2503\" data-end=\"2528\">Saco de peito Pixfra<\/strong> para um transporte seguro e conforto no terreno.<\/p>\n<\/li>\n<\/ul>\n<p>&nbsp;<\/p>\n<p data-start=\"2615\" data-end=\"2846\"><strong data-start=\"2618\" data-end=\"2643\">Aplica\u00e7\u00f5es ideais:<\/strong><br data-start=\"2643\" data-end=\"2646\" \/>Ca\u00e7a diurna e nocturna, vigil\u00e2ncia no terreno e em campo aberto, observa\u00e7\u00e3o da vida selvagem, seguran\u00e7a de per\u00edmetros, salvamento e explora\u00e7\u00e3o em condi\u00e7\u00f5es de pouca luz.<\/p>\n<p>- Ecr\u00e3 digital dia\/noite 4K com resolu\u00e7\u00e3o de 3840 \u00d7 2160<br \/>\n- Iluminador IR opcional de 850nm\/940nm<br \/>\n- Ecr\u00e3 digital de 0,49\u2033 FULL HD OLED 1920x1080px<br \/>\n- Sensor de imagem t\u00e9rmica com resolu\u00e7\u00e3o de 640\u00d7512<br \/>\n- Amplia\u00e7\u00e3o de base 2,5 \u00d7 (imagem t\u00e9rmica) \/ 5,5 \u00d7 (digital)<br \/>\n- Campo de vis\u00e3o 21,9 m x 17,6 m (termovis\u00e3o) \/ 14,0 m x 8,8 m (digital)<br \/>\n- Sensibilidade t\u00e9rmica NETD abaixo de -15 mK<br \/>\n- Dist\u00e2ncia de dete\u00e7\u00e3o: 1800 metros<br \/>\n- Tel\u00e9metro laser com um alcance de at\u00e9 1000 metros<\/p>\n<p>- Corpo leve, apenas 620 g<br \/>\n- Objetivo de <span style=\"color: #0000ff;\">35 mm<\/span> para a capta\u00e7\u00e3o de imagens t\u00e9rmicas e <span style=\"color: #0000ff;\">55 mm<\/span> para imagens digitais<br \/>\n- Mem\u00f3ria interna para fotografias e v\u00eddeos: 64 GB<br \/>\n- 2 baterias 18650 substitu\u00edveis<br \/>\n- B\u00fassola e GPS<br \/>\n- Posi\u00e7\u00e3o ajust\u00e1vel da ocular (60 mm - 74 mm)<br \/>\n- Estabiliza\u00e7\u00e3o de imagem digital<br \/>\n- Menu em ingl\u00eas<br \/>\n- 3 anos de garantia<\/p>","protected":false},"excerpt":{"rendered":"<h3>O <strong data-start=\"151\" data-end=\"179\">Pixfra Draco D635 4K LRF<\/strong> \u00e9 um bin\u00f3culo multi-espetral topo de gama concebido para oferecer uma capacidade avan\u00e7ada de observa\u00e7\u00e3o diurna e nocturna, integrando num \u00fanico dispositivo <strong data-start=\"349\" data-end=\"386\">vis\u00e3o t\u00e9rmica de alta resolu\u00e7\u00e3o<\/strong>, <strong data-start=\"388\" data-end=\"418\">Vis\u00e3o nocturna digital 4K<\/strong>, <strong data-start=\"420\" data-end=\"445\">tel\u00e9metro laser (LRF)<\/strong> e <strong data-start=\"448\" data-end=\"493\">iluminador de infravermelhos (IR) intermut\u00e1vel<\/strong>. Foi concebido para utilizadores profissionais ou entusiastas exigentes que necessitam de desempenho, versatilidade e portabilidade em ambientes exigentes.<\/h3>","protected":false},"featured_media":26319,"template":"","meta":[],"product_brand":[],"product_cat":[192,190,142],"product_tag":[],"class_list":{"0":"post-26332","1":"product","2":"type-product","3":"status-publish","4":"has-post-thumbnail","6":"product_cat-binoculares-termicos","7":"product_cat-pixfra","8":"product_cat-prismaticos","10":"first","11":"instock","12":"taxable","13":"shipping-taxable","14":"purchasable","15":"product-type-simple","16":"add-to-wishlist-after_add_to_cart"},"_links":{"self":[{"href":"https:\/\/dinaturez.com\/pt\/wp-json\/wp\/v2\/product\/26332","targetHints":{"allow":["GET"]}}],"collection":[{"href":"https:\/\/dinaturez.com\/pt\/wp-json\/wp\/v2\/product"}],"about":[{"href":"https:\/\/dinaturez.com\/pt\/wp-json\/wp\/v2\/types\/product"}],"wp:featuredmedia":[{"embeddable":true,"href":"https:\/\/dinaturez.com\/pt\/wp-json\/wp\/v2\/media\/26319"}],"wp:attachment":[{"href":"https:\/\/dinaturez.com\/pt\/wp-json\/wp\/v2\/media?parent=26332"}],"wp:term":[{"taxonomy":"product_brand","embeddable":true,"href":"https:\/\/dinaturez.com\/pt\/wp-json\/wp\/v2\/product_brand?post=26332"},{"taxonomy":"product_cat","embeddable":true,"href":"https:\/\/dinaturez.com\/pt\/wp-json\/wp\/v2\/product_cat?post=26332"},{"taxonomy":"product_tag","embeddable":true,"href":"https:\/\/dinaturez.com\/pt\/wp-json\/wp\/v2\/product_tag?post=26332"}],"curies":[{"name":"wp","href":"https:\/\/api.w.org\/{rel}","templated":true}]}}