{"id":26311,"date":"2025-11-05T22:52:31","date_gmt":"2025-11-05T21:52:31","guid":{"rendered":"https:\/\/dinaturez.com\/?post_type=product&#038;p=26311"},"modified":"2026-01-09T14:19:39","modified_gmt":"2026-01-09T13:19:39","slug":"binocular-pixfra-draco-d225-d225","status":"publish","type":"product","link":"https:\/\/dinaturez.com\/pt\/product\/binocular-pixfra-draco-d225-d225\/","title":{"rendered":"Bin\u00f3culo PIXFRA DRACO D225 4K LRF"},"content":{"rendered":"<h3 data-start=\"279\" data-end=\"720\">O <strong data-start=\"282\" data-end=\"323\"><span class=\"entity-underline hover:entity-accent inline cursor-pointer align-baseline\"><span class=\"whitespace-normal\">PIXFRA Draco D225 4K LRF<\/span><\/span><\/strong> \u00e9 um bin\u00f3culo multi-sensor topo de gama que integra <strong data-start=\"385\" data-end=\"465\">vis\u00e3o t\u00e9rmica, vis\u00e3o digital 4K, tel\u00e9metro laser (LRF) e luz infravermelha<\/strong> num \u00fanico dispositivo compacto, leve e ergon\u00f3mico. Foi concebido para oferecer <strong data-start=\"547\" data-end=\"606\">observa\u00e7\u00e3o clara e precisa durante o dia e a noite<\/strong>, ideal para ca\u00e7a, vigil\u00e2ncia, observa\u00e7\u00e3o da vida selvagem e ambientes com pouca luz.<\/h3>\n<h3>Pega ergon\u00f3mica fant\u00e1stica, design leve.<br \/>\nA Draco possui um design ergon\u00f3mico e um corpo leve que pesa apenas 600 g, permitindo uma f\u00e1cil portabilidade, uma opera\u00e7\u00e3o simples com uma s\u00f3 m\u00e3o e uma vis\u00e3o clara e em tempo real do que o rodeia a qualquer hora e em qualquer lugar.<\/h3>\n<p>&nbsp;<\/p>\n<p data-start=\"722\" data-end=\"757\"><strong data-start=\"725\" data-end=\"757\">Carater\u00edsticas principais:<\/strong><\/p>\n<ul data-start=\"759\" data-end=\"1725\">\n<li data-start=\"759\" data-end=\"998\">\n<p data-start=\"761\" data-end=\"998\"><strong data-start=\"765\" data-end=\"793\">Vis\u00e3o t\u00e9rmica avan\u00e7ada:<\/strong> Sensor VOx de <strong data-start=\"808\" data-end=\"824\">256 \u00d7 192 px<\/strong> com sensibilidade t\u00e9rmica <strong data-start=\"850\" data-end=\"865\">NETD &lt;18 mK<\/strong> e lente de <strong data-start=\"877\" data-end=\"886\">25 mm<\/strong>, que detecta diferen\u00e7as de temperatura mesmo em condi\u00e7\u00f5es exigentes.<\/p>\n<\/li>\n<li data-start=\"999\" data-end=\"1170\">\n<p data-start=\"1001\" data-end=\"1170\"><strong data-start=\"1004\" data-end=\"1030\">Vis\u00e3o digital 4K UHD:<\/strong> C\u00e2mara CMOS de <strong data-start=\"1046\" data-end=\"1064\">3840 \u00d7 2160 px<\/strong> que proporciona imagens n\u00edtidas e detalhadas em condi\u00e7\u00f5es de pouca luz.<\/p>\n<\/li>\n<li data-start=\"1171\" data-end=\"1373\">\n<p data-start=\"1173\" data-end=\"1373\"><strong data-start=\"1176\" data-end=\"1212\">Tel\u00e9metro laser integrado (LRF):<\/strong> mede dist\u00e2ncias com precis\u00e3o at\u00e9 <strong data-start=\"1249\" data-end=\"1259\">1000 m<\/strong>, perfeito para estimar as dist\u00e2ncias at\u00e9 aos alvos em terreno aberto ou na ca\u00e7a.<\/p>\n<\/li>\n<li data-start=\"1374\" data-end=\"1552\">\n<p data-start=\"1376\" data-end=\"1552\"><strong data-start=\"1379\" data-end=\"1418\">Iluminador IR amov\u00edvel (940 nm):<\/strong> melhora a visibilidade na escurid\u00e3o total e adapta-se a diferentes necessidades de observa\u00e7\u00e3o.<\/p>\n<\/li>\n<li data-start=\"1553\" data-end=\"1725\">\n<p data-start=\"1555\" data-end=\"1725\"><strong data-start=\"1559\" data-end=\"1585\">Ecr\u00e3 OLED Full HD:<\/strong> ecr\u00e3 de <strong data-start=\"1598\" data-end=\"1621\">0,49\u2033 (1920 \u00d7 1080)<\/strong> com ocular de <strong data-start=\"1636\" data-end=\"1643\">18\u00d7<\/strong> para uma visualiza\u00e7\u00e3o confort\u00e1vel e envolvente.<\/p>\n<\/li>\n<\/ul>\n<p>&nbsp;<\/p>\n<p data-start=\"1727\" data-end=\"1757\"><strong data-start=\"1730\" data-end=\"1757\">Fun\u00e7\u00f5es e tecnologia:<\/strong><\/p>\n<ul data-start=\"1759\" data-end=\"2530\">\n<li data-start=\"1759\" data-end=\"1894\">\n<p data-start=\"1761\" data-end=\"1894\"><strong data-start=\"1764\" data-end=\"1777\">PIPS 3.0:<\/strong> sofisticado sistema de processamento de imagem que melhora a nitidez e o pormenor.<\/p>\n<\/li>\n<li data-start=\"1895\" data-end=\"2122\">\n<p data-start=\"1897\" data-end=\"2122\"><strong data-start=\"1900\" data-end=\"1943\">Wi-Fi de banda dupla (2,4 GHz + 5 GHz):<\/strong> transmiss\u00e3o est\u00e1vel de v\u00eddeo em tempo real para dispositivos m\u00f3veis, com uma galeria interna e <strong data-start=\"2034\" data-end=\"2061\">64 GB de armazenamento<\/strong> para fotografias e v\u00eddeos.<\/p>\n<\/li>\n<li data-start=\"2123\" data-end=\"2284\">\n<p data-start=\"2125\" data-end=\"2284\"><strong data-start=\"2128\" data-end=\"2185\">Estabiliza\u00e7\u00e3o de imagem (EIS) e fun\u00e7\u00e3o anti-embaciamento:<\/strong> para obter imagens n\u00edtidas mesmo com vento, nevoeiro ou chuva.<\/p>\n<\/li>\n<li data-start=\"2285\" data-end=\"2530\">\n<p data-start=\"2287\" data-end=\"2530\"><strong data-start=\"2290\" data-end=\"2321\">Ergonomia e design robusto:<\/strong> Corpo leve (~\u2264620 g), caixa em liga de magn\u00e9sio, bot\u00f5es silenciosos e design intuitivo com roda e quatro bot\u00f5es para uma utiliza\u00e7\u00e3o f\u00e1cil, mesmo com luvas.<\/p>\n<\/li>\n<\/ul>\n<p data-start=\"2532\" data-end=\"2563\"><strong data-start=\"2535\" data-end=\"2563\">Autonomia e resili\u00eancia:<\/strong><\/p>\n<ul data-start=\"2565\" data-end=\"2886\">\n<li data-start=\"2565\" data-end=\"2731\">\n<p data-start=\"2567\" data-end=\"2731\"><strong data-start=\"2570\" data-end=\"2598\">At\u00e9 ~9 h de autonomia:<\/strong> alimentado por duas pilhas <strong data-start=\"2627\" data-end=\"2636\">18650<\/strong> (inclu\u00eddo) e permite o carregamento AC, powerbank ou USB.<\/p>\n<\/li>\n<li data-start=\"2732\" data-end=\"2886\">\n<p data-start=\"2734\" data-end=\"2886\"><strong data-start=\"2736\" data-end=\"2756\">Prote\u00e7\u00e3o IP67:<\/strong> resistente \u00e0 \u00e1gua e ao p\u00f3, pronto a ser utilizado no terreno, \u00e0 chuva ou em condi\u00e7\u00f5es adversas.<\/p>\n<\/li>\n<\/ul>\n<p>&nbsp;<\/p>\n<p data-start=\"2888\" data-end=\"2922\"><strong data-start=\"2891\" data-end=\"2922\">Especifica\u00e7\u00f5es sum\u00e1rias:<\/strong><\/p>\n<ul data-start=\"2924\" data-end=\"3435\">\n<li data-start=\"2924\" data-end=\"3010\">\n<p data-start=\"2926\" data-end=\"3010\">Sensor t\u00e9rmico: 256 \u00d7 192 px (NETD &lt;18 mK)<\/p>\n<\/li>\n<li data-start=\"3011\" data-end=\"3100\">\n<p data-start=\"3013\" data-end=\"3100\">Vis\u00e3o nocturna digital: 4K UHD (3840 \u00d7 2160)<\/p>\n<\/li>\n<li data-start=\"3101\" data-end=\"3168\">\n<p data-start=\"3103\" data-end=\"3168\">Tel\u00e9metro: at\u00e9 1000 m<\/p>\n<\/li>\n<li data-start=\"3169\" data-end=\"3247\">\n<p data-start=\"3171\" data-end=\"3247\">Ecr\u00e3 OLED: 0,49\u2033 (1920 \u00d7 1080)<\/p>\n<\/li>\n<li data-start=\"3248\" data-end=\"3317\">\n<p data-start=\"3250\" data-end=\"3317\">Wi-Fi duplo, 64 GB internos<\/p>\n<\/li>\n<li data-start=\"3318\" data-end=\"3374\">\n<p data-start=\"3320\" data-end=\"3374\">Peso: \u2264620 g<\/p>\n<\/li>\n<li data-start=\"3375\" data-end=\"3435\">\n<p data-start=\"3377\" data-end=\"3435\">Prote\u00e7\u00e3o: IP67<\/p>\n<\/li>\n<\/ul>\n<p>&nbsp;<\/p>\n<p data-start=\"3437\" data-end=\"3654\"><strong data-start=\"3440\" data-end=\"3465\">Aplica\u00e7\u00f5es ideais:<\/strong><br data-start=\"3465\" data-end=\"3468\" \/>Ca\u00e7a diurna e nocturna, vigil\u00e2ncia no terreno, controlo da ca\u00e7a, observa\u00e7\u00e3o da vida selvagem e reconhecimento com pouca luz ou na escurid\u00e3o total.<\/p>\n<p><strong>-Ecr\u00e3 digital dia\/noite 4K com resolu\u00e7\u00e3o de 3840 \u00d7 2160 - Iluminador IR opcional de 850nm\/940nm<\/strong><br \/>\n<strong>- Ecr\u00e3 digital de 0,49\u2033 FULL HD OLED 1920x1080px<\/strong><br \/>\n<strong>- Sensor de imagem t\u00e9rmica com resolu\u00e7\u00e3o de 256\u00d7192<\/strong><br \/>\n<strong>- Amplia\u00e7\u00e3o b\u00e1sica 4,3\u00d7 (imagem t\u00e9rmica) \/ 5,5\u00d7 (digital)<\/strong><br \/>\n<strong>- Campo de vis\u00e3o 12,2 m x 9,3 m (visualiza\u00e7\u00e3o t\u00e9rmica) \/ 14,0 m x 8,8 m (digital)<\/strong><br \/>\n<strong>- Sensibilidade t\u00e9rmica NETD abaixo de -15 mK<\/strong><br \/>\n<strong>- Dist\u00e2ncia de dete\u00e7\u00e3o: 1300 metros<\/strong><br \/>\n<strong>- Tel\u00e9metro laser com um alcance de at\u00e9 1000 metros<\/strong><br \/>\n<strong>- Corpo leve, apenas 610 g<\/strong><\/p>\n<p><strong>- Lente de <span style=\"color: #0000ff;\">25 mm<\/span> para a capta\u00e7\u00e3o de imagens t\u00e9rmicas e<span style=\"color: #0000ff;\"> 55 mm<\/span> para imagens digitais<\/strong><br \/>\n<strong>- Mem\u00f3ria interna para fotografias e v\u00eddeos: 64 GB<\/strong><br \/>\n<strong>- Bateria 18650 substitu\u00edvel<\/strong><br \/>\n<strong>- B\u00fassola e GPS<\/strong><br \/>\n<strong>- Posi\u00e7\u00e3o ajust\u00e1vel da ocular (60 mm - 74 mm)<\/strong><br \/>\n<strong>- Estabiliza\u00e7\u00e3o de imagem digital<\/strong><br \/>\n<strong>- Menu em ingl\u00eas<\/strong><br \/>\n<strong>- 3 anos de garantia<\/strong><\/p>","protected":false},"excerpt":{"rendered":"<h3>O Pixfra Draco D225-4K LRF \u00e9 um bin\u00f3culo multiespectral concebido para fornecer <strong data-start=\"233\" data-end=\"272\">m\u00e1xima mobilidade e elevado desempenho<\/strong> em dist\u00e2ncias curtas a m\u00e9dias. Integra quatro fun\u00e7\u00f5es-chave num \u00fanico corpo: <strong data-start=\"354\" data-end=\"372\">vis\u00e3o t\u00e9rmica<\/strong>, <strong data-start=\"374\" data-end=\"407\">Vis\u00e3o nocturna digital 4K<\/strong>, <strong data-start=\"409\" data-end=\"428\">tel\u00e9metro laser<\/strong>, e <strong data-start=\"432\" data-end=\"469\">iluminador de infravermelhos amov\u00edvel<\/strong>. Pertenece a la serie Draco de Pixfra, dise\u00f1ada para quienes requieren versatilidad, portabilidad y robustez en entornos exigentes<\/h3>","protected":false},"featured_media":26319,"template":"","meta":[],"product_brand":[],"product_cat":[190,192,142],"product_tag":[],"class_list":{"0":"post-26311","1":"product","2":"type-product","3":"status-publish","4":"has-post-thumbnail","6":"product_cat-pixfra","7":"product_cat-binoculares-termicos","8":"product_cat-prismaticos","10":"first","11":"instock","12":"taxable","13":"shipping-taxable","14":"purchasable","15":"product-type-simple","16":"add-to-wishlist-after_add_to_cart"},"_links":{"self":[{"href":"https:\/\/dinaturez.com\/pt\/wp-json\/wp\/v2\/product\/26311","targetHints":{"allow":["GET"]}}],"collection":[{"href":"https:\/\/dinaturez.com\/pt\/wp-json\/wp\/v2\/product"}],"about":[{"href":"https:\/\/dinaturez.com\/pt\/wp-json\/wp\/v2\/types\/product"}],"wp:featuredmedia":[{"embeddable":true,"href":"https:\/\/dinaturez.com\/pt\/wp-json\/wp\/v2\/media\/26319"}],"wp:attachment":[{"href":"https:\/\/dinaturez.com\/pt\/wp-json\/wp\/v2\/media?parent=26311"}],"wp:term":[{"taxonomy":"product_brand","embeddable":true,"href":"https:\/\/dinaturez.com\/pt\/wp-json\/wp\/v2\/product_brand?post=26311"},{"taxonomy":"product_cat","embeddable":true,"href":"https:\/\/dinaturez.com\/pt\/wp-json\/wp\/v2\/product_cat?post=26311"},{"taxonomy":"product_tag","embeddable":true,"href":"https:\/\/dinaturez.com\/pt\/wp-json\/wp\/v2\/product_tag?post=26311"}],"curies":[{"name":"wp","href":"https:\/\/api.w.org\/{rel}","templated":true}]}}