{"id":26298,"date":"2025-11-05T17:31:03","date_gmt":"2025-11-05T16:31:03","guid":{"rendered":"https:\/\/dinaturez.com\/?post_type=product&#038;p=26298"},"modified":"2026-01-09T14:29:36","modified_gmt":"2026-01-09T13:29:36","slug":"punto-rojo-scdr-sm-45-vector-optics","status":"publish","type":"product","link":"https:\/\/dinaturez.com\/pt\/product\/punto-rojo-scdr-sm-45-vector-optics\/","title":{"rendered":"Red Dot Scrapper SOLAR 1\u00d722 Ref: SCRD SM-45 VECTOR OPTICS"},"content":{"rendered":"<h3 data-start=\"364\" data-end=\"784\">A vis\u00e3o <strong data-start=\"372\" data-end=\"409\">Scrapper 1\u00d722 Solar Multi-Reticle<\/strong> (modelo SCRD-SM45) da Vetor Optics \u00e9 uma mira de ponto vermelho sem amplia\u00e7\u00e3o (1\u00d7) concebida para t\u00e1tica, ca\u00e7a, tiro desportivo ou uso geral em armas longas ou carabinas. Uma das suas principais carater\u00edsticas \u00e9 a <strong data-start=\"638\" data-end=\"672\">energia solar de reserva<\/strong>, A nova rede de pontos de rede, juntamente com uma s\u00e9rie de funcionalidades avan\u00e7adas que a posicionam acima dos modelos de pontos de rede mais b\u00e1sicos.<\/h3>\n<h3 data-start=\"786\" data-end=\"1043\">O facto de ter \u201cSolar\u201d no nome indica que incorpora pain\u00e9is solares para al\u00e9m da bateria tradicional, para aumentar a autonomia. Este modelo utiliza tamb\u00e9m um sensor de movimento para poupar energia.<\/h3>\n<p>&nbsp;<\/p>\n<ul>\n<li data-start=\"3228\" data-end=\"3427\">\n<p data-start=\"3230\" data-end=\"3427\"><span style=\"color: #0000ff;\"><strong data-start=\"3230\" data-end=\"3255\">Painel solar integrado<\/strong>:<\/span> permite, quando utilizado ao ar livre com boa exposi\u00e7\u00e3o solar, reduzir ou eliminar a depend\u00eancia exclusiva da bateria.<\/p>\n<\/li>\n<li data-start=\"3428\" data-end=\"3667\">\n<p data-start=\"3430\" data-end=\"3667\"><span style=\"color: #0000ff;\"><strong data-start=\"3430\" data-end=\"3470\">Sensor de movimento (sensor de movimento)<\/strong>:<\/span> A mira detecta a aus\u00eancia de movimento e desliga-se para poupar energia; em caso de dete\u00e7\u00e3o, ativa-se. Muito \u00fatil em ambientes t\u00e1cticos ou quando \u00e9 deixada montada.<\/p>\n<\/li>\n<li data-start=\"3668\" data-end=\"3900\">\n<p data-start=\"3670\" data-end=\"3900\"><span style=\"color: #0000ff;\"><strong data-start=\"3670\" data-end=\"3693\">Ret\u00edculo multi-modo<\/strong>:<\/span> permite alternar entre diferentes estilos de ret\u00edculo (ponto 2 MOA, c\u00edrculo + mira, etc.), tornando-o mais vers\u00e1til de acordo com o ambiente ou a prefer\u00eancia do atirador.<\/p>\n<\/li>\n<li data-start=\"3901\" data-end=\"4089\">\n<p data-start=\"3903\" data-end=\"4089\"><span style=\"color: #0000ff;\"><strong data-start=\"3903\" data-end=\"3941\">Suporte de vis\u00e3o nocturna<\/strong>:<\/span> Os dois n\u00edveis NV (modo lua\/verde) permitem a utiliza\u00e7\u00e3o com \u00f3culos de vis\u00e3o nocturna ou em ambientes escuros.<\/p>\n<\/li>\n<li data-start=\"4090\" data-end=\"4244\">\n<p data-start=\"4092\" data-end=\"4244\"><span style=\"color: #0000ff;\"><strong data-start=\"4092\" data-end=\"4125\">Constru\u00e7\u00e3o robusta e leve<\/strong>:<\/span> Alum\u00ednio aeron\u00e1utico, design leve (~140 g), boa ergonomia para transportar em armas onde o peso e a agilidade s\u00e3o valorizados.<\/p>\n<\/li>\n<li data-start=\"4245\" data-end=\"4468\">\n<p data-start=\"4247\" data-end=\"4468\"><span style=\"color: #0000ff;\"><strong data-start=\"4247\" data-end=\"4317\">Montagem para calha normalizada e possibilidade de co-witness<\/strong>:<\/span> O design \u201cLower 1\/3 Co-Witness\u201d \u00e9 mencionado, o que facilita a sua utiliza\u00e7\u00e3o em combina\u00e7\u00e3o com uma mira mec\u00e2nica ou com miras abertas.<\/p>\n<\/li>\n<\/ul>\n<p>&nbsp;<\/p>\n<table>\n<tbody>\n<tr>\n<td class=\"t1\">Amplia\u00e7\u00e3o<\/td>\n<td class=\"t2\">N\/A<\/td>\n<\/tr>\n<tr>\n<td class=\"t1\">Dia da lente objetiva<\/td>\n<td class=\"t2\">22 mm<\/td>\n<\/tr>\n<tr>\n<td class=\"t1\">Paralaxe<\/td>\n<td class=\"t2\">&lt;1 MOA a 100 jardas<\/td>\n<\/tr>\n<tr>\n<td class=\"t1\">Defini\u00e7\u00e3o de paralaxe<\/td>\n<td class=\"t2\">100 jardas<\/td>\n<\/tr>\n<tr>\n<td class=\"t1\">Tamanho do ponto\/ret\u00edculo<\/td>\n<td class=\"t2\">2 MOA<\/td>\n<\/tr>\n<tr>\n<td class=\"t1\">Cor do ponto\/ret\u00edculo<\/td>\n<td class=\"t2\">Web<\/td>\n<\/tr>\n<\/tbody>\n<\/table>\n<p>&nbsp;<\/p>\n<p><iframe title=\"Vetor Optics \/\/ Vis\u00e3o de pontos vermelhos Scrapper 1x22 Solar Power Multi Reticles (SCRD-SM45) Unboxing\" width=\"500\" height=\"281\" src=\"https:\/\/www.youtube.com\/embed\/PzemwTa2JAU?feature=oembed\" frameborder=\"0\" allow=\"accelerometer; autoplay; clipboard-write; encrypted-media; gyroscope; picture-in-picture; web-share\" referrerpolicy=\"strict-origin-when-cross-origin\" allowfullscreen><\/iframe><\/p>","protected":false},"excerpt":{"rendered":"<h3 data-start=\"364\" data-end=\"784\">A vis\u00e3o <strong data-start=\"372\" data-end=\"409\">Scrapper 1\u00d722 Solar Multi-Reticle<\/strong> (modelo SCRD-SM45) da Vetor Optics \u00e9 uma mira de ponto vermelho sem amplia\u00e7\u00e3o (1\u00d7) concebida para t\u00e1tica, ca\u00e7a, tiro desportivo ou uso geral em armas longas ou carabinas. Uma das suas principais carater\u00edsticas \u00e9 a <strong data-start=\"638\" data-end=\"672\">energia solar de reserva<\/strong>, A nova rede de pontos de rede, juntamente com uma s\u00e9rie de funcionalidades avan\u00e7adas que a posicionam acima dos modelos de pontos de rede mais b\u00e1sicos.<\/h3>\n<h3 data-start=\"786\" data-end=\"1043\">O facto de ter \u201cSolar\u201d no nome indica que incorpora pain\u00e9is solares para al\u00e9m da bateria tradicional, para aumentar a autonomia. Este modelo utiliza tamb\u00e9m um sensor de movimento para poupar energia.<\/h3>","protected":false},"featured_media":26299,"template":"","meta":[],"product_brand":[],"product_cat":[133,126,141],"product_tag":[],"class_list":{"0":"post-26298","1":"product","2":"type-product","3":"status-publish","4":"has-post-thumbnail","6":"product_cat-vector-optic","7":"product_cat-vision-diurna","8":"product_cat-visores-diurnos","10":"first","11":"instock","12":"taxable","13":"shipping-taxable","14":"purchasable","15":"product-type-simple","16":"add-to-wishlist-after_add_to_cart"},"_links":{"self":[{"href":"https:\/\/dinaturez.com\/pt\/wp-json\/wp\/v2\/product\/26298","targetHints":{"allow":["GET"]}}],"collection":[{"href":"https:\/\/dinaturez.com\/pt\/wp-json\/wp\/v2\/product"}],"about":[{"href":"https:\/\/dinaturez.com\/pt\/wp-json\/wp\/v2\/types\/product"}],"wp:featuredmedia":[{"embeddable":true,"href":"https:\/\/dinaturez.com\/pt\/wp-json\/wp\/v2\/media\/26299"}],"wp:attachment":[{"href":"https:\/\/dinaturez.com\/pt\/wp-json\/wp\/v2\/media?parent=26298"}],"wp:term":[{"taxonomy":"product_brand","embeddable":true,"href":"https:\/\/dinaturez.com\/pt\/wp-json\/wp\/v2\/product_brand?post=26298"},{"taxonomy":"product_cat","embeddable":true,"href":"https:\/\/dinaturez.com\/pt\/wp-json\/wp\/v2\/product_cat?post=26298"},{"taxonomy":"product_tag","embeddable":true,"href":"https:\/\/dinaturez.com\/pt\/wp-json\/wp\/v2\/product_tag?post=26298"}],"curies":[{"name":"wp","href":"https:\/\/api.w.org\/{rel}","templated":true}]}}