{"id":26288,"date":"2025-11-03T20:55:35","date_gmt":"2025-11-03T19:55:35","guid":{"rendered":"https:\/\/dinaturez.com\/?post_type=product&#038;p=26288"},"modified":"2026-01-13T11:36:18","modified_gmt":"2026-01-13T10:36:18","slug":"punto-rojo-scrapper-scrd-45-vector-optics","status":"publish","type":"product","link":"https:\/\/dinaturez.com\/pt\/product\/punto-rojo-scrapper-scrd-45-vector-optics\/","title":{"rendered":"Raspador Red Dot 1\u00d722 Ref: SCRD-45 \u00d3PTICA VETORIAL"},"content":{"rendered":"<h3>O <strong data-start=\"573\" data-end=\"590\">Scrapper 1\u00d722<\/strong> \u00e9 uma mira compacta de reflexo (red dot) da gama acess\u00edvel da Vetor Optics, concebida para quem pretende uma mira sem amplia\u00e7\u00e3o (1\u00d7) com uma janela pequena mas funcional, boa resist\u00eancia mec\u00e2nica e fun\u00e7\u00f5es que facilitam a utiliza\u00e7\u00e3o di\u00e1ria (sensor de movimento, n\u00edveis de luminosidade, op\u00e7\u00f5es de montagem). Pretende oferecer uma r\u00e1pida aquisi\u00e7\u00e3o de alvos em plataformas curtas e m\u00e9dias - espingardas t\u00e1cticas, plataformas AR, carabinas semi-autom\u00e1ticas e r\u00e9plicas - mantendo um custo razo\u00e1vel.<\/h3>\n<p>&nbsp;<\/p>\n<p data-start=\"467\" data-end=\"503\"><span style=\"color: #0000ff;\"><strong data-start=\"467\" data-end=\"503\"> Ret\u00edculo e desempenho \u00f3tico<\/strong><\/span><\/p>\n<ul data-start=\"504\" data-end=\"951\">\n<li data-start=\"504\" data-end=\"662\">\n<p data-start=\"506\" data-end=\"662\">Ponto vermelho de <strong data-start=\"520\" data-end=\"529\">2 MOA<\/strong>, ideal para atingir o alvo com rapidez e precis\u00e3o, tanto a curta como a m\u00e9dia dist\u00e2ncia.<\/p>\n<\/li>\n<li data-start=\"663\" data-end=\"812\">\n<p data-start=\"665\" data-end=\"812\"><strong data-start=\"665\" data-end=\"692\">8 n\u00edveis de intensidade<\/strong> do ponto de luz do dia + <strong data-start=\"721\" data-end=\"766\">2 n\u00edveis compat\u00edveis com vis\u00e3o nocturna<\/strong> (NV).<\/p>\n<\/li>\n<li data-start=\"813\" data-end=\"951\">\n<p data-start=\"815\" data-end=\"951\">As lentes multi-revestidas (multi-revestidas) proporcionam uma vis\u00e3o n\u00edtida e sem cintila\u00e7\u00e3o.<\/p>\n<\/li>\n<\/ul>\n<p data-start=\"953\" data-end=\"981\"><span style=\"color: #0000ff;\"><strong data-start=\"953\" data-end=\"981\">\u00a0Ajustes e calibra\u00e7\u00e3o<\/strong><\/span><\/p>\n<ul data-start=\"982\" data-end=\"1285\">\n<li data-start=\"982\" data-end=\"1158\">\n<p data-start=\"984\" data-end=\"1158\">Ajustamentos de <strong data-start=\"995\" data-end=\"1045\">eleva\u00e7\u00e3o e desvio com cliques aud\u00edveis de 1 MOA<\/strong> e mais de <strong data-start=\"1055\" data-end=\"1078\">45 MOA de curso<\/strong>, O sistema foi concebido para uma regula\u00e7\u00e3o precisa do zero.<\/p>\n<\/li>\n<li data-start=\"1159\" data-end=\"1285\">\n<p data-start=\"1161\" data-end=\"1285\">Paralaxe &lt; 1 MOA a 100 jardas \u2192 praticamente nenhum erro de paralaxe em dist\u00e2ncias de utiliza\u00e7\u00e3o normais.<\/p>\n<\/li>\n<\/ul>\n<p data-start=\"1287\" data-end=\"1336\"><span style=\"color: #0000ff;\"><strong data-start=\"1287\" data-end=\"1336\">Sensor inteligente e efici\u00eancia energ\u00e9tica<\/strong><\/span><\/p>\n<ul data-start=\"1337\" data-end=\"1654\">\n<li data-start=\"1337\" data-end=\"1533\">\n<p data-start=\"1339\" data-end=\"1533\"><strong data-start=\"1339\" data-end=\"1363\">Sensor de movimento<\/strong> (Shake-to-Wake): o visor liga-se automaticamente quando \u00e9 detectado movimento e desliga-se para poupar energia da bateria quando est\u00e1 parado.<\/p>\n<\/li>\n<li data-start=\"1534\" data-end=\"1654\">\n<p data-start=\"1536\" data-end=\"1654\"><strong data-start=\"1536\" data-end=\"1554\">Bateria CR2032<\/strong> com uma dura\u00e7\u00e3o m\u00e1xima de <strong data-start=\"1577\" data-end=\"1593\">50 000 horas<\/strong> em configura\u00e7\u00e3o baixa.<\/p>\n<\/li>\n<\/ul>\n<p data-start=\"1656\" data-end=\"1689\"><span style=\"color: #0000ff;\"><strong data-start=\"1656\" data-end=\"1689\">Constru\u00e7\u00e3o e durabilidade<\/strong><\/span><\/p>\n<ul data-start=\"1690\" data-end=\"2041\">\n<li data-start=\"1690\" data-end=\"1806\">\n<p data-start=\"1692\" data-end=\"1806\">Corpo robusto de <strong data-start=\"1710\" data-end=\"1742\">Liga de alum\u00ednio 6061-T6<\/strong> com acabamento preto mate.<\/p>\n<\/li>\n<li data-start=\"1807\" data-end=\"1950\">\n<p data-start=\"1809\" data-end=\"1950\"><strong data-start=\"1809\" data-end=\"1845\">Resist\u00eancia \u00e0 \u00e1gua e ao p\u00f3 IP67<\/strong> (submers\u00edvel at\u00e9 1 m durante 30 min), e resist\u00eancia ao impacto.<\/p>\n<\/li>\n<li data-start=\"1951\" data-end=\"2041\">\n<p data-start=\"1953\" data-end=\"2041\">Peso leve (~140 g), design compacto e robusto.<\/p>\n<\/li>\n<\/ul>\n<p data-start=\"2043\" data-end=\"2074\"><span style=\"color: #0000ff;\"><strong data-start=\"2043\" data-end=\"2074\">\u00a0Montagem e compatibilidade<\/strong><\/span><\/p>\n<ul data-start=\"2075\" data-end=\"2327\">\n<li data-start=\"2075\" data-end=\"2241\">\n<p data-start=\"2077\" data-end=\"2241\">Inclui <strong data-start=\"2087\" data-end=\"2118\">Suportes Weaver \/ Picatinny<\/strong> (alto e baixo), permitindo uma <strong data-start=\"2150\" data-end=\"2180\">1\/3 inferior co-testemunha<\/strong> com suporte met\u00e1lico.<\/p>\n<\/li>\n<li data-start=\"2242\" data-end=\"2327\">\n<p data-start=\"2244\" data-end=\"2327\">Olho de al\u00edvio livre; sem amplia\u00e7\u00e3o (1x).<\/p>\n<\/li>\n<\/ul>\n<p>&nbsp;<\/p>\n<table>\n<tbody>\n<tr>\n<td class=\"t1\">Amplia\u00e7\u00e3o<\/td>\n<td class=\"t2\">N\/A<\/td>\n<\/tr>\n<tr>\n<td class=\"t1\">Dia da lente objetiva<\/td>\n<td class=\"t2\">22 mm<\/td>\n<\/tr>\n<tr>\n<td class=\"t1\">Paralaxe<\/td>\n<td class=\"t2\">&lt;1 MOA a 100 jardas<\/td>\n<\/tr>\n<tr>\n<td class=\"t1\">Defini\u00e7\u00e3o de paralaxe<\/td>\n<td class=\"t2\">100 jardas<\/td>\n<\/tr>\n<tr>\n<td class=\"t1\">Tamanho do ponto\/ret\u00edculo<\/td>\n<td class=\"t2\">2 MOA<\/td>\n<\/tr>\n<tr>\n<td class=\"t1\">Cor do ponto\/ret\u00edculo<\/td>\n<td class=\"t2\">Web<\/td>\n<\/tr>\n<\/tbody>\n<\/table>\n<p>&nbsp;<\/p>\n<p><iframe title=\"An\u00e1lise dos pontos vermelhos da Vetor Optics Scrapper 1x22 e 1x25 Testado diretamente por Thailand Naaming\" width=\"500\" height=\"281\" src=\"https:\/\/www.youtube.com\/embed\/xVCvaQO22pE?feature=oembed\" frameborder=\"0\" allow=\"accelerometer; autoplay; clipboard-write; encrypted-media; gyroscope; picture-in-picture; web-share\" referrerpolicy=\"strict-origin-when-cross-origin\" allowfullscreen><\/iframe><\/p>","protected":false},"excerpt":{"rendered":"<h3>O <strong data-start=\"573\" data-end=\"590\">Scrapper 1\u00d722<\/strong> \u00e9 uma mira compacta de reflexo (red dot) da gama acess\u00edvel da Vetor Optics, concebida para quem pretende uma mira sem amplia\u00e7\u00e3o (1\u00d7) com uma janela pequena mas funcional, boa resist\u00eancia mec\u00e2nica e fun\u00e7\u00f5es que facilitam a utiliza\u00e7\u00e3o di\u00e1ria (sensor de movimento, n\u00edveis de luminosidade, op\u00e7\u00f5es de montagem). Pretende oferecer uma r\u00e1pida aquisi\u00e7\u00e3o de alvos em plataformas curtas e m\u00e9dias - espingardas t\u00e1cticas, plataformas AR, carabinas semi-autom\u00e1ticas e r\u00e9plicas - mantendo um custo razo\u00e1vel.<\/h3>","protected":false},"featured_media":26289,"template":"","meta":[],"product_brand":[],"product_cat":[133,126,141],"product_tag":[],"class_list":{"0":"post-26288","1":"product","2":"type-product","3":"status-publish","4":"has-post-thumbnail","6":"product_cat-vector-optic","7":"product_cat-vision-diurna","8":"product_cat-visores-diurnos","10":"first","11":"instock","12":"taxable","13":"shipping-taxable","14":"purchasable","15":"product-type-simple","16":"add-to-wishlist-after_add_to_cart"},"_links":{"self":[{"href":"https:\/\/dinaturez.com\/pt\/wp-json\/wp\/v2\/product\/26288","targetHints":{"allow":["GET"]}}],"collection":[{"href":"https:\/\/dinaturez.com\/pt\/wp-json\/wp\/v2\/product"}],"about":[{"href":"https:\/\/dinaturez.com\/pt\/wp-json\/wp\/v2\/types\/product"}],"wp:featuredmedia":[{"embeddable":true,"href":"https:\/\/dinaturez.com\/pt\/wp-json\/wp\/v2\/media\/26289"}],"wp:attachment":[{"href":"https:\/\/dinaturez.com\/pt\/wp-json\/wp\/v2\/media?parent=26288"}],"wp:term":[{"taxonomy":"product_brand","embeddable":true,"href":"https:\/\/dinaturez.com\/pt\/wp-json\/wp\/v2\/product_brand?post=26288"},{"taxonomy":"product_cat","embeddable":true,"href":"https:\/\/dinaturez.com\/pt\/wp-json\/wp\/v2\/product_cat?post=26288"},{"taxonomy":"product_tag","embeddable":true,"href":"https:\/\/dinaturez.com\/pt\/wp-json\/wp\/v2\/product_tag?post=26288"}],"curies":[{"name":"wp","href":"https:\/\/api.w.org\/{rel}","templated":true}]}}