{"id":26263,"date":"2025-10-30T14:20:44","date_gmt":"2025-10-30T13:20:44","guid":{"rendered":"https:\/\/dinaturez.com\/?post_type=product&#038;p=26263"},"modified":"2026-01-13T12:22:56","modified_gmt":"2026-01-13T11:22:56","slug":"camara-x50mb-32gb-sp350-gardepro","status":"publish","type":"product","link":"https:\/\/dinaturez.com\/pt\/product\/camara-x50mb-32gb-sp350-gardepro\/","title":{"rendered":"C\u00e2mara X50MB mem\u00f3ria integrada 32GB + painel solar SP350 GardePro"},"content":{"rendered":"<h3 data-start=\"149\" data-end=\"425\">A C\u00e2mara <strong data-start=\"152\" data-end=\"200\">GardePro X50MB com 32 GB de mem\u00f3ria integrada<\/strong>, juntamente com o <strong data-start=\"211\" data-end=\"232\">painel solar SP350<\/strong>, \u00e9 uma solu\u00e7\u00e3o completa para <strong data-start=\"264\" data-end=\"321\">armadilhagem fotogr\u00e1fica, vigil\u00e2ncia da vida selvagem e seguran\u00e7a exterior<\/strong>. Permite um funcionamento prolongado gra\u00e7as \u00e0 <strong data-start=\"373\" data-end=\"395\">energia solar<\/strong>, reduzir a manuten\u00e7\u00e3o.<\/h3>\n<h3 data-start=\"427\" data-end=\"607\">Oferece <strong data-start=\"434\" data-end=\"463\">imagens e v\u00eddeos n\u00edtidos<\/strong>, <strong data-start=\"465\" data-end=\"500\">vis\u00e3o nocturna por infravermelhos<\/strong> y <strong data-start=\"503\" data-end=\"537\">dete\u00e7\u00e3o r\u00e1pida de movimento<\/strong>, com um design \u00e0 prova de \u00e1gua e preparado para o exterior.<\/h3>\n<p>&nbsp;<\/p>\n<ul>\n<li data-start=\"3778\" data-end=\"3823\"><span style=\"color: #0000ff;\"><strong data-start=\"3780\" data-end=\"3805\">Resolu\u00e7\u00e3o da imagem:<\/strong><\/span> para <strong data-start=\"3812\" data-end=\"3821\">48 MP<\/strong><\/li>\n<li data-start=\"3824\" data-end=\"3880\">\n<p data-start=\"3826\" data-end=\"3880\"><span style=\"color: #0000ff;\"><strong data-start=\"3826\" data-end=\"3850\">Resolu\u00e7\u00e3o de v\u00eddeo:<\/strong><\/span> <strong data-start=\"3851\" data-end=\"3878\">Full HD 1080p com \u00e1udio<\/strong><\/p>\n<\/li>\n<li data-start=\"3881\" data-end=\"3959\">\n<p data-start=\"3883\" data-end=\"3959\"><span style=\"color: #0000ff;\"><strong data-start=\"3883\" data-end=\"3900\">Conectividade:<\/strong><\/span> <strong data-start=\"3901\" data-end=\"3957\">4G LTE \/ controlo remoto atrav\u00e9s da aplica\u00e7\u00e3o GardePro Mobile<\/strong><\/p>\n<\/li>\n<li data-start=\"3960\" data-end=\"4035\">\n<p data-start=\"3962\" data-end=\"4035\"><span style=\"color: #0000ff;\"><strong data-start=\"3962\" data-end=\"3977\">Sensor PIR:<\/strong><\/span> alta sensibilidade, gama de dete\u00e7\u00e3o de <strong data-start=\"4019\" data-end=\"4033\">at\u00e9 30 m<\/strong><\/p>\n<\/li>\n<li data-start=\"4036\" data-end=\"4113\">\n<p data-start=\"4038\" data-end=\"4113\"><span style=\"color: #0000ff;\"><strong data-start=\"4038\" data-end=\"4069\">Iluminadores IR invis\u00edveis:<\/strong><\/span> <strong data-start=\"4070\" data-end=\"4080\">940 nm<\/strong>, vis\u00e3o nocturna sem flashes<\/p>\n<\/li>\n<li data-start=\"4114\" data-end=\"4193\">\n<p data-start=\"4116\" data-end=\"4193\"><span style=\"color: #0000ff;\"><strong data-start=\"4116\" data-end=\"4137\">Mem\u00f3ria inclu\u00edda:<\/strong><\/span> <strong data-start=\"4138\" data-end=\"4166\">Cart\u00e3o microSD de 32 GB<\/strong> (expans\u00edvel at\u00e9 512 GB)<\/p>\n<\/li>\n<li data-start=\"4194\" data-end=\"4258\">\n<p data-start=\"4196\" data-end=\"4258\"><span style=\"color: #0000ff;\"><strong data-start=\"4196\" data-end=\"4221\">Resist\u00eancia ao clima:<\/strong><\/span> <strong data-start=\"4222\" data-end=\"4256\">IP66 (\u00e0 prova de \u00e1gua e poeira)<\/strong><\/p>\n<\/li>\n<li data-start=\"4259\" data-end=\"4341\">\n<p data-start=\"4261\" data-end=\"4341\"><span style=\"color: #0000ff;\"><strong data-start=\"4261\" data-end=\"4288\">Alimenta\u00e7\u00e3o el\u00e9ctrica:<\/strong><\/span> <strong data-start=\"4289\" data-end=\"4339\">8\u00d7AA ou fonte de alimenta\u00e7\u00e3o externa de 12 V \/ painel solar<\/strong><\/p>\n<\/li>\n<li data-start=\"4342\" data-end=\"4384\">\n<p data-start=\"4344\" data-end=\"4384\"><span style=\"color: #0000ff;\"><strong data-start=\"4344\" data-end=\"4363\">Compatibilidade:<\/strong> <\/span>iOS \/ Android \/ PC<\/p>\n<\/li>\n<li data-start=\"4385\" data-end=\"4422\">\n<p data-start=\"4387\" data-end=\"4422\"><span style=\"color: #0000ff;\"><strong data-start=\"4387\" data-end=\"4404\">Aplica\u00e7\u00e3o gratuita:<\/strong><\/span> GardePro Mobile<\/p>\n<\/li>\n<\/ul>","protected":false},"excerpt":{"rendered":"<h3 data-start=\"248\" data-end=\"386\"><strong data-start=\"251\" data-end=\"386\">Incr\u00edvel GardePro X50MB 4G LTE Photo Trap Camera (48 MP + 32 GB) - Mais painel solar, tecnologia avan\u00e7ada, vis\u00e3o nocturna invis\u00edvel e controlo remoto completo.<\/strong><\/h3>\n<h3 data-start=\"388\" data-end=\"768\"><\/h3>","protected":false},"featured_media":26265,"template":"","meta":[],"product_brand":[],"product_cat":[139,102,129],"product_tag":[],"class_list":{"0":"post-26263","1":"product","2":"type-product","3":"status-publish","4":"has-post-thumbnail","6":"product_cat-camara-con-envio-al-movil","7":"product_cat-camaras","8":"product_cat-gardepro","10":"first","11":"instock","12":"taxable","13":"shipping-taxable","14":"purchasable","15":"product-type-simple","16":"add-to-wishlist-after_add_to_cart"},"_links":{"self":[{"href":"https:\/\/dinaturez.com\/pt\/wp-json\/wp\/v2\/product\/26263","targetHints":{"allow":["GET"]}}],"collection":[{"href":"https:\/\/dinaturez.com\/pt\/wp-json\/wp\/v2\/product"}],"about":[{"href":"https:\/\/dinaturez.com\/pt\/wp-json\/wp\/v2\/types\/product"}],"wp:featuredmedia":[{"embeddable":true,"href":"https:\/\/dinaturez.com\/pt\/wp-json\/wp\/v2\/media\/26265"}],"wp:attachment":[{"href":"https:\/\/dinaturez.com\/pt\/wp-json\/wp\/v2\/media?parent=26263"}],"wp:term":[{"taxonomy":"product_brand","embeddable":true,"href":"https:\/\/dinaturez.com\/pt\/wp-json\/wp\/v2\/product_brand?post=26263"},{"taxonomy":"product_cat","embeddable":true,"href":"https:\/\/dinaturez.com\/pt\/wp-json\/wp\/v2\/product_cat?post=26263"},{"taxonomy":"product_tag","embeddable":true,"href":"https:\/\/dinaturez.com\/pt\/wp-json\/wp\/v2\/product_tag?post=26263"}],"curies":[{"name":"wp","href":"https:\/\/api.w.org\/{rel}","templated":true}]}}