{"id":26242,"date":"2025-10-29T11:16:48","date_gmt":"2025-10-29T10:16:48","guid":{"rendered":"https:\/\/dinaturez.com\/?post_type=product&#038;p=26242"},"modified":"2026-01-08T12:40:48","modified_gmt":"2026-01-08T11:40:48","slug":"visor-grizzly-scoc-50-vector-optics","status":"publish","type":"product","link":"https:\/\/dinaturez.com\/pt\/product\/visor-grizzly-scoc-50-vector-optics\/","title":{"rendered":"Mira Grizzly 1-6\u00d724 HD Ref: SCOC-50 VECTOR OPTICS"},"content":{"rendered":"<h3>A mira Grizzly 1-6\u00d724 HD, refer\u00eancia SCOC-50, da Vetor Optics, foi concebida como uma mira vers\u00e1til para uma utiliza\u00e7\u00e3o vers\u00e1til, especialmente para ca\u00e7adas com motor, tiro din\u00e2mico e cen\u00e1rios em que s\u00e3o necess\u00e1rias velocidade e precis\u00e3o.<\/h3>\n<h3>A sua combina\u00e7\u00e3o de gama de amplia\u00e7\u00e3o de 1-6\u00d7 e \u00f3tica de alta defini\u00e7\u00e3o tornam-na uma op\u00e7\u00e3o muito atractiva para quem procura uma \u00fanica mira para espingardas que possa funcionar tanto a curta como a m\u00e9dia dist\u00e2ncia. Um toque mais comedido sem o inc\u00f3modo da configura\u00e7\u00e3o ou das mudan\u00e7as frequentes. A sua robustez, versatilidade, ret\u00edculo iluminado e bom desempenho \u00f3tico tornam-na uma escolha muito s\u00f3lida entre as miras LPVO de entrada\/m\u00e9dia gama.<\/h3>\n<p>&nbsp;<\/p>\n<ul>\n<li data-start=\"597\" data-end=\"838\">\n<p data-start=\"599\" data-end=\"838\"><span style=\"color: #0000ff;\">Aumentos de <strong data-start=\"611\" data-end=\"622\">1\u00d7 a 6\u00d7<\/strong>:<\/span> A defini\u00e7\u00e3o 1\u00d7 permite disparar com ambos os olhos abertos - ideal para a aquisi\u00e7\u00e3o r\u00e1pida de alvos - enquanto a defini\u00e7\u00e3o 6\u00d7 proporciona um alcance suficiente para dist\u00e2ncias m\u00e9dias.<\/p>\n<\/li>\n<li data-start=\"839\" data-end=\"1013\">\n<p data-start=\"841\" data-end=\"1013\"><span style=\"color: #0000ff;\">Di\u00e2metro da lente: <strong data-start=\"864\" data-end=\"873\">24 mm<\/strong>,<\/span> Isto ajuda a manter o conjunto leve e compacto sem sacrificar demasiado o brilho.<\/p>\n<\/li>\n<li data-start=\"1014\" data-end=\"1172\">\n<p data-start=\"1016\" data-end=\"1172\"><span style=\"color: #0000ff;\">Tubo de 30 mm:<\/span> esta constru\u00e7\u00e3o permite uma maior amplitude de regula\u00e7\u00e3o (eleva\u00e7\u00e3o\/desloca\u00e7\u00e3o) e uma constru\u00e7\u00e3o mais robusta.<\/p>\n<\/li>\n<li data-start=\"1173\" data-end=\"1417\">\n<p data-start=\"1175\" data-end=\"1417\"><span style=\"color: #0000ff;\">\u00d3tica LaREE HD com lente e revestimento de vidro de alta defini\u00e7\u00e3o <strong data-start=\"1247\" data-end=\"1275\">Totalmente multi-revestido (FMC)<\/strong>:<\/span> Isto assegura uma elevada transmiss\u00e3o de luz, imagens n\u00edtidas e um bom contraste, mesmo com pouca luz.<\/p>\n<\/li>\n<li data-start=\"1418\" data-end=\"1637\">\n<p data-start=\"1420\" data-end=\"1637\"><span style=\"color: #0000ff;\">Ret\u00edculo de segundo plano focal (SFP):<\/span> o ret\u00edculo mant\u00e9m o seu tamanho relativo mesmo que a amplia\u00e7\u00e3o seja variada, o que pode facilitar uma aquisi\u00e7\u00e3o de alvos mais r\u00e1pida e intuitiva.<\/p>\n<\/li>\n<li data-start=\"1638\" data-end=\"1867\">\n<p data-start=\"1640\" data-end=\"1867\"><span style=\"color: #0000ff;\">Ret\u00edculo de tipo alem\u00e3o #4 com ponto central iluminado por fibra \u00f3tica:<\/span> o ponto central \u00e9 bem vis\u00edvel mesmo sob forte luz solar, favorecendo o disparo instintivo ou r\u00e1pido.<\/p>\n<\/li>\n<li data-start=\"1868\" data-end=\"2020\">\n<p data-start=\"1870\" data-end=\"2020\"><span style=\"color: #0000ff;\">Ilumina\u00e7\u00e3o do ret\u00edculo:<\/span> v\u00e1rios n\u00edveis de intensidade para se adaptarem a condi\u00e7\u00f5es de luz vari\u00e1veis.<\/p>\n<\/li>\n<li data-start=\"2021\" data-end=\"2266\">\n<p data-start=\"2023\" data-end=\"2266\"><span style=\"color: #0000ff;\">Dist\u00e2ncia de visibilidade de <strong data-start=\"2068\" data-end=\"2084\">100 mm (\u22484\u2033)<\/strong>:<\/span> proporciona uma almofada confort\u00e1vel para os olhos, o que \u00e9 vantajoso quando utilizado em armas de elevado recuo ou din\u00e2micas de elevado desempenho.<\/p>\n<\/li>\n<li data-start=\"2267\" data-end=\"2685\">\n<p data-start=\"2269\" data-end=\"2292\"><span style=\"color: #0000ff;\">Constru\u00e7\u00e3o robusta:<\/span><\/p>\n<ul data-start=\"2295\" data-end=\"2685\">\n<li data-start=\"2295\" data-end=\"2378\">\n<p data-start=\"2297\" data-end=\"2378\">Corpo em liga de alum\u00ednio 6061-T6.<\/p>\n<\/li>\n<li data-start=\"2381\" data-end=\"2493\">\n<p data-start=\"2383\" data-end=\"2493\">Resistente a choques at\u00e9 cerca de 1000 G.<\/p>\n<\/li>\n<li data-start=\"2496\" data-end=\"2685\">\n<p data-start=\"2498\" data-end=\"2685\">Estanquidade \u00e0 \u00e1gua e prote\u00e7\u00e3o contra nevoeiro por impregna\u00e7\u00e3o com azoto e classifica\u00e7\u00e3o IP56 de estanquidade \u00e0 \u00e1gua.<\/p>\n<\/li>\n<\/ul>\n<\/li>\n<li data-start=\"2686\" data-end=\"2873\">\n<p data-start=\"2688\" data-end=\"2873\"><span style=\"color: #0000ff;\">Ampla gama de regula\u00e7\u00e3o:<\/span> eleva\u00e7\u00e3o e deriva \u2265 52 MIL, o que permite compensar a queda do fardo e o impacto do vento em configura\u00e7\u00f5es exigentes.<\/p>\n<\/li>\n<\/ul>\n<p>&nbsp;<\/p>\n<p>&nbsp;<\/p>\n<table>\n<tbody>\n<tr>\n<td class=\"t1\">Amplia\u00e7\u00e3o<\/td>\n<td class=\"t2\">1-6x<\/td>\n<\/tr>\n<tr>\n<td class=\"t1\">Dia da lente objetiva<\/td>\n<td class=\"t2\">24 mm<\/td>\n<\/tr>\n<tr>\n<td class=\"t1\">Plano Focal<\/td>\n<td class=\"t2\">Segundo Plano Focal<\/td>\n<\/tr>\n<tr>\n<td class=\"t1\">Al\u00edvio ocular<\/td>\n<td class=\"t2\">100 mm \/ 4.0 in<\/td>\n<\/tr>\n<tr>\n<td class=\"t1\">Revestimento da lente<\/td>\n<td class=\"t2\">Totalmente multi-revestido<\/td>\n<\/tr>\n<tr>\n<td class=\"t1\">Campo de vis\u00e3o linear a 100 jardas<\/td>\n<td class=\"t2\">122,4-19,2 p\u00e9s a 100 jardas<\/td>\n<\/tr>\n<tr>\n<td class=\"t1\">Campo de vis\u00e3o linear a 100 m<\/td>\n<td class=\"t2\">40,8-6,4 m a 100 metros<\/td>\n<\/tr>\n<tr>\n<td class=\"t1\">Campo de vis\u00e3o angular \u00b0 Campo de vis\u00e3o angular \u00b0 Campo de vis\u00e3o angular \u00b0 Campo de vis\u00e3o angular \u00b0 Campo de vis\u00e3o angular \u00b0 Campo de vis\u00e3o angular<\/td>\n<td class=\"t2\">22.2-3.67 \u00b0<\/td>\n<\/tr>\n<tr>\n<td class=\"t1\">Ret\u00edculo<\/td>\n<td class=\"t2\">Alem\u00e3o #4, Fibra<\/td>\n<\/tr>\n<\/tbody>\n<\/table>\n<p>&nbsp;<\/p>\n<p>&nbsp;<\/p>\n<p><iframe title=\"\u00d3tica Vetorial \/\/ Qual \u00e9 a vantagem do ret\u00edculo de fibra?\" width=\"500\" height=\"281\" src=\"https:\/\/www.youtube.com\/embed\/fKy-fCZDgXw?feature=oembed\" frameborder=\"0\" allow=\"accelerometer; autoplay; clipboard-write; encrypted-media; gyroscope; picture-in-picture; web-share\" referrerpolicy=\"strict-origin-when-cross-origin\" allowfullscreen><\/iframe><\/p>","protected":false},"excerpt":{"rendered":"<h3>A mira telesc\u00f3pica Grizzly 1-6\u00d724 HD, refer\u00eancia SCOC-50, da Vetor Optics, foi concebida como uma mira telesc\u00f3pica de utiliza\u00e7\u00e3o vers\u00e1til, especialmente concebida para ca\u00e7adas com motor, tiro din\u00e2mico e cen\u00e1rios em que s\u00e3o necess\u00e1rias velocidade e precis\u00e3o.<\/h3>","protected":false},"featured_media":26248,"template":"","meta":[],"product_brand":[],"product_cat":[133,126,141],"product_tag":[],"class_list":{"0":"post-26242","1":"product","2":"type-product","3":"status-publish","4":"has-post-thumbnail","6":"product_cat-vector-optic","7":"product_cat-vision-diurna","8":"product_cat-visores-diurnos","10":"first","11":"instock","12":"taxable","13":"shipping-taxable","14":"purchasable","15":"product-type-simple","16":"add-to-wishlist-after_add_to_cart"},"_links":{"self":[{"href":"https:\/\/dinaturez.com\/pt\/wp-json\/wp\/v2\/product\/26242","targetHints":{"allow":["GET"]}}],"collection":[{"href":"https:\/\/dinaturez.com\/pt\/wp-json\/wp\/v2\/product"}],"about":[{"href":"https:\/\/dinaturez.com\/pt\/wp-json\/wp\/v2\/types\/product"}],"wp:featuredmedia":[{"embeddable":true,"href":"https:\/\/dinaturez.com\/pt\/wp-json\/wp\/v2\/media\/26248"}],"wp:attachment":[{"href":"https:\/\/dinaturez.com\/pt\/wp-json\/wp\/v2\/media?parent=26242"}],"wp:term":[{"taxonomy":"product_brand","embeddable":true,"href":"https:\/\/dinaturez.com\/pt\/wp-json\/wp\/v2\/product_brand?post=26242"},{"taxonomy":"product_cat","embeddable":true,"href":"https:\/\/dinaturez.com\/pt\/wp-json\/wp\/v2\/product_cat?post=26242"},{"taxonomy":"product_tag","embeddable":true,"href":"https:\/\/dinaturez.com\/pt\/wp-json\/wp\/v2\/product_tag?post=26242"}],"curies":[{"name":"wp","href":"https:\/\/api.w.org\/{rel}","templated":true}]}}