{"id":26218,"date":"2025-10-27T19:09:58","date_gmt":"2025-10-27T18:09:58","guid":{"rendered":"https:\/\/dinaturez.com\/?post_type=product&#038;p=26218"},"modified":"2026-01-14T11:41:08","modified_gmt":"2026-01-14T10:41:08","slug":"visor-continental-scol-te52-vector-optics","status":"publish","type":"product","link":"https:\/\/dinaturez.com\/pt\/product\/visor-continental-scol-te52-vector-optics\/","title":{"rendered":"Mira t\u00e1tica Continental x8 6-48\u00d756 ED MOA Ref: SCOL-TE52 VECTOR OPTICS"},"content":{"rendered":"<h3>A mira Vetor Optics SCOL TE52 Continental x8 6-48\u00d756 ED MOA \u00e9 uma pe\u00e7a de \u00f3tica t\u00e1tica de topo de gama, concebida para utilizadores que exigem extrema precis\u00e3o e versatilidade no tiro de longo alcance. A sua elevada amplia\u00e7\u00e3o (6-48\u00d7) e a lente objetiva de 56 mm permitem-lhe atingir alvos \u00e0 dist\u00e2ncia com clareza, enquanto a sua constru\u00e7\u00e3o f\u00edsica e \u00f3tica a tornam adequada para cen\u00e1rios exigentes.<\/h3>\n<h3 data-start=\"3757\" data-end=\"4069\">Se estiver \u00e0 procura de uma mira para espingardas de longo alcance que combine uma amplia\u00e7\u00e3o elevada, \u00f3tica de qualidade, ajustes precisos e robustez para ambientes exigentes, esta \u00e9 uma excelente escolha.<\/h3>\n<p>&nbsp;<\/p>\n<h3>Funcionalidades avan\u00e7adas:<\/h3>\n<ul>\n<li data-start=\"578\" data-end=\"740\">\n<p data-start=\"580\" data-end=\"740\">Gama de amplia\u00e7\u00e3o <strong data-start=\"597\" data-end=\"606\">6-48\u00d7<\/strong>, A amplia\u00e7\u00e3o de 8\u00d7: ideal para tiro de m\u00e9dio e longo alcance.<\/p>\n<\/li>\n<li data-start=\"741\" data-end=\"905\">\n<p data-start=\"743\" data-end=\"905\">Lente objetiva de <strong data-start=\"761\" data-end=\"770\">56 mm<\/strong>, tubo monocanal, monocanal de <strong data-start=\"790\" data-end=\"799\">30 mm<\/strong>, Isto proporciona uma maior amplitude de regula\u00e7\u00e3o e estabilidade mec\u00e2nica.<\/p>\n<\/li>\n<li data-start=\"906\" data-end=\"1113\">\n<p data-start=\"908\" data-end=\"1113\">ED (\u201cExtra-Low Dispersion\u201d) juntamente com os revestimentos multi-camada LaREE e VePRO FMC, transmitindo mais de 93 % de luz para uma imagem brilhante e detalhada.<\/p>\n<\/li>\n<li data-start=\"1114\" data-end=\"1297\">\n<p data-start=\"1116\" data-end=\"1297\">Tipo de ret\u00edculo <strong data-start=\"1130\" data-end=\"1143\">VCO-6 MOA<\/strong> no segundo plano focal (SFP), com ilumina\u00e7\u00e3o vermelha de <strong data-start=\"1198\" data-end=\"1212\">11 n\u00edveis<\/strong> para visibilidade em condi\u00e7\u00f5es de pouca luz.<\/p>\n<\/li>\n<li data-start=\"1298\" data-end=\"1438\">\n<p data-start=\"1300\" data-end=\"1438\">Defini\u00e7\u00f5es altamente precisas: cliques de <strong data-start=\"1337\" data-end=\"1348\">1\/8 MOA<\/strong>, eleva\u00e7\u00e3o e desvio de ~48 MOA cada.<\/p>\n<\/li>\n<li data-start=\"1439\" data-end=\"1566\">\n<p data-start=\"1441\" data-end=\"1566\">Fun\u00e7\u00e3o <strong data-start=\"1449\" data-end=\"1462\">Paragem zero<\/strong>, para regressar ao zero predefinido sem recalibra\u00e7\u00e3o manual.<\/p>\n<\/li>\n<li data-start=\"1567\" data-end=\"1813\">\n<p data-start=\"1569\" data-end=\"1813\">Elevada resist\u00eancia a condi\u00e7\u00f5es adversas: classifica\u00e7\u00e3o IP67 (submers\u00edvel at\u00e9 1 m durante 30 min), enchimento de azoto contra o embaciamento interno e testado para resistir a choques at\u00e9 1000 G.<\/p>\n<\/li>\n<li data-start=\"1814\" data-end=\"1947\">\n<p data-start=\"1816\" data-end=\"1947\">Al\u00edvio ocular amplo (~95 mm) para facilitar a utiliza\u00e7\u00e3o com uma variedade de sistemas de tra\u00e7\u00e3o e acoplamentos.<\/p>\n<\/li>\n<\/ul>\n<p>&nbsp;<\/p>\n<table>\n<tbody>\n<tr>\n<td class=\"t1\">Amplia\u00e7\u00e3o<\/td>\n<td class=\"t2\">6-48 vezes<\/td>\n<\/tr>\n<tr>\n<td class=\"t1\">Di\u00e2metro da lente objetiva<\/td>\n<td class=\"t2\">56 mil\u00edmetros<\/td>\n<\/tr>\n<tr>\n<td class=\"t1\">Plano focal<\/td>\n<td class=\"t2\">Segundo plano focal<\/td>\n<\/tr>\n<tr>\n<td class=\"t1\">Al\u00edvio dos olhos<\/td>\n<td class=\"t2\">95 mil\u00edmetros<\/td>\n<\/tr>\n<tr>\n<td class=\"t1\">Revestimento da lente<\/td>\n<td class=\"t2\">Totalmente multi-camadas<\/td>\n<\/tr>\n<tr>\n<td class=\"t1\">Campo de vis\u00e3o linear a 100 jardas<\/td>\n<td class=\"t2\">20,5-2,57 p\u00e9s a 100 jardas<\/td>\n<\/tr>\n<tr>\n<td class=\"t1\">Campo de vis\u00e3o linear a 100 m<\/td>\n<td class=\"t2\">6,8-0,85 m a 100 metros<\/td>\n<\/tr>\n<tr>\n<td class=\"t1\">Campo de vis\u00e3o angular \u00b0.<\/td>\n<td class=\"t2\">3.89-0.48 \u00b0<\/td>\n<\/tr>\n<tr>\n<td class=\"t1\">Ret\u00edculo<\/td>\n<td class=\"t2\">VCO-6 MOA<\/td>\n<\/tr>\n<\/tbody>\n<\/table>\n<p>&nbsp;<\/p>\n<p><iframe title=\"\u00d3tica Vetor | Obrigat\u00f3ria para tiro a longa dist\u00e2ncia --- Continental 6-48x56 ED MOA&amp;MIL(SCOL-TE52 &amp; TM52)\" width=\"500\" height=\"281\" src=\"https:\/\/www.youtube.com\/embed\/34wSTPm3mC4?feature=oembed\" frameborder=\"0\" allow=\"accelerometer; autoplay; clipboard-write; encrypted-media; gyroscope; picture-in-picture; web-share\" referrerpolicy=\"strict-origin-when-cross-origin\" allowfullscreen><\/iframe><\/p>","protected":false},"excerpt":{"rendered":"<h3>A mira Continental x8 6-48\u00d756 ED MOA da Vetor Optics \u00e9 uma pe\u00e7a de \u00f3tica t\u00e1tica de topo de gama, concebida para utilizadores que necessitam de extrema precis\u00e3o e versatilidade no tiro de longo alcance. A sua elevada amplia\u00e7\u00e3o (6-48\u00d7) e a lente objetiva de 56 mm permitem-lhe atingir alvos \u00e0 dist\u00e2ncia com clareza, enquanto a sua constru\u00e7\u00e3o f\u00edsica e \u00f3tica a torna adequada para cen\u00e1rios exigentes.<\/h3>","protected":false},"featured_media":26219,"template":"","meta":[],"product_brand":[],"product_cat":[133,126,141],"product_tag":[],"class_list":{"0":"post-26218","1":"product","2":"type-product","3":"status-publish","4":"has-post-thumbnail","6":"product_cat-vector-optic","7":"product_cat-vision-diurna","8":"product_cat-visores-diurnos","10":"first","11":"instock","12":"taxable","13":"shipping-taxable","14":"purchasable","15":"product-type-simple","16":"add-to-wishlist-after_add_to_cart"},"_links":{"self":[{"href":"https:\/\/dinaturez.com\/pt\/wp-json\/wp\/v2\/product\/26218","targetHints":{"allow":["GET"]}}],"collection":[{"href":"https:\/\/dinaturez.com\/pt\/wp-json\/wp\/v2\/product"}],"about":[{"href":"https:\/\/dinaturez.com\/pt\/wp-json\/wp\/v2\/types\/product"}],"wp:featuredmedia":[{"embeddable":true,"href":"https:\/\/dinaturez.com\/pt\/wp-json\/wp\/v2\/media\/26219"}],"wp:attachment":[{"href":"https:\/\/dinaturez.com\/pt\/wp-json\/wp\/v2\/media?parent=26218"}],"wp:term":[{"taxonomy":"product_brand","embeddable":true,"href":"https:\/\/dinaturez.com\/pt\/wp-json\/wp\/v2\/product_brand?post=26218"},{"taxonomy":"product_cat","embeddable":true,"href":"https:\/\/dinaturez.com\/pt\/wp-json\/wp\/v2\/product_cat?post=26218"},{"taxonomy":"product_tag","embeddable":true,"href":"https:\/\/dinaturez.com\/pt\/wp-json\/wp\/v2\/product_tag?post=26218"}],"curies":[{"name":"wp","href":"https:\/\/api.w.org\/{rel}","templated":true}]}}