{"id":26212,"date":"2025-10-24T07:41:35","date_gmt":"2025-10-24T05:41:35","guid":{"rendered":"https:\/\/dinaturez.com\/?post_type=product&#038;p=26212"},"modified":"2026-01-06T10:24:39","modified_gmt":"2026-01-06T09:24:39","slug":"visor-scol-47-vector-optics","status":"publish","type":"product","link":"https:\/\/dinaturez.com\/pt\/product\/visor-scol-47-vector-optics\/","title":{"rendered":"Visor Continental x6 5-30\u00d756 ARI Ref: SCOL-47 VECTOR OPTICS"},"content":{"rendered":"<h3 data-rm-block-id=\"block-1\">A Vetor Optics SCOL-47 n\u00e3o \u00e9 apenas mais uma mira para espingardas: \u00e9 uma ferramenta de precis\u00e3o concebida para ter o melhor desempenho em ambientes exigentes. A combina\u00e7\u00e3o de \u00f3tica de classe mundial, afina\u00e7\u00e3o t\u00e1tica e constru\u00e7\u00e3o robusta fazem dela uma excelente escolha para quem procura um verdadeiro desempenho.<\/h3>\n<h3 data-rm-block-id=\"block-2\">Com uma gama de amplia\u00e7\u00e3o de 5-30\u00d7 e uma lente objetiva de 56 mm, combina versatilidade, clareza \u00f3tica e robustez mec\u00e2nica para proporcionar um desempenho de classe mundial.<\/h3>\n<h3 data-rm-block-id=\"block-4\">Funcionalidades avan\u00e7adas:<\/h3>\n<ul>\n<li data-start=\"714\" data-end=\"859\">\n<p data-start=\"716\" data-end=\"859\" data-rm-block-id=\"block-5\">Alargamento <strong data-start=\"727\" data-end=\"736\">5-30\u00d7<\/strong>permite vistos a dist\u00e2ncias moderadas, bem como em cen\u00e1rios de longo alcance.<\/p>\n<\/li>\n<li data-start=\"714\" data-end=\"859\">\n<p data-start=\"716\" data-end=\"859\" data-rm-block-id=\"block-6\">Lente objetiva de <strong data-start=\"880\" data-end=\"889\">56 mm<\/strong> de di\u00e2metro e tubo monotubo de 30 mm, para maximizar a recolha de luz e permitir uma vasta gama de ajustamentos.<\/p>\n<\/li>\n<li data-start=\"1042\" data-end=\"1199\">\n<p data-start=\"1044\" data-end=\"1199\" data-rm-block-id=\"block-7\">\u00d3tica de alta qualidade: as lentes LaREE e os revestimentos VePRO FMC alcan\u00e7am uma transmiss\u00e3o de luz superior a 90 %.<\/p>\n<\/li>\n<li data-start=\"1200\" data-end=\"1380\">\n<p data-start=\"1202\" data-end=\"1380\" data-rm-block-id=\"block-8\">Ret\u00edculo de segundo plano focal (SFP) tipo VCT-20A gravado em vidro, com ilumina\u00e7\u00e3o integrada de 6 n\u00edveis para condi\u00e7\u00f5es de pouca luz.<\/p>\n<\/li>\n<li data-start=\"1381\" data-end=\"1557\">\n<p data-start=\"1383\" data-end=\"1557\" data-rm-block-id=\"block-9\">Defini\u00e7\u00f5es de alta precis\u00e3o: cliques de <strong data-start=\"1419\" data-end=\"1457\">1\/10 MIL (0,1 mrad \/ 1 cm a 100 m)<\/strong>ajuste do vento e da eleva\u00e7\u00e3o com mais de 16,5 MIL de alcance.<\/p>\n<\/li>\n<li data-start=\"1558\" data-end=\"1762\">\n<p data-start=\"1560\" data-end=\"1762\" data-rm-block-id=\"block-10\">Carater\u00edsticas t\u00e1cticas: sistema \"Zero Stop\" para regressar ao zero predefinido sem reiniciar e bloqueio da torre para evitar altera\u00e7\u00f5es acidentais.<\/p>\n<\/li>\n<li data-start=\"1763\" data-end=\"2054\">\n<p data-start=\"1765\" data-end=\"2054\" data-rm-block-id=\"block-11\">Constru\u00e7\u00e3o robusta e fi\u00e1vel: corpo em alum\u00ednio 6061-T6, resist\u00eancia ao choque (~750-G), compatibilidade com condi\u00e7\u00f5es exigentes, IP67 \u00e0 prova de \u00e1gua (submers\u00edvel at\u00e9 1 m durante 30 min), purga de azoto contra o embaciamento interno.<\/p>\n<\/li>\n<li data-start=\"1763\" data-end=\"2054\">\n<p data-start=\"1765\" data-end=\"2054\" data-rm-block-id=\"block-12\">O amplo al\u00edvio dos olhos (100 mm \/ 4 polegadas) permite posi\u00e7\u00f5es de disparo confort\u00e1veis, mesmo com equipamento.<\/p>\n<\/li>\n<li data-start=\"2196\" data-end=\"2390\">\n<p data-start=\"2198\" data-end=\"2390\" data-rm-block-id=\"block-13\">Inclui acess\u00f3rios: an\u00e9is de montagem tipo Picatinny de 30 mm, torre de eleva\u00e7\u00e3o sobresselente tipo DIY, tampas de lentes e pano de limpeza.<\/p>\n<\/li>\n<\/ul>\n<ul>\n<li>\n<p data-rm-block-id=\"block-15\">Amplia\u00e7\u00e3o: 5-30x<\/p>\n<\/li>\n<li>\n<p data-rm-block-id=\"block-16\">Di\u00e2metro da lente objetiva: 56 mm<\/p>\n<\/li>\n<li>\n<p data-rm-block-id=\"block-17\">Di\u00e2metro da lente ocular: 42 mm \/ 1,7 pol.<\/p>\n<\/li>\n<li>\n<p data-rm-block-id=\"block-18\">Comprimento da lente da ocular: 54 mm \/ 2,1 pol.<\/p>\n<\/li>\n<li>\n<p data-rm-block-id=\"block-19\">Pupila de sa\u00edda: 9,5-1,9 mm<\/p>\n<\/li>\n<li>\n<p data-rm-block-id=\"block-20\">Revestimento \u00f3tico: Diamante transparente de v\u00e1rias camadas<\/p>\n<\/li>\n<li>\n<p data-rm-block-id=\"block-21\">Campo de vis\u00e3o: 24,9-4,2 p\u00e9s a 100 jardas<\/p>\n<\/li>\n<li>\n<p data-rm-block-id=\"block-22\">Campo de vis\u00e3o: 8,3-1,4M@ 100 metros<\/p>\n<\/li>\n<li>\n<p data-rm-block-id=\"block-23\">Dist\u00e2ncia da ocular: 100 mm \/ 4,0 in.<\/p>\n<\/li>\n<li>\n<p data-rm-block-id=\"block-24\">Comprimento: 401 mm \/ 15,79 polegadas<\/p>\n<\/li>\n<li>\n<p data-rm-block-id=\"block-25\">Peso: 745 g \/ 26,3 oz<\/p>\n<\/li>\n<li>\n<p data-rm-block-id=\"block-26\">Di\u00e2metro do tubo: 30 mm monotubo<\/p>\n<\/li>\n<li>\n<p data-rm-block-id=\"block-27\">Valor do clique: 1\/10 MIL<\/p>\n<\/li>\n<li>\n<p data-rm-block-id=\"block-28\">Gama de eleva\u00e7\u00e3o: &gt;16,5MIL (paragem zero)<\/p>\n<\/li>\n<li>\n<p data-rm-block-id=\"block-29\">Gama de resist\u00eancia ao vento: &gt;16,5MIL (bloqueio da torre)<\/p>\n<\/li>\n<li>\n<p data-rm-block-id=\"block-30\">Ajuste do paralaxe: 100 jardas<\/p>\n<\/li>\n<li>\n<p data-rm-block-id=\"block-31\">Focagem lateral: 15 jardas at\u00e9 ao infinito<\/p>\n<\/li>\n<li>\n<p data-rm-block-id=\"block-32\">Ret\u00edculo: Vidro gravado VCT-20A<\/p>\n<\/li>\n<li>\n<p data-rm-block-id=\"block-33\">Ilumina\u00e7\u00e3o: 6 velocidades<\/p>\n<\/li>\n<li>\n<p data-rm-block-id=\"block-34\">Tipo de pilha: CR2032<\/p>\n<\/li>\n<li>\n<p data-rm-block-id=\"block-35\">Acabamento: Preto mate<\/p>\n<\/li>\n<li>\n<p data-rm-block-id=\"block-36\">IP67 \u00e0 prova de \u00e1gua at\u00e9 1 metro durante 30 minutos<\/p>\n<\/li>\n<li>\n<p data-rm-block-id=\"block-37\">Sistema de ajuste de eleva\u00e7\u00e3o Zero-Stop com fun\u00e7\u00e3o de bloqueio da torre<\/p>\n<\/li>\n<li>\n<p data-rm-block-id=\"block-38\">Testado contra recuo at\u00e9 750 g<\/p>\n<\/li>\n<li>\n<p data-rm-block-id=\"block-39\">Totalmente purgado com azoto para eliminar qualquer embaciamento interno da lente<\/p>\n<\/li>\n<li>\n<p data-rm-block-id=\"block-40\">Oferece uma torre de eleva\u00e7\u00e3o adicional do tipo \"fa\u00e7a voc\u00ea mesmo<\/p>\n<\/li>\n<li>\n<p data-rm-block-id=\"block-41\">Alum\u00ednio de alta qualidade para aeronaves 6061 T6<\/p>\n<\/li>\n<li>\n<p data-rm-block-id=\"block-42\">Marca de focagem: 10,15, 20, 30, 30, 50, 50, 75, 100, 200, 300, 500 e infinito<\/p>\n<\/li>\n<li>\n<p data-rm-block-id=\"block-43\">Compensa\u00e7\u00e3o das dioptrias da ocular de focagem r\u00e1pida (+2 a -3)<\/p>\n<\/li>\n<li>\n<p data-rm-block-id=\"block-44\">Inclui: um par de an\u00e9is picatinny de 30 mm, torre de eleva\u00e7\u00e3o de substitui\u00e7\u00e3o DIY, tampas de lentes e pano de limpeza, etc.<\/p>\n<\/li>\n<\/ul>","protected":false},"excerpt":{"rendered":"<h3>El SCOL-47 de Vector Optics no es simplemente un visor m\u00e1s: es una herramienta de precisi\u00f3n dise\u00f1ada para dar lo mejor en entornos exigentes. La combinaci\u00f3n de \u00f3ptica de primer nivel, ajustes finos t\u00e1cticos y construcci\u00f3n robusta lo convierten en una opci\u00f3n destacada para quienes buscan rendimiento real sin comprometer calidad.<\/h3>\n<h3>Com uma gama de amplia\u00e7\u00e3o de 5-30\u00d7 e uma lente objetiva de 56 mm, combina versatilidade, clareza \u00f3tica e robustez mec\u00e2nica para proporcionar um desempenho de classe mundial.<\/h3>\n<p>&nbsp;<\/p>\n<h3><\/h3>","protected":false},"featured_media":26213,"template":"","meta":[],"product_brand":[],"product_cat":[126,133,141],"product_tag":[],"class_list":{"0":"post-26212","1":"product","2":"type-product","3":"status-publish","4":"has-post-thumbnail","6":"product_cat-vision-diurna","7":"product_cat-vector-optic","8":"product_cat-visores-diurnos","10":"first","11":"instock","12":"taxable","13":"shipping-taxable","14":"purchasable","15":"product-type-simple","16":"add-to-wishlist-after_add_to_cart"},"_links":{"self":[{"href":"https:\/\/dinaturez.com\/pt\/wp-json\/wp\/v2\/product\/26212","targetHints":{"allow":["GET"]}}],"collection":[{"href":"https:\/\/dinaturez.com\/pt\/wp-json\/wp\/v2\/product"}],"about":[{"href":"https:\/\/dinaturez.com\/pt\/wp-json\/wp\/v2\/types\/product"}],"wp:featuredmedia":[{"embeddable":true,"href":"https:\/\/dinaturez.com\/pt\/wp-json\/wp\/v2\/media\/26213"}],"wp:attachment":[{"href":"https:\/\/dinaturez.com\/pt\/wp-json\/wp\/v2\/media?parent=26212"}],"wp:term":[{"taxonomy":"product_brand","embeddable":true,"href":"https:\/\/dinaturez.com\/pt\/wp-json\/wp\/v2\/product_brand?post=26212"},{"taxonomy":"product_cat","embeddable":true,"href":"https:\/\/dinaturez.com\/pt\/wp-json\/wp\/v2\/product_cat?post=26212"},{"taxonomy":"product_tag","embeddable":true,"href":"https:\/\/dinaturez.com\/pt\/wp-json\/wp\/v2\/product_tag?post=26212"}],"curies":[{"name":"wp","href":"https:\/\/api.w.org\/{rel}","templated":true}]}}