{"id":26203,"date":"2025-10-24T01:28:27","date_gmt":"2025-10-23T23:28:27","guid":{"rendered":"https:\/\/dinaturez.com\/?post_type=product&#038;p=26203"},"modified":"2025-11-11T08:08:38","modified_gmt":"2025-11-11T07:08:38","slug":"visor-scol-t-51-vector-optics","status":"publish","type":"product","link":"https:\/\/dinaturez.com\/pt\/product\/visor-scol-t-51-vector-optics\/","title":{"rendered":"Visor Continental x8 4-32\u00d756 ED Ref: SCOL T-51 \u00d3PTICA DE VECTORES"},"content":{"rendered":"<h3 data-start=\"1837\" data-end=\"2362\" data-rm-block-id=\"block-1\">O <strong data-start=\"1840\" data-end=\"1880\">Continental X8 4-32\u00d756 ED (SCOL-T51)<\/strong> \u00e9 uma mira para espingarda concebida para quem exige versatilidade e precis\u00e3o a longas dist\u00e2ncias. A sua gama de amplia\u00e7\u00e3o de 4-32\u00d7 combina uma ampla capacidade de visualiza\u00e7\u00e3o em amplia\u00e7\u00f5es baixas com a resolu\u00e7\u00e3o necess\u00e1ria para identificar e garantir disparos precisos a longas dist\u00e2ncias. A \u00f3tica ED (dispers\u00e3o extra baixa) e o vidro SCHOTT HT, juntamente com os revestimentos Fully Multi Coated, proporcionam uma nitidez superior e uma elevada transmiss\u00e3o de luz - uma vantagem fundamental ao amanhecer ou ao anoitecer.<\/h3>\n<h3 data-start=\"2364\" data-end=\"2737\" data-rm-block-id=\"block-2\">A vers\u00e3o <strong data-start=\"2375\" data-end=\"2382\">T51<\/strong> incorpora torres t\u00e1cticas com regula\u00e7\u00e3o MIL (0,1 MIL\/clique), sistema t\u00e1tico <strong data-start=\"2454\" data-end=\"2467\">Paragem zero<\/strong> para uma recupera\u00e7\u00e3o r\u00e1pida do zero e um bloqueio mec\u00e2nico para evitar movimentos acidentais. O ret\u00edculo gravado em forma de \u00e1rvore de Natal (VCT-20A) oferece refer\u00eancias incorporadas para correc\u00e7\u00f5es de vento e dist\u00e2ncia, tornando-o muito adequado para tiro de precis\u00e3o.<\/h3>\n<h3 data-start=\"2739\" data-end=\"2946\" data-rm-block-id=\"block-3\">Constru\u00edda com um tubo de 30 mm e liga de 6061-T6, a mira \u00e9 robusta, resistente \u00e0 \u00e1gua e ao nevoeiro e foi concebida para suportar o castigo do campo e o recuo de espingardas de alta pot\u00eancia.<\/h3>\n<p>&nbsp;<\/p>\n<table>\n<tbody>\n<tr>\n<td class=\"t1\">Amplia\u00e7\u00e3o<\/td>\n<td class=\"t2\">4-32 vezes<\/td>\n<\/tr>\n<tr>\n<td class=\"t1\">Di\u00e2metro da lente objetiva<\/td>\n<td class=\"t2\">56 mil\u00edmetros<\/td>\n<\/tr>\n<tr>\n<td class=\"t1\">Plano focal<\/td>\n<td class=\"t2\">Segundo plano focal<\/td>\n<\/tr>\n<tr>\n<td class=\"t1\">Al\u00edvio dos olhos<\/td>\n<td class=\"t2\">95 mm \/ 3,8 polegadas<\/td>\n<\/tr>\n<tr>\n<td class=\"t1\">Revestimento da lente<\/td>\n<td class=\"t2\">Totalmente multi-camadas<\/td>\n<\/tr>\n<tr>\n<td class=\"t1\">Campo de vis\u00e3o linear a 100 jardas<\/td>\n<td class=\"t2\">30,7-3,84 p\u00e9s a 100 jardas<\/td>\n<\/tr>\n<tr>\n<td class=\"t1\">Campo de vis\u00e3o linear a 100 m<\/td>\n<td class=\"t2\">10,2-1,28 m a 100 metros<\/td>\n<\/tr>\n<tr>\n<td class=\"t1\">Campo de vis\u00e3o angular \u00b0.<\/td>\n<td class=\"t2\">5.8-0.73 \u00b0<\/td>\n<\/tr>\n<tr>\n<td class=\"t1\">Ret\u00edculo<\/td>\n<td class=\"t2\">VCT-20A<\/td>\n<\/tr>\n<\/tbody>\n<\/table>\n<p>&nbsp;<\/p>","protected":false},"excerpt":{"rendered":"<h3 data-start=\"1837\" data-end=\"2362\">O <strong data-start=\"1840\" data-end=\"1880\">Continental X8 4-32\u00d756 ED (SCOL-T51)<\/strong> \u00e9 uma mira para espingarda concebida para quem exige versatilidade e precis\u00e3o a longas dist\u00e2ncias. A sua gama de amplia\u00e7\u00e3o de 4-32\u00d7 combina uma ampla capacidade de visualiza\u00e7\u00e3o em amplia\u00e7\u00f5es baixas com a resolu\u00e7\u00e3o necess\u00e1ria para identificar e garantir disparos precisos a longas dist\u00e2ncias. A \u00f3tica ED (dispers\u00e3o extra baixa) e o vidro SCHOTT HT, juntamente com os revestimentos Fully Multi Coated, proporcionam uma nitidez superior e uma elevada transmiss\u00e3o de luz - uma vantagem fundamental ao amanhecer ou ao anoitecer.<\/h3>","protected":false},"featured_media":26205,"template":"","meta":[],"product_brand":[],"product_cat":[133,126,141],"product_tag":[],"class_list":{"0":"post-26203","1":"product","2":"type-product","3":"status-publish","4":"has-post-thumbnail","6":"product_cat-vector-optic","7":"product_cat-vision-diurna","8":"product_cat-visores-diurnos","10":"first","11":"instock","12":"taxable","13":"shipping-taxable","14":"purchasable","15":"product-type-simple","16":"add-to-wishlist-after_add_to_cart"},"_links":{"self":[{"href":"https:\/\/dinaturez.com\/pt\/wp-json\/wp\/v2\/product\/26203","targetHints":{"allow":["GET"]}}],"collection":[{"href":"https:\/\/dinaturez.com\/pt\/wp-json\/wp\/v2\/product"}],"about":[{"href":"https:\/\/dinaturez.com\/pt\/wp-json\/wp\/v2\/types\/product"}],"wp:featuredmedia":[{"embeddable":true,"href":"https:\/\/dinaturez.com\/pt\/wp-json\/wp\/v2\/media\/26205"}],"wp:attachment":[{"href":"https:\/\/dinaturez.com\/pt\/wp-json\/wp\/v2\/media?parent=26203"}],"wp:term":[{"taxonomy":"product_brand","embeddable":true,"href":"https:\/\/dinaturez.com\/pt\/wp-json\/wp\/v2\/product_brand?post=26203"},{"taxonomy":"product_cat","embeddable":true,"href":"https:\/\/dinaturez.com\/pt\/wp-json\/wp\/v2\/product_cat?post=26203"},{"taxonomy":"product_tag","embeddable":true,"href":"https:\/\/dinaturez.com\/pt\/wp-json\/wp\/v2\/product_tag?post=26203"}],"curies":[{"name":"wp","href":"https:\/\/api.w.org\/{rel}","templated":true}]}}