{"id":26181,"date":"2025-10-22T11:19:51","date_gmt":"2025-10-22T09:19:51","guid":{"rendered":"https:\/\/dinaturez.com\/?post_type=product&#038;p=26181"},"modified":"2025-11-11T08:09:57","modified_gmt":"2025-11-11T07:09:57","slug":"visor-scom-47-vector-optics","status":"publish","type":"product","link":"https:\/\/dinaturez.com\/pt\/product\/visor-scom-47-vector-optics\/","title":{"rendered":"Visor Continental x6 2.5-15\u00d756 Fibra Ref: SCOM-47 \u00d3PTICA VECTORIAL"},"content":{"rendered":"<h3 data-start=\"380\" data-end=\"922\" data-rm-block-id=\"block-1\">O <strong data-start=\"383\" data-end=\"394\">SCOM-47<\/strong>no \u00e2mbito da s\u00e9rie <em data-start=\"415\" data-end=\"428\">Continental<\/em> da Vetor Optics, \u00e9 uma mira telesc\u00f3pica de longo alcance e alto desempenho, concebida principalmente para a ca\u00e7a, o tiro desportivo e outras aplica\u00e7\u00f5es em que \u00e9 necess\u00e1ria versatilidade entre dist\u00e2ncias m\u00e9dias e longas. A sua gama de amplia\u00e7\u00e3o de <strong data-start=\"646\" data-end=\"660\">2,5\u00d7 a 15\u00d7<\/strong>acompanhado de uma generosa lente objetiva de <strong data-start=\"708\" data-end=\"717\">56 mm<\/strong> e um ret\u00edculo de fibra iluminado (modelo \"German #4 \/ G4 Fiber\"), fazem dele um dispositivo que visa oferecer uma \u00f3tica de qualidade com um desempenho competitivo, mesmo em condi\u00e7\u00f5es de ilumina\u00e7\u00e3o exigentes.<\/h3>\n<h3 data-start=\"924\" data-end=\"1191\" data-rm-block-id=\"block-2\">Este modelo foi constru\u00eddo de acordo com especifica\u00e7\u00f5es modernas: tubo de 30 mm, focagem lateral de 10 jardas at\u00e9 ao infinito, ajustes finos de \u00bc MOA (cliques), revestimentos \u00f3pticos multi-revestidos e veda\u00e7\u00e3o para resist\u00eancia \u00e0 \u00e1gua, poeiras e choques.<\/h3>\n<h3 data-rm-block-id=\"block-3\"><\/h3>\n<h3 data-rm-block-id=\"block-4\">Funcionalidades avan\u00e7adas:<\/h3>\n<ul>\n<li data-start=\"3860\" data-end=\"4015\">\n<p data-start=\"3862\" data-end=\"4015\" data-rm-block-id=\"block-5\"><span style=\"color: #0000ff;\"><strong data-start=\"3862\" data-end=\"3898\">Ampla gama de amplia\u00e7\u00e3o (2,5-15\u00d7)<\/strong>:<\/span> proporciona versatilidade para cen\u00e1rios de menor alcance com 2,5\u00d7 e pot\u00eancia suficiente para alvos mais distantes.<\/p>\n<\/li>\n<li data-start=\"4016\" data-end=\"4158\">\n<p data-start=\"4018\" data-end=\"4158\" data-rm-block-id=\"block-6\"><span style=\"color: #0000ff;\"><strong data-start=\"4018\" data-end=\"4036\">Objetiva de 56 mm<\/strong>:<\/span> ajuda a captar mais luz, especialmente \u00fatil em condi\u00e7\u00f5es de pouca luz ou ao amanhecer\/ anoitecer.<\/p>\n<\/li>\n<li data-start=\"4159\" data-end=\"4279\">\n<p data-start=\"4161\" data-end=\"4279\" data-rm-block-id=\"block-7\"><span style=\"color: #0000ff;\"><strong data-start=\"4161\" data-end=\"4193\">Ret\u00edculo iluminado por fibra<\/strong>:<\/span> o ponto central da fibra facilita a aquisi\u00e7\u00e3o do alvo mesmo com luz brilhante.<\/p>\n<\/li>\n<li data-start=\"4280\" data-end=\"4448\">\n<p data-start=\"4282\" data-end=\"4448\" data-rm-block-id=\"block-8\"><span style=\"color: #0000ff;\"><strong data-start=\"4282\" data-end=\"4345\">Revestimentos \u00f3pticos avan\u00e7ados + vidro LaREE \/ VePRO FMC<\/strong>:<\/span> melhoram a nitidez e o contraste e minimizam os reflexos, contribuindo para uma imagem clara e brilhante.<\/p>\n<\/li>\n<li data-start=\"4449\" data-end=\"4664\">\n<p data-start=\"4451\" data-end=\"4664\" data-rm-block-id=\"block-9\"><span style=\"color: #0000ff;\"><strong data-start=\"4451\" data-end=\"4475\">Constru\u00e7\u00e3o robusta<\/strong>:<\/span> Corpo em tubo de alum\u00ednio aeron\u00e1utico de 30 mm, resistente \u00e0 \u00e1gua\/poeiras (IP67), anti-embaciamento interno e testado contra choques at\u00e9 1000 G, o que o torna adequado para uma utiliza\u00e7\u00e3o exigente no terreno.<\/p>\n<\/li>\n<li data-start=\"4665\" data-end=\"4883\">\n<p data-start=\"4667\" data-end=\"4883\" data-rm-block-id=\"block-10\"><span style=\"color: #0000ff;\"><strong data-start=\"4667\" data-end=\"4700\">Defini\u00e7\u00f5es precisas e fi\u00e1veis<\/strong>:<\/span> As torretas com cliques definidos de \u00bc MOA, a grande gama de ajuste em eleva\u00e7\u00e3o e desvio e a focagem lateral para corre\u00e7\u00e3o de paralaxe garantem precis\u00e3o e flexibilidade.<\/p>\n<\/li>\n<li data-start=\"4884\" data-end=\"5027\">\n<p data-start=\"4886\" data-end=\"5027\" data-rm-block-id=\"block-11\"><span style=\"color: #0000ff;\"><strong data-start=\"4886\" data-end=\"4917\">Bom al\u00edvio ocular (100 mm)<\/strong>:<\/span> proporciona uma dist\u00e2ncia confort\u00e1vel entre a \u00f3tica e o olho, o que \u00e9 importante para dissipar o forte recuo.<\/p>\n<\/li>\n<\/ul>\n<p>&nbsp;<\/p>\n<table>\n<tbody>\n<tr>\n<td class=\"t1\" data-rm-block-id=\"block-13\">Amplia\u00e7\u00e3o<\/td>\n<td class=\"t2\" data-rm-block-id=\"block-14\">2,5-15 vezes<\/td>\n<\/tr>\n<tr>\n<td class=\"t1\" data-rm-block-id=\"block-15\">Di\u00e2metro da lente objetiva<\/td>\n<td class=\"t2\" data-rm-block-id=\"block-16\">56 mil\u00edmetros<\/td>\n<\/tr>\n<tr>\n<td class=\"t1\" data-rm-block-id=\"block-17\">Plano focal<\/td>\n<td class=\"t2\" data-rm-block-id=\"block-18\">Segundo plano focal<\/td>\n<\/tr>\n<tr>\n<td class=\"t1\" data-rm-block-id=\"block-19\">Al\u00edvio dos olhos<\/td>\n<td class=\"t2\" data-rm-block-id=\"block-20\">100 mm \/ 4,0 polegadas<\/td>\n<\/tr>\n<tr>\n<td class=\"t1\" data-rm-block-id=\"block-21\">Revestimento da lente<\/td>\n<td class=\"t2\" data-rm-block-id=\"block-22\">Totalmente multi-camadas<\/td>\n<\/tr>\n<tr>\n<td class=\"t1\" data-rm-block-id=\"block-23\">Campo de vis\u00e3o linear a 100 jardas<\/td>\n<td class=\"t2\" data-rm-block-id=\"block-24\">49,8-8,3 p\u00e9s a 100 jardas<\/td>\n<\/tr>\n<tr>\n<td class=\"t1\" data-rm-block-id=\"block-25\">Campo de vis\u00e3o linear a 100 m<\/td>\n<td class=\"t2\" data-rm-block-id=\"block-26\">16,6-2,8 m a 100 metros<\/td>\n<\/tr>\n<tr>\n<td class=\"t1\" data-rm-block-id=\"block-27\">Campo de vis\u00e3o angular \u00b0.<\/td>\n<td class=\"t2\" data-rm-block-id=\"block-28\">9.5-1.6 \u00b0<\/td>\n<\/tr>\n<tr>\n<td class=\"t1\" data-rm-block-id=\"block-29\">Ret\u00edculo<\/td>\n<td class=\"t2\" data-rm-block-id=\"block-30\">Alem\u00e3o #4 Ponto central da fibra<\/td>\n<\/tr>\n<\/tbody>\n<\/table>\n<p data-rm-block-id=\"block-33\">\n<p data-rm-block-id=\"block-33\">\n<p data-rm-block-id=\"block-36\">","protected":false},"excerpt":{"rendered":"<h3 data-start=\"380\" data-end=\"922\">O <strong data-start=\"383\" data-end=\"394\">SCOM-47<\/strong>no \u00e2mbito da s\u00e9rie <em data-start=\"415\" data-end=\"428\">Continental<\/em> da Vetor Optics, \u00e9 uma mira telesc\u00f3pica de longo alcance e alto desempenho, concebida principalmente para a ca\u00e7a, o tiro desportivo e outras aplica\u00e7\u00f5es em que \u00e9 necess\u00e1ria versatilidade entre dist\u00e2ncias m\u00e9dias e longas. A sua gama de amplia\u00e7\u00e3o de <strong data-start=\"646\" data-end=\"660\">2,5\u00d7 a 15\u00d7<\/strong>acompanhado de uma generosa lente objetiva de <strong data-start=\"708\" data-end=\"717\">56 mm<\/strong> e um ret\u00edculo de fibra iluminado (modelo \"German #4 \/ G4 Fiber\"), fazem dele um dispositivo que visa oferecer uma \u00f3tica de qualidade com um desempenho competitivo, mesmo em condi\u00e7\u00f5es de ilumina\u00e7\u00e3o exigentes.<\/h3>\n<h3 data-start=\"924\" data-end=\"1191\">Este modelo foi constru\u00eddo de acordo com especifica\u00e7\u00f5es modernas: tubo de 30 mm, focagem lateral de 10 jardas at\u00e9 ao infinito, ajustes finos de \u00bc MOA (cliques), revestimentos \u00f3pticos multi-revestidos e veda\u00e7\u00e3o para resist\u00eancia \u00e0 \u00e1gua, poeiras e choques.<\/h3>","protected":false},"featured_media":26182,"template":"","meta":[],"product_brand":[],"product_cat":[133,126,141],"product_tag":[],"class_list":{"0":"post-26181","1":"product","2":"type-product","3":"status-publish","4":"has-post-thumbnail","6":"product_cat-vector-optic","7":"product_cat-vision-diurna","8":"product_cat-visores-diurnos","10":"first","11":"instock","12":"taxable","13":"shipping-taxable","14":"purchasable","15":"product-type-simple","16":"add-to-wishlist-after_add_to_cart"},"_links":{"self":[{"href":"https:\/\/dinaturez.com\/pt\/wp-json\/wp\/v2\/product\/26181","targetHints":{"allow":["GET"]}}],"collection":[{"href":"https:\/\/dinaturez.com\/pt\/wp-json\/wp\/v2\/product"}],"about":[{"href":"https:\/\/dinaturez.com\/pt\/wp-json\/wp\/v2\/types\/product"}],"wp:featuredmedia":[{"embeddable":true,"href":"https:\/\/dinaturez.com\/pt\/wp-json\/wp\/v2\/media\/26182"}],"wp:attachment":[{"href":"https:\/\/dinaturez.com\/pt\/wp-json\/wp\/v2\/media?parent=26181"}],"wp:term":[{"taxonomy":"product_brand","embeddable":true,"href":"https:\/\/dinaturez.com\/pt\/wp-json\/wp\/v2\/product_brand?post=26181"},{"taxonomy":"product_cat","embeddable":true,"href":"https:\/\/dinaturez.com\/pt\/wp-json\/wp\/v2\/product_cat?post=26181"},{"taxonomy":"product_tag","embeddable":true,"href":"https:\/\/dinaturez.com\/pt\/wp-json\/wp\/v2\/product_tag?post=26181"}],"curies":[{"name":"wp","href":"https:\/\/api.w.org\/{rel}","templated":true}]}}