{"id":26171,"date":"2025-10-22T10:43:44","date_gmt":"2025-10-22T08:43:44","guid":{"rendered":"https:\/\/dinaturez.com\/?post_type=product&#038;p=26171"},"modified":"2025-11-11T08:10:28","modified_gmt":"2025-11-11T07:10:28","slug":"visor-scom-45-vector-optics","status":"publish","type":"product","link":"https:\/\/dinaturez.com\/pt\/product\/visor-scom-45-vector-optics\/","title":{"rendered":"Visor Continental x6 3-18\u00d750 Fibra Ref: SCOL-65 \u00d3PTICAS VECTORIAIS"},"content":{"rendered":"<h3 data-start=\"384\" data-end=\"859\" data-rm-block-id=\"block-1\">O <strong data-start=\"387\" data-end=\"419\">Continental x6 3-18\u00d750 Fibra<\/strong> \u00e9 uma mira para espingarda de pot\u00eancia vari\u00e1vel da s\u00e9rie Continental Hunting da Vetor Optics, concebida para ca\u00e7adores exigentes, atiradores desportivos e utilizadores que necessitam de uma \u00f3tica vers\u00e1til para m\u00e9dias e longas dist\u00e2ncias. Com uma ampla gama de amplia\u00e7\u00e3o de 3\u00d7 a 18\u00d7, lente de 50 mm, ret\u00edculo iluminado por fibra e constru\u00e7\u00e3o robusta, esta \u00f3tica tem como objetivo oferecer um equil\u00edbrio entre desempenho, funcionalidade e pre\u00e7o competitivo.<\/h3>\n<h3 data-start=\"861\" data-end=\"1085\" data-rm-block-id=\"block-2\">Este modelo incorpora um ret\u00edculo \u201cG4 Fiber\u201d (ou \u201cret\u00edculo G4 com ponto central de fibra\u201d) situado na <strong data-start=\"960\" data-end=\"989\">segundo plano focal (SFP)<\/strong>, Isto significa que o ret\u00edculo permanece constante em tamanho em toda a gama de zoom.<\/h3>\n<h3 data-rm-block-id=\"block-4\">Funcionalidades avan\u00e7adas:<\/h3>\n<ul>\n<li data-start=\"3560\" data-end=\"3761\">\n<p data-start=\"3563\" data-end=\"3761\" data-rm-block-id=\"block-5\"><span style=\"color: #0000ff;\"><strong data-start=\"3563\" data-end=\"3599\">Ampla gama de amplia\u00e7\u00e3o (3-18\u00d7)<\/strong><\/span><br data-start=\"3599\" data-end=\"3602\" \/>Permite a cobertura de dist\u00e2ncias m\u00e9dias com boa amplia\u00e7\u00e3o at\u00e9 uma focagem mais pr\u00f3xima (3\u00d7), tornando a mira telesc\u00f3pica para espingardas bastante vers\u00e1til na sua classe.<\/p>\n<\/li>\n<li data-start=\"3763\" data-end=\"3936\">\n<p data-start=\"3766\" data-end=\"3936\" data-rm-block-id=\"block-6\"><span style=\"color: #0000ff;\"><strong data-start=\"3766\" data-end=\"3792\">Objetiva grande de 50 mm<\/strong><\/span><br data-start=\"3792\" data-end=\"3795\" \/>A objetiva de 50 mm melhora a capta\u00e7\u00e3o de luz, o que \u00e9 especialmente importante em condi\u00e7\u00f5es de pouca luz (amanhecer, anoitecer).<\/p>\n<\/li>\n<li data-start=\"3938\" data-end=\"4223\">\n<p data-start=\"3941\" data-end=\"4223\" data-rm-block-id=\"block-7\"><span style=\"color: #0000ff;\"><strong data-start=\"3941\" data-end=\"3988\">Transmiss\u00e3o de luz elevada \/ \u00f3tica de qualidade<\/strong><\/span><br data-start=\"3988\" data-end=\"3991\" \/>Com lentes do tipo Schott HT e revestimentos \u201cVePRO FMC \/ totalmente revestidos\u201d que permitem uma transmiss\u00e3o de luz pr\u00f3xima de 90 %, oferece imagens claras e brilhantes com bom contraste.<\/p>\n<\/li>\n<li data-start=\"3938\" data-end=\"4223\">\n<p data-start=\"3941\" data-end=\"4223\" data-rm-block-id=\"block-8\"><span style=\"color: #0000ff;\"><strong data-start=\"4228\" data-end=\"4269\">Ret\u00edculo iluminado com ponto de fibra<\/strong><\/span><br data-start=\"4269\" data-end=\"4272\" \/>O ponto central do ret\u00edculo \u00e9 iluminado (fibra \u00f3tica), o que melhora a visibilidade do ponto principal em condi\u00e7\u00f5es de luz intensa. Disp\u00f5e de 6 n\u00edveis de luminosidade para se adaptar \u00e0s diferentes condi\u00e7\u00f5es de ilumina\u00e7\u00e3o.<\/p>\n<\/li>\n<li data-start=\"4531\" data-end=\"4762\">\n<p data-start=\"4534\" data-end=\"4762\" data-rm-block-id=\"block-9\"><span style=\"color: #0000ff;\"><strong data-start=\"4534\" data-end=\"4558\">Constru\u00e7\u00e3o robusta<\/strong><\/span><br data-start=\"4558\" data-end=\"4561\" \/>O corpo em alum\u00ednio maquinado (6061-T6) de 30 mm, juntamente com a classifica\u00e7\u00e3o IP67 e a resist\u00eancia ao choque at\u00e9 1000 g, tornam-no adequado para uma utiliza\u00e7\u00e3o exigente no terreno.<\/p>\n<\/li>\n<li data-start=\"4764\" data-end=\"5092\">\n<p data-start=\"4767\" data-end=\"5092\" data-rm-block-id=\"block-10\"><span style=\"color: #0000ff;\"><strong data-start=\"4767\" data-end=\"4811\">Ajustes precisos com torres protegidas<\/strong><\/span><br data-start=\"4811\" data-end=\"4814\" \/>As torretas s\u00e3o fornecidas com uma tampa para evitar movimentos acidentais e oferecem ajustes finos de \u00bc MOA. O ajuste da focagem lateral permite o ajuste fino da imagem para diferentes dist\u00e2ncias a partir de 10 jardas.<\/p>\n<\/li>\n<li data-start=\"4764\" data-end=\"5092\">\n<p data-start=\"4767\" data-end=\"5092\" data-rm-block-id=\"block-11\"><span style=\"color: #0000ff;\"><strong data-start=\"5097\" data-end=\"5120\">Versatilidade de utiliza\u00e7\u00e3o<\/strong><\/span><br data-start=\"5120\" data-end=\"5123\" \/>Ideal para cen\u00e1rios de ca\u00e7a, modos de disparo exigentes ou utiliza\u00e7\u00e3o geral em espingardas de tamanho m\u00e9dio, gra\u00e7as \u00e0 sua capacidade de se ajustar a diferentes dist\u00e2ncias sem necessidade de mudar de \u00f3tica.<\/p>\n<\/li>\n<\/ul>\n<table>\n<tbody>\n<tr>\n<td class=\"t1\" data-rm-block-id=\"block-13\">Amplia\u00e7\u00e3o<\/td>\n<td class=\"t2\" data-rm-block-id=\"block-14\">3-18 vezes<\/td>\n<\/tr>\n<tr>\n<td class=\"t1\" data-rm-block-id=\"block-15\">Di\u00e2metro da lente objetiva<\/td>\n<td class=\"t2\" data-rm-block-id=\"block-16\">50 mil\u00edmetros<\/td>\n<\/tr>\n<tr>\n<td class=\"t1\" data-rm-block-id=\"block-17\">Plano focal<\/td>\n<td class=\"t2\" data-rm-block-id=\"block-18\">Segundo plano focal<\/td>\n<\/tr>\n<tr>\n<td class=\"t1\" data-rm-block-id=\"block-19\">Al\u00edvio dos olhos<\/td>\n<td class=\"t2\" data-rm-block-id=\"block-20\">100 mm \/ 4,0 polegadas<\/td>\n<\/tr>\n<tr>\n<td class=\"t1\" data-rm-block-id=\"block-21\">Revestimento da lente<\/td>\n<td class=\"t2\" data-rm-block-id=\"block-22\">Totalmente multi-camadas<\/td>\n<\/tr>\n<tr>\n<td class=\"t1\" data-rm-block-id=\"block-23\">Campo de vis\u00e3o linear a 100 jardas<\/td>\n<td class=\"t2\" data-rm-block-id=\"block-24\">36,6-6,3 p\u00e9s a 100 jardas<\/td>\n<\/tr>\n<tr>\n<td class=\"t1\" data-rm-block-id=\"block-25\">Campo de vis\u00e3o linear a 100 m<\/td>\n<td class=\"t2\" data-rm-block-id=\"block-26\">12,2-2,1 m a 100 metros<\/td>\n<\/tr>\n<tr>\n<td class=\"t1\" data-rm-block-id=\"block-27\">Campo de vis\u00e3o angular \u00b0.<\/td>\n<td class=\"t2\" data-rm-block-id=\"block-28\">6.99-1.2 \u00b0<\/td>\n<\/tr>\n<tr>\n<td class=\"t1\" data-rm-block-id=\"block-29\">Ret\u00edculo<\/td>\n<td class=\"t2\" data-rm-block-id=\"block-30\">Fibra G4<\/td>\n<\/tr>\n<\/tbody>\n<\/table>\n<p data-rm-block-id=\"block-31\">","protected":false},"excerpt":{"rendered":"<h3 data-start=\"384\" data-end=\"859\">O <strong data-start=\"387\" data-end=\"419\">Continental x6 3-18\u00d750 Fibra<\/strong> \u00e9 uma mira para espingarda de pot\u00eancia vari\u00e1vel da s\u00e9rie Continental Hunting da Vetor Optics, concebida para ca\u00e7adores exigentes, atiradores desportivos e utilizadores que necessitam de uma \u00f3tica vers\u00e1til para m\u00e9dias e longas dist\u00e2ncias. Com uma ampla gama de amplia\u00e7\u00e3o de 3\u00d7 a 18\u00d7, lente de 50 mm, ret\u00edculo iluminado por fibra e constru\u00e7\u00e3o robusta, esta \u00f3tica tem como objetivo oferecer um equil\u00edbrio entre desempenho, funcionalidade e pre\u00e7o competitivo.<\/h3>\n<h3 data-start=\"861\" data-end=\"1085\">Este modelo incorpora um ret\u00edculo \u201cG4 Fiber\u201d (ou \u201cret\u00edculo G4 com ponto central de fibra\u201d) situado na <strong data-start=\"960\" data-end=\"989\">segundo plano focal (SFP)<\/strong>, Isto significa que o ret\u00edculo permanece constante em tamanho em toda a gama de zoom.<\/h3>","protected":false},"featured_media":26172,"template":"","meta":[],"product_brand":[],"product_cat":[126,133,141],"product_tag":[],"class_list":{"0":"post-26171","1":"product","2":"type-product","3":"status-publish","4":"has-post-thumbnail","6":"product_cat-vision-diurna","7":"product_cat-vector-optic","8":"product_cat-visores-diurnos","10":"first","11":"instock","12":"taxable","13":"shipping-taxable","14":"purchasable","15":"product-type-simple","16":"add-to-wishlist-after_add_to_cart"},"_links":{"self":[{"href":"https:\/\/dinaturez.com\/pt\/wp-json\/wp\/v2\/product\/26171","targetHints":{"allow":["GET"]}}],"collection":[{"href":"https:\/\/dinaturez.com\/pt\/wp-json\/wp\/v2\/product"}],"about":[{"href":"https:\/\/dinaturez.com\/pt\/wp-json\/wp\/v2\/types\/product"}],"wp:featuredmedia":[{"embeddable":true,"href":"https:\/\/dinaturez.com\/pt\/wp-json\/wp\/v2\/media\/26172"}],"wp:attachment":[{"href":"https:\/\/dinaturez.com\/pt\/wp-json\/wp\/v2\/media?parent=26171"}],"wp:term":[{"taxonomy":"product_brand","embeddable":true,"href":"https:\/\/dinaturez.com\/pt\/wp-json\/wp\/v2\/product_brand?post=26171"},{"taxonomy":"product_cat","embeddable":true,"href":"https:\/\/dinaturez.com\/pt\/wp-json\/wp\/v2\/product_cat?post=26171"},{"taxonomy":"product_tag","embeddable":true,"href":"https:\/\/dinaturez.com\/pt\/wp-json\/wp\/v2\/product_tag?post=26171"}],"curies":[{"name":"wp","href":"https:\/\/api.w.org\/{rel}","templated":true}]}}