{"id":26162,"date":"2025-10-22T10:18:04","date_gmt":"2025-10-22T08:18:04","guid":{"rendered":"https:\/\/dinaturez.com\/?post_type=product&#038;p=26162"},"modified":"2025-10-22T10:18:05","modified_gmt":"2025-10-22T08:18:05","slug":"visor-continental-x10-1-10x24i-ed-fiber","status":"publish","type":"product","link":"https:\/\/dinaturez.com\/pt\/product\/visor-continental-x10-1-10x24i-ed-fiber\/","title":{"rendered":"Mira Continental x10 1-10x24i ED Fibra Ref: SCOC-47 VECTOR OPTICS"},"content":{"rendered":"<h3 data-rm-block-id=\"block-1\">A mira Continental x10 1-10\u00d724 i ED Fiber da Vetor Optics \u00e9 uma mira LPVO (Low Power Variable Optic) de alto desempenho que combina uma ampla gama de amplia\u00e7\u00f5es (1\u00d7 a 10\u00d7) com uma \u00f3tica de qualidade, e foi concebida para oferecer versatilidade em m\u00faltiplos cen\u00e1rios: para tiro din\u00e2mico, armas t\u00e1cticas, ca\u00e7a de penas e ca\u00e7a de m\u00e9dia dist\u00e2ncia. Este modelo permite disparar tanto em modo \u201colho aberto\u201d (1\u00d7) como em modo ampliado at\u00e9 10\u00d7, o que o torna uma ferramenta muito flex\u00edvel. Para al\u00e9m disso, esta mira destaca-se pela sua adaptabilidade e qualidade superior. Esta mira \u00e9 uma escolha incr\u00edvel para os atiradores mais exigentes.<\/h3>\n<p data-rm-block-id=\"block-2\">\n<h3 data-rm-block-id=\"block-3\">Funcionalidades avan\u00e7adas:<\/h3>\n<ul>\n<li data-start=\"2182\" data-end=\"2451\">\n<p data-start=\"2184\" data-end=\"2451\" data-rm-block-id=\"block-4\"><span style=\"color: #0000ff;\"><strong data-start=\"2184\" data-end=\"2212\">Versatilidade de amplia\u00e7\u00e3o<\/strong>:<\/span> Ter 1\u00d7 permite fotografar muito rapidamente com os dois olhos abertos, o que \u00e9 muito \u00fatil em cen\u00e1rios din\u00e2micos. Por outro lado, o aumento para 10\u00d7 permite um alcance m\u00e9dio-longo, o que alarga as utiliza\u00e7\u00f5es do visor.<\/p>\n<p data-rm-block-id=\"block-5\">O Continental x10 1-10\u00d724 i ED Fiber \u00e9 excelente para qualquer atirador que procure qualidade e versatilidade.<\/p>\n<p data-rm-block-id=\"block-6\">Oferece uma experi\u00eancia de disparo melhorada.<\/p>\n<\/li>\n<li data-start=\"2452\" data-end=\"2663\">\n<p data-start=\"2454\" data-end=\"2663\" data-rm-block-id=\"block-7\"><span style=\"color: #0000ff;\"><strong data-start=\"2454\" data-end=\"2475\">\u00d3tica de qualidade<\/strong>:<\/span> A combina\u00e7\u00e3o de vidro ED, revestimentos topo de gama e \u00f3tica de vidro Schott proporciona uma clareza, contraste e nitidez muito bons, mesmo em condi\u00e7\u00f5es de ilumina\u00e7\u00e3o exigentes.<\/p>\n<\/li>\n<li data-start=\"2664\" data-end=\"2835\">\n<p data-start=\"2666\" data-end=\"2835\" data-rm-block-id=\"block-8\"><span style=\"color: #0000ff;\"><strong data-start=\"2666\" data-end=\"2705\">Ret\u00edculo iluminado por fibra \u00f3tica<\/strong>:<\/span> O ponto central iluminado melhora consideravelmente a aquisi\u00e7\u00e3o r\u00e1pida de alvos, mesmo \u00e0 luz do dia ou em condi\u00e7\u00f5es vari\u00e1veis.<\/p>\n<p data-rm-block-id=\"block-9\">Al\u00e9m disso, o seu ret\u00edculo iluminado torna-o ideal para condi\u00e7\u00f5es de pouca luz.<\/p>\n<\/li>\n<li data-start=\"2836\" data-end=\"3022\">\n<p data-start=\"2838\" data-end=\"3022\" data-rm-block-id=\"block-10\"><span style=\"color: #0000ff;\"><strong data-start=\"2838\" data-end=\"2861\">Constru\u00e7\u00e3o s\u00f3lida<\/strong>:<\/span> O tubo de 30 mm, o corpo em alum\u00ednio aeroespacial 6061-T6, a veda\u00e7\u00e3o IP67, o enchimento com azoto e a elevada resist\u00eancia ao impacto tornam-no adequado para uma utiliza\u00e7\u00e3o exigente.<\/p>\n<p data-rm-block-id=\"block-11\">\u00c9 ideal para quem procura precis\u00e3o em cada disparo.<\/p>\n<\/li>\n<li data-start=\"3023\" data-end=\"3247\">\n<p data-start=\"3025\" data-end=\"3247\" data-rm-block-id=\"block-12\"><span style=\"color: #0000ff;\"><strong data-start=\"3025\" data-end=\"3071\">Boa combina\u00e7\u00e3o para utiliza\u00e7\u00e3o t\u00e1tica\/h\u00edbrida<\/strong>:<\/span> Para quem procura uma \u00fanica mira para espingarda que cubra tudo, desde disparos r\u00e1pidos e de curto alcance a disparos com amplia\u00e7\u00e3o, esta op\u00e7\u00e3o torna-o plaus\u00edvel sem a necessidade de mudar de \u00f3tica.<\/p>\n<p data-rm-block-id=\"block-13\">Isto torna-a uma ferramenta essencial para qualquer atirador.<\/p>\n<\/li>\n<\/ul>\n<p data-rm-block-id=\"block-14\">\n<table>\n<tbody>\n<tr>\n<td class=\"t1\" data-rm-block-id=\"block-15\">Amplia\u00e7\u00e3o<\/td>\n<td class=\"t2\" data-rm-block-id=\"block-16\">1-10 vezes<\/td>\n<\/tr>\n<tr>\n<td class=\"t1\" data-rm-block-id=\"block-17\">Di\u00e2metro da lente objetiva<\/td>\n<td class=\"t2\" data-rm-block-id=\"block-18\">24 mil\u00edmetros<\/td>\n<\/tr>\n<tr>\n<td class=\"t1\" data-rm-block-id=\"block-19\">Plano focal<\/td>\n<td class=\"t2\" data-rm-block-id=\"block-20\">Segundo plano focal<\/td>\n<\/tr>\n<tr>\n<td class=\"t1\" data-rm-block-id=\"block-21\">Al\u00edvio dos olhos<\/td>\n<td class=\"t2\" data-rm-block-id=\"block-22\">95 mm \/ 3,74 polegadas<\/td>\n<\/tr>\n<tr>\n<td class=\"t1\" data-rm-block-id=\"block-23\">Revestimento da lente<\/td>\n<td class=\"t2\" data-rm-block-id=\"block-24\">Totalmente multi-camadas<\/td>\n<\/tr>\n<tr>\n<td class=\"t1\" data-rm-block-id=\"block-25\">Campo de vis\u00e3o linear a 100 jardas<\/td>\n<td class=\"t2\" data-rm-block-id=\"block-26\">117,82-11,78 p\u00e9s a 100 jardas<\/td>\n<\/tr>\n<tr>\n<td class=\"t1\" data-rm-block-id=\"block-27\">Campo de vis\u00e3o linear a 100 m<\/td>\n<td class=\"t2\" data-rm-block-id=\"block-28\">39,27-3,93 m a 100 metros<\/td>\n<\/tr>\n<tr>\n<td class=\"t1\" data-rm-block-id=\"block-29\">Campo de vis\u00e3o angular \u00b0.<\/td>\n<td class=\"t2\" data-rm-block-id=\"block-30\">22.5-2.25 \u00b0<\/td>\n<\/tr>\n<\/tbody>\n<\/table>\n<p data-rm-block-id=\"block-31\">\n<p data-rm-block-id=\"block-32\"><img decoding=\"async\" class=\"alignnone size-medium wp-image-26163\" src=\"https:\/\/dinaturez.com\/wp-content\/uploads\/2025\/10\/imagen-scoc-fire-300x120.png\" alt=\"\" width=\"300\" height=\"120\" srcset=\"https:\/\/dinaturez.com\/wp-content\/uploads\/2025\/10\/imagen-scoc-fire-300x120.png 300w, https:\/\/dinaturez.com\/wp-content\/uploads\/2025\/10\/imagen-scoc-fire-1024x410.png 1024w, https:\/\/dinaturez.com\/wp-content\/uploads\/2025\/10\/imagen-scoc-fire-768x307.png 768w, https:\/\/dinaturez.com\/wp-content\/uploads\/2025\/10\/imagen-scoc-fire-340x136.png 340w, https:\/\/dinaturez.com\/wp-content\/uploads\/2025\/10\/imagen-scoc-fire-1536x614.png 1536w, https:\/\/dinaturez.com\/wp-content\/uploads\/2025\/10\/imagen-scoc-fire-18x7.png 18w, https:\/\/dinaturez.com\/wp-content\/uploads\/2025\/10\/imagen-scoc-fire-1000x400.png 1000w, https:\/\/dinaturez.com\/wp-content\/uploads\/2025\/10\/imagen-scoc-fire-1300x520.png 1300w, https:\/\/dinaturez.com\/wp-content\/uploads\/2025\/10\/imagen-scoc-fire.png 1920w\" sizes=\"(max-width: 300px) 100vw, 300px\" \/><\/p>","protected":false},"excerpt":{"rendered":"<h3>A mira Continental x10 1-10\u00d724 i ED Fiber da Vetor Optics \u00e9 uma mira LPVO (Low Power Variable Optic) de alto desempenho que combina uma ampla gama de amplia\u00e7\u00f5es (1\u00d7 a 10\u00d7) com uma \u00f3tica de qualidade, e foi concebida para oferecer versatilidade em m\u00faltiplos cen\u00e1rios: para tiro din\u00e2mico, armas t\u00e1cticas, ca\u00e7a de penas e ca\u00e7a de m\u00e9dia dist\u00e2ncia. Este modelo permite disparar tanto em modo \u201colho aberto\u201d (1\u00d7) como em modo ampliado at\u00e9 10\u00d7, o que o torna uma ferramenta muito flex\u00edvel.<\/h3>","protected":false},"featured_media":26164,"template":"","meta":[],"product_brand":[],"product_cat":[126,133,141],"product_tag":[],"class_list":{"0":"post-26162","1":"product","2":"type-product","3":"status-publish","4":"has-post-thumbnail","6":"product_cat-vision-diurna","7":"product_cat-vector-optic","8":"product_cat-visores-diurnos","10":"first","11":"instock","12":"taxable","13":"shipping-taxable","14":"purchasable","15":"product-type-simple","16":"add-to-wishlist-after_add_to_cart"},"_links":{"self":[{"href":"https:\/\/dinaturez.com\/pt\/wp-json\/wp\/v2\/product\/26162","targetHints":{"allow":["GET"]}}],"collection":[{"href":"https:\/\/dinaturez.com\/pt\/wp-json\/wp\/v2\/product"}],"about":[{"href":"https:\/\/dinaturez.com\/pt\/wp-json\/wp\/v2\/types\/product"}],"wp:featuredmedia":[{"embeddable":true,"href":"https:\/\/dinaturez.com\/pt\/wp-json\/wp\/v2\/media\/26164"}],"wp:attachment":[{"href":"https:\/\/dinaturez.com\/pt\/wp-json\/wp\/v2\/media?parent=26162"}],"wp:term":[{"taxonomy":"product_brand","embeddable":true,"href":"https:\/\/dinaturez.com\/pt\/wp-json\/wp\/v2\/product_brand?post=26162"},{"taxonomy":"product_cat","embeddable":true,"href":"https:\/\/dinaturez.com\/pt\/wp-json\/wp\/v2\/product_cat?post=26162"},{"taxonomy":"product_tag","embeddable":true,"href":"https:\/\/dinaturez.com\/pt\/wp-json\/wp\/v2\/product_tag?post=26162"}],"curies":[{"name":"wp","href":"https:\/\/api.w.org\/{rel}","templated":true}]}}