{"id":26152,"date":"2025-10-22T10:01:03","date_gmt":"2025-10-22T08:01:03","guid":{"rendered":"https:\/\/dinaturez.com\/?post_type=product&#038;p=26152"},"modified":"2025-11-11T08:12:21","modified_gmt":"2025-11-11T07:12:21","slug":"visor-scoc-51-vector-optics","status":"publish","type":"product","link":"https:\/\/dinaturez.com\/pt\/product\/visor-scoc-51-vector-optics\/","title":{"rendered":"Continental Visor x8 1-8\u00d724 ED Fibra Ref: SCOC-51 VECTOR OPTICS"},"content":{"rendered":"<h3 data-start=\"112\" data-end=\"563\" data-rm-block-id=\"block-1\">A Continental x8 1-8\u00d724 ED Fiber da Vetor Optics \u00e9 uma mira para espingardas de longo alcance (LPVO - Low Power Variable Optic) concebida para versatilidade em ambientes din\u00e2micos, seja na ca\u00e7a, no tiro t\u00e1tico ou no uso geral em armas de m\u00e9dia-alta pot\u00eancia. Combina uma gama de amplia\u00e7\u00e3o baixa (1x) com uma amplia\u00e7\u00e3o moderada (at\u00e9 8\u00d7), permitindo tanto uma vis\u00e3o aberta como uma amplia\u00e7\u00e3o suficiente para cobrir dist\u00e2ncias interm\u00e9dias.<\/h3>\n<h3 data-start=\"565\" data-end=\"823\" data-rm-block-id=\"block-2\">Distingue-se por v\u00e1rias carater\u00edsticas t\u00e9cnicas de alto n\u00edvel para a sua categoria: \u00f3tica de vidro ED (dispers\u00e3o extra baixa), tubos de 30 mm de di\u00e2metro, ret\u00edculo iluminado com ponto de fibra altamente vis\u00edvel e constru\u00e7\u00e3o capaz de resistir a condi\u00e7\u00f5es adversas.<\/h3>\n<h3 data-rm-block-id=\"block-4\">Funcionalidades avan\u00e7adas:<\/h3>\n<ul>\n<li data-start=\"2607\" data-end=\"2821\">\n<p data-start=\"2609\" data-end=\"2821\" data-rm-block-id=\"block-5\"><span style=\"color: #0000ff;\"><strong data-start=\"2609\" data-end=\"2636\">Versatilidade de amplia\u00e7\u00e3o<\/strong>: <\/span>o intervalo de 1-8\u00d7 permite que o visor seja utilizado no modo \u201cvista de ponto vermelho\u201d (amplia\u00e7\u00e3o de 1\u00d7) para disparos r\u00e1pidos, bem como uma amplia\u00e7\u00e3o at\u00e9 8\u00d7 para maior precis\u00e3o em dist\u00e2ncias interm\u00e9dias.<\/p>\n<\/li>\n<li data-start=\"2822\" data-end=\"3018\">\n<p data-start=\"2824\" data-end=\"3018\" data-rm-block-id=\"block-6\"><span style=\"color: #0000ff;\"><strong data-start=\"2824\" data-end=\"2845\">\u00d3tica de qualidade<\/strong>:<\/span> a utiliza\u00e7\u00e3o de vidro ED e de revestimentos topo de gama resulta numa boa nitidez, em baixas aberra\u00e7\u00f5es crom\u00e1ticas e numa boa transmiss\u00e3o de luz, mesmo em condi\u00e7\u00f5es de compromisso.<\/p>\n<\/li>\n<li data-start=\"3019\" data-end=\"3170\">\n<p data-start=\"3021\" data-end=\"3170\" data-rm-block-id=\"block-7\"><span style=\"color: #0000ff;\"><strong data-start=\"3021\" data-end=\"3062\">Ret\u00edculo iluminado com ponto de fibra<\/strong>:<\/span> o ponto de fibra assegura uma aquisi\u00e7\u00e3o r\u00e1pida do alvo, mesmo sob luz solar intensa.<\/p>\n<\/li>\n<li data-start=\"3171\" data-end=\"3358\">\n<p data-start=\"3173\" data-end=\"3358\" data-rm-block-id=\"block-8\"><span style=\"color: #0000ff;\"><strong data-start=\"3173\" data-end=\"3197\">Constru\u00e7\u00e3o robusta<\/strong>:<\/span> A constru\u00e7\u00e3o em alum\u00ednio de qualidade aeroespacial, o tubo de 30 mm, a veda\u00e7\u00e3o estanque (IP67) e o design resistente ao impacto tornam-no adequado para uma utiliza\u00e7\u00e3o exigente.<\/p>\n<\/li>\n<li data-start=\"3359\" data-end=\"3536\">\n<p data-start=\"3361\" data-end=\"3536\" data-rm-block-id=\"block-9\"><span style=\"color: #0000ff;\"><strong data-start=\"3361\" data-end=\"3402\">Design para dois olhos abertos<\/strong>:<\/span> com amplia\u00e7\u00e3o de 1\u00d7, permite disparar com os dois olhos abertos, o que melhora a perce\u00e7\u00e3o situacional em cen\u00e1rios din\u00e2micos.<\/p>\n<\/li>\n<li data-start=\"3537\" data-end=\"3664\">\n<p data-start=\"3539\" data-end=\"3664\" data-rm-block-id=\"block-10\"><span style=\"color: #0000ff;\"><strong data-start=\"3539\" data-end=\"3577\">Boa rela\u00e7\u00e3o peso\/funcionalidade<\/strong>:<\/span> Embora n\u00e3o seja ultra-leve, est\u00e1 bem posicionada para uma mira de espingarda deste tipo.<\/p>\n<\/li>\n<\/ul>\n<table>\n<tbody>\n<tr>\n<td class=\"t1\" data-rm-block-id=\"block-12\">Amplia\u00e7\u00e3o<\/td>\n<td class=\"t2\" data-rm-block-id=\"block-13\">1-8 vezes<\/td>\n<\/tr>\n<tr>\n<td class=\"t1\" data-rm-block-id=\"block-14\">Di\u00e2metro da lente objetiva<\/td>\n<td class=\"t2\" data-rm-block-id=\"block-15\">24 mil\u00edmetros<\/td>\n<\/tr>\n<tr>\n<td class=\"t1\" data-rm-block-id=\"block-16\">Plano focal<\/td>\n<td class=\"t2\" data-rm-block-id=\"block-17\">Segundo plano focal<\/td>\n<\/tr>\n<tr>\n<td class=\"t1\" data-rm-block-id=\"block-18\">Al\u00edvio dos olhos<\/td>\n<td class=\"t2\" data-rm-block-id=\"block-19\">100 mm \/ 3,93 polegadas<\/td>\n<\/tr>\n<tr>\n<td class=\"t1\" data-rm-block-id=\"block-20\">Revestimento da lente<\/td>\n<td class=\"t2\" data-rm-block-id=\"block-21\">Totalmente multi-camadas<\/td>\n<\/tr>\n<tr>\n<td class=\"t1\" data-rm-block-id=\"block-22\">Campo de vis\u00e3o linear a 100 jardas<\/td>\n<td class=\"t2\" data-rm-block-id=\"block-23\">123,05-15,34 p\u00e9s a 100 jardas<\/td>\n<\/tr>\n<tr>\n<td class=\"t1\" data-rm-block-id=\"block-24\">Campo de vis\u00e3o linear a 100 m<\/td>\n<td class=\"t2\" data-rm-block-id=\"block-25\">41,02-5,11 m @ 100 metros<\/td>\n<\/tr>\n<tr>\n<td class=\"t1\" data-rm-block-id=\"block-26\">Campo de vis\u00e3o angular \u00b0.<\/td>\n<td class=\"t2\" data-rm-block-id=\"block-27\">23.5-2.93 \u00b0<\/td>\n<\/tr>\n<tr>\n<td class=\"t1\" data-rm-block-id=\"block-28\">Ret\u00edculo<\/td>\n<td class=\"t2\" data-rm-block-id=\"block-29\">Alem\u00e3o #4, Fibre Centre Point<\/td>\n<\/tr>\n<\/tbody>\n<\/table>\n<p data-rm-block-id=\"block-31\">","protected":false},"excerpt":{"rendered":"<h3 data-start=\"112\" data-end=\"563\">A Continental x8 1-8\u00d724 ED Fiber da Vetor Optics \u00e9 uma mira para espingardas de longo alcance (LPVO - Low Power Variable Optic) concebida para versatilidade em ambientes din\u00e2micos, seja na ca\u00e7a, no tiro t\u00e1tico ou no uso geral em armas de m\u00e9dia-alta pot\u00eancia. Combina uma gama de amplia\u00e7\u00e3o baixa (1x) com uma amplia\u00e7\u00e3o moderada (at\u00e9 8\u00d7), permitindo tanto uma vis\u00e3o aberta como uma amplia\u00e7\u00e3o suficiente para cobrir dist\u00e2ncias interm\u00e9dias.<\/h3>","protected":false},"featured_media":26153,"template":"","meta":[],"product_brand":[],"product_cat":[126,133,141],"product_tag":[],"class_list":{"0":"post-26152","1":"product","2":"type-product","3":"status-publish","4":"has-post-thumbnail","6":"product_cat-vision-diurna","7":"product_cat-vector-optic","8":"product_cat-visores-diurnos","10":"first","11":"instock","12":"taxable","13":"shipping-taxable","14":"purchasable","15":"product-type-simple","16":"add-to-wishlist-after_add_to_cart"},"_links":{"self":[{"href":"https:\/\/dinaturez.com\/pt\/wp-json\/wp\/v2\/product\/26152","targetHints":{"allow":["GET"]}}],"collection":[{"href":"https:\/\/dinaturez.com\/pt\/wp-json\/wp\/v2\/product"}],"about":[{"href":"https:\/\/dinaturez.com\/pt\/wp-json\/wp\/v2\/types\/product"}],"wp:featuredmedia":[{"embeddable":true,"href":"https:\/\/dinaturez.com\/pt\/wp-json\/wp\/v2\/media\/26153"}],"wp:attachment":[{"href":"https:\/\/dinaturez.com\/pt\/wp-json\/wp\/v2\/media?parent=26152"}],"wp:term":[{"taxonomy":"product_brand","embeddable":true,"href":"https:\/\/dinaturez.com\/pt\/wp-json\/wp\/v2\/product_brand?post=26152"},{"taxonomy":"product_cat","embeddable":true,"href":"https:\/\/dinaturez.com\/pt\/wp-json\/wp\/v2\/product_cat?post=26152"},{"taxonomy":"product_tag","embeddable":true,"href":"https:\/\/dinaturez.com\/pt\/wp-json\/wp\/v2\/product_tag?post=26152"}],"curies":[{"name":"wp","href":"https:\/\/api.w.org\/{rel}","templated":true}]}}