{"id":26128,"date":"2025-10-17T12:03:10","date_gmt":"2025-10-17T10:03:10","guid":{"rendered":"https:\/\/dinaturez.com\/?post_type=product&#038;p=26128"},"modified":"2025-10-17T12:03:11","modified_gmt":"2025-10-17T10:03:11","slug":"nocpix-nite-d70r-visor-nocturno-5-40x","status":"publish","type":"product","link":"https:\/\/dinaturez.com\/pt\/product\/nocpix-nite-d70r-visor-nocturno-5-40x\/","title":{"rendered":"Nocpix Nite D70R - Mira Nocturna 5-40x"},"content":{"rendered":"<h2 data-start=\"191\" data-end=\"243\" data-rm-block-id=\"block-1\">Nocpix NITE D70R -Nocpix NITE D70R -5-40\u00d7 Vis\u00e3o nocturna 5-40\u00d7<\/h2>\n<h3 data-start=\"263\" data-end=\"834\" data-rm-block-id=\"block-2\"><span data-start=\"266\" data-end=\"286\">O <\/span><strong data-start=\"266\" data-end=\"286\">NITE D70R<\/strong> \u00e9 uma mira digital avan\u00e7ada, concebida para combinar um desempenho \u00f3tico de alta qualidade com capacidades nocturnas e carater\u00edsticas tecnol\u00f3gicas de \u00faltima gera\u00e7\u00e3o. Concebida para ca\u00e7adores, atiradores desportivos ou profissionais que exigem precis\u00e3o, vis\u00e3o clara e fiabilidade em qualquer altura do dia. Com uma ampla gama de zoom cont\u00ednuo, sensores de alta resolu\u00e7\u00e3o, tel\u00e9metro laser integrado, resist\u00eancia ambiental e m\u00faltiplas ferramentas de apoio bal\u00edstico e multim\u00e9dia, representa o que h\u00e1 de mais inovador na sua classe.<\/h3>\n<p data-rm-block-id=\"block-3\">\n<h3 data-rm-block-id=\"block-3\">Funcionalidades avan\u00e7adas:<\/h3>\n<ul data-start=\"911\" data-end=\"3355\">\n<li data-start=\"911\" data-end=\"1146\">\n<p data-start=\"913\" data-end=\"1146\" data-rm-block-id=\"block-4\"><span style=\"color: #0000ff;\"><strong data-start=\"913\" data-end=\"940\">Sensor digital 4K Ultra<\/strong><\/span><br data-start=\"940\" data-end=\"943\" \/>Resolu\u00e7\u00e3o de <strong data-start=\"959\" data-end=\"982\">3536 \u00d7 3536 p\u00edxeis<\/strong>com um tamanho de pixel de <strong data-start=\"1007\" data-end=\"1015\">2 \u00b5m<\/strong>. Isto permite-lhe captar uma grande quantidade de detalhes, mesmo com uma amplia\u00e7\u00e3o elevada e com pouca luz.<\/p>\n<\/li>\n<li data-start=\"1148\" data-end=\"1340\">\n<p data-start=\"1150\" data-end=\"1340\" data-rm-block-id=\"block-5\"><span style=\"color: #0000ff;\"><strong data-start=\"1150\" data-end=\"1183\">Taxa de quadros de 60 Hz<\/strong><\/span><br data-start=\"1183\" data-end=\"1186\" \/>Imagens suaves, resposta r\u00e1pida ao movimento, reduzindo a desfocagem ao seguir alvos em movimento.<\/p>\n<\/li>\n<li data-start=\"1342\" data-end=\"1547\">\n<p data-start=\"1344\" data-end=\"1547\" data-rm-block-id=\"block-6\"><span style=\"color: #0000ff;\"><strong data-start=\"1344\" data-end=\"1371\">\u00d3tica de grande abertura<\/strong><\/span><br data-start=\"1371\" data-end=\"1374\" \/>Objetivo de <strong data-start=\"1388\" data-end=\"1397\">70 mm<\/strong> com abertura F\/2.0, que maximiza a capta\u00e7\u00e3o de luz, melhorando a visibilidade no crep\u00fasculo ou na escurid\u00e3o total.<\/p>\n<\/li>\n<li data-start=\"1549\" data-end=\"1772\">\n<p data-start=\"1551\" data-end=\"1772\" data-rm-block-id=\"block-7\"><span style=\"color: #0000ff;\"><strong data-start=\"1551\" data-end=\"1580\">Zoom cont\u00ednuo de 5\u00d7 a 40\u00d7<\/strong><\/span><br data-start=\"1580\" data-end=\"1583\" \/>Permite-lhe ajustar a amplia\u00e7\u00e3o suavemente, sem saltos bruscos, ideal tanto para a leitura como para o disparo preciso a longa dist\u00e2ncia.<\/p>\n<\/li>\n<li data-start=\"1774\" data-end=\"1987\">\n<p data-start=\"1776\" data-end=\"1987\" data-rm-block-id=\"block-8\"><span style=\"color: #0000ff;\"><strong data-start=\"1776\" data-end=\"1805\">Tel\u00e9metro laser integrado<\/strong><\/span><br data-start=\"1805\" data-end=\"1808\" \/>Capacidade de medi\u00e7\u00e3o de dist\u00e2ncias at\u00e9 <strong data-start=\"1851\" data-end=\"1867\">1.200 metros<\/strong>A nova mira incorporada para uma pontaria precisa sem depender de dispositivos externos.<\/p>\n<\/li>\n<li data-start=\"1989\" data-end=\"2222\">\n<p data-start=\"1991\" data-end=\"2222\" data-rm-block-id=\"block-9\"><span style=\"color: #0000ff;\"><strong data-start=\"1991\" data-end=\"2029\">Ecr\u00e3 AMOLED de alta resolu\u00e7\u00e3o<\/strong><\/span><br data-start=\"2029\" data-end=\"2032\" \/>Apresenta\u00e7\u00e3o de <strong data-start=\"2045\" data-end=\"2062\">0,72 polegadas<\/strong>com resolu\u00e7\u00e3o <strong data-start=\"2079\" data-end=\"2095\">1920\u00d71200 px<\/strong>A nova lente oferece um bom contraste, nitidez e conforto visual, mesmo durante sess\u00f5es prolongadas.<\/p>\n<\/li>\n<li data-start=\"2224\" data-end=\"2403\">\n<p data-start=\"2226\" data-end=\"2403\" data-rm-block-id=\"block-10\"><span style=\"color: #0000ff;\"><strong data-start=\"2226\" data-end=\"2245\">Baterias duplas<\/strong><\/span><br data-start=\"2245\" data-end=\"2248\" \/>Inclui bateria interna + possibilidade de utilizar um tipo de bateria externa <strong data-start=\"2317\" data-end=\"2326\">18650<\/strong>Isto permite uma autonomia alargada.<\/p>\n<\/li>\n<li data-start=\"2405\" data-end=\"2753\">\n<p data-start=\"2407\" data-end=\"2445\" data-rm-block-id=\"block-11\"><span style=\"color: #0000ff;\"><strong data-start=\"2407\" data-end=\"2443\">Fun\u00e7\u00f5es t\u00e1cticas e de utilidade<\/strong><\/span><\/p>\n<ul data-start=\"2448\" data-end=\"2753\">\n<li data-start=\"2448\" data-end=\"2518\">\n<p data-start=\"2450\" data-end=\"2518\" data-rm-block-id=\"block-12\">C\u00e1lculo bal\u00edstico integrado.<\/p>\n<\/li>\n<li data-start=\"2521\" data-end=\"2596\">\n<p data-start=\"2523\" data-end=\"2596\" data-rm-block-id=\"block-13\">Grava\u00e7\u00e3o de v\u00eddeo, fotografia e \u00e1udio.<\/p>\n<\/li>\n<li data-start=\"2599\" data-end=\"2665\">\n<p data-start=\"2601\" data-end=\"2665\" data-rm-block-id=\"block-14\">Ret\u00edculos configur\u00e1veis.<\/p>\n<\/li>\n<li data-start=\"2668\" data-end=\"2753\">\n<p data-start=\"2670\" data-end=\"2753\" data-rm-block-id=\"block-15\">Grava\u00e7\u00e3o activada por retrocesso (\"RAV\").<\/p>\n<\/li>\n<\/ul>\n<\/li>\n<li data-start=\"2755\" data-end=\"2967\">\n<p data-start=\"2757\" data-end=\"2967\" data-rm-block-id=\"block-16\"><span style=\"color: #0000ff;\"><strong data-start=\"2757\" data-end=\"2801\">Prote\u00e7\u00e3o contra condi\u00e7\u00f5es adversas<\/strong><\/span><br data-start=\"2801\" data-end=\"2804\" \/>Constru\u00e7\u00e3o robusta com grau de prote\u00e7\u00e3o <strong data-start=\"2851\" data-end=\"2859\">IP67<\/strong> (resistente \u00e0 \u00e1gua e ao p\u00f3). Adequado para utiliza\u00e7\u00e3o em ambientes agressivos.<\/p>\n<\/li>\n<li data-start=\"2969\" data-end=\"3355\">\n<p data-start=\"2971\" data-end=\"3013\" data-rm-block-id=\"block-17\"><span style=\"color: #0000ff;\"><strong data-start=\"2971\" data-end=\"3011\">Dimens\u00f5es, tubagens e conce\u00e7\u00e3o f\u00edsica<\/strong><\/span><\/p>\n<ul data-start=\"3016\" data-end=\"3355\">\n<li data-start=\"3016\" data-end=\"3089\">\n<p data-start=\"3018\" data-end=\"3089\" data-rm-block-id=\"block-18\">Di\u00e2metro do tubo: <strong data-start=\"3037\" data-end=\"3046\">30 mm<\/strong>.<\/p>\n<\/li>\n<li data-start=\"3092\" data-end=\"3180\">\n<p data-start=\"3094\" data-end=\"3180\" data-rm-block-id=\"block-19\">Pupila de sa\u00edda: aproximadamente <strong data-start=\"3128\" data-end=\"3137\">10 mm<\/strong>.<\/p>\n<\/li>\n<li data-start=\"3183\" data-end=\"3279\">\n<p data-start=\"3185\" data-end=\"3279\" data-rm-block-id=\"block-20\">Dist\u00e2ncia de al\u00edvio dos olhos: ~ 48-50 mm.<\/p>\n<\/li>\n<li data-start=\"3282\" data-end=\"3355\">\n<p data-start=\"3284\" data-end=\"3355\" data-rm-block-id=\"block-21\">Peso aproximado: <strong data-start=\"3301\" data-end=\"3312\">1.055 g<\/strong>.<\/p>\n<\/li>\n<\/ul>\n<\/li>\n<\/ul>\n<p>&nbsp;<\/p>\n<div style=\"width: 1920px;\" class=\"wp-video\"><video class=\"wp-video-shortcode\" id=\"video-26128-1\" width=\"1920\" height=\"1080\" preload=\"metadata\" controls=\"controls\"><source type=\"video\/mp4\" src=\"https:\/\/dinaturez.com\/wp-content\/uploads\/2025\/10\/40x\u53d8\u500d_\u4fee\u65392.mp4?_=1\" \/><a href=\"https:\/\/dinaturez.com\/wp-content\/uploads\/2025\/10\/40x\u53d8\u500d_\u4fee\u65392.mp4\">https:\/\/dinaturez.com\/wp-content\/uploads\/2025\/10\/40x\u53d8\u500d_\u4fee\u65392.mp4<\/a><\/video><\/div>","protected":false},"excerpt":{"rendered":"<h3 data-start=\"263\" data-end=\"834\"><span data-start=\"266\" data-end=\"286\">O <\/span><strong data-start=\"266\" data-end=\"286\">NITE D70R<\/strong> \u00e9 uma mira digital avan\u00e7ada, concebida para combinar um desempenho \u00f3tico de alta qualidade com capacidades nocturnas e carater\u00edsticas tecnol\u00f3gicas de \u00faltima gera\u00e7\u00e3o. Concebida para ca\u00e7adores, atiradores desportivos ou profissionais que exigem precis\u00e3o, vis\u00e3o clara e fiabilidade em qualquer altura do dia. Com uma ampla gama de zoom cont\u00ednuo, sensores de alta resolu\u00e7\u00e3o, tel\u00e9metro laser integrado, resist\u00eancia ambiental e m\u00faltiplas ferramentas de apoio bal\u00edstico e multim\u00e9dia, representa o que h\u00e1 de mais inovador na sua classe.<\/h3>","protected":false},"featured_media":26129,"template":"","meta":[],"product_brand":[],"product_cat":[191,145,154],"product_tag":[],"class_list":{"0":"post-26128","1":"product","2":"type-product","3":"status-publish","4":"has-post-thumbnail","6":"product_cat-nocpix","7":"product_cat-vision-nocturna","8":"product_cat-visores-nocturnos","10":"first","11":"instock","12":"taxable","13":"shipping-taxable","14":"purchasable","15":"product-type-simple","16":"add-to-wishlist-after_add_to_cart"},"_links":{"self":[{"href":"https:\/\/dinaturez.com\/pt\/wp-json\/wp\/v2\/product\/26128","targetHints":{"allow":["GET"]}}],"collection":[{"href":"https:\/\/dinaturez.com\/pt\/wp-json\/wp\/v2\/product"}],"about":[{"href":"https:\/\/dinaturez.com\/pt\/wp-json\/wp\/v2\/types\/product"}],"wp:featuredmedia":[{"embeddable":true,"href":"https:\/\/dinaturez.com\/pt\/wp-json\/wp\/v2\/media\/26129"}],"wp:attachment":[{"href":"https:\/\/dinaturez.com\/pt\/wp-json\/wp\/v2\/media?parent=26128"}],"wp:term":[{"taxonomy":"product_brand","embeddable":true,"href":"https:\/\/dinaturez.com\/pt\/wp-json\/wp\/v2\/product_brand?post=26128"},{"taxonomy":"product_cat","embeddable":true,"href":"https:\/\/dinaturez.com\/pt\/wp-json\/wp\/v2\/product_cat?post=26128"},{"taxonomy":"product_tag","embeddable":true,"href":"https:\/\/dinaturez.com\/pt\/wp-json\/wp\/v2\/product_tag?post=26128"}],"curies":[{"name":"wp","href":"https:\/\/api.w.org\/{rel}","templated":true}]}}