{"id":26105,"date":"2025-10-17T11:09:25","date_gmt":"2025-10-17T09:09:25","guid":{"rendered":"https:\/\/dinaturez.com\/?post_type=product&#038;p=26105"},"modified":"2025-12-11T08:58:42","modified_gmt":"2025-12-11T07:58:42","slug":"visor-taurus-scff-64-vector-optics","status":"publish","type":"product","link":"https:\/\/dinaturez.com\/pt\/product\/visor-taurus-scff-64-vector-optics\/","title":{"rendered":"Mira Taurus 3-18\u00d750 Ref: SCFF-64 VECTOR OPTICS"},"content":{"rendered":"<h3 data-start=\"189\" data-end=\"241\">Visor Vetor Optics Taurus 3-18\u00d750 (Ref: SCFF-64)<\/h3>\n<h3 data-start=\"243\" data-end=\"659\"><strong data-start=\"243\" data-end=\"296\">Precis\u00e3o, fiabilidade e tecnologia de ponta.<\/strong> \u00c9 uma mira de espingarda t\u00e1tica topo de gama concebida para atiradores exigentes que procuram um desempenho superior a m\u00e9dias e longas dist\u00e2ncias. Com a sua incr\u00edvel rela\u00e7\u00e3o qualidade\/pre\u00e7o e especifica\u00e7\u00f5es de n\u00edvel profissional, esta mira de espingarda \u00e9 ideal para ca\u00e7adores, atiradores desportivos, airsoft e entusiastas de tiro t\u00e1tico.<\/h3>\n<h3 data-start=\"3693\" data-end=\"4042\">A Vetor Optics ganhou uma reputa\u00e7\u00e3o entre os fabricantes de \u00f3pticas t\u00e1cticas por oferecer miras telesc\u00f3picas com um desempenho de topo a um pre\u00e7o competitivo. As miras Vetor Optics <em data-start=\"3863\" data-end=\"3871\">Touro<\/em> A nova gama apresenta tecnologia de n\u00edvel profissional, durabilidade extrema e \u00f3tica de precis\u00e3o, tornando-a uma escolha popular para atiradores de todo o mundo.<\/h3>\n<p>&nbsp;<\/p>\n<ul data-start=\"695\" data-end=\"2371\">\n<li data-start=\"695\" data-end=\"942\"><span style=\"color: #0000ff;\"><strong data-start=\"697\" data-end=\"723\">Amplia\u00e7\u00e3o vari\u00e1vel 3-18x<\/strong><\/span><br data-start=\"723\" data-end=\"726\" \/>Oferece uma versatilidade excecional. Desde o disparo a curta e m\u00e9dia dist\u00e2ncia at\u00e9 \u00e0s objectivas de longo alcance, o sistema de zoom suave e preciso permite-lhe adaptar-se a diferentes cen\u00e1rios sem perder a qualidade \u00f3tica.<\/li>\n<li data-start=\"944\" data-end=\"1157\">\n<p data-start=\"946\" data-end=\"1157\"><span style=\"color: #0000ff;\"><strong data-start=\"946\" data-end=\"973\">Lente objetiva de 50 mm<\/strong><\/span><br data-start=\"973\" data-end=\"976\" \/>Proporciona uma excelente entrada de luz, resultando em imagens brilhantes, n\u00edtidas e de elevado contraste, mesmo em condi\u00e7\u00f5es de pouca luz ou ao amanhecer\/noite.<\/p>\n<\/li>\n<li data-start=\"1159\" data-end=\"1391\">\n<p data-start=\"1161\" data-end=\"1391\"><span style=\"color: #0000ff;\"><strong data-start=\"1161\" data-end=\"1199\">Torres t\u00e1cticas de encaixe r\u00e1pido<\/strong><\/span><br data-start=\"1199\" data-end=\"1202\" \/>As torretas de eleva\u00e7\u00e3o e de deriva s\u00e3o de tipo t\u00e1tico, com cliques precisos de 1\/10 MIL e bloqueio por press\u00e3o. Permitem uma regula\u00e7\u00e3o r\u00e1pida e segura sem risco de movimentos acidentais.<\/p>\n<\/li>\n<li data-start=\"1393\" data-end=\"1728\">\n<p data-start=\"1395\" data-end=\"1728\"><span style=\"color: #0000ff;\"><strong data-start=\"1395\" data-end=\"1456\">Ret\u00edculo iluminado VCT-20 MIL em plano focal pr\u00f3ximo (FFP)<\/strong><\/span><br data-start=\"1456\" data-end=\"1459\" \/>O ret\u00edculo FFP adapta-se automaticamente ao n\u00edvel de zoom, permitindo estimativas de dist\u00e2ncia consistentes e correc\u00e7\u00f5es bal\u00edsticas independentemente da amplia\u00e7\u00e3o. Al\u00e9m disso, a ilumina\u00e7\u00e3o controlada por etapas assegura uma visibilidade \u00f3ptima em todas as condi\u00e7\u00f5es de luminosidade.<\/p>\n<\/li>\n<li data-start=\"1730\" data-end=\"2004\">\n<p data-start=\"1732\" data-end=\"2004\"><span style=\"color: #0000ff;\"><strong data-start=\"1732\" data-end=\"1782\">Constru\u00e7\u00e3o robusta e resistente ao recuo<\/strong><\/span><br data-start=\"1782\" data-end=\"1785\" \/>Fabricada a partir de uma \u00fanica pe\u00e7a de alum\u00ednio aeron\u00e1utico 6061-T6 com um acabamento anodizado preto mate, a mira \u00e9 totalmente resistente ao impacto, ao recuo pesado (at\u00e9 ao calibre .338 Lapua Magnum), \u00e0 \u00e1gua e ao embaciamento.<\/p>\n<\/li>\n<li data-start=\"2006\" data-end=\"2194\">\n<p data-start=\"2008\" data-end=\"2194\"><span style=\"color: #0000ff;\"><strong data-start=\"2008\" data-end=\"2061\">Paralaxe ajust\u00e1vel de 10 metros at\u00e9 ao infinito<\/strong><\/span><br data-start=\"2061\" data-end=\"2064\" \/>Ideal para tiro de precis\u00e3o a v\u00e1rias dist\u00e2ncias, incluindo disciplinas como PRS (Precision Rifle Series) ou Benchrest.<\/p>\n<\/li>\n<li data-start=\"2196\" data-end=\"2371\">\n<p data-start=\"2198\" data-end=\"2371\"><span style=\"color: #0000ff;\"><strong data-start=\"2198\" data-end=\"2254\">Lentes totalmente multi-revestidas<\/strong><\/span><br data-start=\"2254\" data-end=\"2257\" \/>Garantem uma transmiss\u00e3o de luz superior, minimizando os reflexos internos e maximizando a nitidez da imagem.<\/p>\n<\/li>\n<\/ul>\n<p>&nbsp;<\/p>\n<table>\n<tbody>\n<tr>\n<td class=\"t1\">Amplia\u00e7\u00e3o<\/td>\n<td class=\"t2\">3-18 vezes<\/td>\n<\/tr>\n<tr>\n<td class=\"t1\">Di\u00e2metro da lente objetiva<\/td>\n<td class=\"t2\">50 mil\u00edmetros<\/td>\n<\/tr>\n<tr>\n<td class=\"t1\">Plano focal<\/td>\n<td class=\"t2\">Plano focal para grande plano<\/td>\n<\/tr>\n<tr>\n<td class=\"t1\">Al\u00edvio dos olhos<\/td>\n<td class=\"t2\">95 mm \/ 3,74 polegadas<\/td>\n<\/tr>\n<tr>\n<td class=\"t1\">Revestimento da lente<\/td>\n<td class=\"t2\">Totalmente multi-camadas<\/td>\n<\/tr>\n<tr>\n<td class=\"t1\">Campo de vis\u00e3o linear a 100 jardas<\/td>\n<td class=\"t2\">27,6-5,7 p\u00e9s a 100 jardas<\/td>\n<\/tr>\n<tr>\n<td class=\"t1\">Campo de vis\u00e3o linear a 100 m<\/td>\n<td class=\"t2\">9,19-1,90 m a 100 metros<\/td>\n<\/tr>\n<tr>\n<td class=\"t1\">Campo de vis\u00e3o angular<\/td>\n<td class=\"t2\">5.27-1.09 \u00b0<\/td>\n<\/tr>\n<tr>\n<td class=\"t1\">Ret\u00edculo<\/td>\n<td class=\"t2\">MPX1<\/td>\n<\/tr>\n<\/tbody>\n<\/table>\n<p data-start=\"243\" data-end=\"659\">","protected":false},"excerpt":{"rendered":"<h3 data-start=\"243\" data-end=\"659\"><strong data-start=\"243\" data-end=\"296\">Precis\u00e3o, fiabilidade e tecnologia de ponta.<\/strong> \u00c9 uma mira de espingarda t\u00e1tica topo de gama concebida para atiradores exigentes que procuram um desempenho superior a m\u00e9dias e longas dist\u00e2ncias. Com a sua incr\u00edvel rela\u00e7\u00e3o qualidade\/pre\u00e7o e especifica\u00e7\u00f5es de n\u00edvel profissional, esta mira de espingarda \u00e9 ideal para ca\u00e7adores, atiradores desportivos, airsoft e entusiastas de tiro t\u00e1tico.<\/h3>\n<p data-start=\"243\" data-end=\"659\">","protected":false},"featured_media":26106,"template":"","meta":[],"product_brand":[],"product_cat":[133,126,141],"product_tag":[],"class_list":{"0":"post-26105","1":"product","2":"type-product","3":"status-publish","4":"has-post-thumbnail","6":"product_cat-vector-optic","7":"product_cat-vision-diurna","8":"product_cat-visores-diurnos","10":"first","11":"instock","12":"taxable","13":"shipping-taxable","14":"purchasable","15":"product-type-simple","16":"add-to-wishlist-after_add_to_cart"},"_links":{"self":[{"href":"https:\/\/dinaturez.com\/pt\/wp-json\/wp\/v2\/product\/26105","targetHints":{"allow":["GET"]}}],"collection":[{"href":"https:\/\/dinaturez.com\/pt\/wp-json\/wp\/v2\/product"}],"about":[{"href":"https:\/\/dinaturez.com\/pt\/wp-json\/wp\/v2\/types\/product"}],"wp:featuredmedia":[{"embeddable":true,"href":"https:\/\/dinaturez.com\/pt\/wp-json\/wp\/v2\/media\/26106"}],"wp:attachment":[{"href":"https:\/\/dinaturez.com\/pt\/wp-json\/wp\/v2\/media?parent=26105"}],"wp:term":[{"taxonomy":"product_brand","embeddable":true,"href":"https:\/\/dinaturez.com\/pt\/wp-json\/wp\/v2\/product_brand?post=26105"},{"taxonomy":"product_cat","embeddable":true,"href":"https:\/\/dinaturez.com\/pt\/wp-json\/wp\/v2\/product_cat?post=26105"},{"taxonomy":"product_tag","embeddable":true,"href":"https:\/\/dinaturez.com\/pt\/wp-json\/wp\/v2\/product_tag?post=26105"}],"curies":[{"name":"wp","href":"https:\/\/api.w.org\/{rel}","templated":true}]}}