{"id":26061,"date":"2025-10-10T12:03:15","date_gmt":"2025-10-10T10:03:15","guid":{"rendered":"https:\/\/dinaturez.com\/?post_type=product&#038;p=26061"},"modified":"2025-10-20T14:18:45","modified_gmt":"2025-10-20T12:18:45","slug":"visor-continenta-scff-30-vector-optics","status":"publish","type":"product","link":"https:\/\/dinaturez.com\/pt\/product\/visor-continenta-scff-30-vector-optics\/","title":{"rendered":"Visor Continental x6 5-30\u00d756 VCT-34FFP Ref: SCFF-30 \u00d3PTICAS VECTORIAIS"},"content":{"rendered":"<h3 data-start=\"1027\" data-end=\"1577\">O <strong data-start=\"1030\" data-end=\"1053\">SCFF Continental 30<\/strong> \u00e9 um espetador no seio da fam\u00edlia <em data-start=\"1087\" data-end=\"1100\">Continental<\/em> da Vetor Optics para tiro de precis\u00e3o e utiliza\u00e7\u00e3o t\u00e1tica\/operacional. O sufixo <strong data-start=\"1185\" data-end=\"1191\">30<\/strong> sugere um tubo de \u00d830 mm (monotubo), que \u00e9 padr\u00e3o para as miras telesc\u00f3picas que procuram uma maior gama de ajuste nas torretas e robustez mec\u00e2nica. Destina-se a utilizadores que exigem fiabilidade, bom desempenho \u00f3tico e op\u00e7\u00f5es pr\u00e1ticas, como ret\u00edculo gravado, ret\u00edculo iluminado, torretas t\u00e1cticas (possivelmente com paragem zero) e revestimentos para melhorar a transmiss\u00e3o da luz.<\/h3>\n<h3 data-start=\"1579\" data-end=\"1744\">Este tipo de mira para espingardas est\u00e1 posicionado entre as configura\u00e7\u00f5es de competi\u00e7\u00e3o\/t\u00e1cticas e as solu\u00e7\u00f5es de longo alcance com um equil\u00edbrio entre desempenho e pre\u00e7o competitivo.<\/h3>\n<p>&nbsp;<\/p>\n<ul>\n<li data-start=\"239\" data-end=\"418\">\n<p data-start=\"242\" data-end=\"418\"><span style=\"color: #0000ff;\"><strong data-start=\"242\" data-end=\"259\">Tubo de 30 mm<\/strong><\/span><br data-start=\"259\" data-end=\"262\" \/>Proporciona rigidez estrutural, maior amplitude de regula\u00e7\u00e3o nas torres de eleva\u00e7\u00e3o e de deriva e permite uma constru\u00e7\u00e3o mais robusta contra o recuo.<\/p>\n<\/li>\n<li data-start=\"420\" data-end=\"605\">\n<p data-start=\"423\" data-end=\"605\"><span style=\"color: #0000ff;\"><strong data-start=\"423\" data-end=\"464\">Ret\u00edculo gravado (gravado) e iluminado<\/strong><\/span><br data-start=\"464\" data-end=\"467\" \/>Um ret\u00edculo robusto com ilumina\u00e7\u00e3o vari\u00e1vel, \u00fatil para uma pontaria r\u00e1pida e visibilidade em condi\u00e7\u00f5es de luz fraca ou vari\u00e1vel.<\/p>\n<\/li>\n<li data-start=\"607\" data-end=\"790\">\n<p data-start=\"610\" data-end=\"790\"><span style=\"color: #0000ff;\"><strong data-start=\"610\" data-end=\"638\">Ajustes finos e precisos<\/strong><\/span><br data-start=\"638\" data-end=\"641\" \/>Os incrementos de clique (poss\u00edveis 0,1 mrad \/ 0,1 mil ou equivalente) permitem correc\u00e7\u00f5es exactas em disparos de precis\u00e3o e para longas dist\u00e2ncias.<\/p>\n<\/li>\n<li data-start=\"792\" data-end=\"977\">\n<p data-start=\"795\" data-end=\"977\"><span style=\"color: #0000ff;\"><strong data-start=\"795\" data-end=\"832\">Zero-Stop na torre de eleva\u00e7\u00e3o<\/strong><\/span><br data-start=\"832\" data-end=\"835\" \/>Capacidade de estabelecer um ponto zero f\u00edsico ao qual se pode regressar facilmente, ideal para competi\u00e7\u00e3o ou pr\u00e1tica com diferentes gamas.<\/p>\n<\/li>\n<li data-start=\"979\" data-end=\"1172\">\n<p data-start=\"982\" data-end=\"1172\"><span style=\"color: #0000ff;\"><strong data-start=\"982\" data-end=\"1026\">Corre\u00e7\u00e3o do paralaxe \/ focagem lateral<\/strong><\/span><br data-start=\"1026\" data-end=\"1029\" \/>Permite o ajuste da paralaxe para dist\u00e2ncias curtas e longas, o que ajuda a reduzir os erros de pontaria devidos \u00e0 desloca\u00e7\u00e3o da pupila ocular.<\/p>\n<\/li>\n<li data-start=\"1174\" data-end=\"1425\">\n<p data-start=\"1177\" data-end=\"1425\"><span style=\"color: #0000ff;\"><strong data-start=\"1177\" data-end=\"1227\">Vidro de qualidade com v\u00e1rios revestimentos<\/strong><\/span><br data-start=\"1227\" data-end=\"1230\" \/>Utiliza\u00e7\u00e3o prov\u00e1vel de objectivas com revestimentos FMC\/VePRO\/semelhantes e, possivelmente, vidro ED, para melhorar a transmiss\u00e3o da luz, reduzir as aberra\u00e7\u00f5es crom\u00e1ticas e aumentar a nitidez e o contraste.<\/p>\n<\/li>\n<li data-start=\"1427\" data-end=\"1639\">\n<p data-start=\"1430\" data-end=\"1639\"><span style=\"color: #0000ff;\"><strong data-start=\"1430\" data-end=\"1488\">Prote\u00e7\u00e3o ambiental - veda\u00e7\u00e3o e enchimento com g\u00e1s inerte<\/strong><\/span><br data-start=\"1488\" data-end=\"1491\" \/>Preven\u00e7\u00e3o da entrada de \u00e1gua e poeiras; enchimento com azoto ou outro g\u00e1s inerte para evitar o embaciamento interno em condi\u00e7\u00f5es de humidade ou frio.<\/p>\n<\/li>\n<li data-start=\"1641\" data-end=\"1805\">\n<p data-start=\"1644\" data-end=\"1805\"><span style=\"color: #0000ff;\"><strong data-start=\"1644\" data-end=\"1666\">Al\u00edvio ocular solto<\/strong><\/span><br data-start=\"1666\" data-end=\"1669\" \/>A dist\u00e2ncia entre os olhos e a ocular \u00e9 suficientemente confort\u00e1vel para evitar choques de recuo, permitindo seguran\u00e7a e conforto de utiliza\u00e7\u00e3o.<\/p>\n<\/li>\n<li data-start=\"1807\" data-end=\"2004\">\n<p data-start=\"1810\" data-end=\"2004\"><span style=\"color: #0000ff;\"><strong data-start=\"1810\" data-end=\"1848\">Constru\u00e7\u00e3o robusta e durabilidade<\/strong><\/span><br data-start=\"1848\" data-end=\"1851\" \/>Alum\u00ednio robusto, concebido para resistir a condi\u00e7\u00f5es exigentes, vibra\u00e7\u00f5es, utiliza\u00e7\u00e3o intensiva e eventuais choques, sempre com fixa\u00e7\u00f5es adequadas.<\/p>\n<\/li>\n<li data-start=\"2006\" data-end=\"2196\">\n<p data-start=\"2010\" data-end=\"2196\"><span style=\"color: #0000ff;\"><strong data-start=\"2010\" data-end=\"2041\">Acess\u00f3rios \u00fateis inclu\u00eddos<\/strong><\/span><br data-start=\"2041\" data-end=\"2044\" \/>Normalmente, inclui tampas de objectivas, para-sol, an\u00e9is de montagem, ferramentas e pano de limpeza, o que facilita a instala\u00e7\u00e3o e a utiliza\u00e7\u00e3o imediata.<\/p>\n<\/li>\n<\/ul>\n<p>&nbsp;<\/p>\n<table>\n<tbody>\n<tr>\n<td class=\"t1\">Amplia\u00e7\u00e3o<\/td>\n<td class=\"t2\">5-30x<\/td>\n<\/tr>\n<tr>\n<td class=\"t1\">Dia da lente objetiva<\/td>\n<td class=\"t2\">56 mm<\/td>\n<\/tr>\n<tr>\n<td class=\"t1\">Plano Focal<\/td>\n<td class=\"t2\">Primeiro Plano Focal<\/td>\n<\/tr>\n<tr>\n<td class=\"t1\">Al\u00edvio ocular<\/td>\n<td class=\"t2\">100 mm \/ 4.0 in<\/td>\n<\/tr>\n<tr>\n<td class=\"t1\">Revestimento da lente<\/td>\n<td class=\"t2\">Totalmente multi-revestido<\/td>\n<\/tr>\n<tr>\n<td class=\"t1\">Campo de vis\u00e3o linear a 100 jardas<\/td>\n<td class=\"t2\">24,5-4,1 p\u00e9s a 100 jardas<\/td>\n<\/tr>\n<tr>\n<td class=\"t1\">Campo de vis\u00e3o linear a 100 m<\/td>\n<td class=\"t2\">8,1-1,36 m a 100 metros<\/td>\n<\/tr>\n<tr>\n<td class=\"t1\">Campo de vis\u00e3o angular \u00b0 Campo de vis\u00e3o angular \u00b0 Campo de vis\u00e3o angular \u00b0 Campo de vis\u00e3o angular \u00b0 Campo de vis\u00e3o angular \u00b0 Campo de vis\u00e3o angular<\/td>\n<td class=\"t2\">4.7-0.8\u00b0<\/td>\n<\/tr>\n<tr>\n<td class=\"t1\">Ret\u00edculo<\/td>\n<td class=\"t2\">VCT-34 FFP<\/td>\n<\/tr>\n<\/tbody>\n<\/table>\n<p>&nbsp;<\/p>\n<p><iframe title=\"\u00d3tica de Vetor | Teste de Precis\u00e3o: Mira Continental 5-30x56 com Pellets JSB Knockout (SCFF-30)\" width=\"500\" height=\"281\" src=\"https:\/\/www.youtube.com\/embed\/b2t0nwaeX-4?feature=oembed\" frameborder=\"0\" allow=\"accelerometer; autoplay; clipboard-write; encrypted-media; gyroscope; picture-in-picture; web-share\" referrerpolicy=\"strict-origin-when-cross-origin\" allowfullscreen><\/iframe><\/p>","protected":false},"excerpt":{"rendered":"<h3 data-start=\"1027\" data-end=\"1577\">O <strong data-start=\"1030\" data-end=\"1053\">SCFF Continental 30<\/strong> \u00e9 um espetador no seio da fam\u00edlia <em data-start=\"1087\" data-end=\"1100\">Continental<\/em> da Vetor Optics para tiro de precis\u00e3o e utiliza\u00e7\u00e3o t\u00e1tica\/operacional. O sufixo <strong data-start=\"1185\" data-end=\"1191\">30<\/strong> sugere um tubo de \u00d830 mm (monotubo), que \u00e9 padr\u00e3o para as miras telesc\u00f3picas que procuram uma maior gama de ajuste nas torretas e robustez mec\u00e2nica. Destina-se a utilizadores que exigem fiabilidade, bom desempenho \u00f3tico e op\u00e7\u00f5es pr\u00e1ticas, como ret\u00edculo gravado, ret\u00edculo iluminado, torretas t\u00e1cticas (possivelmente com paragem zero) e revestimentos para melhorar a transmiss\u00e3o da luz.<\/h3>","protected":false},"featured_media":26062,"template":"","meta":[],"product_brand":[],"product_cat":[126,133,141],"product_tag":[],"class_list":{"0":"post-26061","1":"product","2":"type-product","3":"status-publish","4":"has-post-thumbnail","6":"product_cat-vision-diurna","7":"product_cat-vector-optic","8":"product_cat-visores-diurnos","10":"first","11":"instock","12":"sale","13":"taxable","14":"shipping-taxable","15":"purchasable","16":"product-type-simple","17":"add-to-wishlist-after_add_to_cart"},"_links":{"self":[{"href":"https:\/\/dinaturez.com\/pt\/wp-json\/wp\/v2\/product\/26061","targetHints":{"allow":["GET"]}}],"collection":[{"href":"https:\/\/dinaturez.com\/pt\/wp-json\/wp\/v2\/product"}],"about":[{"href":"https:\/\/dinaturez.com\/pt\/wp-json\/wp\/v2\/types\/product"}],"wp:featuredmedia":[{"embeddable":true,"href":"https:\/\/dinaturez.com\/pt\/wp-json\/wp\/v2\/media\/26062"}],"wp:attachment":[{"href":"https:\/\/dinaturez.com\/pt\/wp-json\/wp\/v2\/media?parent=26061"}],"wp:term":[{"taxonomy":"product_brand","embeddable":true,"href":"https:\/\/dinaturez.com\/pt\/wp-json\/wp\/v2\/product_brand?post=26061"},{"taxonomy":"product_cat","embeddable":true,"href":"https:\/\/dinaturez.com\/pt\/wp-json\/wp\/v2\/product_cat?post=26061"},{"taxonomy":"product_tag","embeddable":true,"href":"https:\/\/dinaturez.com\/pt\/wp-json\/wp\/v2\/product_tag?post=26061"}],"curies":[{"name":"wp","href":"https:\/\/api.w.org\/{rel}","templated":true}]}}