{"id":26042,"date":"2025-10-10T11:17:57","date_gmt":"2025-10-10T09:17:57","guid":{"rendered":"https:\/\/dinaturez.com\/?post_type=product&#038;p=26042"},"modified":"2025-10-10T11:30:35","modified_gmt":"2025-10-10T09:30:35","slug":"visor-sentinel-x-pro-scol-58-vector-optics","status":"publish","type":"product","link":"https:\/\/dinaturez.com\/pt\/product\/visor-sentinel-x-pro-scol-58-vector-optics\/","title":{"rendered":"Sentinel-X Pro 10- Visor 40\u00d750 Ref: SCOL-58 VECTOR OPTICS"},"content":{"rendered":"<h3 data-start=\"306\" data-end=\"900\" data-rm-block-id=\"block-1\">O <strong data-start=\"309\" data-end=\"336\">Sentinel-X Pro 10-40\u00d750<\/strong> \u00e9 uma mira para espingardas de grande amplia\u00e7\u00e3o destinada ao tiro de precis\u00e3o (benchrest, BR25 e tiro ao alvo) e a aplica\u00e7\u00f5es em que \u00e9 necess\u00e1ria uma grande amplia\u00e7\u00e3o e ajustes finos. Combina um tubo robusto de 30 mm, uma amplia\u00e7\u00e3o de 10-40\u00d7 e uma lente objetiva de 50 mm para proporcionar uma imagem detalhada e ajustes precisos. Oferece frequentemente um ret\u00edculo de ponto central iluminado concebido para corresponder a pequenos alvos a dist\u00e2ncias de competi\u00e7\u00e3o. \u00c9 uma op\u00e7\u00e3o competitiva na sua gama de pre\u00e7os para os atiradores que necessitam de uma amplia\u00e7\u00e3o elevada sem entrarem em gamas premium dispendiosas.<\/h3>\n<ul>\n<li data-start=\"2622\" data-end=\"2744\">\n<p data-start=\"2624\" data-end=\"2744\" data-rm-block-id=\"block-3\"><span style=\"color: #0000ff;\"><strong data-start=\"2624\" data-end=\"2658\">Amplia\u00e7\u00e3o elevada (at\u00e9 40\u00d7)<\/strong><\/span> para observa\u00e7\u00e3o pormenorizada do alvo e ajuste do tiro a curta\/m\u00e9dia dist\u00e2ncia.<\/p>\n<\/li>\n<li data-start=\"2745\" data-end=\"2841\">\n<p data-start=\"2747\" data-end=\"2841\" data-rm-block-id=\"block-4\"><span style=\"color: #0000ff;\"><strong data-start=\"2747\" data-end=\"2773\">Cliques finos de 1\/8 MOA<\/strong> <\/span>que facilitam ajustes muito precisos em espingardas de precis\u00e3o para tiro de precis\u00e3o.<\/p>\n<\/li>\n<li data-start=\"2842\" data-end=\"2966\">\n<p data-start=\"2844\" data-end=\"2966\" data-rm-block-id=\"block-5\"><span style=\"color: #0000ff;\"><strong data-start=\"2844\" data-end=\"2866\">Ret\u00edculo iluminado<\/strong><\/span> que melhora a aquisi\u00e7\u00e3o do ponto central contra alvos escuros ou em condi\u00e7\u00f5es de luz vari\u00e1veis.<\/p>\n<\/li>\n<li data-start=\"2967\" data-end=\"3087\">\n<p data-start=\"2969\" data-end=\"3087\" data-rm-block-id=\"block-6\"><span style=\"color: #0000ff;\"><strong data-start=\"2969\" data-end=\"2989\">Paralaxe lateral<\/strong><\/span> muito \u00fatil para um ajuste r\u00e1pido em fun\u00e7\u00e3o da dist\u00e2ncia ao alvo sem deslocar a posi\u00e7\u00e3o da espingarda.<\/p>\n<\/li>\n<li data-start=\"3088\" data-end=\"3170\">\n<p data-start=\"3090\" data-end=\"3170\" data-rm-block-id=\"block-7\"><span style=\"color: #0000ff;\"><strong data-start=\"3090\" data-end=\"3107\">Tubo de 30 mm<\/strong><\/span> que permite uma maior amplitude de regula\u00e7\u00e3o e uma melhor rigidez estrutural.<\/p>\n<\/li>\n<li data-start=\"3171\" data-end=\"3293\">\n<p data-start=\"3173\" data-end=\"3293\" data-rm-block-id=\"block-8\"><span style=\"color: #0000ff;\"><strong data-start=\"3173\" data-end=\"3200\">Rela\u00e7\u00e3o qualidade\/pre\u00e7o<\/strong><\/span> atrativo para os atiradores que pretendem uma funcionalidade de competi\u00e7\u00e3o sem um custo extremamente elevado.<\/p>\n<\/li>\n<\/ul>\n<table>\n<tbody>\n<tr>\n<td class=\"t1\" data-rm-block-id=\"block-10\">Amplia\u00e7\u00e3o<\/td>\n<td class=\"t2\" data-rm-block-id=\"block-11\">10-40x<\/td>\n<\/tr>\n<tr>\n<td class=\"t1\" data-rm-block-id=\"block-12\">Dia da lente objetiva<\/td>\n<td class=\"t2\" data-rm-block-id=\"block-13\">50 mm<\/td>\n<\/tr>\n<tr>\n<td class=\"t1\" data-rm-block-id=\"block-14\">Plano Focal<\/td>\n<td class=\"t2\" data-rm-block-id=\"block-15\">Segundo Plano Focal<\/td>\n<\/tr>\n<tr>\n<td class=\"t1\" data-rm-block-id=\"block-16\">Al\u00edvio ocular<\/td>\n<td class=\"t2\" data-rm-block-id=\"block-17\">90 mm<\/td>\n<\/tr>\n<tr>\n<td class=\"t1\" data-rm-block-id=\"block-18\">Revestimento da lente<\/td>\n<td class=\"t2\" data-rm-block-id=\"block-19\">Totalmente multi-revestido<\/td>\n<\/tr>\n<tr>\n<td class=\"t1\" data-rm-block-id=\"block-20\">Campo de vis\u00e3o linear a 100 jardas<\/td>\n<td class=\"t2\" data-rm-block-id=\"block-21\">10.21-2.61 p\u00e9s a 100 jardas<\/td>\n<\/tr>\n<tr>\n<td class=\"t1\" data-rm-block-id=\"block-22\">Campo de vis\u00e3o linear a 100 m<\/td>\n<td class=\"t2\" data-rm-block-id=\"block-23\">3,4-0,87 m a 100 metros<\/td>\n<\/tr>\n<tr>\n<td class=\"t1\" data-rm-block-id=\"block-24\">Campo de vis\u00e3o angular<\/td>\n<td class=\"t2\" data-rm-block-id=\"block-25\">1.95-0.5 \u00b0<\/td>\n<\/tr>\n<tr>\n<td class=\"t1\" data-rm-block-id=\"block-26\">Ret\u00edculo<\/td>\n<td class=\"t2\" data-rm-block-id=\"block-27\">COM-25M<\/td>\n<\/tr>\n<\/tbody>\n<\/table>\n<p data-rm-block-id=\"block-29\"><iframe title=\"\u00d3tica de Vetor | O Sentinel-X Pro 10-40x50 (SCOL-58) \u00e9 uma boa escolha para o tiro em banco?\" width=\"500\" height=\"281\" src=\"https:\/\/www.youtube.com\/embed\/DwSaP6-Z6IU?feature=oembed\" frameborder=\"0\" allow=\"accelerometer; autoplay; clipboard-write; encrypted-media; gyroscope; picture-in-picture; web-share\" referrerpolicy=\"strict-origin-when-cross-origin\" allowfullscreen><\/iframe><\/p>","protected":false},"excerpt":{"rendered":"<h3 data-start=\"306\" data-end=\"900\">O <strong data-start=\"309\" data-end=\"336\">Sentinel-X Pro 10-40\u00d750<\/strong> \u00e9 uma mira para espingardas de grande amplia\u00e7\u00e3o destinada ao tiro de precis\u00e3o (benchrest, BR25 e tiro ao alvo) e a aplica\u00e7\u00f5es em que \u00e9 necess\u00e1ria uma grande amplia\u00e7\u00e3o e ajustes finos. Combina um tubo robusto de 30 mm, uma amplia\u00e7\u00e3o de 10-40\u00d7 e uma lente objetiva de 50 mm para proporcionar uma imagem detalhada e ajustes precisos. Oferece frequentemente um ret\u00edculo de ponto central iluminado concebido para corresponder a pequenos alvos a dist\u00e2ncias de competi\u00e7\u00e3o. \u00c9 uma op\u00e7\u00e3o competitiva na sua gama de pre\u00e7os para os atiradores que necessitam de uma amplia\u00e7\u00e3o elevada sem entrarem em gamas premium dispendiosas.<\/h3>","protected":false},"featured_media":26043,"template":"","meta":[],"product_brand":[],"product_cat":[133,126,141],"product_tag":[],"class_list":{"0":"post-26042","1":"product","2":"type-product","3":"status-publish","4":"has-post-thumbnail","6":"product_cat-vector-optic","7":"product_cat-vision-diurna","8":"product_cat-visores-diurnos","10":"first","11":"instock","12":"taxable","13":"shipping-taxable","14":"purchasable","15":"product-type-simple","16":"add-to-wishlist-after_add_to_cart"},"_links":{"self":[{"href":"https:\/\/dinaturez.com\/pt\/wp-json\/wp\/v2\/product\/26042","targetHints":{"allow":["GET"]}}],"collection":[{"href":"https:\/\/dinaturez.com\/pt\/wp-json\/wp\/v2\/product"}],"about":[{"href":"https:\/\/dinaturez.com\/pt\/wp-json\/wp\/v2\/types\/product"}],"wp:featuredmedia":[{"embeddable":true,"href":"https:\/\/dinaturez.com\/pt\/wp-json\/wp\/v2\/media\/26043"}],"wp:attachment":[{"href":"https:\/\/dinaturez.com\/pt\/wp-json\/wp\/v2\/media?parent=26042"}],"wp:term":[{"taxonomy":"product_brand","embeddable":true,"href":"https:\/\/dinaturez.com\/pt\/wp-json\/wp\/v2\/product_brand?post=26042"},{"taxonomy":"product_cat","embeddable":true,"href":"https:\/\/dinaturez.com\/pt\/wp-json\/wp\/v2\/product_cat?post=26042"},{"taxonomy":"product_tag","embeddable":true,"href":"https:\/\/dinaturez.com\/pt\/wp-json\/wp\/v2\/product_tag?post=26042"}],"curies":[{"name":"wp","href":"https:\/\/api.w.org\/{rel}","templated":true}]}}