{"id":26031,"date":"2025-10-09T10:57:21","date_gmt":"2025-10-09T08:57:21","guid":{"rendered":"https:\/\/dinaturez.com\/?post_type=product&#038;p=26031"},"modified":"2025-10-09T10:57:22","modified_gmt":"2025-10-09T08:57:22","slug":"visor-continental-scol-51-vector-optics","status":"publish","type":"product","link":"https:\/\/dinaturez.com\/pt\/product\/visor-continental-scol-51-vector-optics\/","title":{"rendered":"Visor Continental x8 4-32\u00d756 ED Ref: SCOL-51 \u00d3PTICA DE VECTORES"},"content":{"rendered":"<h3 data-start=\"304\" data-end=\"664\" data-rm-block-id=\"block-1\">O <strong data-start=\"307\" data-end=\"330\">Continental SCOL-51<\/strong> junta-se \u00e0 c\u00e9lebre s\u00e9rie <strong data-start=\"364\" data-end=\"382\">Continental x8<\/strong> da Vetor Optics, concebida para proporcionar um desempenho \u00f3tico topo de gama sem incorrer em pre\u00e7os proibitivos. Esta mira para espingardas foi concebida para aqueles que exigem a m\u00e1xima precis\u00e3o a longas dist\u00e2ncias, juntamente com robustez mec\u00e2nica e \u00f3tica avan\u00e7ada que resiste a condi\u00e7\u00f5es exigentes.<\/h3>\n<h3 data-start=\"666\" data-end=\"876\" data-rm-block-id=\"block-2\">Com um alargamento de <strong data-start=\"688\" data-end=\"700\">4\u00d7 a 32\u00d7<\/strong> e uma lente objetiva de <strong data-start=\"725\" data-end=\"734\">56 mm<\/strong>, A SCOL-51 combina alcance, luminosidade e nitidez para ca\u00e7adores e atiradores que procuram uma mira para espingardas de longo alcance com carater\u00edsticas modernas.<\/h3>\n<h3 data-start=\"666\" data-end=\"876\" data-rm-block-id=\"block-3\"><\/h3>\n<p data-start=\"915\" data-end=\"1145\" data-rm-block-id=\"block-4\"><span style=\"color: #0000ff;\"><strong data-start=\"915\" data-end=\"947\">Amplia\u00e7\u00e3o vari\u00e1vel 4-32\u00d7<\/strong><\/span><br data-start=\"947\" data-end=\"950\" \/>Esta ampla gama de amplia\u00e7\u00e3o permite-lhe cobrir alvos de tamanho m\u00e9dio, bem como alvos a dist\u00e2ncias consider\u00e1veis, com uma transi\u00e7\u00e3o suave entre n\u00edveis de zoom.<\/p>\n<p data-start=\"1147\" data-end=\"1613\" data-rm-block-id=\"block-5\"><strong data-start=\"1147\" data-end=\"1213\"><span style=\"color: #0000ff;\">Lente de 56 mm + vidro ED com revestimentos Diamond Clear<\/span><\/strong><br data-start=\"1213\" data-end=\"1216\" \/>A objetiva frontal de 56 mm melhora a capta\u00e7\u00e3o de luz, essencial em condi\u00e7\u00f5es de ilumina\u00e7\u00e3o reduzida. Al\u00e9m disso, incorpora vidro de dispers\u00e3o extra-baixa (ED) combinado com revestimentos Diamond Clear (totalmente revestidos) que atingem uma transmiss\u00e3o de luz at\u00e9 93 %, proporcionando imagens n\u00edtidas e contrastantes com aberra\u00e7\u00e3o crom\u00e1tica m\u00ednima.<\/p>\n<p data-start=\"1615\" data-end=\"1909\" data-rm-block-id=\"block-6\"><strong data-start=\"1615\" data-end=\"1679\"><span style=\"color: #0000ff;\">Ret\u00edculo iluminado de segundo plano focal (SFP) VECON-DCM<\/span><\/strong><br data-start=\"1679\" data-end=\"1682\" \/>O ret\u00edculo gravado em vidro mant\u00e9m um tamanho constante em diferentes amplia\u00e7\u00f5es. Possui uma ilumina\u00e7\u00e3o regul\u00e1vel (11 n\u00edveis), para garantir a visibilidade mesmo em condi\u00e7\u00f5es de fraca luminosidade.<\/p>\n<p data-start=\"1911\" data-end=\"2432\" data-rm-block-id=\"block-7\"><strong data-start=\"1911\" data-end=\"1960\"><span style=\"color: #0000ff;\">Corpo r\u00edgido de 30 mm, selado e purgado<\/span><\/strong><br data-start=\"1960\" data-end=\"1963\" \/>O tubo de alum\u00ednio 6061-T6 de concha \u00fanica oferece uma elevada rigidez, uma melhor toler\u00e2ncia ao impacto e uma maior capacidade de regula\u00e7\u00e3o. A viseira \u00e9 purgada com azoto para evitar o embaciamento interno e selada com certifica\u00e7\u00e3o. <strong data-start=\"2186\" data-end=\"2194\">IP67<\/strong>, suportar uma imers\u00e3o de 1 metro durante 30 minutos.<br data-start=\"2280\" data-end=\"2283\" \/>Foi concebida para suportar recuos intensos (testes at\u00e9 750 g) sem comprometer a reten\u00e7\u00e3o do zero.<\/p>\n<p data-start=\"1911\" data-end=\"2432\" data-rm-block-id=\"block-8\"><strong data-start=\"2434\" data-end=\"2493\"><span style=\"color: #0000ff;\">Focagem lateral de 20 metros at\u00e9 ao infinito<\/span><\/strong><br data-start=\"2493\" data-end=\"2496\" \/>Permite uma corre\u00e7\u00e3o precisa do paralaxe, mesmo em alvos relativamente pr\u00f3ximos. Isto melhora a precis\u00e3o do disparo ao eliminar os erros de paralaxe.<\/p>\n<p data-start=\"2688\" data-end=\"3216\" data-rm-block-id=\"block-9\"><strong data-start=\"2688\" data-end=\"2760\"><span style=\"color: #0000ff;\">Defini\u00e7\u00f5es precisas com torres limitadas e fun\u00e7\u00e3o de reposi\u00e7\u00e3o a zero<\/span><\/strong><br data-start=\"2760\" data-end=\"2763\" \/>As torres t\u00eam cliques aud\u00edveis com um valor de <strong data-start=\"2811\" data-end=\"2820\">\u00bc MOA<\/strong> e t\u00eam uma tampa para evitar ajustamentos acidentais. T\u00eam uma fun\u00e7\u00e3o de \u201creposi\u00e7\u00e3o a zero\u201d que permite regressar facilmente ao ponto zero.<br data-start=\"3007\" data-end=\"3010\" \/>A gama de regula\u00e7\u00e3o do vento e da eleva\u00e7\u00e3o \u00e9 superior a <strong data-start=\"3074\" data-end=\"3084\">70 MOA<\/strong> em cada eixo, proporcionando uma ampla margem de manobra para se adaptar a diferentes cen\u00e1rios de disparo.<\/p>\n<p data-start=\"3218\" data-end=\"3448\" data-rm-block-id=\"block-10\"><strong data-start=\"3218\" data-end=\"3258\"><span style=\"color: #0000ff;\">Al\u00edvio ocular constante de 95 mm<\/span><\/strong><br data-start=\"3258\" data-end=\"3261\" \/>Oferece uma dist\u00e2ncia confort\u00e1vel aos olhos em todas as posi\u00e7\u00f5es de utiliza\u00e7\u00e3o, o que ajuda a manter uma postura est\u00e1vel e segura durante o disparo.<\/p>\n<p data-start=\"3450\" data-end=\"3691\" data-rm-block-id=\"block-11\"><strong data-start=\"3450\" data-end=\"3483\"><span style=\"color: #0000ff;\">\u00a0Ilumina\u00e7\u00e3o e alimenta\u00e7\u00e3o el\u00e9ctrica<\/span><\/strong><br data-start=\"3483\" data-end=\"3486\" \/>O ret\u00edculo iluminado funciona a pilhas. <strong data-start=\"3531\" data-end=\"3541\">CR2032<\/strong> e tem 11 n\u00edveis de intensidade. Inclui uma fun\u00e7\u00e3o de desligamento autom\u00e1tico ap\u00f3s 6 horas para poupar energia.<\/p>\n<p data-start=\"3450\" data-end=\"3691\" data-rm-block-id=\"block-12\">\n<table>\n<tbody>\n<tr>\n<td class=\"t1\" data-rm-block-id=\"block-13\">Amplia\u00e7\u00e3o<\/td>\n<td class=\"t2\" data-rm-block-id=\"block-14\">4-32x<\/td>\n<\/tr>\n<tr>\n<td class=\"t1\" data-rm-block-id=\"block-15\">Dia da lente objetiva<\/td>\n<td class=\"t2\" data-rm-block-id=\"block-16\">56 mm<\/td>\n<\/tr>\n<tr>\n<td class=\"t1\" data-rm-block-id=\"block-17\">Plano Focal<\/td>\n<td class=\"t2\" data-rm-block-id=\"block-18\">Segundo Plano Focal<\/td>\n<\/tr>\n<tr>\n<td class=\"t1\" data-rm-block-id=\"block-19\">Al\u00edvio ocular<\/td>\n<td class=\"t2\" data-rm-block-id=\"block-20\">95 mm \/ 3,8 in<\/td>\n<\/tr>\n<tr>\n<td class=\"t1\" data-rm-block-id=\"block-21\">Revestimento da lente<\/td>\n<td class=\"t2\" data-rm-block-id=\"block-22\">Totalmente multi-revestido<\/td>\n<\/tr>\n<tr>\n<td class=\"t1\" data-rm-block-id=\"block-23\">Campo de vis\u00e3o linear a 100 jardas<\/td>\n<td class=\"t2\" data-rm-block-id=\"block-24\">30,7-3,84 p\u00e9s a 100 jardas<\/td>\n<\/tr>\n<tr>\n<td class=\"t1\" data-rm-block-id=\"block-25\">Campo de vis\u00e3o linear a 100 m<\/td>\n<td class=\"t2\" data-rm-block-id=\"block-26\">10,2-1,28 m a 100 metros<\/td>\n<\/tr>\n<tr>\n<td class=\"t1\" data-rm-block-id=\"block-27\">Campo de vis\u00e3o angular \u00b0 Campo de vis\u00e3o angular \u00b0 Campo de vis\u00e3o angular \u00b0 Campo de vis\u00e3o angular \u00b0 Campo de vis\u00e3o angular \u00b0 Campo de vis\u00e3o angular<\/td>\n<td class=\"t2\" data-rm-block-id=\"block-28\">5.8-0.73 \u00b0<\/td>\n<\/tr>\n<tr>\n<td class=\"t1\" data-rm-block-id=\"block-29\">Ret\u00edculo<\/td>\n<td class=\"t2\" data-rm-block-id=\"block-30\">VCT-20A<\/td>\n<\/tr>\n<\/tbody>\n<\/table>\n<p data-rm-block-id=\"block-31\">\n<p data-rm-block-id=\"block-32\">\n<p data-rm-block-id=\"block-33\"><iframe title=\"Vetor Optics | Mira para tiro a longa dist\u00e2ncia? Continental x8 4-32x56 SFP(SCOL-T51) responder\u00e1\" width=\"500\" height=\"281\" src=\"https:\/\/www.youtube.com\/embed\/j6-BYCqDRJI?feature=oembed\" frameborder=\"0\" allow=\"accelerometer; autoplay; clipboard-write; encrypted-media; gyroscope; picture-in-picture; web-share\" referrerpolicy=\"strict-origin-when-cross-origin\" allowfullscreen><\/iframe><\/p>","protected":false},"excerpt":{"rendered":"<h3 data-start=\"304\" data-end=\"664\">O <strong data-start=\"307\" data-end=\"330\">Continental SCOL-51<\/strong> junta-se \u00e0 c\u00e9lebre s\u00e9rie <strong data-start=\"364\" data-end=\"382\">Continental x8<\/strong> da Vetor Optics, concebida para proporcionar um desempenho \u00f3tico topo de gama sem incorrer em pre\u00e7os proibitivos. Esta mira para espingardas foi concebida para aqueles que exigem a m\u00e1xima precis\u00e3o a longas dist\u00e2ncias, juntamente com robustez mec\u00e2nica e \u00f3tica avan\u00e7ada que resiste a condi\u00e7\u00f5es exigentes.<\/h3>\n<h3 data-start=\"666\" data-end=\"876\">Com um alargamento de <strong data-start=\"688\" data-end=\"700\">4\u00d7 a 32\u00d7<\/strong> e uma lente objetiva de <strong data-start=\"725\" data-end=\"734\">56 mm<\/strong>, A SCOL-51 combina alcance, luminosidade e nitidez para ca\u00e7adores e atiradores que procuram uma mira para espingardas de longo alcance com carater\u00edsticas modernas.<\/h3>\n<h3 data-start=\"666\" data-end=\"876\"><\/h3>","protected":false},"featured_media":26032,"template":"","meta":[],"product_brand":[],"product_cat":[133,126,141],"product_tag":[],"class_list":{"0":"post-26031","1":"product","2":"type-product","3":"status-publish","4":"has-post-thumbnail","6":"product_cat-vector-optic","7":"product_cat-vision-diurna","8":"product_cat-visores-diurnos","10":"first","11":"instock","12":"taxable","13":"shipping-taxable","14":"purchasable","15":"product-type-simple","16":"add-to-wishlist-after_add_to_cart"},"_links":{"self":[{"href":"https:\/\/dinaturez.com\/pt\/wp-json\/wp\/v2\/product\/26031","targetHints":{"allow":["GET"]}}],"collection":[{"href":"https:\/\/dinaturez.com\/pt\/wp-json\/wp\/v2\/product"}],"about":[{"href":"https:\/\/dinaturez.com\/pt\/wp-json\/wp\/v2\/types\/product"}],"wp:featuredmedia":[{"embeddable":true,"href":"https:\/\/dinaturez.com\/pt\/wp-json\/wp\/v2\/media\/26032"}],"wp:attachment":[{"href":"https:\/\/dinaturez.com\/pt\/wp-json\/wp\/v2\/media?parent=26031"}],"wp:term":[{"taxonomy":"product_brand","embeddable":true,"href":"https:\/\/dinaturez.com\/pt\/wp-json\/wp\/v2\/product_brand?post=26031"},{"taxonomy":"product_cat","embeddable":true,"href":"https:\/\/dinaturez.com\/pt\/wp-json\/wp\/v2\/product_cat?post=26031"},{"taxonomy":"product_tag","embeddable":true,"href":"https:\/\/dinaturez.com\/pt\/wp-json\/wp\/v2\/product_tag?post=26031"}],"curies":[{"name":"wp","href":"https:\/\/api.w.org\/{rel}","templated":true}]}}