{"id":26002,"date":"2025-10-08T10:38:44","date_gmt":"2025-10-08T08:38:44","guid":{"rendered":"https:\/\/dinaturez.com\/?post_type=product&#038;p=26002"},"modified":"2025-10-20T14:07:33","modified_gmt":"2025-10-20T12:07:33","slug":"visor-continental-scoc-23-vector-optics","status":"publish","type":"product","link":"https:\/\/dinaturez.com\/pt\/product\/visor-continental-scoc-23-vector-optics\/","title":{"rendered":"Mira de Ca\u00e7a Continental x6 1-6\u00d724 G4 Ref: SCOC-23 VECTOR OPTICS"},"content":{"rendered":"<h3 data-rm-block-id=\"block-1\">O <strong data-start=\"331\" data-end=\"354\">Continental SCOC-23<\/strong> \u00e9 uma mira para espingardas do tipo LPVO (Low Power Variable Optic) que cobre uma gama de <strong data-start=\"420\" data-end=\"435\">1\u00d7 a 6\u00d7<\/strong> ideal para tiro din\u00e2mico, opera\u00e7\u00f5es t\u00e1cticas, ca\u00e7a ou utiliza\u00e7\u00e3o polivalente. O seu design combina carater\u00edsticas \u00f3pticas modernas, constru\u00e7\u00e3o robusta e fun\u00e7\u00f5es \u00fateis que a tornam uma escolha atractiva no seu segmento.<\/h3>\n<p>&nbsp;<\/p>\n<ul data-start=\"2768\" data-end=\"3596\">\n<li data-start=\"2768\" data-end=\"2954\">\n<p data-start=\"2770\" data-end=\"2954\" data-rm-block-id=\"block-3\"><span style=\"color: #0000ff;\"><strong data-start=\"2770\" data-end=\"2791\">Versatilidade 1-6\u00d7<\/strong>:<\/span> permite uma utiliza\u00e7\u00e3o eficaz tanto a curtas dist\u00e2ncias (1\u00d7, disparando com ambos os olhos abertos) como a m\u00e9dias dist\u00e2ncias (at\u00e9 6\u00d7).<\/p>\n<\/li>\n<li data-start=\"2768\" data-end=\"2954\">\n<p data-start=\"2770\" data-end=\"2954\" data-rm-block-id=\"block-4\"><span style=\"color: #0000ff;\"><strong data-start=\"2957\" data-end=\"2996\">\u00d3tica de boa qualidade na sua gama<\/strong>:<\/span> gra\u00e7as aos revestimentos multicamadas e \u00e0 transmiss\u00e3o de luz superior a 90 %, mant\u00e9m imagens n\u00edtidas e brilhantes.<\/p>\n<\/li>\n<li data-start=\"3160\" data-end=\"3329\">\n<p data-start=\"3162\" data-end=\"3329\" data-rm-block-id=\"block-5\"><span style=\"color: #0000ff;\"><strong data-start=\"3162\" data-end=\"3191\">Fun\u00e7\u00f5es t\u00e1cticas \u00fateis<\/strong>:<\/span> reset, bloqueio da torreta, ret\u00edculo iluminado, boa toler\u00e2ncia ao recuo.<\/p>\n<\/li>\n<li data-start=\"3330\" data-end=\"3485\">\n<p data-start=\"3332\" data-end=\"3485\" data-rm-block-id=\"block-6\"><span style=\"color: #0000ff;\"><strong data-start=\"3332\" data-end=\"3356\">Constru\u00e7\u00e3o robusta<\/strong>:<\/span> com boa veda\u00e7\u00e3o contra \u00e1gua e nevoeiro, resist\u00eancia ao impacto e materiais dur\u00e1veis.<\/p>\n<\/li>\n<li data-start=\"3486\" data-end=\"3596\">\n<p data-start=\"3488\" data-end=\"3596\" data-rm-block-id=\"block-7\"><span style=\"color: #0000ff;\"><strong data-start=\"3488\" data-end=\"3527\">Bom peso e tamanho para o segmento<\/strong>: <\/span>n\u00e3o \u00e9 excessivamente volumosa ou pesada para uma mira de espingarda 1-6\u00d7.<\/p>\n<\/li>\n<\/ul>\n<p>&nbsp;<\/p>\n<p data-rm-block-id=\"block-9\">Amplia\u00e7\u00e3o: 1-6x<\/p>\n<p data-rm-block-id=\"block-10\">Di\u00e2metro da lente objetiva: 24 mm<\/p>\n<p data-rm-block-id=\"block-11\">Di\u00e2metro da lente da ocular: 42 mm (1,7 polegadas)<\/p>\n<p data-rm-block-id=\"block-12\">Comprimento da lente da ocular: 54 mm (2,1 pol.)<\/p>\n<p data-rm-block-id=\"block-13\">Pupila de sa\u00edda: 9,5-4,0 mm<\/p>\n<p data-rm-block-id=\"block-14\">Revestimento \u00f3tico: Diamante transparente de v\u00e1rias camadas<\/p>\n<p data-rm-block-id=\"block-15\">Campo de vis\u00e3o: 124,5-20,7 p\u00e9s a 100 jardas<\/p>\n<p data-rm-block-id=\"block-16\">Campo de vis\u00e3o: 42-7,0 metros a 100 metros<\/p>\n<p data-rm-block-id=\"block-17\">Dist\u00e2ncia da ocular: 100 mm (4,0 polegadas)<\/p>\n<p data-rm-block-id=\"block-18\">Comprimento: 283 mm (11,1 in)<\/p>\n<p data-rm-block-id=\"block-19\">Peso: 480 g (16,9 oz)<\/p>\n<p data-rm-block-id=\"block-20\">Di\u00e2metro do tubo: 30 mm monotubo<\/p>\n<p data-rm-block-id=\"block-21\">Valor do clique: 1\/2 MOA<\/p>\n<p data-rm-block-id=\"block-22\">Alcance de eleva\u00e7\u00e3o: 140 MOA<\/p>\n<p data-rm-block-id=\"block-23\">Gama de resist\u00eancia ao vento: 140 MOA<\/p>\n<p data-rm-block-id=\"block-24\">Ajuste do paralaxe: 100 jardas<\/p>\n<p data-rm-block-id=\"block-25\">Ret\u00edculo: Vidro gravado alem\u00e3o #4<\/p>\n<p data-rm-block-id=\"block-26\">Ilumina\u00e7\u00e3o: 6 velocidades<\/p>\n<p data-rm-block-id=\"block-27\">Tipo de pilha: CR2032<\/p>\n<p data-rm-block-id=\"block-28\">\u00c0 prova de \u00e1gua: IP67<\/p>\n<p data-rm-block-id=\"block-29\">\u00c0 prova de choque: 750 g<\/p>\n<p data-rm-block-id=\"block-30\">Dist\u00e2ncia entre as pe\u00e7as centrais da torre e o anel de pot\u00eancia: 58 mm (2,3 polegadas)<\/p>\n<p data-rm-block-id=\"block-31\">Gama de transmiss\u00e3o de luz do 90%<\/p>\n<p data-rm-block-id=\"block-32\">Totalmente purgado com azoto para eliminar qualquer embaciamento interno da lente<\/p>\n<p data-rm-block-id=\"block-33\">A placa de ajuste N\u00c3O \u00e9 fixa, ap\u00f3s a coloca\u00e7\u00e3o em zero, o indicador levanta a torre e volta a colocar em zero.<\/p>\n<p data-rm-block-id=\"block-34\">Alum\u00ednio de alta qualidade para aeronaves 6061 T6<\/p>\n<p data-rm-block-id=\"block-35\">Fun\u00e7\u00e3o de bloqueio da torre: premir para baixo para bloquear sem movimento de clique<\/p>\n<p data-rm-block-id=\"block-36\">Compensa\u00e7\u00e3o das dioptrias da ocular de focagem r\u00e1pida (+2 a -3)<\/p>\n<p data-rm-block-id=\"block-38\"><iframe title=\"\u00d3tica Vetorial \/\/ Riflescope Continental x6 1-6x24 G4 de 30mm (SCOC-23) Fun\u00e7\u00e3o Return-to-Zero Unboxing\" width=\"500\" height=\"281\" src=\"https:\/\/www.youtube.com\/embed\/4-iB8iQKztw?feature=oembed\" frameborder=\"0\" allow=\"accelerometer; autoplay; clipboard-write; encrypted-media; gyroscope; picture-in-picture; web-share\" referrerpolicy=\"strict-origin-when-cross-origin\" allowfullscreen><\/iframe><\/p>","protected":false},"excerpt":{"rendered":"<h3>O <strong data-start=\"331\" data-end=\"354\">Continental SCOC-23<\/strong> \u00e9 uma mira para espingardas do tipo LPVO (Low Power Variable Optic) que cobre uma gama de <strong data-start=\"420\" data-end=\"435\">1\u00d7 a 6\u00d7<\/strong> ideal para tiro din\u00e2mico, opera\u00e7\u00f5es t\u00e1cticas, ca\u00e7a ou utiliza\u00e7\u00e3o polivalente. O seu design combina carater\u00edsticas \u00f3pticas modernas, constru\u00e7\u00e3o robusta e fun\u00e7\u00f5es \u00fateis que a tornam uma escolha atractiva no seu segmento.<\/h3>","protected":false},"featured_media":26003,"template":"","meta":[],"product_brand":[],"product_cat":[133,126,141],"product_tag":[],"class_list":{"0":"post-26002","1":"product","2":"type-product","3":"status-publish","4":"has-post-thumbnail","6":"product_cat-vector-optic","7":"product_cat-vision-diurna","8":"product_cat-visores-diurnos","10":"first","11":"instock","12":"sale","13":"taxable","14":"shipping-taxable","15":"purchasable","16":"product-type-simple","17":"add-to-wishlist-after_add_to_cart"},"_links":{"self":[{"href":"https:\/\/dinaturez.com\/pt\/wp-json\/wp\/v2\/product\/26002","targetHints":{"allow":["GET"]}}],"collection":[{"href":"https:\/\/dinaturez.com\/pt\/wp-json\/wp\/v2\/product"}],"about":[{"href":"https:\/\/dinaturez.com\/pt\/wp-json\/wp\/v2\/types\/product"}],"wp:featuredmedia":[{"embeddable":true,"href":"https:\/\/dinaturez.com\/pt\/wp-json\/wp\/v2\/media\/26003"}],"wp:attachment":[{"href":"https:\/\/dinaturez.com\/pt\/wp-json\/wp\/v2\/media?parent=26002"}],"wp:term":[{"taxonomy":"product_brand","embeddable":true,"href":"https:\/\/dinaturez.com\/pt\/wp-json\/wp\/v2\/product_brand?post=26002"},{"taxonomy":"product_cat","embeddable":true,"href":"https:\/\/dinaturez.com\/pt\/wp-json\/wp\/v2\/product_cat?post=26002"},{"taxonomy":"product_tag","embeddable":true,"href":"https:\/\/dinaturez.com\/pt\/wp-json\/wp\/v2\/product_tag?post=26002"}],"curies":[{"name":"wp","href":"https:\/\/api.w.org\/{rel}","templated":true}]}}