{"id":25988,"date":"2025-10-08T09:55:46","date_gmt":"2025-10-08T07:55:46","guid":{"rendered":"https:\/\/dinaturez.com\/?post_type=product&#038;p=25988"},"modified":"2025-10-20T14:06:30","modified_gmt":"2025-10-20T12:06:30","slug":"visor-continental-scoc-44-vector-optics","status":"publish","type":"product","link":"https:\/\/dinaturez.com\/pt\/product\/visor-continental-scoc-44-vector-optics\/","title":{"rendered":"Mira de fibra Continental x6 1-6x24i Ref: SCOC-44 VECTOR OPTICS"},"content":{"rendered":"<h3>O visor <strong data-start=\"328\" data-end=\"359\">Continental SCOC-44 1-6\u00d724i<\/strong> da Vetor Optics \u00e9 uma LPVO (Low Power Variable Optic) concebida para versatilidade e precis\u00e3o a curtas e m\u00e9dias dist\u00e2ncias.<\/h3>\n<h3>\u00c9 ideal para utiliza\u00e7\u00e3o t\u00e1tica, desportiva e na ca\u00e7a. Combina um design robusto, \u00f3tica avan\u00e7ada e carater\u00edsticas t\u00e9cnicas modernas para proporcionar um desempenho eficiente em situa\u00e7\u00f5es exigentes.<\/h3>\n<p>&nbsp;<\/p>\n<ul>\n<li data-start=\"708\" data-end=\"815\">\n<p data-start=\"710\" data-end=\"815\"><span style=\"color: #0000ff;\"><strong data-start=\"710\" data-end=\"722\">Aumentos<\/strong>:<\/span> 1\u00d7 (verdadeiro) at\u00e9 6\u00d7, com um fator de zoom verdadeiro de 6\u00d7.<\/p>\n<\/li>\n<li data-start=\"816\" data-end=\"890\">\n<p data-start=\"818\" data-end=\"890\"><span style=\"color: #0000ff;\"><strong data-start=\"818\" data-end=\"843\">Di\u00e2metro da lente<\/strong>:<\/span> 24 mm.<\/p>\n<\/li>\n<li data-start=\"891\" data-end=\"1020\">\n<p data-start=\"893\" data-end=\"1020\"><span style=\"color: #0000ff;\"><strong data-start=\"893\" data-end=\"911\">Tubo principal<\/strong>:<\/span> Monotubo de 30 mm, constru\u00eddo em alum\u00ednio de qualidade aeron\u00e1utica 6061-T6.<\/p>\n<\/li>\n<li data-start=\"1021\" data-end=\"1146\">\n<p data-start=\"1023\" data-end=\"1146\"><span style=\"color: #0000ff;\"><strong data-start=\"1023\" data-end=\"1051\">Transmiss\u00e3o total da luz<\/strong>:<\/span> &gt; 90 % gra\u00e7as \u00e0s objectivas LaREE e ao sistema VePRO FMC.<\/p>\n<\/li>\n<li data-start=\"1147\" data-end=\"1285\">\n<p data-start=\"1149\" data-end=\"1285\"><span style=\"color: #0000ff;\"><strong data-start=\"1149\" data-end=\"1161\">Ret\u00edculo<\/strong>:<\/span> Modelo VET-FDR com fibra \u00f3tica e ponto central iluminado, com 6 n\u00edveis de luminosidade.<\/p>\n<\/li>\n<li data-start=\"1147\" data-end=\"1285\">\n<p data-start=\"1149\" data-end=\"1285\"><span style=\"color: #0000ff;\"><strong data-start=\"1288\" data-end=\"1310\">Torres de regula\u00e7\u00e3o<\/strong>:<\/span> Passo 1\/10 MIL, torres bloque\u00e1veis e reinici\u00e1veis.<\/p>\n<\/li>\n<li data-start=\"1414\" data-end=\"1549\">\n<p data-start=\"1416\" data-end=\"1549\"><span style=\"color: #0000ff;\"><strong data-start=\"1416\" data-end=\"1435\">Gama de regula\u00e7\u00e3o<\/strong>:<\/span> Eleva\u00e7\u00e3o e desvio de \u00b1 40 MIL (ou equivalente oferecido pelo modelo).<\/p>\n<\/li>\n<li data-start=\"1414\" data-end=\"1549\">\n<p data-start=\"1416\" data-end=\"1549\"><span style=\"color: #0000ff;\"><strong data-start=\"1552\" data-end=\"1571\">Campo de vis\u00e3o<\/strong>:<\/span> Aproximadamente 124,5 a 20,7 p\u00e9s a 100 jardas (cerca de 42 a 7 metros a 100 m).<\/p>\n<\/li>\n<li data-start=\"1689\" data-end=\"1780\">\n<p data-start=\"1691\" data-end=\"1780\"><span style=\"color: #0000ff;\"><strong data-start=\"1691\" data-end=\"1708\">Al\u00edvio dos olhos<\/strong>:<\/span> 100 mm (4 polegadas) constante.<\/p>\n<\/li>\n<li data-start=\"1781\" data-end=\"1848\">\n<p data-start=\"1783\" data-end=\"1848\"><span style=\"color: #0000ff;\"><strong data-start=\"1783\" data-end=\"1791\">Peso<\/strong>:<\/span> 510 g (\u2248 18 oz).<\/p>\n<\/li>\n<li data-start=\"1849\" data-end=\"1937\">\n<p data-start=\"1851\" data-end=\"1937\"><span style=\"color: #0000ff;\"><strong data-start=\"1851\" data-end=\"1869\">Comprimento total<\/strong>:<\/span> 283 mm (\u2248 11,1 polegadas).<\/p>\n<\/li>\n<li data-start=\"1938\" data-end=\"2142\">\n<p data-start=\"1940\" data-end=\"2142\"><span style=\"color: #0000ff;\"><strong data-start=\"1940\" data-end=\"1969\">Impermeabiliza\u00e7\u00e3o \/ Veda\u00e7\u00e3o<\/strong>:<\/span> Classifica\u00e7\u00e3o IP67 (submers\u00edvel at\u00e9 1 m durante 30 minutos) e totalmente purgado com azoto para evitar o embaciamento interno.<\/p>\n<\/li>\n<li data-start=\"2143\" data-end=\"2284\">\n<p data-start=\"2145\" data-end=\"2284\"><span style=\"color: #0000ff;\"><strong data-start=\"2145\" data-end=\"2173\">Resist\u00eancia ao recuo<\/strong>:<\/span> Preparada para conter calibres potentes, incluindo Lapua Magnum 338.<\/p>\n<\/li>\n<li data-start=\"2143\" data-end=\"2284\">\n<p data-start=\"2145\" data-end=\"2284\"><span style=\"color: #0000ff;\"><strong data-start=\"2287\" data-end=\"2313\">Compensa\u00e7\u00e3o di\u00f3ptrica<\/strong>:<\/span> Ajuste da ocular de +2 a -3 dioptrias para uma focagem precisa do utilizador.<\/p>\n<\/li>\n<li data-start=\"2428\" data-end=\"2635\">\n<p data-start=\"2430\" data-end=\"2635\"><span style=\"color: #0000ff;\"><strong data-start=\"2430\" data-end=\"2454\">Acess\u00f3rios inclu\u00eddos<\/strong>:<\/span> An\u00e9is de montagem Picatinny de 30 mm, torre de eleva\u00e7\u00e3o (sobresselente), tampas de prote\u00e7\u00e3o das lentes, pano de limpeza, entre outros.<\/p>\n<\/li>\n<\/ul>\n<p>&nbsp;<\/p>\n<p>Amplia\u00e7\u00e3o: 1-6x<br \/>\nDi\u00e2metro da lente objetiva: 24 mm<br \/>\nDi\u00e2metro da lente da ocular: 42 mm (1,7 polegadas)<br \/>\nComprimento da lente da ocular: 54 mm (2,1 pol.)<br \/>\nPupila de sa\u00edda: 9,5-4,0 mm<br \/>\nRevestimento da \u00f3tica: multicamadas de diamante transparente<br \/>\nCampo de vis\u00e3o: 124,5-20,7 p\u00e9s a 100 jardas<br \/>\nCampo de vis\u00e3o: 42-7,0 metros a 100 metros<br \/>\nAl\u00edvio dos olhos: 100 mm (4,0 polegadas)<br \/>\nComprimento: 283 mm (11,1 in)<br \/>\nPeso: 480 g (16,9 oz)<br \/>\nDi\u00e2metro do tubo: 30 mm tubo simples<br \/>\nValor do clique: 1\/2 MOA<br \/>\nAlcance de eleva\u00e7\u00e3o: 140 MOA<br \/>\nGama de resist\u00eancia ao vento: 140 MOA<br \/>\nAjuste do paralaxe: 100 jardas<br \/>\nRet\u00edculo: Vidro gravado alem\u00e3o #4<br \/>\nIlumina\u00e7\u00e3o: 6 velocidades<br \/>\nTipo de pilha: CR2032<br \/>\nDist\u00e2ncia entre as pe\u00e7as da torre central e o anel de pot\u00eancia: 58 mm (2,3 polegadas)<br \/>\nTestado contra choques at\u00e9 750 g, resistente \u00e0 \u00e1gua at\u00e9 1 m<br \/>\nA transmiss\u00e3o da luz atinge 90%TTotalmente purgada com azoto para eliminar o embaciamento interno da lente.<br \/>\nA placa de ajuste N\u00c3O \u00e9 fixa, ap\u00f3s a coloca\u00e7\u00e3o em zero, o indicador levanta a torre e volta a colocar em zero.<br \/>\nAlum\u00ednio de alta qualidade para aeronaves 6061 T6<br \/>\nFun\u00e7\u00e3o de bloqueio da torre: premir para baixo para bloquear sem movimento de clique<br \/>\nCompensa\u00e7\u00e3o das dioptrias da ocular de focagem r\u00e1pida (+2 a -3)<\/p>\n<p>CONTINENTAL<\/p>\n<p>&nbsp;<\/p>\n<p><iframe title=\"Vetor Optics : Vale a pena comprar um LPVO Continental 1-6x24i (SCOC-44)?\" width=\"500\" height=\"281\" src=\"https:\/\/www.youtube.com\/embed\/NH9JDzo2-Bk?feature=oembed\" frameborder=\"0\" allow=\"accelerometer; autoplay; clipboard-write; encrypted-media; gyroscope; picture-in-picture; web-share\" referrerpolicy=\"strict-origin-when-cross-origin\" allowfullscreen><\/iframe><\/p>\n<p>&nbsp;<\/p>\n<p>&nbsp;<\/p>\n<p>&nbsp;<\/p>","protected":false},"excerpt":{"rendered":"<h3>O visor <strong data-start=\"328\" data-end=\"359\">Continental SCOC-44 1-6\u00d724i<\/strong> de Vector Optics es un LPVO (Low Power Variable Optic) dise\u00f1ado para ofrecer versatilidad y precisi\u00f3n en rangos cortos y medios, ideal para uso t\u00e1ctico, deportivo y de caza. Combina dise\u00f1o robusto, \u00f3ptica avanzada y caracter\u00edsticas t\u00e9cnicas modernas para brindar un rendimiento eficiente en situaciones exigentes.<\/h3>","protected":false},"featured_media":25996,"template":"","meta":[],"product_brand":[],"product_cat":[133,126,141],"product_tag":[],"class_list":{"0":"post-25988","1":"product","2":"type-product","3":"status-publish","4":"has-post-thumbnail","6":"product_cat-vector-optic","7":"product_cat-vision-diurna","8":"product_cat-visores-diurnos","10":"first","11":"instock","12":"sale","13":"taxable","14":"shipping-taxable","15":"purchasable","16":"product-type-simple","17":"add-to-wishlist-after_add_to_cart"},"_links":{"self":[{"href":"https:\/\/dinaturez.com\/pt\/wp-json\/wp\/v2\/product\/25988","targetHints":{"allow":["GET"]}}],"collection":[{"href":"https:\/\/dinaturez.com\/pt\/wp-json\/wp\/v2\/product"}],"about":[{"href":"https:\/\/dinaturez.com\/pt\/wp-json\/wp\/v2\/types\/product"}],"wp:featuredmedia":[{"embeddable":true,"href":"https:\/\/dinaturez.com\/pt\/wp-json\/wp\/v2\/media\/25996"}],"wp:attachment":[{"href":"https:\/\/dinaturez.com\/pt\/wp-json\/wp\/v2\/media?parent=25988"}],"wp:term":[{"taxonomy":"product_brand","embeddable":true,"href":"https:\/\/dinaturez.com\/pt\/wp-json\/wp\/v2\/product_brand?post=25988"},{"taxonomy":"product_cat","embeddable":true,"href":"https:\/\/dinaturez.com\/pt\/wp-json\/wp\/v2\/product_cat?post=25988"},{"taxonomy":"product_tag","embeddable":true,"href":"https:\/\/dinaturez.com\/pt\/wp-json\/wp\/v2\/product_tag?post=25988"}],"curies":[{"name":"wp","href":"https:\/\/api.w.org\/{rel}","templated":true}]}}